{"id":449,"date":"2019-11-12T15:17:02","date_gmt":"2019-11-12T14:17:02","guid":{"rendered":"https:\/\/vetomshop.hu\/?post_type=product&#038;p=449"},"modified":"2026-04-12T08:29:02","modified_gmt":"2026-04-12T06:29:02","slug":"vetom-1-23-probiotikum-csepp","status":"publish","type":"product","link":"https:\/\/vetomshop.hu\/ga\/product\/vetom-1-23-probiotikum-csepp\/","title":{"rendered":"Vetom Pr\u00f3ibhitheach <span style=\"color: red\">1.23<\/span><br>titim <span style=\"color: red\">10 ml<\/span> (forl\u00edonadh aiste bia)"},"content":{"rendered":"<h3>Vetom proibhit\u00e9ic 1.23 braoin\u00edn\u00ed 10 ml (forl\u00edonadh aiste bia)<\/h3>\n<p><strong>Sliocht baict\u00e9arach tairbheach de Bacillus subtilis<\/strong><\/p>\n<p>Is pro-bheathach leachtach \u00e9 Vetom 1.23 at\u00e1 bunaithe ar na h\u00e9ifeachta\u00ed tairbheacha a bhaineann leis an str\u00e1in baict\u00e9arach Bacillus subtilis VKPM V 10641. B\u00edonn an baict\u00e9ar seo is \u00e9ifeachta\u00ed sa st\u00e9ig mh\u00f3r, \u00e1it a n-iolra\u00edonn s\u00e9 go gn\u00edomhach agus a th\u00e1irgeann s\u00e9 an iliomad eins\u00edm\u00ed agus substaint\u00ed bithghn\u00edomhacha a chuid\u00edonn leis an d\u00edle\u00e1.<\/p>\n<p>&nbsp;<\/p>\n<h2><strong>Is iad na h\u00e1bhair seo:<\/strong><\/h2>\n<p>* f\u00e1s baict\u00e9ar agus fungas d\u00edobh\u00e1lach a chosc,<\/p>\n<p>* cuidi\u00fa le balla\u00ed an phutha a ghlanadh de iarmhair neamhdh\u00edle\u00e1ite,<\/p>\n<p>* tac\u00fa le baint na dtocsain\u00ed,<\/p>\n<p>* ions\u00fa \u00e9ifeachtach cothaitheach, vitim\u00edn\u00ed agus mianra\u00ed a chur chun cinn.<\/p>\n<p>&nbsp;<\/p>\n<p>Feabhsa\u00edonn Vetom 1.23 an chothroma\u00edocht aig\u00e9ad-bonn sa ch\u00f3ras d\u00edle\u00e1 agus d\u00e9anann s\u00e9 an mheitibileacht iarainn, cailciam, pr\u00f3it\u00e9in\u00ed, saillte, carbaihiodr\u00e1it\u00ed agus cothaitheach eile a optam\u00fa. Nearta\u00edonn agus athghineann s\u00e9 an corp ar bhealach n\u00e1d\u00fartha.<\/p>\n<p>&nbsp;<\/p>\n<h2><strong>Pr\u00edomhbhunt\u00e1ist\u00ed:<\/strong><\/h2>\n<p>* \u00c9ifeacht frithbhaict\u00e9arach agus fhrithfhungasach<\/p>\n<p>Air\u00edonna frithv\u00edreasacha<\/p>\n<p>Neart\u00f3ir imdh\u00edonachta, cosaint cheallach<\/p>\n<p>* Cotha\u00edonn s\u00e9 athghini\u00faint cheall<\/p>\n<p>Cuireann s\u00e9 bac ar fhorbairt ceall neamhghn\u00e1ch, lena n-\u00e1ir\u00edtear cealla ailse.<\/p>\n<p>N\u00ed chrutha\u00edonn s\u00e9 fo-iarsma\u00ed, sple\u00e1chas n\u00e1 r\u00f3dh\u00e1ileog<\/p>\n<p>S\u00e1bh\u00e1ilte le h\u00fas\u00e1id ag aon aois<\/p>\n<p>&nbsp;<\/p>\n<p>&nbsp;<\/p>\n<h2><strong>D\u00e1ileog agus modh \u00fas\u00e1ide:<\/strong><\/h2>\n<p>Le h\u00fas\u00e1id \u00f3 bh\u00e9al<\/p>\n<p>*Do dhaoine f\u00e1sta agus do leana\u00ed sl\u00e1inti\u00fala: Moltar 2 shileog a \u00fas\u00e1id sna ch\u00e9ad ch\u00fapla l\u00e1, ansin an d\u00e1ileog a mh\u00e9ad\u00fa de r\u00e9ir a ch\u00e9ile go 4\u20136 shileog. Tabhair aird ar fhreagairt\u00ed do choirp agus t\u00fa \u00e1 ghlacadh.<\/p>\n<p>*I gc\u00e1s tinneas \u00e1irithe: 10 bpleist go laeth\u00fail ar feadh 10 l\u00e1.<\/p>\n<p>Athch\u00f3ire\u00e1il: moltar \u00ed tar \u00e9is sos de 1\u20132 sheachtain.<\/p>\n<p>Moltar uimhreacha \u00e9ags\u00fala de th\u00e1irg\u00ed Vetom a mhalart\u00fa \u00f3 am go ch\u00e9ile chun taca\u00edocht n\u00edos leithne a fh\u00e1il don eagra\u00edocht.<\/p>\n<p>&nbsp;<\/p>\n<h2><strong>Cathain a mholtar \u00e9 a \u00fas\u00e1id?<\/strong><\/h2>\n<p>Tar \u00e9is c\u00f3ire\u00e1la antaibheathaigh, chun an fl\u00f3ra st\u00e9igeach a athghini\u00faint.<\/p>\n<p>Mar fhorl\u00edonadh ar theiripe i gc\u00e1sanna ailse<\/p>\n<p>*Do neamhoird d\u00edle\u00e1, buinneach, comhtholgadh, gear\u00e1in boilg<\/p>\n<p>I riochta\u00ed d\u00edth imdh\u00edonachta<\/p>\n<p>I gc\u00e1s boladh m\u00edthaitneamhach coirp n\u00f3 an\u00e1la<\/p>\n<p>*Le haghaidh c\u00f3ire\u00e1il chomhl\u00e1ntach ar chlocha du\u00e1in, galar ae, agus fadhbanna gastaist\u00e9anach*<\/p>\n<p>Aire:<\/p>\n<p>N\u00e1 h\u00fas\u00e1id an t\u00e1irge seo i gcomhar le h-antaibheathaigh \u00f3 bh\u00e9al n\u00e1 le pr\u00f3bh\u00e1it\u00edigh eile. Ceada\u00edtear \u00e9 a \u00fas\u00e1id i gcomhar le h-antaibheathaigh a chuirtear ar an gcraiceann.<\/p>\n<p>&nbsp;<\/p>\n<h2><strong>T\u00e1bhachtach:<\/strong><\/h2>\n<p>N\u00ed mholtar \u00e9 a ghlacadh in \u00e9ineacht le pr\u00f3ibheathaigh \u00f3 bh\u00e9al eile n\u00f3 antaibheathaigh, go h\u00e1irithe sulfonam\u00eddeanna agus gn\u00edomhair\u00ed frithneoplaisteacha.<\/p>\n<p>&nbsp;<\/p>\n<h2><strong>Comh\u00e1bhair:<\/strong><\/h2>\n<p>East\u00f3sc\u00e1n arbhair Indiach coipthe le str\u00e1ice *Bacillus subtilis* (VKPM V 10641 \/ DSM 24613)<\/p>\n<p>Cl\u00f3ir\u00edd s\u00f3idiam<\/p>\n<p>\u00c1bhar iompr\u00f3ra<\/p>\n<p><strong>\u00a0<\/strong><\/p>\n<h2><strong>Pac\u00e1isti\u00fa:<\/strong><\/h2>\n<p>Buid\u00e9al braon\u00f3ra 10 ml d\u00e9anta as gloine n\u00f3 plaisteach<\/p>\n<p>* D'fh\u00e9adfadh go mbeadh sil-leagan n\u00e1d\u00fartha ann, rud nach locht c\u00e1il\u00edochta \u00e9.<\/p>\n<p>&nbsp;<\/p>\n<h2><strong>Cuma:<\/strong><\/h2>\n<p>Leacht bu\u00ed-dhonn \u00e9adrom le boladh saini\u00fail<\/p>\n<p>Me\u00e1chan: 0.02 kg<\/p>\n<p>*Tois\u00ed: 3 \u00d7 3 \u00d7 7 cm<\/p>\n<p>Bun\u00fas: An R\u00fais<\/p>\n<p>&nbsp;<\/p>\n<h2>Faisn\u00e9is st\u00f3r\u00e1la:<\/h2>\n<p>St\u00f3r\u00e1il: Idir 0\u201310 \u00b0C, le huisc\u00ed ar a laghad coibhneasta 75%<\/p>\n<p>Iompar agus st\u00f3r\u00e1il shealadach: 10\u201330\u00b0C ar feadh suas le 18 l\u00e1<\/p>\n<p>Tar \u00e9is oscailt: st\u00f3r\u00e1il sa chuisneoir (0\u201310\u00b0C).<\/p>","protected":false},"excerpt":{"rendered":"<h5>Iarratas<\/h5>\n<p>A <strong>Cuirim mo ghutha i gcoinne 1.23<\/strong> \u00das\u00e1idtear \u00e9 mar fhoinse forl\u00edonta de mhiocrorg\u00e1naigh phr\u00f3ibheait\u00edocha chun sl\u00e1inte an duine a fheabhs\u00fa. Is amhlaidh a nearta\u00edonn s\u00e9 de bharr <strong>Bacillus subtilis<\/strong> \u00e9ifeacht, a tharla\u00edonn go pr\u00edomha de bharr iomad\u00fach\u00e1in sa st\u00e9ig mh\u00f3r:<\/p>\n<ul class=\"vetom-list\">\n<li>eins\u00edm\u00ed pr\u00f3it\u00e9olaitici\u00fala, aim\u00edolaitici\u00fala, ceallalaitici\u00fala;<\/li>\n<li>a-2 idirfh\u00e9ar\u00f3n de chuid chealla fola b\u00e1na an duine;<\/li>\n<li>b\u00e1itsitracin agus substaint\u00ed bitheacha gn\u00edomhacha eile a choisceann f\u00e1s suntasach ar mhicr\u00edfhl\u00f3ra phataigineach n\u00f3 at\u00e1 s\u00e1ch pataigineach.<\/li>\n<\/ul>\n<p>Mar thoradh ar an bpr\u00f3iseas seo, claochla\u00edtear fl\u00f3ra baict\u00e9arach an chonair d\u00edle\u00e1 go dt\u00ed go mb\u00edonn s\u00e9 comhionann leis an norm a d'fhorbair le linn na h\u00e9abhl\u00f3ide. Glantar balla\u00ed an chonair d\u00edle\u00e1 \u00f3 iarmhair bia dho-dh\u00edle\u00e1, rud a chuireann le baint ghn\u00edomhach tocsain\u00ed as an gcorp agus le hiompar gan bhac\u00e1n substaint\u00ed bitheola\u00edoch ghn\u00edomhacha agus cothaitheach.<\/p>\n<div class=\"plashka\">A <strong>Cuirim mo ghutha i gcoinne 1.23<\/strong> D\u00e9anann s\u00e9 an d\u00edle\u00e1, an ts\u00faiteacht agus an mheitibileacht iarn\u00f3ige, cailciam, saillte, pr\u00f3it\u00e9in\u00ed, carbaihiodr\u00e1it\u00ed, tr\u00edghlicr\u00edd\u00ed, aim\u00ednaig\u00e9id, dipeipt\u00edd\u00ed agus salainn bhile a normal\u00fa, agus d\u00e9anann s\u00e9 timpeallacht aig\u00e9adach an ch\u00f3rais d\u00edle\u00e1 a normal\u00fa. Cuid\u00edonn \u00fas\u00e1id Vetom 1.23 leis an gcorp dea-shl\u00e1inte a choth\u00fa.<\/div>\n<p>A <strong>Cuirim mo ghutha i gcoinne 1.23<\/strong> M\u00e9ada\u00edonn s\u00e9 \u00e9ifeachtacht na ndruga\u00ed agus laghda\u00edonn s\u00e9 a n-\u00e9ifeachta\u00ed d\u00edobh\u00e1lacha ar chorp an duine.<\/p>\n<h6>Air\u00edonna:<\/h6>\n<ul class=\"vetom-list\">\n<li>T\u00e1 gn\u00edomha\u00edocht antagonach ard aige i gcoinne fungas agus baict\u00e9ir phataigineacha agus choinn\u00edollach phataigineach, agus t\u00e1 air\u00edonna frithv\u00edreasacha, pr\u00f3it\u00e9olaitice, aimil\u00e9ilaitice agus ceallalaitice aige.<\/li>\n<li>Spreagann s\u00e9 facht\u00f3ir\u00ed imdh\u00edonachta ceallacha agus humaracha<\/li>\n<li>M\u00e9ada\u00edonn s\u00e9 frithsheasmhacht neamhshonrach an choirp<\/li>\n<li>Cobhs\u00e1ideann s\u00e9 frithsheasmhacht aill\u00e9irgeach<\/li>\n<li>Norm\u00e1la\u00edonn s\u00e9 an mheitibileacht.<\/li>\n<li>Spreagann s\u00e9 pr\u00f3isis athghini\u00fana, ionsa\u00edonn s\u00e9 agus scriosann s\u00e9 cealla ailseacha agus cealla galraithe.<\/li>\n<\/ul>\n<div class=\"plashka\">Athra\u00edonn s\u00e9 an mh\u00e9ibhinchiseal agus an mheitibileacht, agus ar an gcaoi sin cuireann s\u00e9 cosc ar fhorbairt ceall ailse.<\/div>","protected":false},"featured_media":6615,"comment_status":"open","ping_status":"closed","template":"","meta":[],"product_brand":[],"product_cat":[22],"product_tag":[],"class_list":{"0":"post-449","1":"product","2":"type-product","3":"status-publish","4":"has-post-thumbnail","6":"product_cat-vetom-probiotikumok","8":"first","9":"instock","10":"featured","11":"taxable","12":"shipping-taxable","13":"purchasable","14":"product-type-simple"},"_links":{"self":[{"href":"https:\/\/vetomshop.hu\/ga\/wp-json\/wp\/v2\/product\/449","targetHints":{"allow":["GET"]}}],"collection":[{"href":"https:\/\/vetomshop.hu\/ga\/wp-json\/wp\/v2\/product"}],"about":[{"href":"https:\/\/vetomshop.hu\/ga\/wp-json\/wp\/v2\/types\/product"}],"replies":[{"embeddable":true,"href":"https:\/\/vetomshop.hu\/ga\/wp-json\/wp\/v2\/comments?post=449"}],"wp:featuredmedia":[{"embeddable":true,"href":"https:\/\/vetomshop.hu\/ga\/wp-json\/wp\/v2\/media\/6615"}],"wp:attachment":[{"href":"https:\/\/vetomshop.hu\/ga\/wp-json\/wp\/v2\/media?parent=449"}],"wp:term":[{"taxonomy":"product_brand","embeddable":true,"href":"https:\/\/vetomshop.hu\/ga\/wp-json\/wp\/v2\/product_brand?post=449"},{"taxonomy":"product_cat","embeddable":true,"href":"https:\/\/vetomshop.hu\/ga\/wp-json\/wp\/v2\/product_cat?post=449"},{"taxonomy":"product_tag","embeddable":true,"href":"https:\/\/vetomshop.hu\/ga\/wp-json\/wp\/v2\/product_tag?post=449"}],"curies":[{"name":"uair an chloig","href":"https:\/\/api.w.org\/{rel}","templated":true}]}}