{"id":4664,"date":"2023-11-11T14:33:45","date_gmt":"2023-11-11T13:33:45","guid":{"rendered":"https:\/\/vetomshop.hu\/termek\/aphrodita-medal\/"},"modified":"2023-11-11T14:33:45","modified_gmt":"2023-11-11T13:33:45","slug":"aphrodita-medal","status":"publish","type":"product","link":"https:\/\/vetomshop.hu\/ga\/product\/aphrodita-medal\/","title":{"rendered":"Croch\u00e1n Aifreann"},"content":{"rendered":"<p><strong>Seoid\u00edn Aifreann<\/strong><\/p>\n<p>A bhu\u00ed le teicneola\u00edocht BioTrEM, is f\u00e9idir patr\u00fan speictreach sonrach a chruth\u00fa ar chriostal speisialta. Nuair a thagann quanta fuinnimh treallach \u2013 fi\u00fa teas \u2013 i dteagmh\u00e1il le dromchla an chriostail, astarann an ginead\u00f3ir comhartha\u00ed an-lag \u00f3n bpatr\u00fan speictreach at\u00e1 taifeadta air.<br \/>\nIdir an d\u00e1 linn, d\u00e9anann an rada\u00edocht leictreamaighn\u00e9adach \u00f3n mheadall\u00f3n idirghn\u00edomh\u00fa leis an org\u00e1nach beo.<\/p>\n<div class=\"su-spoiler su-spoiler-style-defoult su-spoiler-icon-caret su-spoiler-closed\" data-scroll-offset=\"0\" data-anchor-in-url=\"no\"><div class=\"su-spoiler-title\" tabindex=\"0\" role=\"button\"><span class=\"su-spoiler-icon\"><\/span>Gach<\/div><div class=\"su-spoiler-content su-u-clearfix su-u-trim\">\n<p>Spreagann an f\u00e1inne APHRODITE sint\u00e9is fheram\u00f3n na mban, rud a chuireann faoi deara do ghlandacha speisialta i gcorp na mban fheram\u00f3in, androstenol agus copulin a th\u00e1irgeadh ar bhealach n\u00edos d\u00e9ine. D\u00e1 mh\u00e9ad fheram\u00f3n a th\u00e1irgeann bean, is ea is tarraingt\u00ed \u00f3 thaobh gn\u00e9is \u00ed do na fir. Spreagann androstenol daoine eile chun cumars\u00e1id a dh\u00e9anamh agus cuireann s\u00e9 cuma n\u00edos \u00f3ige ar dhaoine eile.<\/p>\n<p>Is horm\u00f3n baineann \u00e9 Copulin at\u00e1 freagrach as an mealladh gn\u00e9asach.<\/p>\n<p>Agus an f\u00e1inne APHRODITE \u00e1 \u00fas\u00e1id, m\u00e9ada\u00edtear ar th\u00e1irgeadh na bhf\u00e9ar\u00f3man ban (androstene agus copulin), agus d\u00e1 bharr sin:<\/p>\n<ul>\n<li>Aire na bhfear a mhealladh,<\/li>\n<li>comhbh\u00e1 a mh\u00fascailt,<\/li>\n<li>dul i dtaith\u00ed n\u00edos \u00e9asca,<\/li>\n<li>\u00e9ireoidh leat n\u00edos fearr i do ghn\u00f3, faigh f\u00e9inmhuin\u00edn n\u00edos m\u00f3,<\/li>\n<li>Crutha\u00edonn siad \u201epearsa uath\u00fail do-sheachanta\u201d d\u00e1 gcomhph\u00e1irt\u00ed.<\/li>\n<\/ul>\n<p>Luatha\u00edonn Androstenol forbairt an chomhbh\u00e1, m\u00fascla\u00edonn s\u00e9 moth\u00fach\u00e1in chairdis sa chomhr\u00e1iteoir, spreagann s\u00e9 moth\u00fach\u00e1in r\u00f3m\u00e1ns\u00fala, agus crutha\u00edonn s\u00e9 atmaisf\u00e9ar na h\u00f3ige agus na h\u00farlainne, is cuma c\u00e9n aois at\u00e1 orainn!<\/p>\n<\/div><\/div>","protected":false},"excerpt":{"rendered":"<p>Aphrodita med\u00e1l A BioTrEM-technol\u00f3gi\u00e1nak k\u00f6sz\u00f6nhet\u0151en lehets\u00e9gess\u00e9 v\u00e1lt l\u00e9trehozni a speci\u00e1lis krist\u00e1lyon egy adott term\u00e9szet\u0171 spektr\u00e1lis mint\u00e1t. Amikor tetsz\u0151leges energiakvantumok \u2013 ak\u00e1r h\u0151 &#8211; \u00e9rintkezik a krist\u00e1ly fel\u00fclet\u00e9vel, a gener\u00e1tor a rajta r\u00f6gz\u00edtett spektr\u00e1lis minta extr\u00e9m gyenge jeleit bocs\u00e1jtja ki. Ek\u00f6zben a med\u00e1l elektrom\u00e1gneses sug\u00e1rz\u00e1sa k\u00f6lcs\u00f6nhat\u00e1sba ker\u00fcl az \u00e9l\u0151 szervezettel.<\/p>","protected":false},"featured_media":4663,"comment_status":"open","ping_status":"closed","template":"","meta":[],"product_brand":[],"product_cat":[33,32],"product_tag":[],"class_list":{"0":"post-4664","1":"product","2":"type-product","3":"status-publish","4":"has-post-thumbnail","6":"product_cat-egeszseg-medalok","7":"product_cat-triomed","9":"first","10":"instock","11":"taxable","12":"shipping-taxable","13":"purchasable","14":"product-type-simple"},"_links":{"self":[{"href":"https:\/\/vetomshop.hu\/ga\/wp-json\/wp\/v2\/product\/4664","targetHints":{"allow":["GET"]}}],"collection":[{"href":"https:\/\/vetomshop.hu\/ga\/wp-json\/wp\/v2\/product"}],"about":[{"href":"https:\/\/vetomshop.hu\/ga\/wp-json\/wp\/v2\/types\/product"}],"replies":[{"embeddable":true,"href":"https:\/\/vetomshop.hu\/ga\/wp-json\/wp\/v2\/comments?post=4664"}],"wp:featuredmedia":[{"embeddable":true,"href":"https:\/\/vetomshop.hu\/ga\/wp-json\/wp\/v2\/media\/4663"}],"wp:attachment":[{"href":"https:\/\/vetomshop.hu\/ga\/wp-json\/wp\/v2\/media?parent=4664"}],"wp:term":[{"taxonomy":"product_brand","embeddable":true,"href":"https:\/\/vetomshop.hu\/ga\/wp-json\/wp\/v2\/product_brand?post=4664"},{"taxonomy":"product_cat","embeddable":true,"href":"https:\/\/vetomshop.hu\/ga\/wp-json\/wp\/v2\/product_cat?post=4664"},{"taxonomy":"product_tag","embeddable":true,"href":"https:\/\/vetomshop.hu\/ga\/wp-json\/wp\/v2\/product_tag?post=4664"}],"curies":[{"name":"uair an chloig","href":"https:\/\/api.w.org\/{rel}","templated":true}]}}