{"id":4666,"date":"2023-11-11T14:33:45","date_gmt":"2023-11-11T13:33:45","guid":{"rendered":"https:\/\/vetomshop.hu\/termek\/alfa-medal\/"},"modified":"2023-11-11T14:33:45","modified_gmt":"2023-11-11T13:33:45","slug":"alfa-medal","status":"publish","type":"product","link":"https:\/\/vetomshop.hu\/ga\/product\/alfa-medal\/","title":{"rendered":"Bonn Alfa"},"content":{"rendered":"<h4>Bonn Sl\u00e1inte ALFA<\/h4>\n<p><strong>Pr\u00edomhfheidhmeanna:<\/strong><\/p>\n<p>Uirlis bhreise chun feidhmi\u00fa s\u00edceola\u00edoch agus moth\u00fach\u00e1nach a normal\u00fa, gi\u00famar a fheabhs\u00fa, spreagadh agus cumas gn\u00edomha\u00edochta a mh\u00e9ad\u00fa, agus \u00e9ifeachta\u00ed d\u00edobh\u00e1lacha an struis sh\u00edceola\u00edoch agus mhoth\u00fach\u00e1naigh a laghd\u00fa.<\/p>\n<p><strong>Cur s\u00edos gairid:<\/strong><\/p>\n<p>Freagra\u00edonn an comhartha faisn\u00e9ise at\u00e1 taifeadta ar Mheadall\u00e1n Sl\u00e1inte ALFA do chreathadh leictreamaighn\u00e9adach an ionaid a riala\u00edonn na r\u00e9ims\u00ed s\u00edceola\u00edochta agus moth\u00fach\u00e1nacha.<br \/>\nIs eol go maith go riala\u00edtear staid mhoth\u00fach\u00e1nach an duine, a bhraitheann ar roinnt facht\u00f3ir\u00ed seachtracha agus inmhe\u00e1nacha, ag an l\u00e1rch\u00f3ras n\u00e9ar\u00f3gach.<\/p>\n<div class=\"su-spoiler su-spoiler-style-defoult su-spoiler-icon-caret su-spoiler-closed\" data-scroll-offset=\"0\" data-anchor-in-url=\"no\"><div class=\"su-spoiler-title\" tabindex=\"0\" role=\"button\"><span class=\"su-spoiler-icon\"><\/span>Gach<\/div><div class=\"su-spoiler-content su-u-clearfix su-u-trim\">\nI measc na gc\u00e9ad chomhartha\u00ed struis t\u00e1 teannas moth\u00fach\u00e1nach, eagla, corra\u00ed agus m\u00e9ad\u00fa ar an gcorrbhr\u00ed. Is f\u00e9idir leis seo a bheith ina ch\u00fais le neamhoird codlata, as a dtagann tuirse, meirbh ginear\u00e1lta agus lag\u00fa ar fheidhmeanna cogna\u00edocha (cuimhne, aird, smaointeoireacht).<\/p>\n<p>B\u00edonn drochthionchar ag suaitheadh s\u00edceola\u00edoch agus moth\u00fach\u00e1nach fhada ar an tsl\u00e1inte ghinear\u00e1lta agus ar imoibr\u00edocht an choirp. B\u00edonn daoine a bh\u00edonn ag fulaingt \u00f3 strus s\u00edceola\u00edoch agus moth\u00fach\u00e1nach ainsealach n\u00edos soghonta do shlaghd\u00e1in agus do athiomp\u00fa galair ainsealacha at\u00e1 ann cheana (galar cro\u00ed iscaimeach, neamhoird phaincr\u00e9is, sist\u00edteas, p\u00edleanifrit\u00ed, ain\u00e9ics\u00edteas, pr\u00f3stat\u00edteas, srl.).<\/p>\n<p>Is iad facht\u00f3ir\u00ed struis is c\u00fais le galair sh\u00edceasomacha chlasaiceacha ar n\u00f3s br\u00fa fola ard, asma broincigh, othrais st\u00e9ige, othrais dhiaidh-st\u00e9ige, galar aill\u00e9irgeach craicinn (\u00e9iclampas, n\u00e9ar\u00f3idireimat\u00edteas) agus a macasamhla, chomh fada le caillteanas radhairc agus \u00e9isteachta.<\/p>\n<p><strong>C\u00e9n uair ar cheart d\u00fainn Bonn Sl\u00e1inte ALFA a \u00fas\u00e1id?<\/strong><\/p>\n<p>T\u00e1 \u00e9ifeacht dhearfach ag an bhfeiste seo ar fheidhmi\u00fa feidhmi\u00fail an choirp. Is f\u00e9idir \u00e9 a \u00fas\u00e1id mar uirlis optamaithe agus cheartaithe i gcomhar le modhanna eile chun galair a chosc agus a ch\u00f3ire\u00e1il:<\/p>\n<ul>\n<li>staideanna sceitim\u00edn\u00ed, n\u00e9arast\u00f3ineacht, fadhbanna oiri\u00fanaithe in \u00e9ineacht le m\u00edchomhr\u00e9ir mhoth\u00fach\u00e1nach,<\/li>\n<li>M\u00edfheidhm an ch\u00f3rais n\u00e9ar\u00f3ghaigh a bhfuil tuirse mheabhrach, cantal, moilli\u00fa ar phr\u00f3isis smaoinimh agus caillteanas c\u00e1il\u00edochta ina comhluadar.,<\/li>\n<li>i gc\u00e1sanna d'\u00e9aghoibhneas de bharr moth\u00fach\u00e1in scaoill,<\/li>\n<li>i gc\u00e9imeanna tosaigh agus athfhillteacha na n-easpaiseanna s\u00edceas\u00f3matacha (asma broncach, sindrom an put\u00f3ige greannaithe (IBS), galar cro\u00ed iscaimeach, br\u00fa fola ard, galar craicinn agus galar eile),<\/li>\n<li>Siompt\u00f3im struis sh\u00edceola\u00edoch agus mhoth\u00fach\u00e1naigh ainsealaigh.<\/li>\n<\/ul>\n<p>Aire, t\u00e1bhachtach!<\/p>\n<p>T\u00e9igh i gcomhairle le do dhocht\u00fair m\u00e1 bhraitheann t\u00fa meath suntasach ar do ghi\u00famar, \u00e9agobhsa\u00edocht mhoth\u00fach\u00e1nach agus cantal, n\u00f3 codlatacht lean\u00fanach, gan staonadh. Chomh maith leis an gc\u00f3ire\u00e1il ordaithe, bain \u00fas\u00e1id as Bonn Sl\u00e1inte ALFA go comhthreomhar chun \u00e9ifeachtacht na c\u00f3ire\u00e1la a fheabhs\u00fa agus cumais athshl\u00e1naithe an choirp a neart\u00fa.<br \/>\n<\/div><\/div>","protected":false},"excerpt":{"rendered":"<p>ALFA Eg\u00e9szs\u00e9g Med\u00e1l F\u0151 funkci\u00f3i: Kieg\u00e9sz\u00edt\u0151 eszk\u00f6z a pszich\u00e9s \u00e9s \u00e9rzelmi szf\u00e9ra m\u0171k\u00f6d\u00e9s\u00e9nek normaliz\u00e1l\u00e1s\u00e1ra, hangulatjav\u00edt\u00f3, motiv\u00e1ci\u00f3 \u00e9s cselekv\u0151k\u00e9pess\u00e9g n\u00f6vel\u0151, cs\u00f6kkenti a pszich\u00e9s \u00e9s \u00e9rzelmi stressz \u00e1ldatlan hat\u00e1sait. R\u00f6vid ismertet\u0151: Az inform\u00e1ci\u00f3s jel, mely az ALFA Eg\u00e9szs\u00e9g Med\u00e1lra r\u00f6gz\u00edt\u00e9sre ker\u00fclt, megfelel a pszich\u00e9s \u00e9s \u00e9rzelmi szf\u00e9r\u00e1kat szab\u00e1lyoz\u00f3 k\u00f6zpont elektrom\u00e1gneses rezg\u00e9s\u00e9nek. K\u00f6ztudott, hogy az ember \u00e9rzelmi \u00e1llapota, [&hellip;]<\/p>\n","protected":false},"featured_media":4665,"comment_status":"open","ping_status":"closed","template":"","meta":[],"product_brand":[],"product_cat":[33,32],"product_tag":[],"class_list":{"0":"post-4666","1":"product","2":"type-product","3":"status-publish","4":"has-post-thumbnail","6":"product_cat-egeszseg-medalok","7":"product_cat-triomed","9":"first","10":"instock","11":"taxable","12":"shipping-taxable","13":"purchasable","14":"product-type-simple"},"_links":{"self":[{"href":"https:\/\/vetomshop.hu\/ga\/wp-json\/wp\/v2\/product\/4666","targetHints":{"allow":["GET"]}}],"collection":[{"href":"https:\/\/vetomshop.hu\/ga\/wp-json\/wp\/v2\/product"}],"about":[{"href":"https:\/\/vetomshop.hu\/ga\/wp-json\/wp\/v2\/types\/product"}],"replies":[{"embeddable":true,"href":"https:\/\/vetomshop.hu\/ga\/wp-json\/wp\/v2\/comments?post=4666"}],"wp:featuredmedia":[{"embeddable":true,"href":"https:\/\/vetomshop.hu\/ga\/wp-json\/wp\/v2\/media\/4665"}],"wp:attachment":[{"href":"https:\/\/vetomshop.hu\/ga\/wp-json\/wp\/v2\/media?parent=4666"}],"wp:term":[{"taxonomy":"product_brand","embeddable":true,"href":"https:\/\/vetomshop.hu\/ga\/wp-json\/wp\/v2\/product_brand?post=4666"},{"taxonomy":"product_cat","embeddable":true,"href":"https:\/\/vetomshop.hu\/ga\/wp-json\/wp\/v2\/product_cat?post=4666"},{"taxonomy":"product_tag","embeddable":true,"href":"https:\/\/vetomshop.hu\/ga\/wp-json\/wp\/v2\/product_tag?post=4666"}],"curies":[{"name":"uair an chloig","href":"https:\/\/api.w.org\/{rel}","templated":true}]}}