{"id":4668,"date":"2023-11-11T14:33:46","date_gmt":"2023-11-11T13:33:46","guid":{"rendered":"https:\/\/vetomshop.hu\/termek\/ambrozia-medal\/"},"modified":"2023-11-11T14:33:46","modified_gmt":"2023-11-11T13:33:46","slug":"ambrozia-medal","status":"publish","type":"product","link":"https:\/\/vetomshop.hu\/ga\/product\/ambrozia-medal\/","title":{"rendered":"Bonn Ambr\u00f3is"},"content":{"rendered":"<h4>Bonn Ambr\u00f3is<\/h4>\n<p>Baineann an ragairn, n\u00f3 an lus an ph\u00e9iste (Ambrosia artemisiifolia), de sh\u00edor de mh\u00edthuiscint le fine na nAsteraceae, speiceas fiaile a bhaineann le treibh na Helianthinae. Tagann an fiaile mh\u00f3r chun solais i l\u00edon ollmh\u00f3r gach bliain i bp\u00e1irceanna ar\u00fala na hUng\u00e1ire agus i limist\u00e9ir eile at\u00e1 curtha tr\u00edna ch\u00e9ile.<\/p>\n<p>Ceann de na f\u00e9ith\u00ed is c\u00e1ili\u00fala agus is consp\u00f3id\u00ed at\u00e1 againn: n\u00ed aithn\u00edonn daoine \u00e1irithe ach a chuid air\u00edonna d\u00edobh\u00e1lacha aill\u00e9irgeacha, agus is daoine eile a thugann \u00f3m\u00f3s d\u00f3 mar luibh leighis agus a \u00edd\u00edonn go rialta \u00e9.<\/p>\n<div class=\"su-spoiler su-spoiler-style-defoult su-spoiler-icon-caret su-spoiler-closed\" data-scroll-offset=\"0\" data-anchor-in-url=\"no\"><div class=\"su-spoiler-title\" tabindex=\"0\" role=\"button\"><span class=\"su-spoiler-icon\"><\/span>Gach<\/div><div class=\"su-spoiler-content su-u-clearfix su-u-trim\">\nC\u00e9n f\u00e1th a mb\u00edonn siompt\u00f3im aill\u00e9irgeacha ag daoine \u00e1irithe de bharr an phlanda seo? T\u00e1 rud amh\u00e1in cinnte: n\u00ed raibh aill\u00e9irg\u00ed pailine n\u00e1 aill\u00e9irg\u00ed ragairne riamh ag feirmeoir\u00ed. B'fh\u00e9idir go mbeidh orainn fanacht na sc\u00f3rtha bliain le haghaidh freagra\u00ed soil\u00e9ire, ach is f\u00e9idir le siompt\u00f3im aill\u00e9irgeacha m\u00edthaitneamhacha teacht ar ais bliain i ndiaidh bliana, mar sin b'fhearr d\u00fainn r\u00e9iteach a fh\u00e1il. Fad is a bheidhimid ag fanacht leis na freagra\u00ed ar na ceisteanna seo, n\u00e1 d\u00e9anaimis dearmad ar phost\u00falacht na naturopa\u00edochta: c\u00f3ire\u00e1il greim madra lena chuid gruaige f\u00e9in, i.e. c\u00f3ire\u00e1il t\u00fa f\u00e9in leis an rud a chuir tinn ort. \u00das\u00e1ideann an Bonn Ambrosia teicneola\u00edocht speisialta BioTrEm chun speictream leictreamaighn\u00e9adach an raithneach bheathaigh a ghabh\u00e1il.<br \/>\n<\/div><\/div>","protected":false},"excerpt":{"rendered":"<p>Ambr\u00f3zia Med\u00e1l Az \u00fcr\u00f6mlevel\u0171 parlagf\u0171, vagy egyszer\u0171en parlagf\u0171 (Ambrosia artemisiifolia), t\u00e9vesen vadkender a f\u00e9szkesek (Asteraceae) csal\u00e1dj\u00e1ba tartozik, annak Helianthinae tribusz\u00e1ba tartoz\u00f3 gyomn\u00f6v\u00e9nyfaj. A parlagf\u0171 Magyarorsz\u00e1g sz\u00e1nt\u00f3f\u00f6ldjein \u00e9s egy\u00e9b bolygatott ter\u00fcletein \u00e9vr\u0151l \u00e9vre \u00f3ri\u00e1si sz\u00e1mban jelenik meg. Egyik legismertebb \u00e9s legellentmond\u00e1sosabb meg\u00edt\u00e9l\u00e9s\u0171 gyomn\u00f6v\u00e9ny\u00fcnk: vannak, akik kiz\u00e1r\u00f3lag rossz, allergiz\u00e1l\u00f3 tulajdons\u00e1gait ismerik el, \u00e9s vannak, akik gy\u00f3gyn\u00f6v\u00e9nyk\u00e9nt tisztelik, [&hellip;]<\/p>\n","protected":false},"featured_media":4667,"comment_status":"open","ping_status":"closed","template":"","meta":[],"product_brand":[],"product_cat":[33,32],"product_tag":[],"class_list":{"0":"post-4668","1":"product","2":"type-product","3":"status-publish","4":"has-post-thumbnail","6":"product_cat-egeszseg-medalok","7":"product_cat-triomed","9":"first","10":"instock","11":"taxable","12":"shipping-taxable","13":"purchasable","14":"product-type-simple"},"_links":{"self":[{"href":"https:\/\/vetomshop.hu\/ga\/wp-json\/wp\/v2\/product\/4668","targetHints":{"allow":["GET"]}}],"collection":[{"href":"https:\/\/vetomshop.hu\/ga\/wp-json\/wp\/v2\/product"}],"about":[{"href":"https:\/\/vetomshop.hu\/ga\/wp-json\/wp\/v2\/types\/product"}],"replies":[{"embeddable":true,"href":"https:\/\/vetomshop.hu\/ga\/wp-json\/wp\/v2\/comments?post=4668"}],"wp:featuredmedia":[{"embeddable":true,"href":"https:\/\/vetomshop.hu\/ga\/wp-json\/wp\/v2\/media\/4667"}],"wp:attachment":[{"href":"https:\/\/vetomshop.hu\/ga\/wp-json\/wp\/v2\/media?parent=4668"}],"wp:term":[{"taxonomy":"product_brand","embeddable":true,"href":"https:\/\/vetomshop.hu\/ga\/wp-json\/wp\/v2\/product_brand?post=4668"},{"taxonomy":"product_cat","embeddable":true,"href":"https:\/\/vetomshop.hu\/ga\/wp-json\/wp\/v2\/product_cat?post=4668"},{"taxonomy":"product_tag","embeddable":true,"href":"https:\/\/vetomshop.hu\/ga\/wp-json\/wp\/v2\/product_tag?post=4668"}],"curies":[{"name":"uair an chloig","href":"https:\/\/api.w.org\/{rel}","templated":true}]}}