{"id":4670,"date":"2023-11-11T14:33:46","date_gmt":"2023-11-11T13:33:46","guid":{"rendered":"https:\/\/vetomshop.hu\/termek\/antivir-medal\/"},"modified":"2023-11-11T14:33:46","modified_gmt":"2023-11-11T13:33:46","slug":"antivir-medal","status":"publish","type":"product","link":"https:\/\/vetomshop.hu\/ga\/product\/antivir-medal\/","title":{"rendered":"Bonn Dr\u00facht\u00edneach Frithv\u00edreasach"},"content":{"rendered":"<h4>Bonn Dr\u00facht\u00edneach Frithv\u00edreasach<\/h4>\n<p>Is galar \u00e9 an fli\u00fa a tharla\u00edonn de bharr an v\u00edris fli\u00fa, agus is \u00e9 str\u00e1ice de chuid an v\u00edris fli\u00fa an pataigin a bh\u00edonn i gceist i gc\u00f3na\u00ed. Is iad Fli\u00fa A agus B an d\u00e1 chine\u00e1l de v\u00edris fli\u00fa a fh\u00e9adann l\u00edon m\u00f3r daoine a ionfhabht\u00fa. Is f\u00e9idir v\u00edris de Chine\u00e1l A a roinnt ina fothaispe\u00e1in bunaithe ar na pr\u00f3it\u00e9in\u00ed (haemagglutinin - H agus neuraminidase - N) at\u00e1 ar a ndromchla. \u00d3 1977 i leith, is iad na v\u00edris H1N1 agus H3N2 is c\u00fais leis na heipid\u00e9im\u00ed is m\u00f3. Is annamh a bh\u00edonn tinneas n\u00edos tromch\u00fais\u00ed de bharr v\u00edreas B. Athra\u00edonn agus s\u00f3ch\u00e1na\u00edonn v\u00edris an fhuachta mh\u00f3ir go tapa, rud a mb\u00edonn fothachtas nua mar thoradh air. Is beag cosaint, m\u00e1s cosaint ar bith \u00ed, a thugann imdh\u00edonacht ar fothachtas amh\u00e1in i gcoinne fothachtas eile, rud a mh\u00edn\u00edonn na heipid\u00e9im\u00ed s\u00e9as\u00faracha bliant\u00fala a tharla\u00edonn de ghn\u00e1th sa gheimhreadh.<\/p>\n<div class=\"su-spoiler su-spoiler-style-defoult su-spoiler-icon-caret su-spoiler-closed\" data-scroll-offset=\"0\" data-anchor-in-url=\"no\"><div class=\"su-spoiler-title\" tabindex=\"0\" role=\"button\"><span class=\"su-spoiler-icon\"><\/span>Gach<\/div><div class=\"su-spoiler-content su-u-clearfix su-u-trim\">\n<p>T\u00e1 comhartha\u00ed an fhli\u00fa an-chos\u00fail le comhartha\u00ed an tslagh\u00e1in, ach t\u00e1 an galar n\u00edos g\u00e9ire. De ghn\u00e1th, b\u00edonn fiabhras ard, tinneas cinn, tinneas mat\u00e1n, casacht thirim, leathargacht agus laige ag gabh\u00e1il leis. Is annamh a bh\u00edonn scornach tinn ann, agus n\u00ed bh\u00edonn sileadh sr\u00f3ine n\u00e1 pl\u00f3d\u00fa sr\u00f3nach ach i 30-50% de na c\u00e1sanna. B\u00edonn deacrachta\u00ed thar a bheith cont\u00fairteach i gc\u00e1s leana\u00ed \u00f3ga, daoine aosta agus daoine a bhfuil tinnis ainsealacha orthu.<\/p>\n<p>Sin an f\u00e1th a bhfuil s\u00e9 t\u00e1bhachtach frithsheasmhacht an choirp a mh\u00e9ad\u00fa.<\/p>\n<p><strong>C\u00e9 d\u00f3 a mholaimid \u00e9?<\/strong><\/p>\n<ul>\n<li>D\u00f3ibh si\u00fad go l\u00e9ir ar mian leo a n-athl\u00e9imneacht a fheabhs\u00fa,<\/li>\n<li>a bhaineann leis an ngr\u00fapa at\u00e1 i mbaol \u00f3n v\u00edreas fli\u00fa,<\/li>\n<li>a thaisteala\u00edonn go fairsing ar fud an domhain n\u00f3 a \u00fas\u00e1ideann an t-iompar poibl\u00ed,<\/li>\n<li>B\u00edonn siad i gc\u00f3na\u00ed p\u00e1irteach sa phobal agus oibr\u00edonn siad le daoine.<\/li>\n<\/ul>\n<p><strong>Aire, t\u00e1bhachtach!<\/strong><\/p>\n<p>T\u00e9igh i gcomhairle le do dhocht\u00fair m\u00e1 t\u00e1 ionfhabht\u00fa v\u00edris fli\u00fa, breoiteacht, fiabhras ort n\u00f3 mura bhfuil t\u00fa go maith! Bain \u00fas\u00e1id as Triomed Antivir Med\u00e1l i gcomhar leis na c\u00f3ire\u00e1lacha at\u00e1 forordaithe.<br \/>\nN\u00ed fh\u00e9adfaidh leana\u00ed faoi bhun 6 bliana d'aois an t\u00e1irge seo a \u00fas\u00e1id ach amh\u00e1in faoi mhaoirseacht tuismitheora!<\/p>\n<\/div><\/div>","protected":false},"excerpt":{"rendered":"<p>Antivir Med\u00e1l Az influenza v\u00edrus okozta betegs\u00e9g, k\u00f3rokoz\u00f3ja mindig az influenza v\u00edrus valamelyik fajt\u00e1ja. Az influenza A \u00e9s B az a k\u00e9t t\u00edpusa az influenza v\u00edrusoknak, amely nagysz\u00e1mbanbeteg\u00edthet meg embereket. Az A v\u00edrusokat a fel\u00fclet\u00fck\u00f6n elhelyezked\u0151 feh\u00e9rj\u00e9k (a haemaglutinin -H \u00e9s a neuraminidase \u2013 N) alapj\u00e1n alt\u00edpusokra lehet bontani, ezek k\u00f6z\u00fcl 1977 \u00f3ta t\u00f6bbnyire a [&hellip;]<\/p>\n","protected":false},"featured_media":4669,"comment_status":"open","ping_status":"closed","template":"","meta":[],"product_brand":[],"product_cat":[33,32],"product_tag":[],"class_list":{"0":"post-4670","1":"product","2":"type-product","3":"status-publish","4":"has-post-thumbnail","6":"product_cat-egeszseg-medalok","7":"product_cat-triomed","9":"first","10":"instock","11":"taxable","12":"shipping-taxable","13":"purchasable","14":"product-type-simple"},"_links":{"self":[{"href":"https:\/\/vetomshop.hu\/ga\/wp-json\/wp\/v2\/product\/4670","targetHints":{"allow":["GET"]}}],"collection":[{"href":"https:\/\/vetomshop.hu\/ga\/wp-json\/wp\/v2\/product"}],"about":[{"href":"https:\/\/vetomshop.hu\/ga\/wp-json\/wp\/v2\/types\/product"}],"replies":[{"embeddable":true,"href":"https:\/\/vetomshop.hu\/ga\/wp-json\/wp\/v2\/comments?post=4670"}],"wp:featuredmedia":[{"embeddable":true,"href":"https:\/\/vetomshop.hu\/ga\/wp-json\/wp\/v2\/media\/4669"}],"wp:attachment":[{"href":"https:\/\/vetomshop.hu\/ga\/wp-json\/wp\/v2\/media?parent=4670"}],"wp:term":[{"taxonomy":"product_brand","embeddable":true,"href":"https:\/\/vetomshop.hu\/ga\/wp-json\/wp\/v2\/product_brand?post=4670"},{"taxonomy":"product_cat","embeddable":true,"href":"https:\/\/vetomshop.hu\/ga\/wp-json\/wp\/v2\/product_cat?post=4670"},{"taxonomy":"product_tag","embeddable":true,"href":"https:\/\/vetomshop.hu\/ga\/wp-json\/wp\/v2\/product_tag?post=4670"}],"curies":[{"name":"uair an chloig","href":"https:\/\/api.w.org\/{rel}","templated":true}]}}