{"id":4674,"date":"2023-11-11T14:33:46","date_gmt":"2023-11-11T13:33:46","guid":{"rendered":"https:\/\/vetomshop.hu\/termek\/artro-medal\/"},"modified":"2026-03-30T09:26:16","modified_gmt":"2026-03-30T07:26:16","slug":"artro-medal","status":"publish","type":"product","link":"https:\/\/vetomshop.hu\/ga\/product\/artro-medal\/","title":{"rendered":"Medaile Eala\u00edne"},"content":{"rendered":"<p>Is gl\u00e9as \u00e9 an croch\u00e1n sl\u00e1inte ARTRO at\u00e1 deartha chun na pr\u00f3isis fhrith-athlastacha, imdh\u00edon-mhodhn\u00fach\u00e1in, athghini\u00fanacha agus athch\u00f3iritheacha i bhf\u00edoch\u00e1in an ch\u00f3rais mhat\u00e1nchn\u00e1mhaigh a mhionchoigeart\u00fa.<\/p>\n<p><strong>A chusp\u00f3ir.<\/strong> C\u00fanamh chun riocht an ch\u00f3rais mhat\u00e1nchn\u00e1mhaigh a fheabhs\u00fa agus chun pr\u00f3isis athch\u00f3irithe a ghn\u00edomhacht\u00fa.<\/p>\n<div class=\"su-spoiler su-spoiler-style-defoult su-spoiler-icon-caret su-spoiler-closed\" data-scroll-offset=\"0\" data-anchor-in-url=\"no\"><div class=\"su-spoiler-title\" tabindex=\"0\" role=\"button\"><span class=\"su-spoiler-icon\"><\/span>Gach<\/div><div class=\"su-spoiler-content su-u-clearfix su-u-trim\">\n<strong>Iarmhairt\u00ed:<\/strong><\/p>\n<ul>\n<li>Norm\u00e1l\u00fa a dh\u00e9anamh ar imshruth\u00fa fola, ar st\u00e1das imdh\u00edonachta agus ar phr\u00f3isis mheitibileacha sa ch\u00f3ras mat\u00e1nchn\u00e1mharlaigh, agus cosc a chur ar fhorbairt galair sna r\u00e9ims\u00ed seo;<\/li>\n<li>cuireann s\u00e9 feabhas ar fheidhmeanna an ch\u00f3rais mhat\u00e1nchn\u00e1mhaigh;<\/li>\n<li>laghda\u00edonn s\u00e9 athlasadh agus pl\u00f3d\u00fa sa ch\u00f3ras mhat\u00e1nchn\u00e1mharlaigh;<\/li>\n<li>cuireann s\u00e9 dl\u00fas le hathghini\u00faint agus le pr\u00f3isis athghini\u00fana i bhf\u00edoch\u00e1in an ch\u00f3rais mhat\u00e1nchn\u00e1mhaigh;<\/li>\n<li>Cuireann s\u00e9 deireadh le pr\u00f3isis athlastacha sna hailt, sna scann\u00e1in ailt agus sna caps\u00fail ailt, agus sna mat\u00e1in;<\/li>\n<li>Cuid\u00edonn s\u00e9 le deformachta\u00ed n\u00f3 atrofacht cn\u00e1mh agus an choimpl\u00e9isc mhat\u00e1nchn\u00e1mhaire a chosc n\u00f3 a ch\u00faiteamh.<\/li>\n<\/ul>\n<\/div><\/div>","protected":false},"excerpt":{"rendered":"<p>Az \u00abARTRO\u00bb eg\u00e9szs\u00e9g med\u00e1l a t\u00e1maszt\u00e1s \u00e9s mozgat\u00e1s szervrendszer sz\u00f6veteiben l\u00e9v\u0151 gyullad\u00e1selleni, immunmodul\u00e1l\u00f3, regener\u00e1l\u00f3 \u00e9s helyre\u00e1ll\u00edt\u00f3 folyamatok biofizikai finomhangol\u00e1s\u00e1ra szolg\u00e1l\u00f3 eszk\u00f6z. Rendeltet\u00e9se. A t\u00e1maszt\u00e1s \u00e9s mozgat\u00e1s szervrendszer \u00e1llapot\u00e1nak jav\u00edt\u00e1s\u00e1ra, a helyre\u00e1ll\u00edt\u00f3 folyamatok aktiviz\u00e1l\u00e1s\u00e1ra szolg\u00e1l\u00f3 seg\u00e9deszk\u00f6z.<\/p>","protected":false},"featured_media":4673,"comment_status":"open","ping_status":"closed","template":"","meta":[],"product_brand":[],"product_cat":[33,32],"product_tag":[],"class_list":{"0":"post-4674","1":"product","2":"type-product","3":"status-publish","4":"has-post-thumbnail","6":"product_cat-egeszseg-medalok","7":"product_cat-triomed","9":"first","10":"instock","11":"taxable","12":"shipping-taxable","13":"purchasable","14":"product-type-simple"},"_links":{"self":[{"href":"https:\/\/vetomshop.hu\/ga\/wp-json\/wp\/v2\/product\/4674","targetHints":{"allow":["GET"]}}],"collection":[{"href":"https:\/\/vetomshop.hu\/ga\/wp-json\/wp\/v2\/product"}],"about":[{"href":"https:\/\/vetomshop.hu\/ga\/wp-json\/wp\/v2\/types\/product"}],"replies":[{"embeddable":true,"href":"https:\/\/vetomshop.hu\/ga\/wp-json\/wp\/v2\/comments?post=4674"}],"wp:featuredmedia":[{"embeddable":true,"href":"https:\/\/vetomshop.hu\/ga\/wp-json\/wp\/v2\/media\/4673"}],"wp:attachment":[{"href":"https:\/\/vetomshop.hu\/ga\/wp-json\/wp\/v2\/media?parent=4674"}],"wp:term":[{"taxonomy":"product_brand","embeddable":true,"href":"https:\/\/vetomshop.hu\/ga\/wp-json\/wp\/v2\/product_brand?post=4674"},{"taxonomy":"product_cat","embeddable":true,"href":"https:\/\/vetomshop.hu\/ga\/wp-json\/wp\/v2\/product_cat?post=4674"},{"taxonomy":"product_tag","embeddable":true,"href":"https:\/\/vetomshop.hu\/ga\/wp-json\/wp\/v2\/product_tag?post=4674"}],"curies":[{"name":"uair an chloig","href":"https:\/\/api.w.org\/{rel}","templated":true}]}}