{"id":4676,"date":"2023-11-11T14:33:47","date_gmt":"2023-11-11T13:33:47","guid":{"rendered":"https:\/\/vetomshop.hu\/termek\/beauty-medal\/"},"modified":"2023-11-11T14:33:47","modified_gmt":"2023-11-11T13:33:47","slug":"beauty-medal","status":"publish","type":"product","link":"https:\/\/vetomshop.hu\/ga\/product\/beauty-medal\/","title":{"rendered":"Bonn na h\u00c1illeachta"},"content":{"rendered":"<h4>Bonn na h\u00c1illeachta<\/h4>\n<p>A bhu\u00ed le teicneola\u00edocht BioTrEM, is f\u00e9idir patr\u00fan speictreach sonrach a chruth\u00fa ar chriostal speisialta. Nuair a thagann cuanta fuinnimh treallach \u2013 fi\u00fa teas \u2013 i dteagmh\u00e1il le dromchla an chriostail, astarann an ginead\u00f3ir comhartha\u00ed an-lag \u00f3n bpatr\u00fan speictreach at\u00e1 taifeadta air. Idir an d\u00e1 linn, d\u00e9anann an rada\u00edocht leictreamaighn\u00e9adach den fh\u00e1ilti\u00fa idirghn\u00edomh\u00fa leis an org\u00e1nach beo.<\/p>\n<p>Is \u00e9 pr\u00edomhchusp\u00f3ir an Fh\u00e1inn\u00edn\u00ed \u201eBEAUTY\u201d n\u00e1 gn\u00e1thch\u00farsa na bpr\u00f3iseas fiseola\u00edoch i gcealla agus i bhf\u00edoch\u00e1in an chraicinn a athbhun\u00fa, ag m\u00e9ad\u00fa an fhrithsheasmhachta in aghaidh facht\u00f3ir\u00ed d\u00edobh\u00e1lacha comhshaoil.<\/p>\n<p>T\u00e1 \u00e9ifeacht dhearfach ag an bhfeiste seo ar chraiceann an duine agus an choirp, ar an ghruaig agus ar na hingne.<\/p>\n<div class=\"su-spoiler su-spoiler-style-defoult su-spoiler-icon-caret su-spoiler-closed\" data-scroll-offset=\"0\" data-anchor-in-url=\"no\"><div class=\"su-spoiler-title\" tabindex=\"0\" role=\"button\"><span class=\"su-spoiler-icon\"><\/span>Gach<\/div><div class=\"su-spoiler-content su-u-clearfix su-u-trim\">\nIarmhairt\u00ed:<\/p>\n<ul>\n<li>Cuid\u00edonn s\u00e9 le pr\u00f3isis mheitibileacha int\u00e9acsach a athbhun\u00fa sa chraiceann at\u00e1 dam\u00e1istithe.<\/li>\n<li>Spreagann s\u00e9 t\u00e1irgeadh n\u00e1d\u00fartha collaigine agus ealaistine.<\/li>\n<li>Coscann s\u00e9 lag\u00fa f\u00edoch\u00e1in an chraicinn.<\/li>\n<li>Feabhsa\u00edonn s\u00e9 an micreashruth\u00fa agus cuireann s\u00e9 le sol\u00fabthacht an chraicinn.<\/li>\n<li>M\u00edn\u00edonn agus nearta\u00edonn s\u00e9 f\u00edoch\u00e1n an chraicinn.<\/li>\n<li>Mall\u00f3idh s\u00e9 an aos\u00fa agus athnuafaidh s\u00e9 an craiceann.<\/li>\n<li>Feabhsa\u00edonn s\u00e9 an chuma agus ton an chraicinn.<\/li>\n<li>Cuid\u00edonn s\u00e9 le gruaig agus ingne a neart\u00fa.<\/li>\n<\/ul>\n<\/div><\/div>","protected":false},"excerpt":{"rendered":"<p>Beauty Med\u00e1l A BioTrEM-technol\u00f3gi\u00e1nak k\u00f6sz\u00f6nhet\u0151en lehets\u00e9gess\u00e9 v\u00e1lt l\u00e9trehozni a speci\u00e1lis krist\u00e1lyon egy adott term\u00e9szet\u0171 spektr\u00e1lis mint\u00e1t. Amikor tetsz\u0151leges energiakvantumok \u2013 ak\u00e1r h\u0151 &#8211; \u00e9rintkezik a krist\u00e1ly fel\u00fclet\u00e9vel, a gener\u00e1tor a rajta r\u00f6gz\u00edtett spektr\u00e1lis minta extr\u00e9m gyenge jeleit bocs\u00e1jtja ki. Ek\u00f6zben a med\u00e1l elektrom\u00e1gneses sug\u00e1rz\u00e1sa k\u00f6lcs\u00f6nhat\u00e1sba ker\u00fcl az \u00e9l\u0151 szervezettel. A &#8222;BEAUTY&#8221; Med\u00e1l f\u0151 c\u00e9lja a [&hellip;]<\/p>\n","protected":false},"featured_media":4675,"comment_status":"open","ping_status":"closed","template":"","meta":[],"product_brand":[],"product_cat":[33,32],"product_tag":[],"class_list":{"0":"post-4676","1":"product","2":"type-product","3":"status-publish","4":"has-post-thumbnail","6":"product_cat-egeszseg-medalok","7":"product_cat-triomed","9":"first","10":"instock","11":"taxable","12":"shipping-taxable","13":"purchasable","14":"product-type-simple"},"_links":{"self":[{"href":"https:\/\/vetomshop.hu\/ga\/wp-json\/wp\/v2\/product\/4676","targetHints":{"allow":["GET"]}}],"collection":[{"href":"https:\/\/vetomshop.hu\/ga\/wp-json\/wp\/v2\/product"}],"about":[{"href":"https:\/\/vetomshop.hu\/ga\/wp-json\/wp\/v2\/types\/product"}],"replies":[{"embeddable":true,"href":"https:\/\/vetomshop.hu\/ga\/wp-json\/wp\/v2\/comments?post=4676"}],"wp:featuredmedia":[{"embeddable":true,"href":"https:\/\/vetomshop.hu\/ga\/wp-json\/wp\/v2\/media\/4675"}],"wp:attachment":[{"href":"https:\/\/vetomshop.hu\/ga\/wp-json\/wp\/v2\/media?parent=4676"}],"wp:term":[{"taxonomy":"product_brand","embeddable":true,"href":"https:\/\/vetomshop.hu\/ga\/wp-json\/wp\/v2\/product_brand?post=4676"},{"taxonomy":"product_cat","embeddable":true,"href":"https:\/\/vetomshop.hu\/ga\/wp-json\/wp\/v2\/product_cat?post=4676"},{"taxonomy":"product_tag","embeddable":true,"href":"https:\/\/vetomshop.hu\/ga\/wp-json\/wp\/v2\/product_tag?post=4676"}],"curies":[{"name":"uair an chloig","href":"https:\/\/api.w.org\/{rel}","templated":true}]}}