{"id":4678,"date":"2023-11-11T14:33:47","date_gmt":"2023-11-11T13:33:47","guid":{"rendered":"https:\/\/vetomshop.hu\/termek\/breath-szello-medal\/"},"modified":"2025-04-12T11:52:17","modified_gmt":"2025-04-12T09:52:17","slug":"breath-szello-medal","status":"publish","type":"product","link":"https:\/\/vetomshop.hu\/ga\/product\/breath-szello-medal\/","title":{"rendered":"Crochta An\u00e1la\/An\u00e1la"},"content":{"rendered":"<h4>An\u00e1l \u2013 Croch\u00e1n Sl\u00e1inte<\/h4>\n<p><strong>Pr\u00edomhfheidhm<\/strong><br \/>\nTac\u00fa le coisc agus le c\u00f3ire\u00e1il galar riospr\u00e1ide, dl\u00fas a chur le pr\u00f3isis t\u00e9arnaimh i ndiaidh breoiteachta, agus c\u00f3ire\u00e1il chomhl\u00e1ntach a shol\u00e1thar do ghalair riospr\u00e1ide.<\/p>\n<div class=\"su-spoiler su-spoiler-style-defoult su-spoiler-icon-caret su-spoiler-closed\" data-scroll-offset=\"0\" data-anchor-in-url=\"no\"><div class=\"su-spoiler-title\" tabindex=\"0\" role=\"button\"><span class=\"su-spoiler-icon\"><\/span>Gach<\/div><div class=\"su-spoiler-content su-u-clearfix su-u-trim\">\n<strong>Le taca\u00edocht \u00f3:<\/strong><\/p>\n<ul>\n<li>Normal\u00edonn s\u00e9 c\u00farsa\u00edocht fola, feidhm an ch\u00f3rais imdh\u00edonachta agus meitibileacht riospr\u00e1ide, agus ar an gcaoi sin cuireann s\u00e9 cosc ar ghalair, \u2013 feabhsa\u00edonn s\u00e9 pr\u00f3isis mhalartaithe g\u00e1s,<\/li>\n<li>laghda\u00edonn s\u00e9 an d\u00f3ch\u00falacht go bhforbr\u00f3idh pr\u00f3isis athlastacha agus coinn\u00edollacha pl\u00f3daitheacha sa ch\u00f3ras riospr\u00e1ide,<\/li>\n<li>taca\u00edonn s\u00e9 le faoiseamh a thabhairt do phr\u00f3isis spasm\u00f3ideacha a tharla\u00edonn sa ch\u00f3ras riospr\u00e1ide,<\/li>\n<li>taca\u00edonn le pr\u00f3isis ghlantach\u00e1in,<\/li>\n<li>Taca\u00edonn s\u00e9 le cosc a chur ar ni\u00fam\u00f3scle\u00f3ras.<\/li>\n<\/ul>\n<\/div><\/div>","protected":false},"excerpt":{"rendered":"<p>Breath \u2013 Szell\u0151 Eg\u00e9szs\u00e9g Med\u00e1l F\u0151 funkci\u00f3 A l\u00e9g\u00fati betegs\u00e9gek megel\u0151z\u00e9s\u00e9nek \u00e9s kezel\u00e9s\u00e9nek t\u00e1mogat\u00e1sa, a betegs\u00e9gek ut\u00e1ni regener\u00e1ci\u00f3s folyamatok gyors\u00edt\u00e1sa, a l\u00e9g\u00fati betegs\u00e9gek kieg\u00e9sz\u00edt\u0151 kezel\u00e9se.<\/p>","protected":false},"featured_media":4677,"comment_status":"open","ping_status":"closed","template":"","meta":[],"product_brand":[],"product_cat":[33,32],"product_tag":[],"class_list":{"0":"post-4678","1":"product","2":"type-product","3":"status-publish","4":"has-post-thumbnail","6":"product_cat-egeszseg-medalok","7":"product_cat-triomed","9":"first","10":"instock","11":"taxable","12":"shipping-taxable","13":"purchasable","14":"product-type-simple"},"_links":{"self":[{"href":"https:\/\/vetomshop.hu\/ga\/wp-json\/wp\/v2\/product\/4678","targetHints":{"allow":["GET"]}}],"collection":[{"href":"https:\/\/vetomshop.hu\/ga\/wp-json\/wp\/v2\/product"}],"about":[{"href":"https:\/\/vetomshop.hu\/ga\/wp-json\/wp\/v2\/types\/product"}],"replies":[{"embeddable":true,"href":"https:\/\/vetomshop.hu\/ga\/wp-json\/wp\/v2\/comments?post=4678"}],"wp:featuredmedia":[{"embeddable":true,"href":"https:\/\/vetomshop.hu\/ga\/wp-json\/wp\/v2\/media\/4677"}],"wp:attachment":[{"href":"https:\/\/vetomshop.hu\/ga\/wp-json\/wp\/v2\/media?parent=4678"}],"wp:term":[{"taxonomy":"product_brand","embeddable":true,"href":"https:\/\/vetomshop.hu\/ga\/wp-json\/wp\/v2\/product_brand?post=4678"},{"taxonomy":"product_cat","embeddable":true,"href":"https:\/\/vetomshop.hu\/ga\/wp-json\/wp\/v2\/product_cat?post=4678"},{"taxonomy":"product_tag","embeddable":true,"href":"https:\/\/vetomshop.hu\/ga\/wp-json\/wp\/v2\/product_tag?post=4678"}],"curies":[{"name":"uair an chloig","href":"https:\/\/api.w.org\/{rel}","templated":true}]}}