{"id":4680,"date":"2023-11-11T14:33:48","date_gmt":"2023-11-11T13:33:48","guid":{"rendered":"https:\/\/vetomshop.hu\/termek\/csontero-medal\/"},"modified":"2023-11-11T14:33:48","modified_gmt":"2023-11-11T13:33:48","slug":"csontero-medal","status":"publish","type":"product","link":"https:\/\/vetomshop.hu\/ga\/product\/csontero-medal\/","title":{"rendered":"Crochta Neart Cn\u00e1mh"},"content":{"rendered":"<h4>Crochad\u00e1n Sl\u00e1inte Cn\u00e1mh<\/h4>\n<p><strong>Pr\u00edomhfheidhm:<\/strong><\/p>\n<p>Taca\u00edonn s\u00e9 le feabhas a chur ar riocht f\u00edoch\u00e1n an ch\u00f3rais chn\u00e1mharlaigh.<\/p>\n<p>Cad chuige is f\u00e9idir an Pendant Sl\u00e1inte Cn\u00e1mh a \u00fas\u00e1id?<\/p>\n<p>Taca\u00edonn Neart Cn\u00e1mh le gn\u00edomhacht\u00fa ch\u00f3ras cosanta an choirp, na pr\u00f3isis fhiseola\u00edocha a fheidhm\u00edonn de ghn\u00e1th sna c\u00f3rais chn\u00e1mharlaigh agus mat\u00e1in, agus is f\u00e9idir leis cabhr\u00fa leis an gcorp a chosaint ar \u00e9ifeachta\u00ed facht\u00f3ir\u00ed di\u00faltacha \u00e9ags\u00fala:<\/p>\n<div class=\"su-spoiler su-spoiler-style-defoult su-spoiler-icon-caret su-spoiler-closed\" data-scroll-offset=\"0\" data-anchor-in-url=\"no\"><div class=\"su-spoiler-title\" tabindex=\"0\" role=\"button\"><span class=\"su-spoiler-icon\"><\/span>Gach<\/div><div class=\"su-spoiler-content su-u-clearfix su-u-trim\">\n<ul>\n<li>taca\u00edonn s\u00e9 go r\u00e9idh le h\u00e9ifeacht faoisimh pian,<br \/>\ntaca\u00edonn s\u00e9 le laghd\u00fa at agus \u00e9id\u00e9ime i bhf\u00edoch\u00e1in,<\/li>\n<li>taca\u00edonn s\u00e9 le normal\u00fa pr\u00f3iseas a chotha\u00edonn f\u00edoch\u00e1in an ch\u00f3rais chn\u00e1mharlaigh agus mat\u00e1in,<\/li>\n<li>taca\u00edonn s\u00e9 le neodr\u00fa agus deireadh a chur le substaint\u00ed tocsaineacha \u00f3 fh\u00edoch\u00e1in an ch\u00f3rais chn\u00e1mharlaigh agus mat\u00e1in,<\/li>\n<li>Taca\u00edonn s\u00e9 le hathghini\u00faint f\u00edoch\u00e1n cn\u00e1mharlaigh.<\/li>\n<\/div><\/div>\n<\/ul>","protected":false},"excerpt":{"rendered":"<p>Csonter\u0151 Eg\u00e9szs\u00e9g Med\u00e1l F\u0151 funkci\u00f3ja: T\u00e1mogatja a v\u00e1zrendszer sz\u00f6vetei \u00e1llapot\u00e1nak jav\u00edt\u00e1s\u00e1t. Mire alkalmazhat\u00f3 a Csonter\u0151 Eg\u00e9szs\u00e9g Med\u00e1l? A Csonter\u0151 t\u00e1mogatja a szervezet v\u00e9dekez\u0151 rendszer\u00e9nek aktiv\u00e1l\u00e1s\u00e1t, a v\u00e1z- \u00e9s izomrendszer norm\u00e1lisan m\u0171k\u00f6d\u0151 fiziol\u00f3giai folyamatait, seg\u00edthet megv\u00e9deni a szervezetet a k\u00fcl\u00f6nb\u00f6z\u0151 negat\u00edv t\u00e9nyez\u0151k hat\u00e1sai ellen:<\/p>","protected":false},"featured_media":4679,"comment_status":"open","ping_status":"closed","template":"","meta":[],"product_brand":[],"product_cat":[33,32],"product_tag":[],"class_list":{"0":"post-4680","1":"product","2":"type-product","3":"status-publish","4":"has-post-thumbnail","6":"product_cat-egeszseg-medalok","7":"product_cat-triomed","9":"first","10":"instock","11":"taxable","12":"shipping-taxable","13":"purchasable","14":"product-type-simple"},"_links":{"self":[{"href":"https:\/\/vetomshop.hu\/ga\/wp-json\/wp\/v2\/product\/4680","targetHints":{"allow":["GET"]}}],"collection":[{"href":"https:\/\/vetomshop.hu\/ga\/wp-json\/wp\/v2\/product"}],"about":[{"href":"https:\/\/vetomshop.hu\/ga\/wp-json\/wp\/v2\/types\/product"}],"replies":[{"embeddable":true,"href":"https:\/\/vetomshop.hu\/ga\/wp-json\/wp\/v2\/comments?post=4680"}],"wp:featuredmedia":[{"embeddable":true,"href":"https:\/\/vetomshop.hu\/ga\/wp-json\/wp\/v2\/media\/4679"}],"wp:attachment":[{"href":"https:\/\/vetomshop.hu\/ga\/wp-json\/wp\/v2\/media?parent=4680"}],"wp:term":[{"taxonomy":"product_brand","embeddable":true,"href":"https:\/\/vetomshop.hu\/ga\/wp-json\/wp\/v2\/product_brand?post=4680"},{"taxonomy":"product_cat","embeddable":true,"href":"https:\/\/vetomshop.hu\/ga\/wp-json\/wp\/v2\/product_cat?post=4680"},{"taxonomy":"product_tag","embeddable":true,"href":"https:\/\/vetomshop.hu\/ga\/wp-json\/wp\/v2\/product_tag?post=4680"}],"curies":[{"name":"uair an chloig","href":"https:\/\/api.w.org\/{rel}","templated":true}]}}