{"id":4682,"date":"2023-11-11T14:33:48","date_gmt":"2023-11-11T13:33:48","guid":{"rendered":"https:\/\/vetomshop.hu\/termek\/delfin-medal\/"},"modified":"2023-11-11T14:33:48","modified_gmt":"2023-11-11T13:33:48","slug":"delfin-medal","status":"publish","type":"product","link":"https:\/\/vetomshop.hu\/ga\/product\/delfin-medal\/","title":{"rendered":"Crochta Deilf"},"content":{"rendered":"<h4>Bonn Sl\u00e1inte an Mhuc-fhiaigh<\/h4>\n<p><strong>Pr\u00edomhfheidhm:<\/strong><\/p>\n<p>Uirlis bhreise chun c\u00f3ras rialaithe an choirp a chomhchuibhi\u00fa agus chun tac\u00fa le feidhm an l\u00e1rch\u00f3rais n\u00e9ar\u00f3gach.<\/p>\n<p><strong>Le taca\u00edocht \u00f3:<\/strong><\/p>\n<ul>\n<li>\u00e9ifeacht na dtaisc\u00edn\u00ed pian,<\/li>\n<li>Normal\u00edonn s\u00e9 an r\u00e9imse moth\u00fach\u00e1nach, cabhra\u00edonn s\u00e9 le corra\u00ed a laghd\u00fa,<\/li>\n<li>pr\u00f3isis smaoinimh,<\/li>\n<li>cumas foghlama agus cogna\u00edoch, forbairt na cuimhne,<\/li>\n<li>frithsheasmhacht mh\u00e9adaithe in aghaidh struis.<\/li>\n<\/ul>\n<div class=\"su-spoiler su-spoiler-style-defoult su-spoiler-icon-caret su-spoiler-closed\" data-scroll-offset=\"0\" data-anchor-in-url=\"no\"><div class=\"su-spoiler-title\" tabindex=\"0\" role=\"button\"><span class=\"su-spoiler-icon\"><\/span>Gach<\/div><div class=\"su-spoiler-content su-u-clearfix su-u-trim\">\n<p><strong>C\u00e9n uair a mholtar an Medail\u00edon Sl\u00e1inte an Dolph\u00edn a \u00fas\u00e1id?<\/strong><\/p>\n<p>T\u00e1 \u00e9ifeacht dhearfach ag Delfin ar staid fheidhmi\u00fail an choirp agus is f\u00e9idir \u00e9 a \u00fas\u00e1id mar fhoirgn\u00edocht ar mhodhanna coisctheacha agus ar mhodhanna eile, mar uirlis cheartaitheach chun cuidi\u00fa leis an gcorp feidhmi\u00fa go barrmhaith sna c\u00e1sanna seo a leanas:<\/p>\n<ul>\n<li>i gc\u00e1sanna loit org\u00e1nach an ch\u00f3rais n\u00e9ar\u00f3gha mhe\u00e1naigh, as a dtagann laghd\u00fa ar fheidhmeanna cogna\u00edocha agus\/n\u00f3 lag\u00fa ar an r\u00e9imse moth\u00fach\u00e1nach,<\/li>\n<li>i gc\u00e1sanna neamhoird fheidhmi\u00fala an ch\u00f3rais n\u00e9ar\u00f3g, in \u00e9ineacht le r\u00f3-ualach meabhrach, easpa codlata, n\u00e9ar\u00f3gacht agus feidhmeanna cogna\u00edocha laghdaithe,<\/li>\n<li>i gc\u00e1sanna na siondr\u00f3ime strus ainseala\u00ed (staid\u00e9ar, obair an-dian agus chont\u00fairteach, poist bhainist\u00edochta, srl.).<\/li>\n<\/ul>\n<\/div><\/div>","protected":false},"excerpt":{"rendered":"<p>Delfin Eg\u00e9szs\u00e9g Med\u00e1l F\u0151 funkci\u00f3ja: Kieg\u00e9sz\u00edt\u0151 eszk\u00f6z a szervezet szab\u00e1lyz\u00f3 rendszer\u00e9nek harmoniz\u00e1l\u00e1s\u00e1nak \u00e9s a k\u00f6zponti idegrendszer m\u0171k\u00f6d\u00e9s\u00e9nek t\u00e1mogat\u00e1s\u00e1ra. T\u00e1mogatja: a f\u00e1jdalomcsillap\u00edt\u00f3k hat\u00e1s\u00e1t, az \u00e9rzelmi szf\u00e9ra normaliz\u00e1l\u00e1s\u00e1t, seg\u00edt cs\u00f6kkenteni az izgatotts\u00e1got, a gondolkod\u00e1si folyamatokat, a tanul\u00e1si \u00e9s kognit\u00edv k\u00e9pess\u00e9geket, a mem\u00f3ria fejleszt\u00e9s\u00e9t, a stressz ellen\u00e1ll\u00f3 k\u00e9pess\u00e9g n\u00f6veked\u00e9s\u00e9t.<\/p>","protected":false},"featured_media":4681,"comment_status":"open","ping_status":"closed","template":"","meta":[],"product_brand":[],"product_cat":[33,32],"product_tag":[],"class_list":{"0":"post-4682","1":"product","2":"type-product","3":"status-publish","4":"has-post-thumbnail","6":"product_cat-egeszseg-medalok","7":"product_cat-triomed","9":"first","10":"instock","11":"taxable","12":"shipping-taxable","13":"purchasable","14":"product-type-simple"},"_links":{"self":[{"href":"https:\/\/vetomshop.hu\/ga\/wp-json\/wp\/v2\/product\/4682","targetHints":{"allow":["GET"]}}],"collection":[{"href":"https:\/\/vetomshop.hu\/ga\/wp-json\/wp\/v2\/product"}],"about":[{"href":"https:\/\/vetomshop.hu\/ga\/wp-json\/wp\/v2\/types\/product"}],"replies":[{"embeddable":true,"href":"https:\/\/vetomshop.hu\/ga\/wp-json\/wp\/v2\/comments?post=4682"}],"wp:featuredmedia":[{"embeddable":true,"href":"https:\/\/vetomshop.hu\/ga\/wp-json\/wp\/v2\/media\/4681"}],"wp:attachment":[{"href":"https:\/\/vetomshop.hu\/ga\/wp-json\/wp\/v2\/media?parent=4682"}],"wp:term":[{"taxonomy":"product_brand","embeddable":true,"href":"https:\/\/vetomshop.hu\/ga\/wp-json\/wp\/v2\/product_brand?post=4682"},{"taxonomy":"product_cat","embeddable":true,"href":"https:\/\/vetomshop.hu\/ga\/wp-json\/wp\/v2\/product_cat?post=4682"},{"taxonomy":"product_tag","embeddable":true,"href":"https:\/\/vetomshop.hu\/ga\/wp-json\/wp\/v2\/product_tag?post=4682"}],"curies":[{"name":"uair an chloig","href":"https:\/\/api.w.org\/{rel}","templated":true}]}}