{"id":4684,"date":"2023-11-11T14:33:48","date_gmt":"2023-11-11T13:33:48","guid":{"rendered":"https:\/\/vetomshop.hu\/termek\/detox-medal\/"},"modified":"2023-11-11T14:33:48","modified_gmt":"2023-11-11T13:33:48","slug":"detox-medal","status":"publish","type":"product","link":"https:\/\/vetomshop.hu\/ga\/product\/detox-medal\/","title":{"rendered":"Croch\u00e1n D\u00edthocsainithe"},"content":{"rendered":"<h4>T\u00e1 an Croch\u00e1n D\u00edthocsainithe deartha d\u00f3ibh si\u00fad ar mian leo a gcorp a chomhchuibhi\u00fa go s\u00e9imh.<\/p>\n<p>Taca\u00edonn an comhartha speictreach a thaifeadtar ar an bPiond\u00e1n D\u00edthocsaini\u00fach\u00e1in le feidhm bith-fhuinnimh na n-org\u00e1n agus na gc\u00f3ras org\u00e1n.<\/h4>\n<p>Is \u00e9 an namhaid is m\u00f3 don aos \u00f3g agus don tsl\u00e1inte n\u00e1 corp at\u00e1 s\u00e1ithithe le t\u00e1irg\u00ed dramha\u00edola. Is c\u00f3ras bitheola\u00edoch f\u00e9inrialaitheach \u00e9 \u00e1r gcorp, agus ceann de na feidhmeanna is t\u00e1bhachta\u00ed at\u00e1 aige n\u00e1 d\u00edthocsaini\u00fa \u2013 is \u00e9 sin, f\u00e1il r\u00e9idh le substaint\u00ed nach bhfuil ag teast\u00e1il \u00f3n gcorp. Mar sin f\u00e9in, n\u00ed raibh an n\u00e1d\u00far ullmhaithe d'fhorbairt shibhialtachta chomh tapa sin, le m\u00e9ideanna ollmh\u00f3ra de cheimice\u00e1in shaorga in\u00e1r mbia, in\u00e1r n-uisce agus in\u00e1r n-aer. Tugtar horm\u00f3in f\u00e1is agus antaibheathaigh d'ainmhithe le hithe, a th\u00e9ann isteach in\u00e1r gcorp freisin. Carna\u00edonn miotail throma, n\u00edotrait\u00edt\u00ed, n\u00edotr\u00e1it\u00ed, substaint\u00ed raidi\u00f3ghn\u00edomhacha, d\u00e9-ocsain\u00ed agus iarmhair druga\u00ed in\u00e1r bhf\u00edoch\u00e1in agus in\u00e1r gcealla.<\/p>\n<div class=\"su-spoiler su-spoiler-style-defoult su-spoiler-icon-caret su-spoiler-closed\" data-scroll-offset=\"0\" data-anchor-in-url=\"no\"><div class=\"su-spoiler-title\" tabindex=\"0\" role=\"button\"><span class=\"su-spoiler-icon\"><\/span>Gach<\/div><div class=\"su-spoiler-content su-u-clearfix su-u-trim\">\n<p>D'fh\u00e9adfadh substaint\u00ed tocsaineacha teacht \u00f3 fhoins\u00ed seachtracha, ach d'fh\u00e9adfadh siad a bheith ina dtocsain\u00ed a th\u00e1irgtear tr\u00ed phr\u00f3isis dhianscaoilte inmhe\u00e1nacha mar thoradh ar fhadhbanna meitibileacha. M\u00e1 bh\u00edonn st\u00edl mhaireacht\u00e1la shu\u00edoch ag gabh\u00e1il leis seo, moill\u00edonn na pr\u00f3isis sa chorp n\u00edos m\u00f3 f\u00f3s.<\/p>\n<p>Is f\u00e9idir leis na horg\u00e1in a bh\u00edonn p\u00e1irteach sa d\u00edthocsaini\u00fa \u00eddi\u00fa freisin de bharr an \u00e9ilimh mh\u00f3ir. Ar dt\u00fas, n\u00ed thugtar ach m\u00edchompord mar chomhartha den fhadhb, ach d'fh\u00e9adfadh an sc\u00e9al dul in olcas n\u00edos d\u00e9ana\u00ed. Is f\u00e9idir le galair ainsealacha forbairt, rud a chuireann isteach go m\u00f3r ar ch\u00e1il\u00edocht \u00e1r saoil.<br \/>\n<\/div><\/div>","protected":false},"excerpt":{"rendered":"<p>Detox Med\u00e1l azok sz\u00e1m\u00e1ra k\u00e9sz\u00fclt, akik l\u00e1gyan szeretn\u00e9k a szervezet\u00fcket harmoniz\u00e1lni. A spektr\u00e1lis jel, mely a Detox Med\u00e1lon r\u00f6gz\u00edt\u00e9sre ker\u00fclt, t\u00e1mogatja a szervek \u00e9s szervrendszerek bioenergetikai m\u0171k\u00f6d\u00e9s\u00e9t. A fiatals\u00e1g \u00e9s az eg\u00e9szs\u00e9g legnagyobb ellens\u00e9ge a salakanyagokkal tel\u00edtett szervezet. Szervezet\u00fcnk egy \u00f6nszab\u00e1lyoz\u00f3 biol\u00f3giai rendszer, melynek egyik legfontosabb funkci\u00f3ja a m\u00e9regtelen\u00edt\u00e9s \u2013 kivezet\u00e9se azoknak az anyagoknak, melyekre [&hellip;]<\/p>\n","protected":false},"featured_media":4683,"comment_status":"open","ping_status":"closed","template":"","meta":[],"product_brand":[],"product_cat":[33,32],"product_tag":[],"class_list":{"0":"post-4684","1":"product","2":"type-product","3":"status-publish","4":"has-post-thumbnail","6":"product_cat-egeszseg-medalok","7":"product_cat-triomed","9":"first","10":"instock","11":"taxable","12":"shipping-taxable","13":"purchasable","14":"product-type-simple"},"_links":{"self":[{"href":"https:\/\/vetomshop.hu\/ga\/wp-json\/wp\/v2\/product\/4684","targetHints":{"allow":["GET"]}}],"collection":[{"href":"https:\/\/vetomshop.hu\/ga\/wp-json\/wp\/v2\/product"}],"about":[{"href":"https:\/\/vetomshop.hu\/ga\/wp-json\/wp\/v2\/types\/product"}],"replies":[{"embeddable":true,"href":"https:\/\/vetomshop.hu\/ga\/wp-json\/wp\/v2\/comments?post=4684"}],"wp:featuredmedia":[{"embeddable":true,"href":"https:\/\/vetomshop.hu\/ga\/wp-json\/wp\/v2\/media\/4683"}],"wp:attachment":[{"href":"https:\/\/vetomshop.hu\/ga\/wp-json\/wp\/v2\/media?parent=4684"}],"wp:term":[{"taxonomy":"product_brand","embeddable":true,"href":"https:\/\/vetomshop.hu\/ga\/wp-json\/wp\/v2\/product_brand?post=4684"},{"taxonomy":"product_cat","embeddable":true,"href":"https:\/\/vetomshop.hu\/ga\/wp-json\/wp\/v2\/product_cat?post=4684"},{"taxonomy":"product_tag","embeddable":true,"href":"https:\/\/vetomshop.hu\/ga\/wp-json\/wp\/v2\/product_tag?post=4684"}],"curies":[{"name":"uair an chloig","href":"https:\/\/api.w.org\/{rel}","templated":true}]}}