{"id":4686,"date":"2023-11-11T14:33:48","date_gmt":"2023-11-11T13:33:48","guid":{"rendered":"https:\/\/vetomshop.hu\/termek\/ekuples-medal\/"},"modified":"2023-11-11T14:33:48","modified_gmt":"2023-11-11T13:33:48","slug":"ekuples-medal","status":"publish","type":"product","link":"https:\/\/vetomshop.hu\/ga\/product\/ekuples-medal\/","title":{"rendered":"Bonn Ekuples"},"content":{"rendered":"<p><strong>Pr\u00edomhfheidhm:<\/strong><\/p>\n<p>I gc\u00e1sanna riochta\u00ed a tharla\u00edonn de bharr galair fhungacha, optam\u00fa an ch\u00f3rais imdh\u00edonachta agus feidhmi\u00fa comhchu\u00ed an choirp<br \/>\nuirlis chun cabhr\u00fa le do chuid oibre.<\/p>\n<p><strong>Le taca\u00edocht \u00f3:<\/strong><\/p>\n<ul>\n<li>normal\u00fa an ch\u00f3rais imdh\u00edonachta,<\/li>\n<li>athghini\u00faint i ndiaidh gortuithe (go h\u00e1irithe gortuithe don sheicn\u00edn mh\u00facasach),<\/li>\n<li>an troid i gcoinne fungas gruaige agus tairn\u00ed,<\/li>\n<li>an pr\u00f3iseas ina nd\u00e9antar substaint\u00ed tocsaineacha a neodr\u00fa agus a bhaint as an gcorp.<\/li>\n<\/ul>\n<div class=\"su-spoiler su-spoiler-style-defoult su-spoiler-icon-caret su-spoiler-closed\" data-scroll-offset=\"0\" data-anchor-in-url=\"no\"><div class=\"su-spoiler-title\" tabindex=\"0\" role=\"button\"><span class=\"su-spoiler-icon\"><\/span>Gach<\/div><div class=\"su-spoiler-content su-u-clearfix su-u-trim\">\n<p><strong>C\u00e9n uair is f\u00e9idir Bonn Sl\u00e1inte Ekuples a \u00fas\u00e1id?<\/strong><\/p>\n<p>T\u00e1 \u00e9ifeacht dhearfach ag an Mheadall\u00e1n Sl\u00e1inte ar fheidhmi\u00fa an choirp agus is f\u00e9idir \u00e9 a \u00fas\u00e1id mar ch\u00f3ire\u00e1il chomhl\u00e1ntach \u2013 mar uirlis ghinear\u00e1lta le haghaidh optam\u00fa agus ceart\u00fa, chun sl\u00e1inte a chosc agus a athbhun\u00fa araon:<\/p>\n<ul>\n<li>gala\u00ed craicinn de bharr ionfhabhtuithe fungasacha, athlasadh, ionfhabhtuithe b\u00e9il \u2013 stomat\u00edteas,<\/li>\n<li>candidaiseas,<\/li>\n<li>bronch\u00edteas aill\u00e9irgeach,<\/li>\n<li>galair eile a tharla\u00edonn de bharr ionfhabhtuithe fungasacha.<\/li>\n<\/ul>\n<p><strong>Rabhadh t\u00e1bhachtach!<\/strong><\/p>\n<p>M\u00e1 t\u00e1 amhras ort faoi ionfhabht\u00fa fungasach, t\u00e9igh i gcomhairle le do dhocht\u00fair! Chomh maith leis an gc\u00f3ire\u00e1il a mholann do dhocht\u00fair, bain \u00fas\u00e1id as Bonn Sl\u00e1inte Ekuples chun a \u00e9ifeacht\u00falacht a mh\u00e9ad\u00fa.<\/p>\n<\/div><\/div>","protected":false},"excerpt":{"rendered":"<p>F\u0151 funkci\u00f3ja: A gomb\u00e1s megbeteged\u00e9sek k\u00f6vetkezt\u00e9ben kialakult \u00e1llapotok eset\u00e9n az immunrendszer munk\u00e1j\u00e1nak optimaliz\u00e1ci\u00f3j\u00e1t \u00e9s a szervezet harmonikus munk\u00e1j\u00e1t seg\u00edt\u0151 eszk\u00f6z. T\u00e1mogatja: az immunrendszer m\u0171k\u00f6d\u00e9s\u00e9nek normaliz\u00e1l\u00e1s\u00e1t, a s\u00e9r\u00fcl\u00e9sek ut\u00e1ni regener\u00e1ci\u00f3t (k\u00fcl\u00f6n\u00f6s tekintettel a ny\u00e1lkah\u00e1rtya s\u00e9r\u00fcl\u00e9seire), a haj- \u00e9s k\u00f6r\u00f6mgomba elleni harcot, a toxikus anyagok semleges\u00edt\u00e9s\u00e9nek \u00e9s kivezet\u00e9s\u00e9nek folyamat\u00e1t a szervezetb\u0151l.<\/p>","protected":false},"featured_media":4685,"comment_status":"open","ping_status":"closed","template":"","meta":[],"product_brand":[],"product_cat":[33,32],"product_tag":[],"class_list":{"0":"post-4686","1":"product","2":"type-product","3":"status-publish","4":"has-post-thumbnail","6":"product_cat-egeszseg-medalok","7":"product_cat-triomed","9":"first","10":"instock","11":"taxable","12":"shipping-taxable","13":"purchasable","14":"product-type-simple"},"_links":{"self":[{"href":"https:\/\/vetomshop.hu\/ga\/wp-json\/wp\/v2\/product\/4686","targetHints":{"allow":["GET"]}}],"collection":[{"href":"https:\/\/vetomshop.hu\/ga\/wp-json\/wp\/v2\/product"}],"about":[{"href":"https:\/\/vetomshop.hu\/ga\/wp-json\/wp\/v2\/types\/product"}],"replies":[{"embeddable":true,"href":"https:\/\/vetomshop.hu\/ga\/wp-json\/wp\/v2\/comments?post=4686"}],"wp:featuredmedia":[{"embeddable":true,"href":"https:\/\/vetomshop.hu\/ga\/wp-json\/wp\/v2\/media\/4685"}],"wp:attachment":[{"href":"https:\/\/vetomshop.hu\/ga\/wp-json\/wp\/v2\/media?parent=4686"}],"wp:term":[{"taxonomy":"product_brand","embeddable":true,"href":"https:\/\/vetomshop.hu\/ga\/wp-json\/wp\/v2\/product_brand?post=4686"},{"taxonomy":"product_cat","embeddable":true,"href":"https:\/\/vetomshop.hu\/ga\/wp-json\/wp\/v2\/product_cat?post=4686"},{"taxonomy":"product_tag","embeddable":true,"href":"https:\/\/vetomshop.hu\/ga\/wp-json\/wp\/v2\/product_tag?post=4686"}],"curies":[{"name":"uair an chloig","href":"https:\/\/api.w.org\/{rel}","templated":true}]}}