{"id":4688,"date":"2023-11-11T14:33:49","date_gmt":"2023-11-11T13:33:49","guid":{"rendered":"https:\/\/vetomshop.hu\/termek\/eros-medal-feriaknak\/"},"modified":"2023-11-11T14:33:49","modified_gmt":"2023-11-11T13:33:49","slug":"eros-medal-feriaknak","status":"publish","type":"product","link":"https:\/\/vetomshop.hu\/ga\/product\/eros-medal-feriaknak\/","title":{"rendered":"Muince \u00c9ar\u00f3is do Fhir"},"content":{"rendered":"<p><strong>Pr\u00edomhfheidhm:<\/strong><\/p>\n<p>Gn\u00edomhaire c\u00fanta chun neamhoird c\u00f3p\u00falacha, libido laghdaithe agus neamhoird mhoth\u00fach\u00e1nacha-s\u00edceola\u00edocha a bhaineann le caidreamh colla\u00ed a chosc agus a ch\u00f3ire\u00e1il, agus gn\u00edomhaire a chuid\u00edonn le pr\u00f3isis athghini\u00fanacha a ghn\u00edomhacht\u00fa i gc\u00f3ire\u00e1il ch\u00fanta galar a th\u00e9ann i bhfeidhm ar an limist\u00e9ar g\u00e9inealach. Moltar \u00e9 a \u00fas\u00e1id i gcomhar le teiripe at\u00e1 forordaithe ag speisialt\u00f3ir (anatr\u00e1la\u00ed, gn\u00e9as-eola\u00ed, iondocrin-eola\u00ed).<\/p>\n<p><strong>Le taca\u00edocht \u00f3:<\/strong><\/p>\n<ul>\n<li>C\u00farsa\u00edocht fola, feidhm an ch\u00f3rais imdh\u00edonachta, meitibileacht, agus ar an gcaoi sin cosc a chur ar fhorbairt galar<\/li>\n<li>taca\u00edonn s\u00e9 le feabhas a chur ar ch\u00e1il\u00edocht na n-eisp\u00e9ireas inscne,<\/li>\n<li>Taca\u00edonn s\u00e9 le pr\u00f3isis athghini\u00fana.<\/li>\n<\/ul>\n<div class=\"su-spoiler su-spoiler-style-defoult su-spoiler-icon-caret su-spoiler-closed\" data-scroll-offset=\"0\" data-anchor-in-url=\"no\"><div class=\"su-spoiler-title\" tabindex=\"0\" role=\"button\"><span class=\"su-spoiler-icon\"><\/span>Gach<\/div><div class=\"su-spoiler-content su-u-clearfix su-u-trim\">\n<p><strong>C\u00e9n uair ar cheart duit Bonn Sl\u00e1inte Eros a \u00fas\u00e1id?<\/strong><\/p>\n<p>T\u00e1 \u00e9ifeacht dhearfach ag an bhfeiste seo ar oibri\u00fa feidhmi\u00fail an choirp agus is f\u00e9idir \u00ed a \u00fas\u00e1id mar mhodh forl\u00edontach ginear\u00e1lta chun sl\u00e1inte a chaomhn\u00fa, a bharrfheabhs\u00fa agus a cheart\u00fa, i gcomhar le modhanna eile, i gc\u00f3ire\u00e1il fhorl\u00edontach agus i gcosc na bhfadhbanna seo a leanas:<\/p>\n<ul>\n<li>fadhbanna t\u00f3g\u00e1la,<\/li>\n<li>neamhoird horm\u00f3nacha a th\u00e9ann i bhfeidhm ar an gc\u00f3ras at\u00e1irgthe (diaib\u00e9iteas, easpa-fheidhmi\u00fa an fho-thalamhais, easpa-fheidhmi\u00fa na ngonad)<\/li>\n<li>siondr\u00f3m tuirse ainseala\u00ed (CFS)<\/li>\n<li>siondr\u00f3m meitibileach<\/li>\n<li>meath moth\u00fach\u00e1nach, meath ar an gmeabhair-\u00e1it.<\/li>\n<\/ul>\n<\/div><\/div>","protected":false},"excerpt":{"rendered":"<p>F\u0151 funkci\u00f3ja: Kieg\u00e9sz\u00edt\u0151 eszk\u00f6z a kopul\u00e1ci\u00f3s rendelleness\u00e9gek megel\u0151z\u00e9s\u00e9re \u00e9s kezel\u00e9s\u00e9re, a nemi v\u00e1gy cs\u00f6kken\u00e9s\u00e9nek, a szexu\u00e1lis aktussal kapcsolatos \u00e9rzelmi-pszich\u00e9s rendelleness\u00e9gek kieg\u00e9sz\u00edt\u0151 kezel\u00e9s\u00e9re, a regener\u00e1ci\u00f3s folyamatok aktiv\u00e1l\u00e1s\u00e1t seg\u00edt\u0151 eszk\u00f6z a nemi szf\u00e9r\u00e1t \u00e9rint\u0151 betegs\u00e9gek kieg\u00e9sz\u00edt\u0151 kezel\u00e9s\u00e9ben. Aj\u00e1nlott a szakorvos (androl\u00f3gus, szexol\u00f3gus, endokrinol\u00f3gus) \u00e1ltal javasolt ter\u00e1pia melletti alkalmaz\u00e1sa. T\u00e1mogatja: a v\u00e9rkering\u00e9st, az immunrendszer munk\u00e1j\u00e1t, az anyagcser\u00e9t, megel\u0151zve [&hellip;]<\/p>\n","protected":false},"featured_media":4687,"comment_status":"open","ping_status":"closed","template":"","meta":[],"product_brand":[],"product_cat":[33,32],"product_tag":[],"class_list":{"0":"post-4688","1":"product","2":"type-product","3":"status-publish","4":"has-post-thumbnail","6":"product_cat-egeszseg-medalok","7":"product_cat-triomed","9":"first","10":"instock","11":"taxable","12":"shipping-taxable","13":"purchasable","14":"product-type-simple"},"_links":{"self":[{"href":"https:\/\/vetomshop.hu\/ga\/wp-json\/wp\/v2\/product\/4688","targetHints":{"allow":["GET"]}}],"collection":[{"href":"https:\/\/vetomshop.hu\/ga\/wp-json\/wp\/v2\/product"}],"about":[{"href":"https:\/\/vetomshop.hu\/ga\/wp-json\/wp\/v2\/types\/product"}],"replies":[{"embeddable":true,"href":"https:\/\/vetomshop.hu\/ga\/wp-json\/wp\/v2\/comments?post=4688"}],"wp:featuredmedia":[{"embeddable":true,"href":"https:\/\/vetomshop.hu\/ga\/wp-json\/wp\/v2\/media\/4687"}],"wp:attachment":[{"href":"https:\/\/vetomshop.hu\/ga\/wp-json\/wp\/v2\/media?parent=4688"}],"wp:term":[{"taxonomy":"product_brand","embeddable":true,"href":"https:\/\/vetomshop.hu\/ga\/wp-json\/wp\/v2\/product_brand?post=4688"},{"taxonomy":"product_cat","embeddable":true,"href":"https:\/\/vetomshop.hu\/ga\/wp-json\/wp\/v2\/product_cat?post=4688"},{"taxonomy":"product_tag","embeddable":true,"href":"https:\/\/vetomshop.hu\/ga\/wp-json\/wp\/v2\/product_tag?post=4688"}],"curies":[{"name":"uair an chloig","href":"https:\/\/api.w.org\/{rel}","templated":true}]}}