{"id":4692,"date":"2023-11-11T14:33:50","date_gmt":"2023-11-11T13:33:50","guid":{"rendered":"https:\/\/vetomshop.hu\/termek\/flora-medal\/"},"modified":"2024-07-31T10:25:34","modified_gmt":"2024-07-31T08:25:34","slug":"flora-medal","status":"publish","type":"product","link":"https:\/\/vetomshop.hu\/ga\/product\/flora-medal\/","title":{"rendered":"Medaile na Fl\u00f3ra"},"content":{"rendered":"<h4>Bonn Mhuintearais Flora Health<\/h4>\n<p><strong>Pr\u00edomhfheidhm:<\/strong><\/p>\n<p>Uirlis fhorl\u00edontach chun tac\u00fa le feidhmeanna d\u00edthocsaini\u00fach\u00e1in agus sceitheadh bile an ae agus na nduchtanna bile.<\/p>\n<p><strong>Cur s\u00edos gairid<\/strong><\/p>\n<p>T\u00e1 na comhartha\u00ed c\u00falra leictreamaighn\u00e9adacha de phlanda\u00ed leighis roghnaithe a fh\u00e1star i dtimpeallacht \u00e9iceola\u00edoch ghlan ar an gcomhartha a thaifeadadh ar iompr\u00f3ir sonra\u00ed leictreonach Bonn Sl\u00e1inte Flora.<\/p>\n<div class=\"su-spoiler su-spoiler-style-defoult su-spoiler-icon-caret su-spoiler-closed\" data-scroll-offset=\"0\" data-anchor-in-url=\"no\"><div class=\"su-spoiler-title\" tabindex=\"0\" role=\"button\"><span class=\"su-spoiler-icon\"><\/span>Gach<\/div><div class=\"su-spoiler-content su-u-clearfix su-u-trim\">\n<p><strong>Le taca\u00edocht \u00f3:<\/strong><\/p>\n<ul>\n<li>na pr\u00f3isis chun substaint\u00ed tocsaineacha a neodr\u00fa agus a bhaint as an gcorp,<\/li>\n<li>\u00e9ifeacht substaint\u00ed frith-athlastacha agus frithsheipteacha,<\/li>\n<li>frithghiarrach,<\/li>\n<li>fholmh\u00fa na gallbl\u00e1ire,<\/li>\n<li>Gn\u00edomhacht\u00fa ceall imdh\u00edon-chumasach sa ch\u00f3ras d\u00edle\u00e1.<\/li>\n<\/ul>\n<\/div><\/div>","protected":false},"excerpt":{"rendered":"<p>Fl\u00f3ra Eg\u00e9szs\u00e9g Med\u00e1l F\u0151 funkci\u00f3ja: Kieg\u00e9sz\u00edt\u0151 eszk\u00f6z a m\u00e1j \u00e9s az epevezet\u00e9kek m\u00e9regtelen\u00edt\u0151, epekiv\u00e1laszt\u00f3 funkci\u00f3inak seg\u00edt\u00e9s\u00e9re. R\u00f6vid ismertet\u0151 A jel, mely az elektronikus inform\u00e1ci\u00f3hordoz\u00f3 Fl\u00f3ra Eg\u00e9szs\u00e9g Med\u00e1lon lett r\u00f6gz\u00edtve, \u00f6kol\u00f3giailag tiszta k\u00f6rnyezetben \u00e9l\u0151 v\u00e1logatott gy\u00f3gyn\u00f6v\u00e9nyek elektrom\u00e1gneses h\u00e1tt\u00e9rjeleit tartalmazza.<\/p>","protected":false},"featured_media":4691,"comment_status":"open","ping_status":"closed","template":"","meta":[],"product_brand":[],"product_cat":[33,32],"product_tag":[],"class_list":{"0":"post-4692","1":"product","2":"type-product","3":"status-publish","4":"has-post-thumbnail","6":"product_cat-egeszseg-medalok","7":"product_cat-triomed","9":"first","10":"instock","11":"taxable","12":"shipping-taxable","13":"purchasable","14":"product-type-simple"},"_links":{"self":[{"href":"https:\/\/vetomshop.hu\/ga\/wp-json\/wp\/v2\/product\/4692","targetHints":{"allow":["GET"]}}],"collection":[{"href":"https:\/\/vetomshop.hu\/ga\/wp-json\/wp\/v2\/product"}],"about":[{"href":"https:\/\/vetomshop.hu\/ga\/wp-json\/wp\/v2\/types\/product"}],"replies":[{"embeddable":true,"href":"https:\/\/vetomshop.hu\/ga\/wp-json\/wp\/v2\/comments?post=4692"}],"wp:featuredmedia":[{"embeddable":true,"href":"https:\/\/vetomshop.hu\/ga\/wp-json\/wp\/v2\/media\/4691"}],"wp:attachment":[{"href":"https:\/\/vetomshop.hu\/ga\/wp-json\/wp\/v2\/media?parent=4692"}],"wp:term":[{"taxonomy":"product_brand","embeddable":true,"href":"https:\/\/vetomshop.hu\/ga\/wp-json\/wp\/v2\/product_brand?post=4692"},{"taxonomy":"product_cat","embeddable":true,"href":"https:\/\/vetomshop.hu\/ga\/wp-json\/wp\/v2\/product_cat?post=4692"},{"taxonomy":"product_tag","embeddable":true,"href":"https:\/\/vetomshop.hu\/ga\/wp-json\/wp\/v2\/product_tag?post=4692"}],"curies":[{"name":"uair an chloig","href":"https:\/\/api.w.org\/{rel}","templated":true}]}}