{"id":4694,"date":"2023-11-11T14:33:50","date_gmt":"2023-11-11T13:33:50","guid":{"rendered":"https:\/\/vetomshop.hu\/termek\/eros-plus\/"},"modified":"2023-11-11T14:33:50","modified_gmt":"2023-11-11T13:33:50","slug":"eros-plus","status":"publish","type":"product","link":"https:\/\/vetomshop.hu\/ga\/product\/eros-plus\/","title":{"rendered":"\u00c9ar\u00f3s Plus"},"content":{"rendered":"<h4>\u201eBonn \u201dEROS plus\"<\/h4>\n<p>\u201eF\u00e1inne \u201dEROS plus\" \u2013 gl\u00e9as le haghaidh mionchoigeart\u00fa bithfhisiceach na bhf\u00e9ith\u00ed at\u00e1 freagrach as t\u00e1irgeadh na bhf\u00e9ar\u00f3in\u00ed gn\u00e9is fhireanna \u2013 androstenol agus androsterone.<br \/>\nIs comhdh\u00faile bithcheimiceacha speisialta iad feiram\u00f3in dhaonna a th\u00e1irgeann faireoga speisialta at\u00e1 suite san eipit\u00e9iliam seachtrach. Is f\u00e9idir glacad\u00f3ir\u00ed bolfa\u00edocha feiram\u00f3in a scaoiltear sa timpeallacht a bhrath, agus \u201etarchuireann\u201d siad \"comhartha\u00ed\" go leathsf\u00e9ir inchinn an duine. Is iad androstenol agus androsterone na pr\u00edomh-fheiram\u00f3in a th\u00e1irgeann daoine.<\/p>\n<div class=\"su-spoiler su-spoiler-style-defoult su-spoiler-icon-caret su-spoiler-closed\" data-scroll-offset=\"0\" data-anchor-in-url=\"no\"><div class=\"su-spoiler-title\" tabindex=\"0\" role=\"button\"><span class=\"su-spoiler-icon\"><\/span>Gach<\/div><div class=\"su-spoiler-content su-u-clearfix su-u-trim\">\n<p>Is feiram\u00f3n uil\u00edoch \u00e9 anrast\u00e9in\u00f3l a shint\u00e9ise\u00e1lann an d\u00e1 inscne. Cuid\u00edonn s\u00e9 le comhbh\u00e1 a mh\u00fascailt go tapa i leith an chomhph\u00e1irt\u00ed comhr\u00e1 agus spreagann s\u00e9 an fonn cumars\u00e1ide. B\u00edonn aura \u00f3ige agus \u00faire ag gabh\u00e1il le cumhr\u00e1n ina bhfuil anrast\u00e9in\u00f3l, beag beann ar aois an duine.<\/p>\n<p>Androsterone \u2013 anal\u00f3g de shubstaint nach nd\u00e9antar a shint\u00e9isi\u00fa ach ag baill den ghn\u00e9 is l\u00e1idre. Tugtar feiram\u00f3n na misnigh air freisin toisc go mb\u00edonn aura muin\u00edneach, l\u00e1idir ag an iompr\u00f3ir a mheallann mn\u00e1.<\/p>\n<p>Spreagann caitheamh an fh\u00e1inn\u00ed \u201eEROS plus\u201d t\u00e1irgeadh do fheraim\u00edn\u00ed f\u00e9in.<\/p>\n<p>Cuid\u00edonn an f\u00e1ilti\u00far \u201eEROS plus\u201d leat f\u00e9inmhuin\u00edn a fh\u00e1il agus an gn\u00e9as contr\u00e1rtha a mhealladh.<\/p>\n<\/div><\/div>","protected":false},"excerpt":{"rendered":"<p>&#8222;EROS plus&#8221; med\u00e1l &#8222;EROS plus&#8221; med\u00e1l \u2013 a f\u00e9rfi nemi feromonok \u2013 androstenol \u00e9s androsteron \u2013 el\u0151\u00e1ll\u00edt\u00e1s\u00e1\u00e9rt felel\u0151s mirigyek finom biofizikai be\u00e1ll\u00edt\u00e1s\u00e1ra szolg\u00e1l\u00f3 eszk\u00f6z. Az emberi feromonok k\u00fcl\u00f6nleges biok\u00e9miai vegy\u00fcletek, amelyeket a k\u00fcls\u0151 epitheliumban tal\u00e1lhat\u00f3 speci\u00e1lis mirigyek termelnek. A k\u00f6rnyezetbe behatol\u00f3 feromonok a szagl\u00f3receptorok seg\u00edts\u00e9g\u00e9vel \u00e9rz\u00e9kelhet\u0151k, amik \u201e jelet k\u00f6zvet\u00edtenek\u201d az emberi agy f\u00e9ltek\u00e9ire. Az [&hellip;]<\/p>\n","protected":false},"featured_media":4693,"comment_status":"open","ping_status":"closed","template":"","meta":[],"product_brand":[],"product_cat":[33,32],"product_tag":[],"class_list":{"0":"post-4694","1":"product","2":"type-product","3":"status-publish","4":"has-post-thumbnail","6":"product_cat-egeszseg-medalok","7":"product_cat-triomed","9":"first","10":"instock","11":"taxable","12":"shipping-taxable","13":"purchasable","14":"product-type-simple"},"_links":{"self":[{"href":"https:\/\/vetomshop.hu\/ga\/wp-json\/wp\/v2\/product\/4694","targetHints":{"allow":["GET"]}}],"collection":[{"href":"https:\/\/vetomshop.hu\/ga\/wp-json\/wp\/v2\/product"}],"about":[{"href":"https:\/\/vetomshop.hu\/ga\/wp-json\/wp\/v2\/types\/product"}],"replies":[{"embeddable":true,"href":"https:\/\/vetomshop.hu\/ga\/wp-json\/wp\/v2\/comments?post=4694"}],"wp:featuredmedia":[{"embeddable":true,"href":"https:\/\/vetomshop.hu\/ga\/wp-json\/wp\/v2\/media\/4693"}],"wp:attachment":[{"href":"https:\/\/vetomshop.hu\/ga\/wp-json\/wp\/v2\/media?parent=4694"}],"wp:term":[{"taxonomy":"product_brand","embeddable":true,"href":"https:\/\/vetomshop.hu\/ga\/wp-json\/wp\/v2\/product_brand?post=4694"},{"taxonomy":"product_cat","embeddable":true,"href":"https:\/\/vetomshop.hu\/ga\/wp-json\/wp\/v2\/product_cat?post=4694"},{"taxonomy":"product_tag","embeddable":true,"href":"https:\/\/vetomshop.hu\/ga\/wp-json\/wp\/v2\/product_tag?post=4694"}],"curies":[{"name":"uair an chloig","href":"https:\/\/api.w.org\/{rel}","templated":true}]}}