{"id":4696,"date":"2023-11-11T14:33:51","date_gmt":"2023-11-11T13:33:51","guid":{"rendered":"https:\/\/vetomshop.hu\/termek\/hemo-medal\/"},"modified":"2023-11-11T14:33:51","modified_gmt":"2023-11-11T13:33:51","slug":"hemo-medal","status":"publish","type":"product","link":"https:\/\/vetomshop.hu\/ga\/product\/hemo-medal\/","title":{"rendered":"Bonn Hemo"},"content":{"rendered":"<h4>Bonn Hemo<\/h4>\n<p>Is f\u00e9idir le h\u00fas\u00e1id laeth\u00fail Bonn Triomed tac\u00fa le saol fada, sona agus sl\u00e1inti\u00fail. Comhchuibh\u00edonn siad go s\u00e9imh feidhmi\u00fa ch\u00f3ras faisn\u00e9ise fuinnimh an choirp.<\/p>\n<p><strong>C\u00e9 d\u00f3 a mholaimid \u00e9?<\/strong><\/p>\n<p>Gach duine a fhulaing\u00edonn \u00f3 easpa ocsaigine, \u00f3 leibh\u00e9il arda colaist\u00e9ar\u00f3il, \u00f3 fhuil \u201etiubh\u201d, agus \u00f3 airdioscl\u00e9ar\u00f3is.<\/p>\n<p>N\u00ed fh\u00e9adfaidh leana\u00ed faoi bhun 6 bliana d'aois an t\u00e1irge seo a \u00fas\u00e1id ach amh\u00e1in faoi mhaoirseacht tuismitheora!<\/p>\n<p>Is f\u00e9idir Boinn Triomed a chur san uisce agus t\u00e1 siad uiscedh\u00edonach.<\/p>\n<p>D\u00e9antar t\u00e1st\u00e1il speictrim \u2013 f\u00f3tim\u00e9adrach \u2013 speisialta ar gach Bonn Triomed sula scaoiltear \u00e9 ar d\u00edol, rud a chinnt\u00edonn c\u00e1il\u00edocht agus comhsheasmhacht na gcomhartha\u00ed.<\/p>","protected":false},"excerpt":{"rendered":"<p>Hemo Med\u00e1l A Triomed Med\u00e1lok napi szinten t\u00f6rt\u00e9n\u0151 alkalmaz\u00e1sa t\u00e1mogathatja a hossz\u00fa, boldog, eg\u00e9szs\u00e9ges \u00e9let el\u00e9r\u00e9s\u00e9t. L\u00e1gyan harmoniz\u00e1lj\u00e1k a szervezet energia-inform\u00e1ci\u00f3s rendszer\u00e9nek m\u0171k\u00f6d\u00e9s\u00e9t. Kiknek aj\u00e1nljuk? Mindazoknak, akik oxig\u00e9nhi\u00e1nyt\u00f3l szenvednek, magas a koleszterin szintj\u00fck, \u201es\u0171r\u0171\u201d a v\u00e9r\u00fck, \u00e9relmeszesed\u00e9st\u0151l szenvednek. 6 \u00e9ven aluli gyermek csak sz\u00fcl\u0151i fel\u00fcgyelet mellett alkalmazhatja! A Triomed Med\u00e1lok v\u00edzbe helyezhet\u0151ek, v\u00edzhatlanok. Minden Triomed [&hellip;]<\/p>\n","protected":false},"featured_media":4695,"comment_status":"open","ping_status":"closed","template":"","meta":[],"product_brand":[],"product_cat":[33,32],"product_tag":[],"class_list":{"0":"post-4696","1":"product","2":"type-product","3":"status-publish","4":"has-post-thumbnail","6":"product_cat-egeszseg-medalok","7":"product_cat-triomed","9":"first","10":"instock","11":"taxable","12":"shipping-taxable","13":"purchasable","14":"product-type-simple"},"_links":{"self":[{"href":"https:\/\/vetomshop.hu\/ga\/wp-json\/wp\/v2\/product\/4696","targetHints":{"allow":["GET"]}}],"collection":[{"href":"https:\/\/vetomshop.hu\/ga\/wp-json\/wp\/v2\/product"}],"about":[{"href":"https:\/\/vetomshop.hu\/ga\/wp-json\/wp\/v2\/types\/product"}],"replies":[{"embeddable":true,"href":"https:\/\/vetomshop.hu\/ga\/wp-json\/wp\/v2\/comments?post=4696"}],"wp:featuredmedia":[{"embeddable":true,"href":"https:\/\/vetomshop.hu\/ga\/wp-json\/wp\/v2\/media\/4695"}],"wp:attachment":[{"href":"https:\/\/vetomshop.hu\/ga\/wp-json\/wp\/v2\/media?parent=4696"}],"wp:term":[{"taxonomy":"product_brand","embeddable":true,"href":"https:\/\/vetomshop.hu\/ga\/wp-json\/wp\/v2\/product_brand?post=4696"},{"taxonomy":"product_cat","embeddable":true,"href":"https:\/\/vetomshop.hu\/ga\/wp-json\/wp\/v2\/product_cat?post=4696"},{"taxonomy":"product_tag","embeddable":true,"href":"https:\/\/vetomshop.hu\/ga\/wp-json\/wp\/v2\/product_tag?post=4696"}],"curies":[{"name":"uair an chloig","href":"https:\/\/api.w.org\/{rel}","templated":true}]}}