{"id":4700,"date":"2023-11-11T14:33:51","date_gmt":"2023-11-11T13:33:51","guid":{"rendered":"https:\/\/vetomshop.hu\/termek\/jo-ejt-medal\/"},"modified":"2026-03-30T09:26:44","modified_gmt":"2026-03-30T07:26:44","slug":"jo-ejt-medal","status":"publish","type":"product","link":"https:\/\/vetomshop.hu\/ga\/product\/jo-ejt-medal\/","title":{"rendered":"Bonn\u00e1n na hO\u00edche Mhaith"},"content":{"rendered":"<p>\u201eSeolann an fonsa \u201dO\u00edche Mhath\" comhartha\u00ed f\u00edor-\u00e9adroma a chuid\u00edonn le titim i suan n\u00edos \u00e9asca agus le c\u00e1il\u00edocht codlata n\u00edos fearr.<\/p>\n<p><strong>Leideanna le haghaidh codladh n\u00edos fearr:<\/strong><\/p>\n<ul>\n<li>N\u00e1 h\u00f3l n\u00e1 n-ithe caifein, nicot\u00edn, n\u00e1 m\u00e9ideanna m\u00f3ra alc\u00f3il.<\/li>\n<li>Si\u00fail a oiread agus is f\u00e9idir, cuir acla\u00edocht i d'aistear maireacht\u00e1la,<\/li>\n<li>Coinnigh do sheomra leapa n\u00edos fuaire agus dea-aer\u00e1ilte.,<\/li>\n<li>N\u00e1 hith go maith sula dt\u00e9ann t\u00fa a chodladh,<\/li>\n<li>n\u00e1 codladh i rith an lae,<\/li>\n<li>Bain \u00fas\u00e1id as an Mheadail\u00edn O\u00edche Mhaith.<\/li>\n<\/ul>\n<p><strong>\u00c9ifeacht an mhail\u00e9adaigh:<\/strong><\/p>\n<ul>\n<li>laghda\u00edonn s\u00e9 br\u00fa s\u00edceo-mhoth\u00fach\u00e1nach,<\/li>\n<li>laghda\u00edonn s\u00e9 moth\u00fach\u00e1in imn\u00ed agus allarm, eagla,<\/li>\n<li>Cuid\u00edonn s\u00e9 le gn\u00e1th\u00fa na n-aisling\u00ed\/an chodladh.<\/li>\n<\/ul>","protected":false},"excerpt":{"rendered":"<p>\u201eJ\u00f3 \u00e9jt\u201d Med\u00e1l-olyan extr\u00e9m gyeng\u00e9d jeleket hordoz, melyek hozz\u00e1j\u00e1rulnak a k\u00f6nnyebb elalv\u00e1s\u00e9rt \u00e9s az alv\u00e1s jobb min\u0151s\u00e9g\u00e9\u00e9rt. Javaslatok a jobb alv\u00e1s\u00e9rt: ne fogyasszon koffein tartalm\u00fa italokat-\u00e9teleket, nikotint, nagyobb mennyis\u00e9g\u0171 alkoholt s\u00e9t\u00e1ljon min\u00e9l t\u00f6bbet, vezesse be \u00e9letm\u00f3dj\u00e1ba a mozg\u00e1st, a h\u00e1l\u00f3szob\u00e1j\u00e1ban legyen h\u0171v\u00f6sebb, \u00e9s friss leveg\u0151, ne lakjon j\u00f3l lefekv\u00e9s el\u0151tt, ne aludjon a napk\u00f6zben, haszn\u00e1lja [&hellip;]<\/p>\n","protected":false},"featured_media":4699,"comment_status":"open","ping_status":"closed","template":"","meta":[],"product_brand":[],"product_cat":[33,32],"product_tag":[],"class_list":{"0":"post-4700","1":"product","2":"type-product","3":"status-publish","4":"has-post-thumbnail","6":"product_cat-egeszseg-medalok","7":"product_cat-triomed","9":"first","10":"instock","11":"taxable","12":"shipping-taxable","13":"purchasable","14":"product-type-simple"},"_links":{"self":[{"href":"https:\/\/vetomshop.hu\/ga\/wp-json\/wp\/v2\/product\/4700","targetHints":{"allow":["GET"]}}],"collection":[{"href":"https:\/\/vetomshop.hu\/ga\/wp-json\/wp\/v2\/product"}],"about":[{"href":"https:\/\/vetomshop.hu\/ga\/wp-json\/wp\/v2\/types\/product"}],"replies":[{"embeddable":true,"href":"https:\/\/vetomshop.hu\/ga\/wp-json\/wp\/v2\/comments?post=4700"}],"wp:featuredmedia":[{"embeddable":true,"href":"https:\/\/vetomshop.hu\/ga\/wp-json\/wp\/v2\/media\/4699"}],"wp:attachment":[{"href":"https:\/\/vetomshop.hu\/ga\/wp-json\/wp\/v2\/media?parent=4700"}],"wp:term":[{"taxonomy":"product_brand","embeddable":true,"href":"https:\/\/vetomshop.hu\/ga\/wp-json\/wp\/v2\/product_brand?post=4700"},{"taxonomy":"product_cat","embeddable":true,"href":"https:\/\/vetomshop.hu\/ga\/wp-json\/wp\/v2\/product_cat?post=4700"},{"taxonomy":"product_tag","embeddable":true,"href":"https:\/\/vetomshop.hu\/ga\/wp-json\/wp\/v2\/product_tag?post=4700"}],"curies":[{"name":"uair an chloig","href":"https:\/\/api.w.org\/{rel}","templated":true}]}}