{"id":4702,"date":"2023-11-11T14:33:52","date_gmt":"2023-11-11T13:33:52","guid":{"rendered":"https:\/\/vetomshop.hu\/termek\/happy-dog-medal\/"},"modified":"2023-11-11T14:33:52","modified_gmt":"2023-11-11T13:33:52","slug":"happy-dog-medal","status":"publish","type":"product","link":"https:\/\/vetomshop.hu\/ga\/product\/happy-dog-medal\/","title":{"rendered":"Bonn an Mhadra Shona"},"content":{"rendered":"<h4>Bonn an Mhadra Shona do mhadra\u00ed<\/h4>\n<p>Is f\u00e9idir \u00e9 a \u00fas\u00e1id i gcosc agus i gc\u00f3ire\u00e1il na ngalar seo a leanas:<\/p>\n<ul>\n<li>galair th\u00f3g\u00e1lacha,<\/li>\n<li>Aill\u00e9irg\u00ed (gr\u00edosanna, tochas, caillteanas gruaige, tagadh)<\/li>\n<li>nimhi\u00fa (le bia, le nimh)<\/li>\n<li>neamhoird endraicneacha (diaib\u00e9iteas, neamhoird th\u00edor\u00f3ideacha)<\/li>\n<li>gala\u00ed comhph\u00e1irteacha<\/li>\n<\/ul>\n<p><strong>Is f\u00e9idir \u00e9 a \u00fas\u00e1id freisin:<\/strong><\/p>\n<ul>\n<li>Saol madra\u00ed n\u00edos sine a fhad\u00fa agus feabhas a chur ar a gcoinn\u00edoll<\/li>\n<li>i bhforbairt shl\u00e1inti\u00fail na leana\u00ed<\/li>\n<li>i bhfoth\u00fa tapa i ndiaidh m\u00e1inliachta n\u00f3 breoiteachta tromch\u00fais\u00ed<\/li>\n<li>Leigheas gortuithe (gort\u00e1in, teann\u00e1in, bristeacha, d\u00f3nna)<\/li>\n<li>Athshl\u00e1n\u00fa iarbhreithe<\/li>\n<\/ul>\n<p><strong>Iarratas:<\/strong><\/p>\n<p>An \u201eMadra Sona\u201d<\/p>\n<p>Imdh\u00edon-mhodhn\u00f3ir fisiteiripeach ar f\u00e9idir a cheangal de choil\u00e9ar madra. N\u00edl srian ar a \u00fas\u00e1id, ach ba ch\u00f3ir \u00e9 a chaitheamh ar feadh 30 n\u00f3im\u00e9ad sa l\u00e1 ar a laghad.<\/p>","protected":false},"excerpt":{"rendered":"<p>Happy Dog Med\u00e1l kuty\u00e1knak Alkalmazhat\u00f3 a k\u00f6vetkez\u0151 betegs\u00e9gek megel\u0151z\u00e9s\u00e9ben \u00e9s kezel\u00e9s\u00e9ben: infekci\u00f3s betegs\u00e9gek, allergi\u00e1k (ki\u00fct\u00e9sek, viszket\u00e9s, sz\u0151rhull\u00e1s, fullad\u00e1s) m\u00e9rgez\u00e9s (\u00e9tel \u00e1ltal, m\u00e9rgekkel) endokrin megbeteged\u00e9sek (cukorbetegs\u00e9g, a pajzsmirigy betegs\u00e9gei) \u00edz\u00fcleti betegs\u00e9gek Tov\u00e1bb\u00e1 alkalmazhat\u00f3: az id\u0151s kuty\u00e1k \u00e9let\u00e9nek meghosszabb\u00edt\u00e1s\u00e1ban, \u00e1llapotuk jav\u00edt\u00e1s\u00e1ban a k\u00f6lyk\u00f6k eg\u00e9szs\u00e9ges fejl\u0151d\u00e9s\u00e9ben a gyors rehabilit\u00e1ci\u00f3ban a m\u0171t\u00e9tek vagy s\u00falyos betegs\u00e9gek ut\u00e1n s\u00e9r\u00fcl\u00e9sek gy\u00f3gy\u00edt\u00e1s\u00e1ban (sebek, [&hellip;]<\/p>\n","protected":false},"featured_media":4701,"comment_status":"open","ping_status":"closed","template":"","meta":[],"product_brand":[],"product_cat":[33,32],"product_tag":[],"class_list":{"0":"post-4702","1":"product","2":"type-product","3":"status-publish","4":"has-post-thumbnail","6":"product_cat-egeszseg-medalok","7":"product_cat-triomed","9":"first","10":"instock","11":"taxable","12":"shipping-taxable","13":"purchasable","14":"product-type-simple"},"_links":{"self":[{"href":"https:\/\/vetomshop.hu\/ga\/wp-json\/wp\/v2\/product\/4702","targetHints":{"allow":["GET"]}}],"collection":[{"href":"https:\/\/vetomshop.hu\/ga\/wp-json\/wp\/v2\/product"}],"about":[{"href":"https:\/\/vetomshop.hu\/ga\/wp-json\/wp\/v2\/types\/product"}],"replies":[{"embeddable":true,"href":"https:\/\/vetomshop.hu\/ga\/wp-json\/wp\/v2\/comments?post=4702"}],"wp:featuredmedia":[{"embeddable":true,"href":"https:\/\/vetomshop.hu\/ga\/wp-json\/wp\/v2\/media\/4701"}],"wp:attachment":[{"href":"https:\/\/vetomshop.hu\/ga\/wp-json\/wp\/v2\/media?parent=4702"}],"wp:term":[{"taxonomy":"product_brand","embeddable":true,"href":"https:\/\/vetomshop.hu\/ga\/wp-json\/wp\/v2\/product_brand?post=4702"},{"taxonomy":"product_cat","embeddable":true,"href":"https:\/\/vetomshop.hu\/ga\/wp-json\/wp\/v2\/product_cat?post=4702"},{"taxonomy":"product_tag","embeddable":true,"href":"https:\/\/vetomshop.hu\/ga\/wp-json\/wp\/v2\/product_tag?post=4702"}],"curies":[{"name":"uair an chloig","href":"https:\/\/api.w.org\/{rel}","templated":true}]}}