{"id":4708,"date":"2023-11-11T14:33:53","date_gmt":"2023-11-11T13:33:53","guid":{"rendered":"https:\/\/vetomshop.hu\/termek\/omega-medal\/"},"modified":"2023-11-11T14:33:53","modified_gmt":"2023-11-11T13:33:53","slug":"omega-medal","status":"publish","type":"product","link":"https:\/\/vetomshop.hu\/ga\/product\/omega-medal\/","title":{"rendered":"Seoid Omega"},"content":{"rendered":"<h4>Seoid Omega<\/h4>\n<p>Is f\u00e9idir le h\u00fas\u00e1id laeth\u00fail Bonn Triomed tac\u00fa le saol fada, sona agus sl\u00e1inti\u00fail. Comhchuibh\u00edonn siad an corp go s\u00e9imh agus is f\u00e9idir leo cur le ceart\u00fa fuinnimh-fhaisn\u00e9ise.<\/p>\n<p>C\u00e9 d\u00f3 a mholaimid \u00e9?<\/p>\n<p>D\u00f3ibh si\u00fad go l\u00e9ir a fhulaing\u00edonn \u00f3 bhr\u00fa fola ard agus \u00f3 fhadhbanna imshruthaithe.<\/p>\n<p><strong>Rabhadh t\u00e1bhachtach:<\/strong><\/p>\n<p>T\u00e9igh i gcomhairle le do dhocht\u00fair i gc\u00f3na\u00ed m\u00e1 t\u00e1 galar cardashoith\u00edoch ort. Chomh maith leis an gc\u00f3ire\u00e1il a fhororda\u00edonn do dhocht\u00fair, is f\u00e9idir leat an Bonn Triomed Omega a \u00fas\u00e1id chun cneas\u00fa a chur chun cinn agus athghini\u00faint a luath\u00fa.<\/p>\n<p>N\u00ed fh\u00e9adfaidh leana\u00ed faoi bhun 6 bliana d'aois an t\u00e1irge seo a \u00fas\u00e1id ach amh\u00e1in faoi mhaoirseacht tuismitheora!<\/p>\n<p>Is f\u00e9idir Boinn Triomed a chur san uisce agus t\u00e1 siad uiscedh\u00edonach.<\/p>\n<p>D\u00e9antar t\u00e1st\u00e1il speictrim \u2013 f\u00f3tim\u00e9adrach \u2013 speisialta ar gach Bonn Triomed sula scaoiltear \u00e9 ar d\u00edol, rud a chinnt\u00edonn c\u00e1il\u00edocht agus comhsheasmhacht na gcomhartha\u00ed.<\/p>","protected":false},"excerpt":{"rendered":"<p>Omega Med\u00e1l A Triomed Med\u00e1lok napi szinten t\u00f6rt\u00e9n\u0151 alkalmaz\u00e1sa t\u00e1mogathatja a hossz\u00fa, boldog, eg\u00e9szs\u00e9ges \u00e9let el\u00e9r\u00e9s\u00e9t. L\u00e1gyan harmoniz\u00e1lj\u00e1k a szervezetet, hozz\u00e1j\u00e1rulhatnak az energia-inform\u00e1ci\u00f3s korrekci\u00f3hoz. Kiknek aj\u00e1nljuk? Mindazoknak, akik magas v\u00e9rnyom\u00e1st\u00f3l, kering\u00e9si probl\u00e9m\u00e1kt\u00f3l szenvednek. Fontos figyelmeztet\u00e9s: A sz\u00edv-\u00e9s \u00e9rrendszer megbeteged\u00e9sein\u00e9l mindig forduljon orvoshoz. Az orvos \u00e1ltal el\u0151\u00edrt kezel\u00e9s mellett p\u00e1rhuzamosan alkalmazhatja a Triomed Omega Med\u00e1lt a [&hellip;]<\/p>\n","protected":false},"featured_media":4707,"comment_status":"open","ping_status":"closed","template":"","meta":[],"product_brand":[],"product_cat":[33,32],"product_tag":[],"class_list":{"0":"post-4708","1":"product","2":"type-product","3":"status-publish","4":"has-post-thumbnail","6":"product_cat-egeszseg-medalok","7":"product_cat-triomed","9":"first","10":"instock","11":"taxable","12":"shipping-taxable","13":"purchasable","14":"product-type-simple"},"_links":{"self":[{"href":"https:\/\/vetomshop.hu\/ga\/wp-json\/wp\/v2\/product\/4708","targetHints":{"allow":["GET"]}}],"collection":[{"href":"https:\/\/vetomshop.hu\/ga\/wp-json\/wp\/v2\/product"}],"about":[{"href":"https:\/\/vetomshop.hu\/ga\/wp-json\/wp\/v2\/types\/product"}],"replies":[{"embeddable":true,"href":"https:\/\/vetomshop.hu\/ga\/wp-json\/wp\/v2\/comments?post=4708"}],"wp:featuredmedia":[{"embeddable":true,"href":"https:\/\/vetomshop.hu\/ga\/wp-json\/wp\/v2\/media\/4707"}],"wp:attachment":[{"href":"https:\/\/vetomshop.hu\/ga\/wp-json\/wp\/v2\/media?parent=4708"}],"wp:term":[{"taxonomy":"product_brand","embeddable":true,"href":"https:\/\/vetomshop.hu\/ga\/wp-json\/wp\/v2\/product_brand?post=4708"},{"taxonomy":"product_cat","embeddable":true,"href":"https:\/\/vetomshop.hu\/ga\/wp-json\/wp\/v2\/product_cat?post=4708"},{"taxonomy":"product_tag","embeddable":true,"href":"https:\/\/vetomshop.hu\/ga\/wp-json\/wp\/v2\/product_tag?post=4708"}],"curies":[{"name":"uair an chloig","href":"https:\/\/api.w.org\/{rel}","templated":true}]}}