{"id":4710,"date":"2023-11-11T14:33:53","date_gmt":"2023-11-11T13:33:53","guid":{"rendered":"https:\/\/vetomshop.hu\/termek\/prunus-cerasus-meggy-medal\/"},"modified":"2023-11-11T14:33:53","modified_gmt":"2023-11-11T13:33:53","slug":"prunus-cerasus-meggy-medal","status":"publish","type":"product","link":"https:\/\/vetomshop.hu\/ga\/product\/prunus-cerasus-meggy-medal\/","title":{"rendered":"Prunus cerasus \u2013 Bonn\u00f3g Seacairn\u00ed G\u00e9ire"},"content":{"rendered":"<h4>Prunus cerasus \u2013 Med\u00e1l Sil\u00edn\u00ed \u2013 Le haghaidh c\u00f3ire\u00e1il chomhl\u00e1ntach ar ionfhabhtuithe Streptococcus agus Staphylococcus<\/h4>\n<p>Is baict\u00e9ar an-choitianta \u00e9 Streptococcus pyogenes, ar a dtugtar streipteac\u00f3cas de chine\u00e1l A freisin: is ar \u00e9igean at\u00e1 duine ar bith ann nach raibh scornach tinn air de bharr an phataigine seo at\u00e1 neamhdh\u00edobh\u00e1lach den chuid is m\u00f3 agus a dh\u00e9anann coil\u00edni\u00fa ar an scornach. Mar sin f\u00e9in, is \u00e9 an baict\u00e9ar c\u00e9anna seo a ch\u00f3na\u00edonn sa scornach is c\u00fais leis an gcoilmfheabhras freisin, tinneas \u00f3ige a mb\u00edonn fiabhras agus gr\u00edos ar fud an choirp ar fad ag gabh\u00e1il leis, de bharr na dtocsain\u00ed a scaoileann s\u00e9 isteach sa sruth fola. Go deimhin, is f\u00e9idir le hionfhabht\u00fa fada gan ch\u00f3ire\u00e1il \u00f3 Streptococcus a bheith ina ch\u00fais le fiabhras reamatach, galar tromch\u00faiseach a ionsa\u00edonn na hailt agus an cro\u00ed.<\/p>\n<p>Is pataigin choitianta eile \u00e9 Staphylococcus aureus, baict\u00e9ar a fhaightear ar chraiceann beagnach gach duine, a chrutha\u00edonn pimp\u00edn\u00ed agus clamhs\u00e1in l\u00e1n de pheit. C\u00e9 nach bhfuil sna riochta\u00ed craicinn seo ach galair chraicinn dhochoitianta a th\u00e9ann i bhfeidhm go pr\u00edomha ar leana\u00ed, n\u00f3 absaic a thagann chun cinn ar chodanna \u00e9ags\u00fala den chorp, a d'fh\u00e9adfadh fadhbanna tromch\u00faiseacha a chruth\u00fa, gan tr\u00e1cht ar ionfhabhtuithe tromch\u00faiseacha, a d'fh\u00e9adfadh a bheith marfach, amhail ni\u00fam\u00f3ine, meining\u00edteas, oist\u00e9amail\u00edteas, n\u00f3 ionfhabht\u00fa an endocairdiach. Is f\u00e9idir le Staphylococcus, a dh\u00e9anann coil\u00edni\u00fa ar \u00e1r gcraiceann de ghn\u00e1th, iad seo go l\u00e9ir a chur faoi deara m\u00e1 thugtar an deis d\u00f3.<\/p>\n<div class=\"su-spoiler su-spoiler-style-defoult su-spoiler-icon-caret su-spoiler-closed\" data-scroll-offset=\"0\" data-anchor-in-url=\"no\"><div class=\"su-spoiler-title\" tabindex=\"0\" role=\"button\"><span class=\"su-spoiler-icon\"><\/span>Gach<\/div><div class=\"su-spoiler-content su-u-clearfix su-u-trim\">\n<h5>Cad is f\u00e9idir le micribhiteoga laeth\u00fala a chr\u00edochna\u00edonn san \u00e1it mh\u00edcheart a chur faoi deara?<\/h5>\n<p>Is \u00e9 an ceacht at\u00e1 le foghlaim as seo ar fad n\u00e1 nach bhfuil baict\u00e9ar a bhfuil cuma neamhdh\u00edobh\u00e1lach air ach s\u00e1ch neamhdh\u00edobh\u00e1lach go dt\u00ed go sroicheann s\u00e9 \u00e1it nach mbaineann s\u00e9 l\u00e9i: go pr\u00edomha f\u00edoch\u00e1n domhain agus<br \/>\nisteach sa sruth fola. Mar shampla, m\u00e1 shroicheann baict\u00e9ir Streptococcus n\u00f3 Staphylococcus an f\u00edoch\u00e1n fo-chraicneach tr\u00ed ghoin, is f\u00e9idir leo tos\u00fa ag leathadh go han-tapa agus go millteanach feadh na sciathanna f\u00edoch\u00e1in cheangailtigh a chl\u00fada\u00edonn na mat\u00e1in agus na n\u00e9ar\u00f3ga \u2013 a dtugtar \u201efeoil-itheach\u201d air go coitianta. Is leor bioradh sn\u00e1thaide, greim feithid\u00ed n\u00f3 scr\u00edob chun iad a ligean isteach sa chraiceann \u2013 n\u00ed g\u00e1 gur tubaiste a bheadh ann, is leor fi\u00fa cr\u00e9acht ar \u00e9igean le feice\u00e1il. B\u00edonn an baol m\u00e9adaithe m\u00e1 t\u00e1 an craiceann dam\u00e1istithe cheana f\u00e9in \u2013 mar shampla, tar \u00e9is m\u00e1inliachta, de bharr ionfhabht\u00fa g\u00e9ar v\u00edreasach le gr\u00edos, n\u00f3 mar iarmhairt de dhiaib\u00e9iteas \u2013 n\u00f3 m\u00e1 t\u00e1 an c\u00f3ras imdh\u00edonachta lagaithe.<\/p>\n<h5>\u201eAn itheann baict\u00e9ir fheoil\u00ed feoil?<\/h5>\n<p>N\u00ed gr\u00fapa scanr\u00fail agus coimhth\u00edoch \u00e9igin laistigh de phataigin\u00ed iad na \u201ebacteria feoil-itheacha\u201d: i bhformh\u00f3r na gc\u00e1sanna, is micrib\u00ed laeth\u00fala a chr\u00edochna\u00edonn san \u00e1it mh\u00edcheart is c\u00fais le tinneas tromch\u00faiseach<br \/>\ntaobh thiar de phr\u00f3iseas ina nd\u00e9antar f\u00edoch\u00e1in a scriosadh agus a chuireann an bheatha i mbaol go d\u00edreach.<\/p>\n<h5>Conas a oibr\u00edonn an pr\u00f3iseas?<\/h5>\n<p>Tosa\u00edonn \u201eionfhabht\u00fa feoil-itheach\u201d, ar a dtugtar go hoifigi\u00fail fasci\u00edteas neacrotach (tubaiste i bhf\u00edoch\u00e1n nascach n\u00f3 sa chraiceann), le c\u00fapla siompt\u00f3m saini\u00fail: at, deirge, pian agus b'fh\u00e9idir go dtagann cnap\u00e1n\u00fa chun cinn sa limist\u00e9ar at\u00e1 buailte. \u00d3s rud \u00e9 go dtarla\u00edonn an pr\u00f3iseas go domhain sa chorp, faoin am a dtagann dath\u00fa corcra agus boilgeoga fola\u00edche ar an gcraiceann, b\u00edonn scrios fairsing d\u00e9anta cheana f\u00e9in ar na f\u00edoch\u00e1in bhoga faoin gcraiceann.<\/p>\n<\/div><\/div>","protected":false},"excerpt":{"rendered":"<p>Prunus cerasus \u2013 Meggy Med\u00e1l-Streptococcus, Staphylococcus fert\u0151z\u00e9sek kieg\u00e9sz\u00edt\u0151 kezel\u00e9s\u00e9re A Streptococcus pyogenes, m\u00e1s nev\u00e9n az A-t\u00edpus\u00fa sztreptokokkusz rendk\u00edv\u00fcl k\u00f6z\u00f6ns\u00e9ges bakt\u00e9rium: aligha akad, akinek ne okozott volna m\u00e9g torokf\u00e1j\u00e1st ez a garatban megteleped\u0151, jobb\u00e1ra \u00e1rtalmatlan k\u00f3rokoz\u00f3. \u00c1m ugyanez a toroklak\u00f3 bakt\u00e9rium &#8211; a v\u00e9r\u00e1ramba kiv\u00e1lasztott m\u00e9reganyagai r\u00e9v\u00e9n &#8211; a skarl\u00e1t, a l\u00e1zzal \u00e9s a teljes testet [&hellip;]<\/p>\n","protected":false},"featured_media":4709,"comment_status":"open","ping_status":"closed","template":"","meta":[],"product_brand":[],"product_cat":[33,32],"product_tag":[],"class_list":{"0":"post-4710","1":"product","2":"type-product","3":"status-publish","4":"has-post-thumbnail","6":"product_cat-egeszseg-medalok","7":"product_cat-triomed","9":"first","10":"instock","11":"taxable","12":"shipping-taxable","13":"purchasable","14":"product-type-simple"},"_links":{"self":[{"href":"https:\/\/vetomshop.hu\/ga\/wp-json\/wp\/v2\/product\/4710","targetHints":{"allow":["GET"]}}],"collection":[{"href":"https:\/\/vetomshop.hu\/ga\/wp-json\/wp\/v2\/product"}],"about":[{"href":"https:\/\/vetomshop.hu\/ga\/wp-json\/wp\/v2\/types\/product"}],"replies":[{"embeddable":true,"href":"https:\/\/vetomshop.hu\/ga\/wp-json\/wp\/v2\/comments?post=4710"}],"wp:featuredmedia":[{"embeddable":true,"href":"https:\/\/vetomshop.hu\/ga\/wp-json\/wp\/v2\/media\/4709"}],"wp:attachment":[{"href":"https:\/\/vetomshop.hu\/ga\/wp-json\/wp\/v2\/media?parent=4710"}],"wp:term":[{"taxonomy":"product_brand","embeddable":true,"href":"https:\/\/vetomshop.hu\/ga\/wp-json\/wp\/v2\/product_brand?post=4710"},{"taxonomy":"product_cat","embeddable":true,"href":"https:\/\/vetomshop.hu\/ga\/wp-json\/wp\/v2\/product_cat?post=4710"},{"taxonomy":"product_tag","embeddable":true,"href":"https:\/\/vetomshop.hu\/ga\/wp-json\/wp\/v2\/product_tag?post=4710"}],"curies":[{"name":"uair an chloig","href":"https:\/\/api.w.org\/{rel}","templated":true}]}}