{"id":4712,"date":"2023-11-11T14:33:54","date_gmt":"2023-11-11T13:33:54","guid":{"rendered":"https:\/\/vetomshop.hu\/termek\/biotrem-active\/"},"modified":"2023-11-11T14:33:54","modified_gmt":"2023-11-11T13:33:54","slug":"biotrem-active","status":"publish","type":"product","link":"https:\/\/vetomshop.hu\/ga\/product\/biotrem-active\/","title":{"rendered":"BioTrEM gn\u00edomhach"},"content":{"rendered":"<p>\u0410 <strong>\u201eBioTrEM GN\u00cdOMHACH\u201d<\/strong> Is gl\u00e9as teiripeach fisiteiripe agus teiripe athfhillteach iniompartha \u00e9 an gl\u00e9as teiripeach EMF-IK (d\u00e1 ngairtear an gl\u00e9as anseo feasta), at\u00e1 deartha chun galar comhph\u00e1irteanna a chosc, agus c\u00f3ire\u00e1il agus athshl\u00e1n\u00fa othar a bhfuil neamhoird mhat\u00e1nchn\u00e1mharlaigh orthu tr\u00ed nochtadh leictreamaighn\u00e9adach \u00edseald\u00e9ineis sa raon ardmhinic\u00edochta f\u00edor-ard at\u00e1 d\u00edrithe ar chodanna de dhromchla chraiceann an duine.<\/p>\n<p>Is f\u00e9idir an fheiste a \u00fas\u00e1id i gcl\u00e1ir chasta choisctheacha agus leighis do neamhoird mhat\u00e1nchn\u00e1mharlaigh chun gn\u00e1thphr\u00f3isis fhisiceola\u00edocha a athbhun\u00fa i gcealla agus i bhf\u00edoch\u00e1in an ch\u00f3rais mhat\u00e1nchn\u00e1mharlaigh, chun pian a mhaol\u00fa agus chun feidhm mhat\u00e1nchn\u00e1mharlaigh a fheabhs\u00fa.<\/p>\n<div class=\"su-spoiler su-spoiler-style-defoult su-spoiler-icon-caret su-spoiler-closed\" data-scroll-offset=\"0\" data-anchor-in-url=\"no\"><div class=\"su-spoiler-title\" tabindex=\"0\" role=\"button\"><span class=\"su-spoiler-icon\"><\/span>Gach<\/div><div class=\"su-spoiler-content su-u-clearfix su-u-trim\">\n<p>Iarmhairt\u00ed a bhaineann le h\u00fas\u00e1id an fheiste:<\/p>\n<ul>\n<li>Normal\u00fa a dh\u00e9anamh ar imshruth\u00fa fola, ar st\u00e1das imdh\u00edonachta agus ar phr\u00f3isis mheitibileacha sna horg\u00e1in\/c\u00f3rais org\u00e1n gluaisne, agus cosc a chur ar fhorbairt galar iontu;<\/li>\n<li>Cuireann s\u00e9 feabhas ar fheidhmeanna taca\u00edochta agus gluaiseachta;<\/li>\n<li>laghda\u00edonn s\u00e9 l\u00e9iri\u00fa feinim\u00e9in athlastach agus pl\u00f3daithe sna horg\u00e1in ghluaiseachta;<\/li>\n<li>cuireann s\u00e9 dl\u00fas le pr\u00f3isis athghini\u00fanacha agus athch\u00f3iritheacha i bhf\u00edoch\u00e1in an ch\u00f3rais mhat\u00e1nchn\u00e1mhaigh;<\/li>\n<li>Cuireann s\u00e9 deireadh le pr\u00f3isis athlastacha sna hailt, sna scann\u00e1in ailt agus sna m\u00e1la\u00ed ailt, sna mat\u00e1in,<\/li>\n<li>Cuid\u00edonn s\u00e9 leis an gclaochl\u00fa agus an at\u00e1ife a bhaineann le cn\u00e1mha, leoga agus an coimpl\u00e9asc mat\u00e1nchn\u00e1mharlaigh a dh\u00edoth\u00fa n\u00f3 a ch\u00faiteamh.<\/li>\n<\/ul>\n<\/div><\/div>","protected":false},"excerpt":{"rendered":"<p>\u0410 \u201eBioTrEM ACTIVE\u201d modell EMF-IK ter\u00e1pi\u00e1s k\u00e9sz\u00fcl\u00e9k (a tov\u00e1bbiakban k\u00e9sz\u00fcl\u00e9k) egy hordozhat\u00f3 fizikoter\u00e1pi\u00e1s \u00e9s reflexter\u00e1pi\u00e1s eszk\u00f6z, amelynek rendeltet\u00e9se az \u00edz\u00fcleti megbeteged\u00e9sek megel\u0151z\u00e9s\u00e9re, a t\u00e1maszt\u00e1s \u00e9s mozg\u00e1s szervrendszeri betegs\u00e9gekben szenved\u0151 p\u00e1ciensek kezel\u00e9se \u00e9s rehabilit\u00e1ci\u00f3ja az ember b\u0151rfel\u00fclet\u00e9nek r\u00e9szeire ir\u00e1nyul\u00f3 extr\u00e9m magas frekvenci\u00e1s tartom\u00e1nyban m\u0171k\u00f6d\u0151 alacsonyintenzit\u00e1s\u00fa elektrom\u00e1gneses r\u00e1hat\u00e1s r\u00e9v\u00e9n. \u0410 k\u00e9sz\u00fcl\u00e9k komplex megel\u0151z\u0151 \u00e9s gy\u00f3gyul\u00e1st el\u0151seg\u00edt\u0151 programokban [&hellip;]<\/p>\n","protected":false},"featured_media":4711,"comment_status":"open","ping_status":"closed","template":"","meta":[],"product_brand":[],"product_cat":[34,32],"product_tag":[],"class_list":{"0":"post-4712","1":"product","2":"type-product","3":"status-publish","4":"has-post-thumbnail","6":"product_cat-keszulekek","7":"product_cat-triomed","9":"first","10":"instock","11":"taxable","12":"shipping-taxable","13":"purchasable","14":"product-type-simple"},"_links":{"self":[{"href":"https:\/\/vetomshop.hu\/ga\/wp-json\/wp\/v2\/product\/4712","targetHints":{"allow":["GET"]}}],"collection":[{"href":"https:\/\/vetomshop.hu\/ga\/wp-json\/wp\/v2\/product"}],"about":[{"href":"https:\/\/vetomshop.hu\/ga\/wp-json\/wp\/v2\/types\/product"}],"replies":[{"embeddable":true,"href":"https:\/\/vetomshop.hu\/ga\/wp-json\/wp\/v2\/comments?post=4712"}],"wp:featuredmedia":[{"embeddable":true,"href":"https:\/\/vetomshop.hu\/ga\/wp-json\/wp\/v2\/media\/4711"}],"wp:attachment":[{"href":"https:\/\/vetomshop.hu\/ga\/wp-json\/wp\/v2\/media?parent=4712"}],"wp:term":[{"taxonomy":"product_brand","embeddable":true,"href":"https:\/\/vetomshop.hu\/ga\/wp-json\/wp\/v2\/product_brand?post=4712"},{"taxonomy":"product_cat","embeddable":true,"href":"https:\/\/vetomshop.hu\/ga\/wp-json\/wp\/v2\/product_cat?post=4712"},{"taxonomy":"product_tag","embeddable":true,"href":"https:\/\/vetomshop.hu\/ga\/wp-json\/wp\/v2\/product_tag?post=4712"}],"curies":[{"name":"uair an chloig","href":"https:\/\/api.w.org\/{rel}","templated":true}]}}