{"id":4716,"date":"2023-11-11T14:33:55","date_gmt":"2023-11-11T13:33:55","guid":{"rendered":"https:\/\/vetomshop.hu\/termek\/triomed-mmw\/"},"modified":"2023-11-11T14:33:55","modified_gmt":"2023-11-11T13:33:55","slug":"triomed-mmw","status":"publish","type":"product","link":"https:\/\/vetomshop.hu\/ga\/product\/triomed-mmw\/","title":{"rendered":"Triomed MMW"},"content":{"rendered":"<h4>TRIOMED UNIVERSAL \u2013 AN S\u00c1R-SHEISEACH AR Ghalair<\/h4>\n<p>Cad \u00ed an eochair don leigheas? Cad \u00e9 an r\u00e9iteach a bheadh ar an iliomad fadhbanna sl\u00e1inte?<\/p>\n<p>T\u00e1 an freagra simpl\u00ed, ach n\u00edorbh fh\u00e9idir an r\u00e9iteach a bhaint amach ach amh\u00e1in i ndomhan nua-aimseartha an lae inniu, at\u00e1 saibhir i n-aireag\u00e1in TF, nuair a crutha\u00edodh ginead\u00f3ir leathsheolt\u00f3ra s\u00e1r-thapa bunaithe ar SiGe a ghineann comhartha\u00ed at\u00e1 comhionann le comhartha\u00ed na gceall agus na n-org\u00e1nach. A bhu\u00ed leis an nu\u00e1la\u00edocht seo, t\u00e1 cumars\u00e1id bhitheola\u00edoch idir gl\u00e9as agus duine d\u00e9anta ina r\u00e9altacht. T\u00e1 paitinn faighte ag an nu\u00e1la\u00edocht leighis seo mar theicneola\u00edocht BioTrEM.<br \/>\nBreathna\u00edmis ar shampla laeth\u00fail. T\u00e1 a fhios ag gach gairm\u00ed c\u00faraim sl\u00e1inte, c\u00e9 go bhfuil br\u00fa fola ard ag Uncail Jancsi agus Aint\u00edn Juliska araon, gurb iad a gcuid siompt\u00f3m an t-aon rud at\u00e1 i gcoiteann acu. N\u00edl aon rud i gcoiteann acu maidir lena fhorbairt n\u00e1 paraim\u00e9adair eile, amhail aois, inscne, stair leighis, c\u00fais an ghalair, n\u00f3 a dhul chun cinn. Mar sin f\u00e9in, glacann an bheirt acu an c\u00f3gas c\u00e9anna toisc, go dt\u00ed seo, nach raibh na hacmhainn\u00ed ag an dream a thairgeann r\u00e9itigh chun c\u00f3ire\u00e1il dhifri\u00fail a chur ar an mbeirt seo.<\/p>\n<p>Is \u00e9 an ghn\u00e9 speisialta den fheiste Triomed Universal n\u00e1 go gcaitheann s\u00ed le gach duine ar bhealach difri\u00fail, a bhu\u00ed lena n-asta\u00edochta\u00ed in-cheangailte at\u00e1 sonrach do ghalair \u2013 mar shampla, an t-asta\u00edochta\u00ed speisialta Cairdeola\u00edochta \u2013 agus \u00ed ag comhord\u00fa leis an othar ag gach n\u00f3im\u00e9ad den ch\u00f3ire\u00e1il. Freagra\u00edonn minic\u00edocht an ast\u00f3ra cairdeola\u00edochta is f\u00e9idir a nascadh leis an Triomed Universal do mhinic\u00edocht shl\u00e1inti\u00fail an ch\u00f3rais chardashoith\u00edoch, agus cuireann na comhartha\u00ed f\u00edne\u00e1ilte seo an corp ar ais i dtreo feidhmi\u00fa sl\u00e1inti\u00fail. F\u00e1gann s\u00e9 seo go bhfuil an ch\u00f3ire\u00e1il uath\u00fail, ag oiri\u00fan\u00fa do na hathruithe at\u00e1 ag tarl\u00fa i gcorp an duine aonair agus ag sioncron\u00fa leis ag gach n\u00f3im\u00e9ad.<\/p>\n<div class=\"su-spoiler su-spoiler-style-defoult su-spoiler-icon-caret su-spoiler-closed\" data-scroll-offset=\"0\" data-anchor-in-url=\"no\"><div class=\"su-spoiler-title\" tabindex=\"0\" role=\"button\"><span class=\"su-spoiler-icon\"><\/span>Gach<\/div><div class=\"su-spoiler-content su-u-clearfix su-u-trim\">\n<p><strong>Bith-aiseolas i raon na minic\u00edochta raidi\u00f3!<\/strong><\/p>\n<p>Is \u00e9 an aireag\u00e1n nu\u00e1lach seo a fh\u00e1gann go bhfuil an raon seo de ghl\u00e9asanna chomh saini\u00fail agus chomh h\u00e9ifeachtach!<\/p>\n<p>Smaoinigh air sin: an bhfuil a fhios againn faoi aon ghl\u00e9as a riana\u00edonn gach gluaiseacht againn, a riala\u00edmid go huathoibr\u00edoch, neamhsple\u00e1ch ar \u00e1r gcomhfhios, agus a fh\u00e9adann \u2013 le bheith ionraic \u2013 sinn a mhealladh?<\/p>\n<p>Tagann an gl\u00e9as TRIOMED UNIVERSAL leis an bpac\u00e1iste bun\u00fasach le dh\u00e1 ast\u00f3ir \u00farscothacha, ar f\u00e9idir iad a \u00fas\u00e1id chun galair a ch\u00f3ire\u00e1il agus a chosc araon. Is f\u00e9idir leis an bhfeiste l\u00edon m\u00f3r cl\u00e1r agus fochl\u00e1r a ghn\u00edomhacht\u00fa \u2013 beagnach m\u00edle acu. Chuige sin, is f\u00e9idir an fheiste a leathn\u00fa le 11 cheann incheangailte de r\u00e9ir mar is g\u00e1, rud a chuireann gn\u00e9ithe agus cumais nua ar f\u00e1il don fheiste bhun\u00fasach. Uirlis den scoth do dhocht\u00fair\u00ed, d'institi\u00faid\u00ed c\u00faraim sl\u00e1inte agus do leigheas\u00f3ir\u00ed, chomh maith le breise\u00e1n foirfe do do ch\u00f3fra leigheasanna baile!<\/p>\n<p><strong>T\u00e1 s\u00e9 simpl\u00ed le h\u00fas\u00e1id, d\u00e9arf\u00e1: imirt p\u00e1iste!<\/strong><\/p>\n<p>Maidir le hanail\u00eds aicmithe, is gl\u00e9as leighis spreagtha leictreamaighn\u00e9adaigh ghn\u00edomhaigh \u00e9 an gl\u00e9as seo, at\u00e1 ceaptha chun coinn\u00edollacha paiteola\u00edocha a chosc agus a ch\u00f3ire\u00e1il tr\u00ed rada\u00edocht leictreamaighn\u00e9adach \u00edseald\u00e9ine, ardmhinic\u00edochta agus infridhearg (IR) a chur i bhfeidhm tr\u00ed dhromchla an chraicinn. Cuid\u00edonn s\u00e9 leis an bpr\u00f3iseas cneasaithe a luath\u00fa, leis an m\u00e9id c\u00f3gas a laghd\u00fa agus a fho-iarsma\u00ed, agus le tortha\u00ed clinici\u00fala dearfacha a bhaint amach i n-othair nach dtugann c\u00f3gas go maith leo. Is f\u00e9idir an gl\u00e9as a \u00fas\u00e1id in institi\u00faid\u00ed c\u00faraim sl\u00e1inte agus sa bhaile.<br \/>\nT\u00e1 \u00e9ifeachta\u00ed frith-athlastacha, analgaiseacha agus ata-laghdaitheacha ag an bhfeiste. L\u00e9ir\u00edtear \u00e9ifeachta\u00ed clinici\u00fala agus fiseola\u00edocha breise i bpr\u00f3isis athghini\u00fana ceall, i gcosc l\u00e1idir an choirp, in haemadainimic fheabhsaithe, i maol\u00fa struis agus i norm\u00e1l\u00fa an n\u00e9arch\u00f3rais fh\u00e9inriail.<\/p>\n<\/div><\/div>","protected":false},"excerpt":{"rendered":"<p>TRIOMED UNIVERSAL \u2013 A BETEGS\u00c9GEK SPECIALIST\u00c1JA Mi a gy\u00f3gyul\u00e1s kulcsa? Mi lenne a megold\u00e1s a sz\u00e1mtalan eg\u00e9szs\u00e9g\u00fcgyi probl\u00e9m\u00e1ra? A v\u00e1lasz egyszer\u0171, de a megold\u00e1s csak a mai modern, informatikai tal\u00e1lm\u00e1nyokkal b\u0151velked\u0151 vil\u00e1gunkban tudott megval\u00f3sulni, mikor is siker\u00fclt l\u00e9trehozni egy olyan szupergyors f\u00e9lvezet\u0151 SiGe alap\u00fa gener\u00e1tort, mely a sejtekkel, szervezettel azonos jeleket gener\u00e1l. Ennek az innov\u00e1ci\u00f3nak [&hellip;]<\/p>\n","protected":false},"featured_media":4715,"comment_status":"open","ping_status":"closed","template":"","meta":[],"product_brand":[],"product_cat":[34,32],"product_tag":[],"class_list":{"0":"post-4716","1":"product","2":"type-product","3":"status-publish","4":"has-post-thumbnail","6":"product_cat-keszulekek","7":"product_cat-triomed","9":"first","10":"instock","11":"taxable","12":"shipping-taxable","13":"purchasable","14":"product-type-simple"},"_links":{"self":[{"href":"https:\/\/vetomshop.hu\/ga\/wp-json\/wp\/v2\/product\/4716","targetHints":{"allow":["GET"]}}],"collection":[{"href":"https:\/\/vetomshop.hu\/ga\/wp-json\/wp\/v2\/product"}],"about":[{"href":"https:\/\/vetomshop.hu\/ga\/wp-json\/wp\/v2\/types\/product"}],"replies":[{"embeddable":true,"href":"https:\/\/vetomshop.hu\/ga\/wp-json\/wp\/v2\/comments?post=4716"}],"wp:featuredmedia":[{"embeddable":true,"href":"https:\/\/vetomshop.hu\/ga\/wp-json\/wp\/v2\/media\/4715"}],"wp:attachment":[{"href":"https:\/\/vetomshop.hu\/ga\/wp-json\/wp\/v2\/media?parent=4716"}],"wp:term":[{"taxonomy":"product_brand","embeddable":true,"href":"https:\/\/vetomshop.hu\/ga\/wp-json\/wp\/v2\/product_brand?post=4716"},{"taxonomy":"product_cat","embeddable":true,"href":"https:\/\/vetomshop.hu\/ga\/wp-json\/wp\/v2\/product_cat?post=4716"},{"taxonomy":"product_tag","embeddable":true,"href":"https:\/\/vetomshop.hu\/ga\/wp-json\/wp\/v2\/product_tag?post=4716"}],"curies":[{"name":"uair an chloig","href":"https:\/\/api.w.org\/{rel}","templated":true}]}}