{"id":4722,"date":"2023-11-11T14:33:56","date_gmt":"2023-11-11T13:33:56","guid":{"rendered":"https:\/\/vetomshop.hu\/termek\/egeszseges-vese-jelado\/"},"modified":"2023-11-11T14:33:56","modified_gmt":"2023-11-11T13:33:56","slug":"egeszseges-vese-jelado","status":"publish","type":"product","link":"https:\/\/vetomshop.hu\/ga\/product\/egeszseges-vese-jelado\/","title":{"rendered":"Comhartha du\u00e1in shl\u00e1inti\u00fail"},"content":{"rendered":"<h4>Du\u00e1in shl\u00e1inti\u00fala rada\u00edochta 15 uimh.<\/h4>\n<p>Is \u00e9 11 n\u00f3im\u00e9ad am oibri\u00fach\u00e1in an radaitheora.<br \/>\nFreagra\u00edonn s\u00e9 do mhinic\u00edocht f\u00edoch\u00e1n na du\u00e1in agus an chonair fuail.<\/p>\n<p>Moltar a \u00fas\u00e1id chun galair du\u00e1in agus galair an chonair fuail a chosc agus a ch\u00f3ire\u00e1il chomhl\u00e1ntach.<br \/>\nFeabhsa\u00edonn s\u00e9 scaipeadh fola agus pr\u00f3isis meitibileach sna neifr\u00f3in (aonaid fheidhmi\u00fala na du\u00e1in) agus sa chonair fuail.<\/p>\n<ul>\n<li>Feabhsa\u00edonn s\u00e9 athions\u00fa, scagadh, sint\u00e9isi\u00fa, rial\u00e1il ian, d\u00edthocsaini\u00fa agus pr\u00f3isis meitibileach na du\u00e1in.<\/li>\n<li>Spreagann s\u00e9 pr\u00f3isis athghini\u00fana agus deisi\u00fach\u00e1in f\u00edoch\u00e1n na du\u00e1in agus an chonair fuail.<\/li>\n<li>\u00c9ifeacht fhrithspasmach.<\/li>\n<li>\u00c9ifeacht analgesic.<\/li>\n<li>\u00c9ifeacht frith-athlastach.<\/li>\n<li>Coscann s\u00e9 loit sclerotic.<\/li>\n<\/ul>\n<p>Moltar a chur i bhfeidhm ar phoint\u00ed agus ar chriosanna at\u00e1 gn\u00edomhach \u00f3 thaobh na bitheola\u00edochta de.<\/p>\n<div class=\"su-spoiler su-spoiler-style-defoult su-spoiler-icon-caret su-spoiler-closed\" data-scroll-offset=\"0\" data-anchor-in-url=\"no\"><div class=\"su-spoiler-title\" tabindex=\"0\" role=\"button\"><span class=\"su-spoiler-icon\"><\/span>Gach<\/div><div class=\"su-spoiler-content su-u-clearfix su-u-trim\">\n<p>Moltar an radaitheoir chun na galair seo a leanas a chosc agus a ch\u00f3ire\u00e1il bhreise:<\/p>\n<ul>\n<li>neifr\u00edteas g\u00e9armh\u00edochaine agus ainsealach, cist\u00edteas, galair athlastacha an chonair fuail,<\/li>\n<li>neamhoird meitibileach (lena n-\u00e1ir\u00edtear foirmi\u00fa clocha du\u00e1in),<\/li>\n<li>i ngalair uath-imdh\u00edonachta \u2013 nuair a dh\u00e9antar dam\u00e1iste do na du\u00e1in freisin, chomh maith le galar uath-imdh\u00edonachta du\u00e1in,<\/li>\n<li>i gc\u00e1s galar du\u00e1in de bharr substaint\u00ed tocsaineacha<\/li>\n<\/ul>\n<\/div><\/div>","protected":false},"excerpt":{"rendered":"<p>Eg\u00e9szs\u00e9ges vese sug\u00e1rz\u00f3 15 sz. A sug\u00e1rz\u00f3 m\u0171k\u00f6d\u00e9si ideje 11 perc Megfelel a vesesz\u00f6vet \u00e9s a h\u00fagyutak frekvenci\u00e1j\u00e1nak. Alkalmaz\u00e1sa javasolt a vesebetegs\u00e9gek \u00e9s a h\u00fagyutak megbeteged\u00e9seinek megel\u0151z\u00e9s\u00e9ben \u00e9s kieg\u00e9sz\u00edt\u0151 kezel\u00e9s\u00e9ben Jav\u00edtja a nefronok (a vese funkcion\u00e1lis egys\u00e9geinek) \u00e9s a h\u00fagyutak v\u00e9rkering\u00e9s\u00e9t \u00e9s anyagcsere folyamatait. Jav\u00edtja a vese reabszorbci\u00f3s, filtr\u00e1ci\u00f3s, szintetikus, ionszab\u00e1lyz\u00f3, m\u00e9regtelen\u00edt\u0151 \u00e9s metabolikus folyamatait. [&hellip;]<\/p>\n","protected":false},"featured_media":4721,"comment_status":"open","ping_status":"closed","template":"","meta":[],"product_brand":[],"product_cat":[35,32],"product_tag":[],"class_list":{"0":"post-4722","1":"product","2":"type-product","3":"status-publish","4":"has-post-thumbnail","6":"product_cat-csatlakoztathato-jeladok","7":"product_cat-triomed","9":"first","10":"instock","11":"taxable","12":"shipping-taxable","13":"purchasable","14":"product-type-simple"},"_links":{"self":[{"href":"https:\/\/vetomshop.hu\/ga\/wp-json\/wp\/v2\/product\/4722","targetHints":{"allow":["GET"]}}],"collection":[{"href":"https:\/\/vetomshop.hu\/ga\/wp-json\/wp\/v2\/product"}],"about":[{"href":"https:\/\/vetomshop.hu\/ga\/wp-json\/wp\/v2\/types\/product"}],"replies":[{"embeddable":true,"href":"https:\/\/vetomshop.hu\/ga\/wp-json\/wp\/v2\/comments?post=4722"}],"wp:featuredmedia":[{"embeddable":true,"href":"https:\/\/vetomshop.hu\/ga\/wp-json\/wp\/v2\/media\/4721"}],"wp:attachment":[{"href":"https:\/\/vetomshop.hu\/ga\/wp-json\/wp\/v2\/media?parent=4722"}],"wp:term":[{"taxonomy":"product_brand","embeddable":true,"href":"https:\/\/vetomshop.hu\/ga\/wp-json\/wp\/v2\/product_brand?post=4722"},{"taxonomy":"product_cat","embeddable":true,"href":"https:\/\/vetomshop.hu\/ga\/wp-json\/wp\/v2\/product_cat?post=4722"},{"taxonomy":"product_tag","embeddable":true,"href":"https:\/\/vetomshop.hu\/ga\/wp-json\/wp\/v2\/product_tag?post=4722"}],"curies":[{"name":"uair an chloig","href":"https:\/\/api.w.org\/{rel}","templated":true}]}}