{"id":4724,"date":"2023-11-11T14:33:57","date_gmt":"2023-11-11T13:33:57","guid":{"rendered":"https:\/\/vetomshop.hu\/termek\/gyulladascsokkento-jelado\/"},"modified":"2023-11-11T14:33:57","modified_gmt":"2023-11-11T13:33:57","slug":"gyulladascsokkento-jelado","status":"publish","type":"product","link":"https:\/\/vetomshop.hu\/ga\/product\/gyulladascsokkento-jelado\/","title":{"rendered":"Comhartha frith-athlastach"},"content":{"rendered":"<h4>Radaitheoir frith-athlastach, Uimh. 26.<\/h4>\n<p>Am oibri\u00fach\u00e1in: 13 n\u00f3im\u00e9ad<\/p>\n<p><strong>Iarmhairt:<\/strong><\/p>\n<p>B\u00edonn tionchar aige ar an gc\u00f3ras imdh\u00edonachta, meaitse\u00e1lann a chreathadh le minic\u00edocht an ch\u00f3rais iml\u00edneach, chomh maith le roinnt strucht\u00far den ch\u00f3ras nearbhach uathrialach (na slabhra\u00ed iml\u00edneacha, m\u00edreacha, agus formh\u00edreacha).<\/p>\n<ul>\n<li>Feabhsa\u00edonn s\u00e9 an c\u00farsa\u00edocht limfeach,<\/li>\n<li>c\u00e1il\u00edocht na limfic\u00edt\u00ed,<\/li>\n<li>luatha\u00edonn s\u00e9 an baint substaint\u00ed tocsaineacha as an sreabh\u00e1n idircheallach,<\/li>\n<li>luasann s\u00e9 cneas\u00fa cr\u00e9achta\u00ed agus athghini\u00faint ceall agus f\u00edoch\u00e1n,<\/li>\n<li>Cuireann s\u00e9 d\u00edthocsaini\u00fa na colainne chun cinn,<\/li>\n<li>T\u00e1 \u00e9ifeacht aige a choisceann oideam.,<\/li>\n<li>\u00e9ifeacht faoisimh pian,<\/li>\n<li>\u00e9ifeacht neartaithe ar an gc\u00f3ras imdh\u00edonachta,<\/li>\n<li>\u00e9ifeacht frith-athlastach,<\/li>\n<li>baineann s\u00e9 an coilmni\u00fa de,<\/li>\n<li>gn\u00edomha\u00edonn feidhm smior cn\u00e1mh,<\/li>\n<li>M\u00e9ada\u00edonn s\u00e9 frithsheasmhacht an choirp,<\/li>\n<li>strucht\u00fair uisce.<\/li>\n<\/ul>\n<div class=\"su-spoiler su-spoiler-style-defoult su-spoiler-icon-caret su-spoiler-closed\" data-scroll-offset=\"0\" data-anchor-in-url=\"no\"><div class=\"su-spoiler-title\" tabindex=\"0\" role=\"button\"><span class=\"su-spoiler-icon\"><\/span>Gach<\/div><div class=\"su-spoiler-content su-u-clearfix su-u-trim\">\n<p>R\u00e9ims\u00ed feidhme molta: criosanna limfeacha ar dhromchla an chraicinn, asr\u00f3da na n\u00f3id limfeacha, dromchla\u00ed cr\u00e9achta, point\u00ed bithghn\u00edomhacha (BAPanna).<\/p>\n<p>Infheidhme:<\/p>\n<ul>\n<li>i nd\u00edthocsaini\u00fa an choirp<\/li>\n<li>luath\u00fa na bpr\u00f3iseas athghini\u00fana tar \u00e9is m\u00e1inliachta n\u00f3 bristeadh cn\u00e1mh<\/li>\n<li>Normal\u00fa comhaireamh fola tar \u00e9is ceimiteiripe agus radaiteiripe<\/li>\n<li>le linn athshl\u00e1naithe i ndiaidh breoiteachta thromch\u00fais\u00ed n\u00f3 dian-iarrachta coirp<\/li>\n<li>Rial\u00e1il an ch\u00f3rais imdh\u00edonachta i ng\u00e9arthinnis agus i dtinneas ainsealach<\/li>\n<li>i gc\u00e1sanna de mhoilli\u00fa ar an gciorla\u00edocht limfeach de bharr c\u00faiseanna \u00e9ags\u00fala (lena n-\u00e1ir\u00edtear oideam) agus pr\u00f3isis athlastacha<\/li>\n<li>i gcosmaid\u00ed: ag feabhs\u00fa an tsrutha limfeach sa chraiceann<\/li>\n<li>baint den meisce de bharr c\u00faiseanna \u00e9ags\u00fala (alc\u00f3l, druga\u00ed, bia, ceimice\u00e1in, tinneas tromch\u00faiseach)<\/li>\n<li>frithghn\u00edomhartha aill\u00e9irgeacha.<\/li>\n<\/ul>\n<\/div><\/div>","protected":false},"excerpt":{"rendered":"<p>Gyullad\u00e1scs\u00f6kkent\u0151 sug\u00e1rz\u00f3, 26. sz. M\u0171k\u00f6d\u00e9s\u00e9nek ideje: 13 perc Hat\u00e1sa: Hat az immunrendszerre, rezg\u00e9se megegyezik a nyirokrendszer frekvenci\u00e1j\u00e1val, valamint a vegetat\u00edv idegrendszer n\u00e9h\u00e1ny strukt\u00far\u00e1j\u00e1val (perif\u00e9ri\u00e1s, szegment\u00e1lis, szegmens feletti l\u00e1ncok). Jav\u00edtja a nyirokkering\u00e9st, a limfocit\u00e1k min\u0151s\u00e9g\u00e9t, gyors\u00edtja a toxikus anyagok ki\u00fcr\u00edt\u00e9s\u00e9t a sejtk\u00f6zti folyad\u00e9kb\u00f3l, gyors\u00edtja a sebek begy\u00f3gyul\u00e1s\u00e1t, a sejtek \u00e9s sz\u00f6vetek regener\u00e1l\u00f3d\u00e1s\u00e1t, el\u0151seg\u00edti a szervezet m\u00e9regtelen\u00edt\u00e9s\u00e9t, [&hellip;]<\/p>\n","protected":false},"featured_media":4723,"comment_status":"open","ping_status":"closed","template":"","meta":[],"product_brand":[],"product_cat":[35,32],"product_tag":[],"class_list":{"0":"post-4724","1":"product","2":"type-product","3":"status-publish","4":"has-post-thumbnail","6":"product_cat-csatlakoztathato-jeladok","7":"product_cat-triomed","9":"first","10":"instock","11":"taxable","12":"shipping-taxable","13":"purchasable","14":"product-type-simple"},"_links":{"self":[{"href":"https:\/\/vetomshop.hu\/ga\/wp-json\/wp\/v2\/product\/4724","targetHints":{"allow":["GET"]}}],"collection":[{"href":"https:\/\/vetomshop.hu\/ga\/wp-json\/wp\/v2\/product"}],"about":[{"href":"https:\/\/vetomshop.hu\/ga\/wp-json\/wp\/v2\/types\/product"}],"replies":[{"embeddable":true,"href":"https:\/\/vetomshop.hu\/ga\/wp-json\/wp\/v2\/comments?post=4724"}],"wp:featuredmedia":[{"embeddable":true,"href":"https:\/\/vetomshop.hu\/ga\/wp-json\/wp\/v2\/media\/4723"}],"wp:attachment":[{"href":"https:\/\/vetomshop.hu\/ga\/wp-json\/wp\/v2\/media?parent=4724"}],"wp:term":[{"taxonomy":"product_brand","embeddable":true,"href":"https:\/\/vetomshop.hu\/ga\/wp-json\/wp\/v2\/product_brand?post=4724"},{"taxonomy":"product_cat","embeddable":true,"href":"https:\/\/vetomshop.hu\/ga\/wp-json\/wp\/v2\/product_cat?post=4724"},{"taxonomy":"product_tag","embeddable":true,"href":"https:\/\/vetomshop.hu\/ga\/wp-json\/wp\/v2\/product_tag?post=4724"}],"curies":[{"name":"uair an chloig","href":"https:\/\/api.w.org\/{rel}","templated":true}]}}