{"id":4728,"date":"2023-11-11T14:33:58","date_gmt":"2023-11-11T13:33:58","guid":{"rendered":"https:\/\/vetomshop.hu\/termek\/kardiologiai-jelado\/"},"modified":"2023-11-11T14:33:58","modified_gmt":"2023-11-11T13:33:58","slug":"kardiologiai-jelado","status":"publish","type":"product","link":"https:\/\/vetomshop.hu\/ga\/product\/kardiologiai-jelado\/","title":{"rendered":"Tarchurad\u00f3ir cairdeola\u00edochta"},"content":{"rendered":"<h4>Raid\u00e9ad\u00f3ir cairdeola\u00edochta Uimh. 12<\/h4>\n<p>Am oibri\u00fach\u00e1in: 12 n\u00f3im\u00e9ad.<\/p>\n<p>Freagra\u00edonn minic\u00edocht an radaitheora chairdeola\u00edoch do mhinic\u00edocht an ch\u00f3rais chairdascairdeola\u00edoch. Is f\u00e9idir \u00e9 a \u00fas\u00e1id mar theiripe chomhl\u00e1ntach n\u00f3 chun cr\u00edocha coisctheacha.<\/p>\n<p><strong>Cuireann s\u00e9 chun cinn:<\/strong><\/p>\n<ul>\n<li>feidhmi\u00fa mhat\u00e1n an chro\u00ed,<\/li>\n<li>feabhas a chur ar shreabthacht an chro\u00ed,<\/li>\n<li>l\u00e1ntacht an chro\u00ed-bhuille,<\/li>\n<li>sreabhadh fola m\u00e9adaithe,<\/li>\n<li>feabhas a chur ar ch\u00e1il\u00edocht mhat\u00e1n an chro\u00ed,<\/li>\n<li>feabhas ar an micreashruth\u00fa,<\/li>\n<li>laghd\u00fa ar mhinic\u00edocht an aing\u00edne pheictrigh (galar na gcor\u00f3nach).<\/li>\n<\/ul>\n<div class=\"su-spoiler su-spoiler-style-defoult su-spoiler-icon-caret su-spoiler-closed\" data-scroll-offset=\"0\" data-anchor-in-url=\"no\"><div class=\"su-spoiler-title\" tabindex=\"0\" role=\"button\"><span class=\"su-spoiler-icon\"><\/span>Gach<\/div><div class=\"su-spoiler-content su-u-clearfix su-u-trim\">\n<strong>Is f\u00e9idir \u00e9 a \u00fas\u00e1id mar theiripe chomhl\u00e1ntach do na riochta\u00ed seo a leanas:<\/strong><\/p>\n<ul>\n<li>Galar isc\u00e9imeach cro\u00ed (lena n-\u00e1ir\u00edtear stenocardia),<\/li>\n<li>i gc\u00f3ire\u00e1il leantach taomanna cro\u00ed,<\/li>\n<li>i gc\u00e1s arraitmia chairdiach,<\/li>\n<li>i ngach galar a th\u00e9ann i bhfeidhm ar mhat\u00e1n an chro\u00ed agus ar an endocairdiach,<\/li>\n<li>i gc\u00e1sanna hipirtheannais artaireach (gach cine\u00e1l),<\/li>\n<li>i gc\u00e1sanna le leibh\u00e9il arda colaist\u00e9ar\u00f3il agus dl\u00fas \u00edseal agus aitearascle\u00f3is sna soith\u00ed fola.<\/li>\n<\/ul>\n<\/div><\/div>","protected":false},"excerpt":{"rendered":"<p>Kardiol\u00f3giai sug\u00e1rz\u00f3 \u211612 M\u0171k\u00f6d\u00e9si ideje12 perc. A kardiol\u00f3giai sug\u00e1rz\u00f3 frekvenci\u00e1ja a sz\u00edv- \u00e9s \u00e9rrendszer frekvenci\u00e1j\u00e1nak felel meg. Alkalmazhat\u00f3 kieg\u00e9sz\u00edt\u0151 ter\u00e1piak\u00e9nt, vagy megel\u0151z\u00e9s c\u00e9lj\u00e1b\u00f3l. El\u0151seg\u00edti: a sz\u00edvizom m\u0171k\u00f6d\u00e9s\u00e9t, a sz\u00edv \u00e1tereszt\u0151k\u00e9pess\u00e9g\u00e9nek jav\u00edt\u00e1s\u00e1t, a sz\u00edv dobog\u00e1s\u00e1nak teljess\u00e9g\u00e9t, a v\u00e9rkil\u00f6k\u0151d\u00e9s fokoz\u00e1s\u00e1t, a sz\u00edvizom min\u0151s\u00e9g\u00e9nek jav\u00edt\u00e1s\u00e1t, a mikrokering\u00e9s jav\u00edt\u00e1s\u00e1t, az \u00e9rg\u00f6rcs\u00f6k (sz\u00edvkoszor\u00fa\u00e9r) el\u0151fordul\u00e1s\u00e1nak cs\u00f6kken\u00e9s\u00e9t.<\/p>","protected":false},"featured_media":4727,"comment_status":"open","ping_status":"closed","template":"","meta":[],"product_brand":[],"product_cat":[35,32],"product_tag":[],"class_list":{"0":"post-4728","1":"product","2":"type-product","3":"status-publish","4":"has-post-thumbnail","6":"product_cat-csatlakoztathato-jeladok","7":"product_cat-triomed","9":"first","10":"instock","11":"taxable","12":"shipping-taxable","13":"purchasable","14":"product-type-simple"},"_links":{"self":[{"href":"https:\/\/vetomshop.hu\/ga\/wp-json\/wp\/v2\/product\/4728","targetHints":{"allow":["GET"]}}],"collection":[{"href":"https:\/\/vetomshop.hu\/ga\/wp-json\/wp\/v2\/product"}],"about":[{"href":"https:\/\/vetomshop.hu\/ga\/wp-json\/wp\/v2\/types\/product"}],"replies":[{"embeddable":true,"href":"https:\/\/vetomshop.hu\/ga\/wp-json\/wp\/v2\/comments?post=4728"}],"wp:featuredmedia":[{"embeddable":true,"href":"https:\/\/vetomshop.hu\/ga\/wp-json\/wp\/v2\/media\/4727"}],"wp:attachment":[{"href":"https:\/\/vetomshop.hu\/ga\/wp-json\/wp\/v2\/media?parent=4728"}],"wp:term":[{"taxonomy":"product_brand","embeddable":true,"href":"https:\/\/vetomshop.hu\/ga\/wp-json\/wp\/v2\/product_brand?post=4728"},{"taxonomy":"product_cat","embeddable":true,"href":"https:\/\/vetomshop.hu\/ga\/wp-json\/wp\/v2\/product_cat?post=4728"},{"taxonomy":"product_tag","embeddable":true,"href":"https:\/\/vetomshop.hu\/ga\/wp-json\/wp\/v2\/product_tag?post=4728"}],"curies":[{"name":"uair an chloig","href":"https:\/\/api.w.org\/{rel}","templated":true}]}}