{"id":4730,"date":"2023-11-11T14:33:58","date_gmt":"2023-11-11T13:33:58","guid":{"rendered":"https:\/\/vetomshop.hu\/termek\/oxigenizalo-jelado\/"},"modified":"2023-11-11T14:33:58","modified_gmt":"2023-11-11T13:33:58","slug":"oxigenizalo-jelado","status":"publish","type":"product","link":"https:\/\/vetomshop.hu\/ga\/product\/oxigenizalo-jelado\/","title":{"rendered":"Braiteoir ocsaiginithe"},"content":{"rendered":"<h4>Eisitheoir ocsaigine, Uimh. 11.<\/h4>\n<p><strong>Uaireanta oibre:<\/strong> Deich n\u00f3im\u00e9ad.<\/p>\n<p>Freagra\u00edonn an tonnfhad do mhinic\u00edochta\u00ed an tslabhra riospr\u00e1ide (haemoglobin san fhuil, mitichondria, eins\u00edm\u00ed), ag feabhs\u00fa iompar agus \u00fas\u00e1id ocsaigine, ag m\u00e9ad\u00fa sint\u00e9is ATP agus ag cur le riospr\u00e1id cheallach sa fh\u00edoch\u00e1n. Freagra\u00edonn an mhinic\u00edocht \u00edseal do mhinic\u00edocht an ch\u00f3rais imdh\u00edonachta.<\/p>\n<ul>\n<li>Feabhsa\u00edonn s\u00e9 an micrishleamhn\u00fa,<\/li>\n<li>T\u00e1 \u00e9ifeacht imdh\u00edon-mhodhnaitheach aige,<\/li>\n<li>Laghda\u00edonn s\u00e9 easpa ocsaigine sna f\u00edoch\u00e1in, saibhr\u00edonn s\u00e9 na f\u00edoch\u00e1in le hocsaigin, t\u00e1 \u00e9ifeacht d\u00edsceide\u00e1la aige (coisceann s\u00e9 ar \u00e9iritreasc\u00f3it\u00edt\u00ed agus ar chealla fola eile cnap\u00e1il le ch\u00e9ile), laghda\u00edonn s\u00e9 t\u00e9achtadh fola,<\/li>\n<li>Cuireann s\u00e9 le cneas\u00fa cr\u00e9achta\u00ed,<\/li>\n<li>Cuid\u00edonn le coilm a laghd\u00fa,<\/li>\n<li>\u00c9ifeacht faoisimh pian,<\/li>\n<li>Cuireann s\u00e9 d\u00edthocsaini\u00fa an choirp chun cinn,<\/li>\n<li>\u00c9ifeacht frithspasmach,<\/li>\n<li>Cuireann s\u00e9 foirmi\u00fa fola chun cinn, d\u00e9anann s\u00e9 an comhaireamh fola a normal\u00fa,<\/li>\n<li>feabhsa\u00edonn micrishleamhn\u00fa,<\/li>\n<li>T\u00e1 \u00e9ifeacht imdh\u00edon-mhodhnaitheach aige,<\/li>\n<li>Laghda\u00edonn s\u00e9 easpa ocsaigine sna f\u00edoch\u00e1in, saibhr\u00edonn s\u00e9 na f\u00edoch\u00e1in le hocsaigin,<\/li>\n<li>B\u00edonn \u00e9ifeacht dh\u00edsceide\u00e1la aige (coisceann s\u00e9 ar \u00e9iritreasc\u00f3it\u00edt\u00ed agus ar chealla fola eile cnap\u00e1il le ch\u00e9ile), laghda\u00edonn s\u00e9 t\u00e9achtadh fola,<\/li>\n<li>Cuireann s\u00e9 le cneas\u00fa cr\u00e9achta\u00ed,<\/li>\n<li>Cuid\u00edonn le coilm a laghd\u00fa,<\/li>\n<li>\u00c9ifeacht faoisimh pian,<\/li>\n<li>Cuireann s\u00e9 d\u00edthocsaini\u00fa an choirp chun cinn,<\/li>\n<li>\u00c9ifeacht frithspasmach,<\/li>\n<li>Cuireann s\u00e9 foirmi\u00fa fola chun cinn, d\u00e9anann s\u00e9 an comhaireamh fola a normal\u00fa,<\/li>\n<li>\u00c9ifeacht athnuachana,<\/li>\n<li>Strucht\u00farann an t-uisce.<\/li>\n<\/ul>\n<div class=\"su-spoiler su-spoiler-style-defoult su-spoiler-icon-caret su-spoiler-closed\" data-scroll-offset=\"0\" data-anchor-in-url=\"no\"><div class=\"su-spoiler-title\" tabindex=\"0\" role=\"button\"><span class=\"su-spoiler-icon\"><\/span>Gach<\/div><div class=\"su-spoiler-content su-u-clearfix su-u-trim\">\n<p>R\u00e9imse feidhme molta: soith\u00ed m\u00f3ra fola \u2013 f\u00e9itheanna, artair\u00ed, point\u00ed bitheola\u00edoch gn\u00edomhacha.<\/p>\n<p><strong>Infheidhme:<\/strong><\/p>\n<ul>\n<li>an c\u00f3ras imdh\u00edonachta a normal\u00fa i ng\u00e9arthinnis agus i dtinneas ainsealach,<\/li>\n<li>feabhas ar an bhfoll\u00e1ine ghinear\u00e1lta, ar an seasmhacht, agus ar an gcomhchruinni\u00fa le linn d\u00fashl\u00e1in fhisici\u00fala agus mheabhracha,<\/li>\n<li>cosc ar thaomanna cro\u00ed agus str\u00f3canna,<\/li>\n<li>iar-ch\u00f3ire\u00e1il ar thaomanna cro\u00ed agus str\u00f3canna,<\/li>\n<li>luath\u00fa na bpr\u00f3iseas athghini\u00fana,<\/li>\n<li>c\u00f3ire\u00e1il ar ghortuithe agus ar chreim\u00edn\u00ed iarchliseacha,<\/li>\n<li>c\u00f3ire\u00e1il bristeacha\u00ed,<\/li>\n<li>normal\u00fa comhairimh fola,<\/li>\n<li>tar \u00e9is teiripe rada\u00edochta,<\/li>\n<li>athshl\u00e1n\u00fa i ndiaidh breoiteachta thromch\u00fais\u00ed agus oibre crua fhisici\u00fala,<\/li>\n<li>spreagann s\u00e9 c\u00farsa\u00edocht fola san inchinn,2<\/li>\n<li>i gcosmaid\u00ed: cabhra\u00edonn s\u00e9 le hions\u00fa cothaitheach ag an gcraiceann,<\/li>\n<li>do l\u00fathchleasaithe: m\u00e9ada\u00edonn s\u00e9 seasmhacht,<\/li>\n<li>cuireann s\u00e9 c\u00fanamh ar f\u00e1il le foghlaim do ph\u00e1ist\u00ed scoile agus do mhic l\u00e9inn,<\/li>\n<li>chun cosaint a thabhairt in aghaidh na n-\u00e9ifeachta\u00ed d\u00edobh\u00e1lacha a bhaineann le r\u00edomhair\u00ed,<\/li>\n<li>i gc\u00f3ire\u00e1il strus agus an tsiondr\u00f3im tuirse ainseala\u00ed,<\/li>\n<li>i r\u00e9imse na gcosmaid\u00ed, chun riocht an chraicinn a fheabhs\u00fa,<\/li>\n<li>c\u00f3ire\u00e1il n\u00f3 coisc ar ghalair ainmhithe<\/li>\n<\/ul>\n<\/div><\/div>","protected":false},"excerpt":{"rendered":"<p>Oxig\u00e9n sug\u00e1rz\u00f3, 11. sz. M\u0171k\u00f6d\u00e9si ideje: 10 perc. A hull\u00e1mhossz megfelel a l\u00e9gz\u00e9si l\u00e1nc frekvenci\u00e1inak (a v\u00e9r hemoglobinja, mitokondriumok, fermentumok), javul az oxig\u00e9n sz\u00e1ll\u00edt\u00e1sa \u00e9s hasznos\u00edt\u00e1sa, n\u00f6vekszik ATP-szint\u00e9zis, el\u0151seg\u00edti a sz\u00f6vetben a sejtek l\u00e9gz\u00e9s\u00e9t. Az alacsony frekvencia megfelel az immunrendszer frekvenci\u00e1j\u00e1nak. Jav\u00edtja a mikrokering\u00e9st, Immun-modul\u00e1ci\u00f3s hat\u00e1sa van, Cs\u00f6kkenti az oxig\u00e9nhi\u00e1nyt a sz\u00f6vetekben, oxig\u00e9nnel d\u00fas\u00edtja a [&hellip;]<\/p>\n","protected":false},"featured_media":4729,"comment_status":"open","ping_status":"closed","template":"","meta":[],"product_brand":[],"product_cat":[35,32],"product_tag":[],"class_list":{"0":"post-4730","1":"product","2":"type-product","3":"status-publish","4":"has-post-thumbnail","6":"product_cat-csatlakoztathato-jeladok","7":"product_cat-triomed","9":"first","10":"instock","11":"taxable","12":"shipping-taxable","13":"purchasable","14":"product-type-simple"},"_links":{"self":[{"href":"https:\/\/vetomshop.hu\/ga\/wp-json\/wp\/v2\/product\/4730","targetHints":{"allow":["GET"]}}],"collection":[{"href":"https:\/\/vetomshop.hu\/ga\/wp-json\/wp\/v2\/product"}],"about":[{"href":"https:\/\/vetomshop.hu\/ga\/wp-json\/wp\/v2\/types\/product"}],"replies":[{"embeddable":true,"href":"https:\/\/vetomshop.hu\/ga\/wp-json\/wp\/v2\/comments?post=4730"}],"wp:featuredmedia":[{"embeddable":true,"href":"https:\/\/vetomshop.hu\/ga\/wp-json\/wp\/v2\/media\/4729"}],"wp:attachment":[{"href":"https:\/\/vetomshop.hu\/ga\/wp-json\/wp\/v2\/media?parent=4730"}],"wp:term":[{"taxonomy":"product_brand","embeddable":true,"href":"https:\/\/vetomshop.hu\/ga\/wp-json\/wp\/v2\/product_brand?post=4730"},{"taxonomy":"product_cat","embeddable":true,"href":"https:\/\/vetomshop.hu\/ga\/wp-json\/wp\/v2\/product_cat?post=4730"},{"taxonomy":"product_tag","embeddable":true,"href":"https:\/\/vetomshop.hu\/ga\/wp-json\/wp\/v2\/product_tag?post=4730"}],"curies":[{"name":"uair an chloig","href":"https:\/\/api.w.org\/{rel}","templated":true}]}}