{"id":4732,"date":"2023-11-11T14:33:59","date_gmt":"2023-11-11T13:33:59","guid":{"rendered":"https:\/\/vetomshop.hu\/termek\/specialis-111-es-jelado\/"},"modified":"2024-07-31T10:25:20","modified_gmt":"2024-07-31T08:25:20","slug":"specialis-111-es-jelado","status":"publish","type":"product","link":"https:\/\/vetomshop.hu\/ga\/product\/specialis-111-es-jelado\/","title":{"rendered":"Tarchurad\u00f3ir speisialta 111"},"content":{"rendered":"<h4>Tarchurad\u00f3ir speisialta faisn\u00e9ise 111<\/h4>\n<p><strong>Am oibri\u00fach\u00e1in an radaitheora:<\/strong> 15 soicind<\/p>\n<p>Cusp\u00f3ir: faisn\u00e9is a \u201ethaifeadadh\u201d (speictream na dtonnta leictreamaighn\u00e9adacha de raon ar leith) agus \u00ed a \u201eaistri\u00fa\u201d chuig iompr\u00f3ir faisn\u00e9ise roghnaithe (e.g. uisce) n\u00f3 crios bitheola\u00edoch gn\u00edomhach chun c\u00falchist\u00ed feidhmi\u00fala a optam\u00fa agus cumas oiri\u00fanaithe an choirp a mh\u00e9ad\u00fa, a ndearna drochthionchair chomhshaoil dochar d\u00f3, galar n\u00f3 c\u00faiseanna eile.<\/p>\n<p>Chun an fhaisn\u00e9is a \u201eghlacadh\u201d, ceangail an t-astaire 111 leis an ngl\u00e9as Triomed, tabhair a dhromchla m\u00edn gar don r\u00e9ad, agus ansin br\u00faigh an cnaipe \u201eTosaigh\u201d. Tos\u00f3idh an comhaireamh s\u00edos \u2013 15 soicind. N\u00edor cheart duit an t-astaire a bhaint den r\u00e9ad go dt\u00ed go mbeidh an t-am cl\u00e1raithe caite. Le linn an ama seo, \u201es\u00e1bh\u00e1iltear\u201d faisn\u00e9is an oibiachta ar an ast\u00f3ir, \u00e1it a fhanann s\u00ed gan athr\u00fa go dt\u00ed go nascfar an t-ast\u00f3ir le foinse cumhachta an fheiste (go dt\u00ed go gcuirtear an fheiste i ngn\u00edomh).<\/p>\n<div class=\"su-spoiler su-spoiler-style-defoult su-spoiler-icon-caret su-spoiler-closed\" data-scroll-offset=\"0\" data-anchor-in-url=\"no\"><div class=\"su-spoiler-title\" tabindex=\"0\" role=\"button\"><span class=\"su-spoiler-icon\"><\/span>Gach<\/div><div class=\"su-spoiler-content su-u-clearfix su-u-trim\">\nChun an fhaisn\u00e9is a \u201eaistri\u00fa\u201d chuig an uisce, cuir an radaitheoir chomh gar don uisce agus is f\u00e9idir (n\u00edor cheart go mbeadh an ghloine n\u00edos tibhe n\u00e1 2 mm) agus cinntigh go bhfuil dromchla an uisce n\u00edos airde n\u00e1 an fh\u00e1inne uachtarach den radaitheoir. Ba ch\u00f3ir go mbeadh an t-uisce glan agus saor \u00f3 dh\u00e9-ocsa\u00edd charb\u00f3in agus \u00f3 bhreise\u00e1in eile. \u00d3l c\u00fapla sips\u00edn den uisce \u201eeolais\u201d ullmhaithe l\u00e1ithreach, sula nd\u00e9antar \u00e9 a dhoirteadh i gcoime\u00e1d\u00e1n eile n\u00f3 a st\u00f3r\u00e1il ar feadh tr\u00e9imhse n\u00edos faide.<\/p>\n<p>M\u00e1s mian leat an comhartha a taifeadadh ar dt\u00fas a choinne\u00e1il ar feadh tr\u00e9imhse fada agus nascadh de thaisme leis an ngl\u00e9as Triomed a chosc, cuir comhartha saini\u00fail \u00e9igin ar an tarchurad\u00f3ir.<br \/>\n<\/div><\/div>","protected":false},"excerpt":{"rendered":"<p>Speci\u00e1lis 111 sz. inform\u00e1ci\u00f3t r\u00f6gz\u00edt\u0151 sug\u00e1rz\u00f3 A sug\u00e1rz\u00f3 m\u0171k\u00f6d\u00e9si ideje: 15 mp Rendeltet\u00e9se: az inform\u00e1ci\u00f3 (az adott tartom\u00e1ny elektrom\u00e1gneses hull\u00e1mspektrum\u00e1nak) \u201er\u00f6gz\u00edt\u00e9se\u201d, valamint \u201e\u00e1tvitele\u201d a kiv\u00e1lasztott inform\u00e1ci\u00f3hordoz\u00f3ra (pl. v\u00edzre) vagy biol\u00f3giailag akt\u00edv z\u00f3n\u00e1ra a funkcion\u00e1lis tartal\u00e9kok optimaliz\u00e1ci\u00f3ja \u00e9s a szervezet adapt\u00e1ci\u00f3s lehet\u0151s\u00e9geinek n\u00f6vel\u00e9se c\u00e9lj\u00e1b\u00f3l, melyek a k\u00f6rnyezet k\u00e1ros hat\u00e1sai, betegs\u00e9g, vagy egy\u00e9b okok miatt s\u00e9r\u00fcltek. Az [&hellip;]<\/p>\n","protected":false},"featured_media":4731,"comment_status":"open","ping_status":"closed","template":"","meta":[],"product_brand":[],"product_cat":[35,32],"product_tag":[],"class_list":{"0":"post-4732","1":"product","2":"type-product","3":"status-publish","4":"has-post-thumbnail","6":"product_cat-csatlakoztathato-jeladok","7":"product_cat-triomed","9":"first","10":"instock","11":"taxable","12":"shipping-taxable","13":"purchasable","14":"product-type-simple"},"_links":{"self":[{"href":"https:\/\/vetomshop.hu\/ga\/wp-json\/wp\/v2\/product\/4732","targetHints":{"allow":["GET"]}}],"collection":[{"href":"https:\/\/vetomshop.hu\/ga\/wp-json\/wp\/v2\/product"}],"about":[{"href":"https:\/\/vetomshop.hu\/ga\/wp-json\/wp\/v2\/types\/product"}],"replies":[{"embeddable":true,"href":"https:\/\/vetomshop.hu\/ga\/wp-json\/wp\/v2\/comments?post=4732"}],"wp:featuredmedia":[{"embeddable":true,"href":"https:\/\/vetomshop.hu\/ga\/wp-json\/wp\/v2\/media\/4731"}],"wp:attachment":[{"href":"https:\/\/vetomshop.hu\/ga\/wp-json\/wp\/v2\/media?parent=4732"}],"wp:term":[{"taxonomy":"product_brand","embeddable":true,"href":"https:\/\/vetomshop.hu\/ga\/wp-json\/wp\/v2\/product_brand?post=4732"},{"taxonomy":"product_cat","embeddable":true,"href":"https:\/\/vetomshop.hu\/ga\/wp-json\/wp\/v2\/product_cat?post=4732"},{"taxonomy":"product_tag","embeddable":true,"href":"https:\/\/vetomshop.hu\/ga\/wp-json\/wp\/v2\/product_tag?post=4732"}],"curies":[{"name":"uair an chloig","href":"https:\/\/api.w.org\/{rel}","templated":true}]}}