{"id":4733,"date":"2023-11-11T14:33:59","date_gmt":"2023-11-11T13:33:59","guid":{"rendered":"https:\/\/vetomshop.hu\/termek\/szabad-legzes-jelado\/"},"modified":"2023-11-11T14:33:59","modified_gmt":"2023-11-11T13:33:59","slug":"szabad-legzes-jelado","status":"publish","type":"product","link":"https:\/\/vetomshop.hu\/ga\/product\/szabad-legzes-jelado\/","title":{"rendered":"T\u00e1scaire an\u00e1laithe saor in aisce"},"content":{"rendered":"<h4>\u201eAn\u00e1l\u00fa Saor\u201d Uimhir 16 Tarchurad\u00f3ir Speisialta<\/h4>\n<p>Don fheiste Triomed MMW<\/p>\n<p>B\u00edonn \u00e9ifeacht spriocdh\u00edrithe ag \u00fas\u00e1id ast\u00f3ir\u00ed speisialaithe ar org\u00e1in agus ar fh\u00edoch\u00e1in an choirp daonna, chomh maith lena ch\u00f3rais org\u00e1n agus lena ch\u00f3rais fheidhmi\u00fala. Forbra\u00edodh \u00e9 ar bhonn an ghinead\u00f3ra BioTrEM\u00ae EMP EHF (paitinn idirn\u00e1isi\u00fanta Uimh. EE 05541).<\/p>\n<p>I gcl\u00e1ir chuimsitheacha c\u00f3ire\u00e1la, \u00fas\u00e1idtear \u00e9 chun galair na mbronca\u00ed agus na scamh\u00f3g (ni\u00fam\u00f3ine, broinc\u00edteas, galair ainsealacha an ch\u00f3rais bhronchapaic, asma broincigh, srl.) a chosc, a ch\u00f3ire\u00e1il agus a athshl\u00e1n\u00fa.<\/p>\n<p><strong>Uaireanta oibre<\/strong>: 12 n\u00f3im\u00e9ad.<\/p>\n<div class=\"su-spoiler su-spoiler-style-defoult su-spoiler-icon-caret su-spoiler-closed\" data-scroll-offset=\"0\" data-anchor-in-url=\"no\"><div class=\"su-spoiler-title\" tabindex=\"0\" role=\"button\"><span class=\"su-spoiler-icon\"><\/span>Gach<\/div><div class=\"su-spoiler-content su-u-clearfix su-u-trim\">\n<strong>\u00c9ifeachta\u00ed an tarchur\u00f3ra speisialta:<\/strong><\/p>\n<ul>\n<li>feabhas a chur ar phr\u00f3isis mheitibileacha i gcealla agus i bhf\u00edoch\u00e1in an ch\u00f3rais bhroncapulmonaire;<\/li>\n<li>gn\u00edomhacht\u00fa na mbunfheidhmeanna;<\/li>\n<li>normal\u00fa pr\u00f3iseas imdh\u00edonachta: maol\u00fa ar ionsa\u00ed uath-imdh\u00edonach agus ar \u00e9ifeachta\u00ed imdh\u00edon-mhodhn\u00fach\u00e1in;<\/li>\n<li>laghd\u00fa ar bhroncaspasma;<\/li>\n<li>le leaisteachas an fh\u00edoch\u00e1in cheangailtigh sna scamh\u00f3ga at\u00e1 buailte ag aimfiseama agus ni\u00fam\u00f3scle\u00f3ras a mh\u00e9ad\u00fa;<\/li>\n<li>Gn\u00e1th\u00fa na sruthaithe agus na sileadh.<\/li>\n<\/ul>\n<\/div><\/div>","protected":false},"excerpt":{"rendered":"<p>\u201eSzabad l\u00e9gz\u00e9s\u201d 16. sz. speci\u00e1lis jelad\u00f3 Triomed MMW k\u00e9sz\u00fcl\u00e9khez A speci\u00e1lis sug\u00e1rz\u00f3k haszn\u00e1lata ir\u00e1ny\u00edtott hat\u00e1st gyakorol az emberi test szerveire \u00e9s sz\u00f6veteire, szervrendszereire \u00e9s funkcion\u00e1lis rendszereire. A BioTrEM \u00ae EMP EHF gener\u00e1tor alapj\u00e1n fejlesztett\u00e9k ki (EE 05541 nemzetk\u00f6zi szabadalom). A komplex kezel\u00e9si programokban a h\u00f6rg\u0151k \u00e9s a t\u00fcd\u0151 betegs\u00e9geinek (t\u00fcd\u0151gyullad\u00e1s, h\u00f6rghurut, a h\u00f6rg\u0151-t\u00fcd\u0151 rendszer kr\u00f3nikus [&hellip;]<\/p>\n","protected":false},"featured_media":4729,"comment_status":"open","ping_status":"closed","template":"","meta":[],"product_brand":[],"product_cat":[35,32],"product_tag":[],"class_list":{"0":"post-4733","1":"product","2":"type-product","3":"status-publish","4":"has-post-thumbnail","6":"product_cat-csatlakoztathato-jeladok","7":"product_cat-triomed","9":"first","10":"instock","11":"taxable","12":"shipping-taxable","13":"purchasable","14":"product-type-simple"},"_links":{"self":[{"href":"https:\/\/vetomshop.hu\/ga\/wp-json\/wp\/v2\/product\/4733","targetHints":{"allow":["GET"]}}],"collection":[{"href":"https:\/\/vetomshop.hu\/ga\/wp-json\/wp\/v2\/product"}],"about":[{"href":"https:\/\/vetomshop.hu\/ga\/wp-json\/wp\/v2\/types\/product"}],"replies":[{"embeddable":true,"href":"https:\/\/vetomshop.hu\/ga\/wp-json\/wp\/v2\/comments?post=4733"}],"wp:featuredmedia":[{"embeddable":true,"href":"https:\/\/vetomshop.hu\/ga\/wp-json\/wp\/v2\/media\/4729"}],"wp:attachment":[{"href":"https:\/\/vetomshop.hu\/ga\/wp-json\/wp\/v2\/media?parent=4733"}],"wp:term":[{"taxonomy":"product_brand","embeddable":true,"href":"https:\/\/vetomshop.hu\/ga\/wp-json\/wp\/v2\/product_brand?post=4733"},{"taxonomy":"product_cat","embeddable":true,"href":"https:\/\/vetomshop.hu\/ga\/wp-json\/wp\/v2\/product_cat?post=4733"},{"taxonomy":"product_tag","embeddable":true,"href":"https:\/\/vetomshop.hu\/ga\/wp-json\/wp\/v2\/product_tag?post=4733"}],"curies":[{"name":"uair an chloig","href":"https:\/\/api.w.org\/{rel}","templated":true}]}}