{"id":4735,"date":"2023-11-11T14:33:59","date_gmt":"2023-11-11T13:33:59","guid":{"rendered":"https:\/\/vetomshop.hu\/termek\/szabalyozo-jelado\/"},"modified":"2025-04-14T17:42:09","modified_gmt":"2025-04-14T15:42:09","slug":"szabalyozo-jelado","status":"publish","type":"product","link":"https:\/\/vetomshop.hu\/ga\/product\/szabalyozo-jelado\/","title":{"rendered":"Tarchurad\u00f3ir rialaithe"},"content":{"rendered":"<h4>Rialt\u00e1n radaitheora, Uimh. 52.<\/h4>\n<p><strong>Am oibri\u00fach\u00e1in an radaitheora<\/strong>: 15 n\u00f3im\u00e9ad<\/p>\n<p>Freagra\u00edonn a mhinic\u00edocht do mhinic\u00edocht an ch\u00f3rais inchr\u00edneach.<\/p>\n<p><strong>Iarmhairt:<\/strong><\/p>\n<ul>\n<li>Athbhuna\u00edonn s\u00e9 feidhm an ch\u00f3rais inchr\u00edneach.<\/li>\n<li>Athbhuna\u00edonn s\u00e9 feidhm na n\u00e9arch\u00f3ras l\u00e1rnach, iml\u00edneach agus uathrialach.<\/li>\n<li>Feabhsa\u00edonn s\u00e9 an cumas tarchuir r\u00edogtha i sn\u00e1ith\u00edn\u00ed n\u00e9ar\u00f3gacha.<\/li>\n<li>Cuireann s\u00e9 athghini\u00faint na gceall n\u00e9ar\u00f3g chun cinn.<\/li>\n<li>T\u00e1 \u00e9ifeacht aige a nearta\u00edonn an c\u00f3ras imdh\u00edonachta.<\/li>\n<li>Ginear\u00e1lta athnuachanach.<\/li>\n<li>Strucht\u00farann an t-uisce.<\/li>\n<\/ul>\n<p>R\u00e9imse feidhme molta: teilgean na bhf\u00e9ith\u00ed endcrin\u00ed, teilgean na bhfuilead\u00e1n m\u00f3r, 15-14 n\u00f3im\u00e9ad in aghaidh gach pointe n\u00f3 crios BAP.<\/p>\n<div class=\"su-spoiler su-spoiler-style-defoult su-spoiler-icon-caret su-spoiler-closed\" data-scroll-offset=\"0\" data-anchor-in-url=\"no\"><div class=\"su-spoiler-title\" tabindex=\"0\" role=\"button\"><span class=\"su-spoiler-icon\"><\/span>Gach<\/div><div class=\"su-spoiler-content su-u-clearfix su-u-trim\">\n<strong>Infheidhme:<\/strong><\/p>\n<ul>\n<li>i gc\u00e1sanna neamhoird phlandaigh,<\/li>\n<li>i gc\u00e1s c\u00f3ire\u00e1la casta ar na c\u00f3rais inchr\u00edneacha agus n\u00e9ar\u00f3gacha,<\/li>\n<li>san n\u00e9areola\u00edocht,<\/li>\n<li>i gc\u00f3ire\u00e1il galar aill\u00e9irgeach,<\/li>\n<li>i gc\u00f3ire\u00e1il chasta fh\u00e9itheanna caola,<\/li>\n<li>i gc\u00f3ire\u00e1il na siondr\u00f3ime tuirse ainseala\u00ed,<\/li>\n<li>i rial\u00e1il siompt\u00f3im na me\u00e1naoise i mn\u00e1 agus in fir araon,<\/li>\n<li>ceart\u00fa meitibileacht cailciam, cosc a chur ar oist\u00e9ap\u00f3r\u00f3is,<\/li>\n<li>i gc\u00e1s ceart\u00fach\u00e1in an ch\u00f3rais imdh\u00edonachta.<\/li>\n<\/ul>\n<\/div><\/div>","protected":false},"excerpt":{"rendered":"<p>Szab\u00e1lyz\u00f3 sug\u00e1rz\u00f3, 52. sz. A sug\u00e1rz\u00f3 m\u0171k\u00f6d\u00e9si ideje: 15 perc Frekvenci\u00e1ja a hormonrendszer frekvenci\u00e1j\u00e1nak felel meg. Hat\u00e1sa: Helyre\u00e1ll\u00edtja a hormonrendszer m\u0171k\u00f6d\u00e9s\u00e9t. Helyre\u00e1ll\u00edtja a k\u00f6zponti, a perif\u00e9ri\u00e1s, valamint a vegetat\u00edv idegrendszer munk\u00e1j\u00e1t. Jav\u00edtja az idegsz\u00e1lak impulzus-tov\u00e1bb\u00edt\u00f3 k\u00e9pess\u00e9g\u00e9t. El\u0151seg\u00edti az idegsejtek regener\u00e1ci\u00f3j\u00e1t. Immunrendszer er\u0151s\u00edt\u0151 hat\u00e1ssal b\u00edr. \u00c1ltal\u00e1nos fiatal\u00edt\u00f3 hat\u00e1s\u00fa. Struktur\u00e1lja a vizet. Aj\u00e1nlott alkalmaz\u00e1si fel\u00fclet: az endokrin [&hellip;]<\/p>\n","protected":false},"featured_media":4734,"comment_status":"open","ping_status":"closed","template":"","meta":[],"product_brand":[],"product_cat":[35,32],"product_tag":[],"class_list":{"0":"post-4735","1":"product","2":"type-product","3":"status-publish","4":"has-post-thumbnail","6":"product_cat-csatlakoztathato-jeladok","7":"product_cat-triomed","9":"first","10":"instock","11":"taxable","12":"shipping-taxable","13":"purchasable","14":"product-type-simple"},"_links":{"self":[{"href":"https:\/\/vetomshop.hu\/ga\/wp-json\/wp\/v2\/product\/4735","targetHints":{"allow":["GET"]}}],"collection":[{"href":"https:\/\/vetomshop.hu\/ga\/wp-json\/wp\/v2\/product"}],"about":[{"href":"https:\/\/vetomshop.hu\/ga\/wp-json\/wp\/v2\/types\/product"}],"replies":[{"embeddable":true,"href":"https:\/\/vetomshop.hu\/ga\/wp-json\/wp\/v2\/comments?post=4735"}],"wp:featuredmedia":[{"embeddable":true,"href":"https:\/\/vetomshop.hu\/ga\/wp-json\/wp\/v2\/media\/4734"}],"wp:attachment":[{"href":"https:\/\/vetomshop.hu\/ga\/wp-json\/wp\/v2\/media?parent=4735"}],"wp:term":[{"taxonomy":"product_brand","embeddable":true,"href":"https:\/\/vetomshop.hu\/ga\/wp-json\/wp\/v2\/product_brand?post=4735"},{"taxonomy":"product_cat","embeddable":true,"href":"https:\/\/vetomshop.hu\/ga\/wp-json\/wp\/v2\/product_cat?post=4735"},{"taxonomy":"product_tag","embeddable":true,"href":"https:\/\/vetomshop.hu\/ga\/wp-json\/wp\/v2\/product_tag?post=4735"}],"curies":[{"name":"uair an chloig","href":"https:\/\/api.w.org\/{rel}","templated":true}]}}