{"id":4737,"date":"2023-11-11T14:33:59","date_gmt":"2023-11-11T13:33:59","guid":{"rendered":"https:\/\/vetomshop.hu\/termek\/trio-men-jelado\/"},"modified":"2023-11-11T14:33:59","modified_gmt":"2023-11-11T13:33:59","slug":"trio-men-jelado","status":"publish","type":"product","link":"https:\/\/vetomshop.hu\/ga\/product\/trio-men-jelado\/","title":{"rendered":"Tarchurad\u00f3ir tr\u00ed-fhear"},"content":{"rendered":"<h4>Radaitheoir speisialta Tr\u00ed-fhear<\/h4>\n<p>Do fhir, Uimh. 23.<\/p>\n<p>Moltar \u00e9 chun c\u00falchist\u00ed feidhmi\u00fala agus cumas choirp an duine a oiri\u00fan\u00fa d'aimhr\u00e9id\u00ed comhshaoil, do thosca st\u00edl mhaireacht\u00e1la n\u00f3 d'othracht a bharrfheabhs\u00fa.<br \/>\nCatag\u00f3ir \u00fas\u00e1ideoir\u00ed: fir.<\/p>\n<p><strong>Iarmhairt:<\/strong> \u00c9ifeacht neartaitheach ghinear\u00e1lta ag cur inscne san \u00e1ireamh (leibh\u00e9al s\u00edceo-mhoth\u00fach\u00e1nach, rial\u00e1il n\u00e9ar-h\u00famarach).<\/p>\n<p><strong>Meicn\u00edocht gn\u00edomha\u00edochta:<\/strong> Dearadh an cl\u00e1r (mhinic\u00edocht iompair, modhn\u00fa \u00edsealmhinic\u00edochta agus paraim\u00e9adair aimpliti\u00faide) go speisialta do chorp an fhir chun c\u00fanamh a thabhairt d\u00f3 nuair a \u00fas\u00e1idtear go c\u00f3rasach \u00e9.<\/p>\n<p>Le cabhair \u00f3 theiripe radanta Trio-men 23, is f\u00e9idir linn pr\u00f3isis thr\u00f3facha agus mheitibileacha a normal\u00fa i bhf\u00edoch\u00e1in agus i gcealla, a strucht\u00far a athghini\u00faint, feidhmi\u00fa an choirp a fheabhs\u00fa go c\u00f3rasach agus mar ioml\u00e1n, agus frithsheasmhacht neamhshonrach an choirp a mh\u00e9ad\u00fa.<\/p>\n<p>T\u00e1 na tortha\u00ed dearfacha mar thoradh, ar thaobh amh\u00e1in, ar aiseolas bith-athshondais na gceall, ar an gc\u00f3ras adamh-fiseola\u00edoch agus ar an gc\u00f3ras rialaithe n\u00e9ar-h\u00famarach, agus ar an taobh eile, ar ghn\u00edomhacht\u00fa an mheicn\u00edoid oiri\u00fanaithe (siondr\u00f3m ginear\u00e1lta oiri\u00fanaithe).<\/p>\n<div class=\"su-spoiler su-spoiler-style-defoult su-spoiler-icon-caret su-spoiler-closed\" data-scroll-offset=\"0\" data-anchor-in-url=\"no\"><div class=\"su-spoiler-title\" tabindex=\"0\" role=\"button\"><span class=\"su-spoiler-icon\"><\/span>Gach<\/div><div class=\"su-spoiler-content su-u-clearfix su-u-trim\">\n<strong>Molta:<\/strong><\/p>\n<ol>\n<li>Laghduithe ar chumas oibre agus leisce, \u00e9agobhsa\u00edocht sh\u00edce-mhoth\u00fach\u00e1nach, codlatacht mar thoradh ar thuirse ainsealach.<\/li>\n<li>Neamhoird na pr\u00f3statach, me\u00e1naois na bhfear.<\/li>\n<li>Slaghd\u00e1in agus fli\u00fa go minic.<\/li>\n<li>Lag\u00fa ginear\u00e1lta an ch\u00f3rais imdh\u00edonachta tar \u00e9is tinneas tromch\u00faiseach, le haghaidh athshl\u00e1n\u00fach\u00e1in<\/li>\n<\/ol>\n<\/div><\/div>","protected":false},"excerpt":{"rendered":"<p>Speci\u00e1lis Trio-men sug\u00e1rz\u00f3 F\u00e9rfiak sz\u00e1m\u00e1ra, 23. sz. Javallott: a funkcion\u00e1lis tartal\u00e9kok \u00e9s az emberi szervezet adapt\u00e1ci\u00f3s lehet\u0151s\u00e9geinek optimiz\u00e1l\u00e1s\u00e1hoz, melyek a negat\u00edv k\u00f6rnyezeti hat\u00e1sok, \u00e9letm\u00f3d vagy betegs\u00e9g k\u00f6vetkezt\u00e9ben l\u00e9ptek fel. Az alkalmaz\u00f3k kateg\u00f3ri\u00e1ja: f\u00e9rfiak. Hat\u00e1sa: a nemi hovatartoz\u00e1st figyelembe vev\u0151 \u00e1ltal\u00e1nos er\u0151s\u00edt\u0151 hat\u00e1s (pszichoemocion\u00e1lis szint, neurohumor\u00e1lis regul\u00e1ci\u00f3). Hat\u00e1smechanizmus: A program (hordoz\u00f3 frekvencia, alacsony frekvenci\u00e1j\u00fa modul\u00e1ci\u00f3 \u00e9s [&hellip;]<\/p>\n","protected":false},"featured_media":4736,"comment_status":"open","ping_status":"closed","template":"","meta":[],"product_brand":[],"product_cat":[35,32],"product_tag":[],"class_list":{"0":"post-4737","1":"product","2":"type-product","3":"status-publish","4":"has-post-thumbnail","6":"product_cat-csatlakoztathato-jeladok","7":"product_cat-triomed","9":"first","10":"instock","11":"taxable","12":"shipping-taxable","13":"purchasable","14":"product-type-simple"},"_links":{"self":[{"href":"https:\/\/vetomshop.hu\/ga\/wp-json\/wp\/v2\/product\/4737","targetHints":{"allow":["GET"]}}],"collection":[{"href":"https:\/\/vetomshop.hu\/ga\/wp-json\/wp\/v2\/product"}],"about":[{"href":"https:\/\/vetomshop.hu\/ga\/wp-json\/wp\/v2\/types\/product"}],"replies":[{"embeddable":true,"href":"https:\/\/vetomshop.hu\/ga\/wp-json\/wp\/v2\/comments?post=4737"}],"wp:featuredmedia":[{"embeddable":true,"href":"https:\/\/vetomshop.hu\/ga\/wp-json\/wp\/v2\/media\/4736"}],"wp:attachment":[{"href":"https:\/\/vetomshop.hu\/ga\/wp-json\/wp\/v2\/media?parent=4737"}],"wp:term":[{"taxonomy":"product_brand","embeddable":true,"href":"https:\/\/vetomshop.hu\/ga\/wp-json\/wp\/v2\/product_brand?post=4737"},{"taxonomy":"product_cat","embeddable":true,"href":"https:\/\/vetomshop.hu\/ga\/wp-json\/wp\/v2\/product_cat?post=4737"},{"taxonomy":"product_tag","embeddable":true,"href":"https:\/\/vetomshop.hu\/ga\/wp-json\/wp\/v2\/product_tag?post=4737"}],"curies":[{"name":"uair an chloig","href":"https:\/\/api.w.org\/{rel}","templated":true}]}}