{"id":4741,"date":"2023-11-11T14:34:00","date_gmt":"2023-11-11T13:34:00","guid":{"rendered":"https:\/\/vetomshop.hu\/termek\/sigma-medal\/"},"modified":"2023-11-11T14:34:00","modified_gmt":"2023-11-11T13:34:00","slug":"sigma-medal","status":"publish","type":"product","link":"https:\/\/vetomshop.hu\/ga\/product\/sigma-medal\/","title":{"rendered":"Meadall\u00e1n Sigma"},"content":{"rendered":"<p>A <strong>Bonn Sl\u00e1inte SIGMA<\/strong> Is \u00e9 an c\u00faram at\u00e1 air n\u00e1 pr\u00f3isis fhisiceola\u00edocha gn\u00e1thacha na bhfolcail gruaige a athbhun\u00fa, a gcuid friota\u00edochta ar thosca d\u00edobh\u00e1lacha comhshaoil agus ar bhr\u00fa m\u00e9adaithe a mh\u00e9ad\u00fa, an ch\u00e9im f\u00e1is gruaige a fhad\u00fa, agus ar an gcaoi sin dl\u00fas ioml\u00e1n na gruaige a mh\u00e9ad\u00fa.<\/p>\n<p><strong>Iarmhairt\u00ed:<\/strong><\/p>\n<ul>\n<li>Cuireann s\u00e9 c\u00farsa\u00edocht fola, st\u00e1das imdh\u00edonachta agus meitibileacht sna folga\u00ed gruaige ar gn\u00e1th, ag cosc fhorbairt atara\u00edochta;<\/li>\n<li>laghda\u00edonn s\u00e9 d\u00e9ine na bpr\u00f3iseas athlastach sa chraiceann agus sna foll\u00e1in gruaige;<\/li>\n<li>Cuid\u00edonn s\u00e9 le gn\u00e1th\u00fa na bpr\u00f3iseas meitibileach sa chraiceann agus ar fud an choirp; cuireann s\u00e9 cosc ar fhorbairt al\u00f3ipeachta areata (caillteanas gruaige paist\u00ed).<\/li>\n<\/ul>\n<p>T\u00e1 \u00e9ifeacht dhearfach ag croiseog sl\u00e1inte SIGMA ar fheidhmeanna an choirp agus is f\u00e9idir \u00ed a \u00fas\u00e1id mar mhodh optam\u00fach\u00e1in agus ceart\u00fach\u00e1in i gcomhar le c\u00f3ire\u00e1lacha eile le haghaidh al\u00f3ipeachta areata (caillteanas gruaige paist\u00ed).<br \/>\nagus modhanna eile coiscthe.<\/p>\n<div class=\"su-spoiler su-spoiler-style-defoult su-spoiler-icon-caret su-spoiler-closed\" data-scroll-offset=\"0\" data-anchor-in-url=\"no\"><div class=\"su-spoiler-title\" tabindex=\"0\" role=\"button\"><span class=\"su-spoiler-icon\"><\/span>Gach<\/div><div class=\"su-spoiler-content su-u-clearfix su-u-trim\">\n<p><strong>Cine\u00e1lacha caillteanais gruaige spotaigh:<\/strong><\/p>\n<p>Bunaithe ar mh\u00e9id an chaillteanais gruaige, aicm\u00edtear cailli\u00faint ghruaige phaisteach sna cine\u00e1lacha seo a leanas:<\/p>\n<ul>\n<li>Al\u00f3ipeia areata unilocularis: n\u00ed tharla\u00edonn caillteanas gruaige ach i bpaiste amh\u00e1in.<\/li>\n<li>Al\u00f3ipeacht areata il-l\u00f3ch\u00fail: forbra\u00edonn breac\u00e1in iolracha<\/li>\n<li>Al\u00f3ipeacht areata fho-ioml\u00e1n: titeann an ghruaig amach \u00f3 bheagnach an scalp ioml\u00e1n.<\/li>\n<li>Al\u00f3ipeacht areata totalis: titeann an ghruaig go l\u00e9ir amach \u00f3n scalp. Al\u00f3ipeacht areata universalis: b\u00edonn caillteanas gruaige ag tarl\u00fa ar an scalp agus ar an gcorp ar fad.<\/li>\n<li>Cine\u00e1l Ophiasis: foirm ar leith de al\u00f3ipeacht areata a bhfuil caillteanas gruaige inti go pr\u00edomha \u00f3 cheantair sheachtracha an scalp, de ghn\u00e1th \u00f3 ch\u00fal an chinn, uaireanta an<br \/>\n\u00f3 na teampaill n\u00f3 \u00f3n \u00e9adan.<\/li>\n<\/ul>\n<p>I dteannta na gcine\u00e1lacha at\u00e1 liostaithe thuas, is f\u00e9idir SIGMA Med\u00e1l a \u00fas\u00e1id freisin le haghaidh caillteanas gruaige a tharla\u00edonn de bharr ceimiteiripe agus radaiteiripe, n\u00f3 m\u00e1 t\u00e1 an caillteanas gruaige de bharr m\u00edfheidhm an ch\u00f3rais inchr\u00edneacha.<\/p>\n<\/div><\/div>","protected":false},"excerpt":{"rendered":"<p>A SIGMA Eg\u00e9szs\u00e9g Med\u00e1l feladata a sz\u0151rt\u00fcsz\u0151k norm\u00e1l fiziol\u00f3giai folyamatainak helyre\u00e1ll\u00edt\u00e1sa, a kedvez\u0151tlen k\u00f6rnyezeti t\u00e9nyez\u0151kkel \u00e9s a megn\u00f6vekedett stresszterhel\u00e9ssel szembeni ellen\u00e1ll\u00f3 k\u00e9pess\u00e9g\u00fck n\u00f6vel\u00e9se, a hajn\u00f6veked\u00e9s szakasz\u00e1nak meghosszabb\u00edt\u00e1sa, ez\u00e1ltal a teljes hajs\u0171r\u0171s\u00e9g n\u00f6vel\u00e9se. Hat\u00e1sok: normaliz\u00e1lja a v\u00e9rkering\u00e9st, az immun\u00e1llapotot \u00e9s az anyagcser\u00e9t a sz\u0151rt\u00fcsz\u0151kben, megel\u0151zve az atr\u00f3fia kialakul\u00e1s\u00e1t; cs\u00f6kkenti a b\u0151r \u00e9s a sz\u0151rt\u00fcsz\u0151k gyullad\u00e1sos folyamatainak [&hellip;]<\/p>\n","protected":false},"featured_media":4740,"comment_status":"open","ping_status":"closed","template":"","meta":[],"product_brand":[],"product_cat":[33,32],"product_tag":[],"class_list":{"0":"post-4741","1":"product","2":"type-product","3":"status-publish","4":"has-post-thumbnail","6":"product_cat-egeszseg-medalok","7":"product_cat-triomed","9":"first","10":"instock","11":"taxable","12":"shipping-taxable","13":"purchasable","14":"product-type-simple"},"_links":{"self":[{"href":"https:\/\/vetomshop.hu\/ga\/wp-json\/wp\/v2\/product\/4741","targetHints":{"allow":["GET"]}}],"collection":[{"href":"https:\/\/vetomshop.hu\/ga\/wp-json\/wp\/v2\/product"}],"about":[{"href":"https:\/\/vetomshop.hu\/ga\/wp-json\/wp\/v2\/types\/product"}],"replies":[{"embeddable":true,"href":"https:\/\/vetomshop.hu\/ga\/wp-json\/wp\/v2\/comments?post=4741"}],"wp:featuredmedia":[{"embeddable":true,"href":"https:\/\/vetomshop.hu\/ga\/wp-json\/wp\/v2\/media\/4740"}],"wp:attachment":[{"href":"https:\/\/vetomshop.hu\/ga\/wp-json\/wp\/v2\/media?parent=4741"}],"wp:term":[{"taxonomy":"product_brand","embeddable":true,"href":"https:\/\/vetomshop.hu\/ga\/wp-json\/wp\/v2\/product_brand?post=4741"},{"taxonomy":"product_cat","embeddable":true,"href":"https:\/\/vetomshop.hu\/ga\/wp-json\/wp\/v2\/product_cat?post=4741"},{"taxonomy":"product_tag","embeddable":true,"href":"https:\/\/vetomshop.hu\/ga\/wp-json\/wp\/v2\/product_tag?post=4741"}],"curies":[{"name":"uair an chloig","href":"https:\/\/api.w.org\/{rel}","templated":true}]}}