{"id":4745,"date":"2023-11-11T14:34:01","date_gmt":"2023-11-11T13:34:01","guid":{"rendered":"https:\/\/vetomshop.hu\/termek\/solo-medal\/"},"modified":"2023-11-11T14:34:01","modified_gmt":"2023-11-11T13:34:01","slug":"solo-medal","status":"publish","type":"product","link":"https:\/\/vetomshop.hu\/ga\/product\/solo-medal\/","title":{"rendered":"Bonn Aonair"},"content":{"rendered":"<h4>Seoid\u00edn Sl\u00e1inte Aonair<\/h4>\n<p><strong>Pr\u00edomhfheidhmeanna:<\/strong><\/p>\n<p>Is cabhair fhorl\u00edontach \u00e9 an Solo Med\u00e1l a thaca\u00edonn le meicn\u00edochta\u00ed cosanta an choirp agus a chuid\u00edonn leis an gc\u00f3ras imdh\u00edonachta a ghn\u00edomhacht\u00fa.<\/p>\n<p>Is \u00e9 is \u00e9ifeachta\u00ed \u00e9 chun ionfhabhtuithe v\u00edreasacha agus baict\u00e9aracha a ch\u00f3ire\u00e1il.<\/p>\n<p><strong>Iarmhairt:<\/strong><\/p>\n<ul>\n<li>ag tac\u00fa le neart\u00fa an ch\u00f3rais imdh\u00edonachta, ag cuidi\u00fa le frithghn\u00edomhartha d'aill\u00e9irgin\u00ed a laghd\u00fa,<\/li>\n<li>chun cuidi\u00fa le t\u00e9arnamh \u00f3 ionfhabhtuithe v\u00edreasacha,<\/li>\n<li>ag cur chun cinn bainte amach substaint\u00ed tocsaineacha,<\/li>\n<li>chun tac\u00fa le h\u00e9ifeachta\u00ed frithbhaict\u00e9aracha agus frithv\u00edreasacha.<\/li>\n<\/ul>\n<p><strong>C\u00e9n uair ar cheart d\u00fainn \u00e9 a \u00fas\u00e1id?<\/strong><\/p>\n<div class=\"su-spoiler su-spoiler-style-defoult su-spoiler-icon-caret su-spoiler-closed\" data-scroll-offset=\"0\" data-anchor-in-url=\"no\"><div class=\"su-spoiler-title\" tabindex=\"0\" role=\"button\"><span class=\"su-spoiler-icon\"><\/span>Gach<\/div><div class=\"su-spoiler-content su-u-clearfix su-u-trim\">\nT\u00e1 \u00e9ifeacht dhearfach ag an Bonn Aonair ar phr\u00f3isis fheidhmi\u00fala an choirp agus is f\u00e9idir \u00e9 a \u00fas\u00e1id mar uirlis fhorl\u00edontach chun cabhr\u00fa le ceart\u00fa agus optam\u00fa i gcosc agus i gc\u00f3ire\u00e1il na riochta\u00ed seo a leanas:<\/p>\n<ul>\n<li>le haghaidh ionfhabhtuithe an chonair riospr\u00e1ide uachtaraigh de bharr baict\u00e9ar n\u00f3 v\u00edreas;<\/li>\n<li>i gc\u00e1sanna riochta\u00ed athlastacha, riochta\u00ed baict\u00e9ireacha n\u00f3 aill\u00e9irgeacha, r\u00edn\u00edteas, far\u00e1nag\u00edteas, larainag\u00edteas, br\u00f3nag\u00edteas;<\/li>\n<li>i gc\u00e9imeanna luatha na ngalar uath-imdh\u00edonach (asma broncach, bronc\u00edteas asma\u00edoch, airtr\u00edteas reamat\u00f3ideach, p\u00edle- agus glomeruloneafrait\u00e9as \u2013 athlasadh na n-ubhag\u00e1n, galar ti\u00faire\u00f3ideach f\u00e9in-imdh\u00edonachta, galar comhla\u00ed cro\u00ed mar thoradh ar fiabhras reamatach, galar endaitheach na bhfuilead\u00e1n, deirmeit\u00edteas streipteac\u00f3cach agus staifilac\u00f3cach).<\/li>\n<\/ul>\n<p>Rabhadh t\u00e1bhachtach: M\u00e1 bh\u00edonn siompt\u00f3im d'ionfhabhtuithe an chonair riospr\u00e1ide uachtaraigh n\u00f3 \u00edochtair ort, t\u00e9igh i gcomhairle le do dhocht\u00fair. Bain \u00fas\u00e1id as an Solo Medal mar chabhair chomhl\u00e1ntach chun tac\u00fa le do th\u00e9arnamh, i dteannta na modhanna c\u00f3ire\u00e1la a mholann do dhocht\u00fair!<\/p>\n<\/div><\/div>","protected":false},"excerpt":{"rendered":"<p>SOLO Eg\u00e9szs\u00e9g Med\u00e1l F\u0151 funkci\u00f3i: A Solo Med\u00e1l kieg\u00e9sz\u00edt\u0151 eszk\u00f6z, mely a szervezet v\u00e9dekez\u0151 mechanizmusait \u00e9s az immunrendszer aktiv\u00e1l\u00e1s\u00e1t t\u00e1mogatja. V\u00edrusos \u00e9s bakteri\u00e1lis fert\u0151z\u00e9sek eset\u00e9n ny\u00fajtja a legnagyobb seg\u00edts\u00e9get. Hat\u00e1sa: immunrendszer er\u0151s\u00edt\u00e9s\u00e9nek t\u00e1mogat\u00e1sa, az allerg\u00e9nekre val\u00f3 cs\u00f6kkent reakci\u00f3 el\u00e9r\u00e9s\u00e9nek t\u00e1mogat\u00e1sa, a v\u00edrusos megbeteged\u00e9sek gy\u00f3gyul\u00e1s\u00e1nak t\u00e1mogat\u00e1sa, a toxikus anyagok kivezet\u00e9s\u00e9nek t\u00e1mogat\u00e1sa, antibakteri\u00e1lis \u00e9s v\u00edrus\u00f6l\u0151 hat\u00e1s t\u00e1mogat\u00e1sa. [&hellip;]<\/p>\n","protected":false},"featured_media":4744,"comment_status":"open","ping_status":"closed","template":"","meta":[],"product_brand":[],"product_cat":[33,32],"product_tag":[],"class_list":{"0":"post-4745","1":"product","2":"type-product","3":"status-publish","4":"has-post-thumbnail","6":"product_cat-egeszseg-medalok","7":"product_cat-triomed","9":"first","10":"instock","11":"taxable","12":"shipping-taxable","13":"purchasable","14":"product-type-simple"},"_links":{"self":[{"href":"https:\/\/vetomshop.hu\/ga\/wp-json\/wp\/v2\/product\/4745","targetHints":{"allow":["GET"]}}],"collection":[{"href":"https:\/\/vetomshop.hu\/ga\/wp-json\/wp\/v2\/product"}],"about":[{"href":"https:\/\/vetomshop.hu\/ga\/wp-json\/wp\/v2\/types\/product"}],"replies":[{"embeddable":true,"href":"https:\/\/vetomshop.hu\/ga\/wp-json\/wp\/v2\/comments?post=4745"}],"wp:featuredmedia":[{"embeddable":true,"href":"https:\/\/vetomshop.hu\/ga\/wp-json\/wp\/v2\/media\/4744"}],"wp:attachment":[{"href":"https:\/\/vetomshop.hu\/ga\/wp-json\/wp\/v2\/media?parent=4745"}],"wp:term":[{"taxonomy":"product_brand","embeddable":true,"href":"https:\/\/vetomshop.hu\/ga\/wp-json\/wp\/v2\/product_brand?post=4745"},{"taxonomy":"product_cat","embeddable":true,"href":"https:\/\/vetomshop.hu\/ga\/wp-json\/wp\/v2\/product_cat?post=4745"},{"taxonomy":"product_tag","embeddable":true,"href":"https:\/\/vetomshop.hu\/ga\/wp-json\/wp\/v2\/product_tag?post=4745"}],"curies":[{"name":"uair an chloig","href":"https:\/\/api.w.org\/{rel}","templated":true}]}}