{"id":7033,"date":"2025-08-19T14:24:55","date_gmt":"2025-08-19T12:24:55","guid":{"rendered":"https:\/\/vetomshop.hu\/?post_type=product&#038;p=7033"},"modified":"2025-10-21T17:32:52","modified_gmt":"2025-10-21T15:32:52","slug":"honey-vetom-biologiailag-aktiv-etrend-kiegeszito-60-ml","status":"publish","type":"product","link":"https:\/\/vetomshop.hu\/ga\/product\/honey-vetom-biologiailag-aktiv-etrend-kiegeszito-60-ml\/","title":{"rendered":"Forl\u00edonadh aiste bia at\u00e1 gn\u00edomhach \u00f3 thaobh bitheola\u00edochta de le mil Vetom <span style=\"color:red\">60<\/span> ml"},"content":{"rendered":"<p><span style=\"font-size: x-large;\"><b>Honey Vetom \u2013 Forl\u00edonadh aiste bia bitheola\u00edoch gn\u00edomhach 60 g<\/b><\/span><\/p>\n<h5><strong>Comh\u00e1bhair (1 riar = 10 g):<\/strong><\/h5>\n<p>* Mil n\u00e1d\u00fartha: 8 g<\/p>\n<p>* Easp\u00f3rt arbhair fhorghabhtha (le baict\u00e9ir Bacillus subtilis VKPM B-10641): 1 g (ina bhfuil: 1\u00d710\u2076 CFU\/g de bhaict\u00e9ir)<\/p>\n<h5><strong>Luach cothaithe in aghaidh 10 g:<\/strong><\/h5>\n<ul class=\"vetom-list\">\n<li>\u00a0 Saill: 0 g<\/li>\n<li>\u00a0 * Carbaihiodr\u00e1it\u00ed: 8 g<\/li>\n<li>\u00a0 * Pr\u00f3it\u00e9in: 0.08 g<\/li>\n<li>\u00a0 Fuinneamh: 31.4 kcal<\/li>\n<\/ul>\n<h5><strong>Cur s\u00edos:<\/strong><\/h5>\n<ul class=\"vetom-list\">\n<li>\u00c1bhar tiubh, aonchine\u00e1lach, bunaithe ar mhil<\/li>\n<li>Dath: is f\u00e9idir leis a bheith idir b\u00e1n agus donn dorcha<\/li>\n<li>Comhsheasmhacht: criostalaithe go p\u00e1irteach n\u00f3 go hioml\u00e1n<\/li>\n<li>Boladh: boladh taitneamhach meala<\/li>\n<li>Blas: milis, gan aon bhlas coimhth\u00edoch<\/li>\n<\/ul>\n<h5><strong>Pac\u00e1isti\u00fa:<\/strong><\/h5>\n<ul class=\"vetom-list\">\n<li>fead\u00e1n 60 ml<\/li>\n<li>I mbosca cairtchl\u00e1ir, le bileog eolais<\/li>\n<\/ul>\n<h5><strong>C\u00e9n f\u00e1th a mola\u00edtear \u00e9?<\/strong><\/h5>\n<ul class=\"vetom-list\">\n<li>Saibhrithe le substaint\u00ed bithghn\u00edomhacha \u00f3 mhiocrorg\u00e1naigh phr\u00f3ibheait\u00edocha<\/li>\n<li>Taca\u00edonn s\u00e9 le fl\u00f3ra an st\u00e9ig agus le feidhm an ch\u00f3rais imdh\u00edonachta<\/li>\n<li>Feidhm\u00edonn s\u00e9 freisin mar fhoinse frucht\u00f3is.<\/li>\n<\/ul>\n<h5><strong>Feidhmi\u00fa agus d\u00e1ileog:<\/strong><\/h5>\n<p>N\u00ed leigheas \u00e9<\/p>\n<ul class=\"vetom-list\">\n<li>Do dhaoine f\u00e1sta: 3 huaire sa l\u00e1, ag eatraimh rialta, ar feadh 10 l\u00e1<\/li>\n<li>Fritil\u00edn amh\u00e1in: 10 g (thart ar 1 taesp\u00fan\u00f3g)<\/li>\n<li>Is f\u00e9idir \u00e9 a ghlacadh neamhsple\u00e1ch ar bh\u00e9il\u00ed (roimhe, le linn n\u00f3 ina dhiaidh)<\/li>\n<li>Moltar \u00e9 a athdh\u00e9anamh gach 3 mh\u00ed.<\/li>\n<\/ul>\n<h5><strong>St\u00f3r\u00e1il:<\/strong><\/h5>\n<div class=\"plashka\">\n<p>* I ndiaidh tirim, fionnuar* Cosanta \u00f3 sholas na gr\u00e9ine<\/p>\n<p>Uasmh\u00e9id +20 \u00b0C<\/p>\n<p>Tar \u00e9is oscailt: in\u00fas\u00e1idte ar feadh 12 mh\u00ed<\/p>\n<p>D\u00e1ta \u00e9aga: 2 bhliain \u00f3n d\u00e1ta monara\u00edochta<\/p>\n<\/div>\n<p><strong>Rabhaidh:<\/strong><\/p>\n<p><strong>N\u00ed mholtar:<\/strong><\/p>\n<ul>\n<li>I gc\u00e1s \u00edogaireachta aonair n\u00f3 aill\u00e9irge<\/li>\n<li>Mn\u00e1 torracha, m\u00e1ithreacha at\u00e1 ag coth\u00fa c\u00edche agus leana\u00ed faoi 18 mbliana d'aois<\/li>\n<li>Do dhaoine le diaib\u00e9iteas<\/li>\n<li>I gc\u00e1s ailse<\/li>\n<li>N\u00e1 s\u00e1raigh an d\u00e1ileog laeth\u00fail mholta!<\/li>\n<li>T\u00e9igh i gcomhairle le do dhocht\u00fair sula n-\u00fas\u00e1ideann t\u00fa \u00e9.<\/li>\n<\/ul>\n<p>\u00c1bhar frucht\u00f3is (in aghaidh an riar laeth\u00fail \/ 30 g):<\/p>\n<p>12 g frucht\u00f3is, arb ionann \u00e9 agus 68.61% den iont\u00f3g\u00e1il laeth\u00fail mholta (de r\u00e9ir caighde\u00e1n bunaithe)<\/p>\n<p><strong>Eolas d\u00e1ilte:<\/strong><\/p>\n<p><strong>Monar\u00f3ir:<\/strong> OOO Ionad Taighde NPF, Novosibirsk, an R\u00fais<\/p>\n<p><strong>D\u00e1ileoir:<\/strong> Cemmedic Europe Teo., Zichy\u00fajfalu, An Ung\u00e1ir<\/p>\n<p>+36305573846, vetomshop.hu@gmail.com<\/p>","protected":false},"excerpt":{"rendered":"<div class=\"plashka\">\n<h5><strong>Comh\u00e1bhair (1 riar = 10 g):<\/strong><\/h5>\n<p>\u2013 Mil n\u00e1d\u00fartha: 8 g<br \/>\n\u2013 Sliocht arbhair Indiach choipthe (le baict\u00e9ir Bacillus subtilis VKPM B-10641): 1 g (ina bhfuil: 1\u00d710\u2076 CFU\/g de bhaict\u00e9ir)<\/p>\n<\/div>\n<h5><strong>Cur s\u00edos:<\/strong><\/h5>\n<ul class=\"vetom-list\">\n<li>\u00c1bhar tiubh, aonchine\u00e1lach, bunaithe ar mhil<\/li>\n<li>Dath: is f\u00e9idir leis a bheith idir b\u00e1n agus donn dorcha<\/li>\n<li>Comhsheasmhacht: criostalaithe go p\u00e1irteach n\u00f3 go hioml\u00e1n<\/li>\n<li>Boladh: boladh taitneamhach meala<\/li>\n<li>Blas: milis, gan aon bhlas coimhth\u00edoch<\/li>\n<\/ul>\n<div class=\"plashka\">\n<h5><strong>C\u00e9n f\u00e1th a mola\u00edtear \u00e9?<\/strong><\/h5>\n<ul class=\"vetom-list\">\n<li>Saibhrithe le substaint\u00ed bithghn\u00edomhacha \u00f3 mhiocrorg\u00e1naigh phr\u00f3ibheait\u00edocha<\/li>\n<li>Taca\u00edonn s\u00e9 le fl\u00f3ra an st\u00e9ig agus le feidhm an ch\u00f3rais imdh\u00edonachta<\/li>\n<li>Feidhm\u00edonn s\u00e9 freisin mar fhoinse frucht\u00f3is.<\/li>\n<\/ul>\n<\/div>","protected":false},"featured_media":7034,"comment_status":"open","ping_status":"closed","template":"","meta":[],"product_brand":[],"product_cat":[37,22],"product_tag":[],"class_list":{"0":"post-7033","1":"product","2":"type-product","3":"status-publish","4":"has-post-thumbnail","6":"product_cat-mezpaszta","7":"product_cat-vetom-probiotikumok","9":"first","10":"outofstock","11":"taxable","12":"shipping-taxable","13":"purchasable","14":"product-type-simple"},"_links":{"self":[{"href":"https:\/\/vetomshop.hu\/ga\/wp-json\/wp\/v2\/product\/7033","targetHints":{"allow":["GET"]}}],"collection":[{"href":"https:\/\/vetomshop.hu\/ga\/wp-json\/wp\/v2\/product"}],"about":[{"href":"https:\/\/vetomshop.hu\/ga\/wp-json\/wp\/v2\/types\/product"}],"replies":[{"embeddable":true,"href":"https:\/\/vetomshop.hu\/ga\/wp-json\/wp\/v2\/comments?post=7033"}],"wp:featuredmedia":[{"embeddable":true,"href":"https:\/\/vetomshop.hu\/ga\/wp-json\/wp\/v2\/media\/7034"}],"wp:attachment":[{"href":"https:\/\/vetomshop.hu\/ga\/wp-json\/wp\/v2\/media?parent=7033"}],"wp:term":[{"taxonomy":"product_brand","embeddable":true,"href":"https:\/\/vetomshop.hu\/ga\/wp-json\/wp\/v2\/product_brand?post=7033"},{"taxonomy":"product_cat","embeddable":true,"href":"https:\/\/vetomshop.hu\/ga\/wp-json\/wp\/v2\/product_cat?post=7033"},{"taxonomy":"product_tag","embeddable":true,"href":"https:\/\/vetomshop.hu\/ga\/wp-json\/wp\/v2\/product_tag?post=7033"}],"curies":[{"name":"uair an chloig","href":"https:\/\/api.w.org\/{rel}","templated":true}]}}