{"id":7334,"date":"2026-01-20T13:30:19","date_gmt":"2026-01-20T12:30:19","guid":{"rendered":"https:\/\/vetomshop.hu\/?post_type=product&#038;p=7334"},"modified":"2026-03-24T07:47:20","modified_gmt":"2026-03-24T06:47:20","slug":"vektor-animals-1-vetom-1-probiotikum-por-allatoknak-belflora-es-immunitas-50x5-g","status":"publish","type":"product","link":"https:\/\/vetomshop.hu\/ga\/product\/vektor-animals-1-vetom-1-probiotikum-por-allatoknak-belflora-es-immunitas-50x5-g\/","title":{"rendered":"Vector Animals 1 (Vetom 1) \u2013 P\u00fadar pr\u00f3ibheathach d'ainmhithe (fl\u00f3ra an phutha agus imdh\u00edonacht) \u2013 <span style=\"color:red\">50 \u00d7 5 g<\/span>"},"content":{"rendered":"<h3>Vector Animals 1 (Vetom 1) \u2013 P\u00fadar pr\u00f3ibheathach d'ainmhithe<\/h3>\n<div class=\"plashka\">A <strong>Beithigh Vect\u00f3ra <span style=\"color: red;\">1<\/span><\/strong> (Vetom 1) is pr\u00f3ibheathach n\u00e1d\u00fartha le speictream leathan \u00e9 a <strong>Bacillus subtilis DSM 32424<\/strong> T\u00e1 sp\u00f3ir ann. Forbra\u00edodh go sonrach \u00e9 chun fl\u00f3ra an chonair an d\u00edle\u00e1 a athbhun\u00fa i gcreimir\u00ed feirme agus caitheamh aimsire agus chun a gc\u00f3rais imdh\u00edonachta a neart\u00fa.<\/div>\n<h5>Pr\u00edomhghn\u00e9ithe agus bunt\u00e1ist\u00ed<\/h5>\n<p>Le h\u00fas\u00e1id rialta an t\u00e1irge seo, feabhsa\u00edtear an d\u00edle\u00e1 agus m\u00e9ada\u00edtear frithsheasmhacht an choirp:<\/p>\n<ul class=\"vetom-list\">\n<li><strong>Cobhs\u00fa fl\u00f3ra an phutha:<\/strong> Aisbhuna\u00edonn s\u00e9 an mionfh\u00e1sra st\u00e9igeach agus d\u00e9anann s\u00e9 na leibh\u00e9il pH a normal\u00fa, ag cosc f\u00e1s pataigin\u00ed.<\/li>\n<li><strong>S\u00fa isteach n\u00edos fearr:<\/strong> Feabhsa\u00edonn s\u00e9 \u00fas\u00e1id an fhodair agus cabhra\u00edonn s\u00e9 le hions\u00fa iarainn, cailciam, pr\u00f3it\u00e9in\u00ed agus saillte.<\/li>\n<li><strong>Cosaint imdh\u00edonachta:<\/strong> T\u00e1 s\u00e9 cruthaithe go ngn\u00edomha\u00edonn s\u00e9 imdh\u00edonacht cheallach agus humarach, ag m\u00e9ad\u00fa an fhriota\u00edochta in aghaidh v\u00edreas agus baict\u00e9ar.<\/li>\n<li><strong>Bunt\u00e1ist\u00ed eacnama\u00edocha:<\/strong> I bhainimh, m\u00e9ada\u00edonn s\u00e9 an toradh (m\u00e9ad\u00fa me\u00e1chain, t\u00e1irgeadh uibheacha) agus feabhsa\u00edonn s\u00e9 c\u00e1il\u00edocht an fh\u00e9ir, agus ag an am c\u00e9anna laghda\u00edonn s\u00e9 costais ar leith an fhodair.<\/li>\n<\/ul>\n<h5>R\u00e9ims\u00ed feidhme<\/h5>\n<ul class=\"vetom-list\">\n<li>Ba, muc, capaill, coin\u00edn\u00ed, caoirigh.<\/li>\n<li>Peata\u00ed: madra, cat.<\/li>\n<li>Ainmhithe fionnaidh (sionnach, m\u00edneog) \u2013 chun neamhoird d\u00edle\u00e1 a chosc agus chun c\u00e1il\u00edocht an fhionnaidh a fheabhs\u00fa.<\/li>\n<li>\u00c9anlaith chl\u00f3is \u2013 chun f\u00e1s a spreagadh agus an t-\u00eddi\u00fa a laghd\u00fa.<\/li>\n<\/ul>\n<h5>Treoracha d\u00e1ileoige<\/h5>\n<p>Ba ch\u00f3ir an p\u00fadar a mheascadh le huisce, le beatha n\u00f3 le r\u00e9amh-mheasc\u00e1n sula dtugtar \u00e9. <strong>Gn\u00e1thd\u00e1ileog: 50 mg\/kg me\u00e1chain coirp.<\/strong><\/p>\n<ul class=\"vetom-list\">\n<li><strong>Cosc:<\/strong> Uair amh\u00e1in sa l\u00e1 ar feadh 15\u201320 l\u00e1.<\/li>\n<li><strong>Chun cr\u00edocha teiripeacha:<\/strong> Dh\u00e1 uair sa l\u00e1 (gach 8\u201310 uair an chloig) go dt\u00ed go maola\u00edonn na siompt\u00f3im. I gc\u00e1sanna tromch\u00faiseacha, ceithre huaire sa l\u00e1 (gach 6 uair an chloig).<\/li>\n<li><strong>Ceart\u00fa easpa imdh\u00edonachta:<\/strong> 1-2 uair sa l\u00e1, c\u00f3ire\u00e1il 5-10 l\u00e1.<\/li>\n<li><strong>Cur isteach reictigeach:<\/strong> Scaoil in uisce te fiuchta, uair amh\u00e1in sa l\u00e1, ar feadh 15\u201320 l\u00e1.<\/li>\n<\/ul>\n<h5>Eolas t\u00e1bhachtach<\/h5>\n<ul class=\"vetom-list\">\n<li><strong>Am feithimh s\u00e1bh\u00e1ilteachta bia:<\/strong> N\u00ed hea. Is f\u00e9idir feoil, bainne agus uibheacha a ithe gan srian le linn an ch\u00f3ire\u00e1la agus ina diaidh.<\/li>\n<li><strong>St\u00f3r\u00e1il:<\/strong> Idir 0 agus 30 \u00b0C. Is f\u00e9idir \u00e9 a \u00fas\u00e1id ar feadh 15 l\u00e1 tar \u00e9is oscailt.<\/li>\n<li><strong>Rabhadh:<\/strong> N\u00e1 h\u00fas\u00e1id ag an am c\u00e9anna le antaibheathaigh n\u00f3 sulfonam\u00eddeanna! N\u00e1 nocht do theas fada (os cionn 100 \u00b0C).<\/li>\n<\/ul>","protected":false},"excerpt":{"rendered":"<div class=\"plashka\">N\u00e1d\u00fartha <strong>Beithigh Vect\u00f3ra <span style=\"color: red;\">1<\/span><\/strong> (Vetom 1) proibhit\u00e9ic do gach speiceas ainmh\u00ed. R\u00e9iteach saor \u00f3 antaibheathaigh le haghaidh c\u00f3ras l\u00e1idir imdh\u00edonachta agus d\u00edle\u00e1 sl\u00e1inti\u00fail.<\/div>\n<h5>C\u00e9n f\u00e1th Vektor Animals 1 a roghn\u00fa?<\/h5>\n<ul class=\"vetom-list\">\n<li><strong>S\u00e1bh\u00e1ilte:<\/strong> Comhdh\u00e9anamh l\u00e1n-n\u00e1d\u00fartha, gan am feithimh \u2013 is f\u00e9idir feoil agus bainne a ithe l\u00e1ithreach.<\/li>\n<li><strong>\u00c9ifeachtach:<\/strong> Athbhuna\u00edonn s\u00e9 an fl\u00f3ra put\u00f3gach go tapa agus feabhsa\u00edonn s\u00e9 ions\u00fa cothaitheach.<\/li>\n<li><strong>Eacnama\u00edoch:<\/strong> Feabhsa\u00edonn s\u00e9 tiont\u00fa an fhodair, rud a laghda\u00edonn costais agus a mh\u00e9ada\u00edonn an toradh.<\/li>\n<li><strong>Uil\u00edoch:<\/strong> Oiri\u00fanach do mhadra\u00ed, cait, ainmhithe feirme agus \u00e9anlaith chl\u00f3is araon.<\/li>\n<\/ul>\n<p><em>Leigheas tr\u00e9idliachta thar an gcuntar.<\/em><\/p>","protected":false},"featured_media":7335,"comment_status":"open","ping_status":"closed","template":"","meta":[],"product_brand":[],"product_cat":[38,39],"product_tag":[],"class_list":{"0":"post-7334","1":"product","2":"type-product","3":"status-publish","4":"has-post-thumbnail","6":"product_cat-vektor-animals-vetom","7":"product_cat-vektor-animals-1","9":"first","10":"outofstock","11":"featured","12":"taxable","13":"shipping-taxable","14":"purchasable","15":"product-type-simple"},"_links":{"self":[{"href":"https:\/\/vetomshop.hu\/ga\/wp-json\/wp\/v2\/product\/7334","targetHints":{"allow":["GET"]}}],"collection":[{"href":"https:\/\/vetomshop.hu\/ga\/wp-json\/wp\/v2\/product"}],"about":[{"href":"https:\/\/vetomshop.hu\/ga\/wp-json\/wp\/v2\/types\/product"}],"replies":[{"embeddable":true,"href":"https:\/\/vetomshop.hu\/ga\/wp-json\/wp\/v2\/comments?post=7334"}],"wp:featuredmedia":[{"embeddable":true,"href":"https:\/\/vetomshop.hu\/ga\/wp-json\/wp\/v2\/media\/7335"}],"wp:attachment":[{"href":"https:\/\/vetomshop.hu\/ga\/wp-json\/wp\/v2\/media?parent=7334"}],"wp:term":[{"taxonomy":"product_brand","embeddable":true,"href":"https:\/\/vetomshop.hu\/ga\/wp-json\/wp\/v2\/product_brand?post=7334"},{"taxonomy":"product_cat","embeddable":true,"href":"https:\/\/vetomshop.hu\/ga\/wp-json\/wp\/v2\/product_cat?post=7334"},{"taxonomy":"product_tag","embeddable":true,"href":"https:\/\/vetomshop.hu\/ga\/wp-json\/wp\/v2\/product_tag?post=7334"}],"curies":[{"name":"uair an chloig","href":"https:\/\/api.w.org\/{rel}","templated":true}]}}