{"id":7345,"date":"2026-01-20T13:35:59","date_gmt":"2026-01-20T12:35:59","guid":{"rendered":"https:\/\/vetomshop.hu\/?post_type=product&#038;p=7345"},"modified":"2026-03-02T20:19:42","modified_gmt":"2026-03-02T19:19:42","slug":"vektor-animals-1-2-vetom-1-2-probiotikum-por-formajaban-3-bakteriumtorzzsel-allatok-szamara-belflora-es-immunitas-50x5-g","status":"publish","type":"product","link":"https:\/\/vetomshop.hu\/ga\/product\/vektor-animals-1-2-vetom-1-2-probiotikum-por-formajaban-3-bakteriumtorzzsel-allatok-szamara-belflora-es-immunitas-50x5-g\/","title":{"rendered":"Vector Animals 1.2 (Vetom 1.2) \u2013 P\u00fadar pr\u00f3ibheathach le tr\u00ed chine\u00e1l baict\u00e9arach d'ainmhithe (fl\u00f3ra an phutha agus an ch\u00f3ras imdh\u00edonachta) \u2013 <span style=\"color:red\">50 \u00d7 5 g<\/span>"},"content":{"rendered":"<h3>Vector Animals 1.2 (Vetom 1.2) \u2013 Probhithigh leathan-speictrim (3 str\u00edoca)<\/h3>\n<div class=\"plashka\">A <strong>Beithigh Vect\u00f3ra <span style=\"color: red;\">1.2<\/span><\/strong> foirmle treisithe a <strong>tr\u00ed chine\u00e1l de shraitheanna baict\u00e9aracha gn\u00edomhacha<\/strong> \u00c1bhar. Ullmh\u00fach\u00e1n uil\u00edoch: oiri\u00fanach do mhamaigh, \u00e9in, iasc, reipt\u00edl\u00ed agus beacha chun an fhriota\u00edocht n\u00e1d\u00fartha a athbhun\u00fa.<\/div>\n<h5>Comh\u00e1bhair ghn\u00edomhacha \u2013 Tr\u00ed chosaint<\/h5>\n<p>R\u00e1tha\u00edtear \u00e9ifeachtacht an ullmh\u00f3id leis an teaglaim de na str\u00e1ic\u00ed baict\u00e9ireacha seo a leanas at\u00e1 roghnaithe go speisialta:<\/p>\n<ul class=\"vetom-list\">\n<li>Bacillus subtilis VKPM B\u201310641<\/li>\n<li>Bacillus amyloliquefaciens VKPM B\u201310642<\/li>\n<li>Bacillus amyloliquefaciens VKPM B\u201310643<\/li>\n<\/ul>\n<h5>C\u00e9 d\u00f3 a mholtar \u00e9? (Sprioc-ainmhithe)<\/h5>\n<p>T\u00e1 an t\u00e1irge uath\u00fail sa mh\u00e9id is gur f\u00e9idir \u00e9 a \u00fas\u00e1id le haghaidh beagnach gach speiceas ainmhithe:<\/p>\n<ul class=\"vetom-list\">\n<li><strong>Peata\u00ed:<\/strong> Madra\u00ed, cait (aon ph\u00f3r), creimir\u00ed (hamstair, muc-choin\u00edn, coin\u00edn\u00ed, srl.).<\/li>\n<li><strong>Beastacha feirme:<\/strong> Ba, muc, caoirigh, gabhair, capaill.<\/li>\n<li><strong>\u00c9in:<\/strong> \u00c9in mhaisi\u00fala (piorra\u00ed, can\u00e1raigh) agus \u00e9anlaith chl\u00f3is.<\/li>\n<li><strong>Ainmhithe speisialta:<\/strong> Reipt\u00edl\u00ed (turtair, nathracha, nathair\u00ed), amfaibiaigh agus iasc aquariam (scoite in uisce).<\/li>\n<li><strong>B\u00e9ir:<\/strong> Mortla\u00edocht de bharr ionfhabhtuithe a laghd\u00fa.<\/li>\n<\/ul>\n<h5>C\u00e9n uair ar cheart \u00e9 a \u00fas\u00e1id?<\/h5>\n<p>Is f\u00e9idir an ullmh\u00f3id a riar chun cr\u00edocha proifilachtacha (coscacha) agus teiripeacha:<\/p>\n<ul class=\"vetom-list\">\n<li><strong>Tar \u00e9is c\u00farsa antaibheathach:<\/strong> Chun fl\u00f3ra an phutha a athbhun\u00fa agus d\u00edbheas a ch\u00f3ire\u00e1il.<\/li>\n<li><strong>I gc\u00e1sanna struis:<\/strong> Le linn athruithe bia, iompair n\u00f3 struis a eascra\u00edonn as an fheirmeoireacht thionscla\u00edoch.<\/li>\n<li><strong>Chun an c\u00f3ras imdh\u00edonachta a neart\u00fa:<\/strong> Mar fhorl\u00edonadh ar vacsa\u00ednithe le haghaidh freagairt imdh\u00edonachta n\u00edos marthana\u00ed.<\/li>\n<li><strong>Chun an t\u00e1irgeadh a mh\u00e9ad\u00fa:<\/strong> I gc\u00e1s \u00e9anlaith chl\u00f3is, chun t\u00e1irgeadh uibheacha a mh\u00e9ad\u00fa; i gc\u00e1s ainmhithe feirme, chun f\u00e1s agus me\u00e1chan a bhrosn\u00fa.<\/li>\n<li><strong>Le galair a chosc:<\/strong> Mar shampla, chun ionfhabhtuithe i bhfichill\u00ed agus athlasadh iarthoirchis (eandaim\u00edteas, m\u00e1ist\u00edteas) i gcaoirigh a laghd\u00fa.<\/li>\n<\/ul>\n<h5>Treoracha d\u00e1ileoige<\/h5>\n<p>Is f\u00e9idir an p\u00fadar a thabhairt go haonair (measctha le huisce\/bia) n\u00f3 i ngr\u00fapa\u00ed. <strong>Gn\u00e1thd\u00e1ileog: 50 mg\/kg me\u00e1chain coirp.<\/strong> <\/p>\n<ul class=\"vetom-list\">\n<li><strong>Cosc (C\u00f3ire\u00e1il):<\/strong> Uair amh\u00e1in sa l\u00e1 ar feadh 15\u201320 l\u00e1. Is f\u00e9idir \u00e9 a athdh\u00e9anamh gach r\u00e1ithe.<\/li>\n<li><strong>Teiripe (i gc\u00e1s tinnis):<\/strong> Dh\u00e1 uair sa l\u00e1 (gach 8\u201310 uair an chloig) go dt\u00ed go maola\u00edonn na siompt\u00f3im. I gc\u00e1sanna tromch\u00faiseacha, ceithre huaire sa l\u00e1 (gach 6 uair an chloig).<\/li>\n<li><strong>Ceart\u00fa easpa imdh\u00edonachta:<\/strong> Uair amh\u00e1in n\u00f3 faoi dh\u00f3 sa l\u00e1 ar feadh 5\u201310 l\u00e1.<\/li>\n<li><strong>Dos\u00e1il ghr\u00fapa:<\/strong> 15,000 riar in aghaidh an tona d'fheannas n\u00f3 d'uisce.<\/li>\n<\/ul>\n<p><em>N\u00f3ta: N\u00ed chrutha\u00edonn an t-ullmh\u00fach\u00e1n cleachtadh n\u00e1 frithsheasmhacht.<\/em><\/p>","protected":false},"excerpt":{"rendered":"<div class=\"plashka\">A <strong>Beithigh Vect\u00f3ra <span style=\"color: red;\">1.2<\/span><\/strong> (Vetom 1.2) is pr\u00f3bheathach \u00e9 ina bhfuil tr\u00ed chine\u00e1l baict\u00e9arach, a <strong>Bacillus subtilis<\/strong> agus <strong>Bacillus amyloliquefaciens<\/strong> Taca\u00edonn s\u00e9 le sl\u00e1inte ainmhithe le sp\u00f3ir.<\/div>\n<h5>Pr\u00edomhbhunt\u00e1ist\u00ed:<\/h5>\n<ul class=\"vetom-list\">\n<li><strong>Uil\u00edoch:<\/strong> Is f\u00e9idir \u00e9 a thabhairt do mhadra\u00ed, do chait, d'ainmhithe feirme, agus fi\u00fa d'\u00e9isc agus do bheacha.<\/li>\n<li><strong>Tr\u00ed-\u00e9ifeacht:<\/strong> Sol\u00e1thra\u00edonn na tr\u00ed str\u00e1in \u00e9ags\u00fala baict\u00e9arach cosaint n\u00edos leithne ar ionfhabhtuithe.<\/li>\n<li><strong>\u00c9ifeacht\u00falacht:<\/strong> M\u00e9ada\u00edonn s\u00e9 an t\u00e1irgi\u00falacht, feabhsa\u00edonn s\u00e9 an f\u00e1s agus laghda\u00edonn s\u00e9 an g\u00e1 le c\u00f3gais.<\/li>\n<li><strong>S\u00e1bh\u00e1ilteacht:<\/strong> N\u00ed fhorbra\u00edonn aon fhriota\u00edocht, moltar go m\u00f3r \u00e9 tar \u00e9is c\u00f3ire\u00e1la antaibheathaigh.<\/li>\n<\/ul>","protected":false},"featured_media":7349,"comment_status":"open","ping_status":"closed","template":"","meta":[],"product_brand":[],"product_cat":[38,40],"product_tag":[],"class_list":{"0":"post-7345","1":"product","2":"type-product","3":"status-publish","4":"has-post-thumbnail","6":"product_cat-vektor-animals-vetom","7":"product_cat-vektor-animals-1-2","9":"first","10":"instock","11":"featured","12":"taxable","13":"shipping-taxable","14":"purchasable","15":"product-type-simple"},"_links":{"self":[{"href":"https:\/\/vetomshop.hu\/ga\/wp-json\/wp\/v2\/product\/7345","targetHints":{"allow":["GET"]}}],"collection":[{"href":"https:\/\/vetomshop.hu\/ga\/wp-json\/wp\/v2\/product"}],"about":[{"href":"https:\/\/vetomshop.hu\/ga\/wp-json\/wp\/v2\/types\/product"}],"replies":[{"embeddable":true,"href":"https:\/\/vetomshop.hu\/ga\/wp-json\/wp\/v2\/comments?post=7345"}],"wp:featuredmedia":[{"embeddable":true,"href":"https:\/\/vetomshop.hu\/ga\/wp-json\/wp\/v2\/media\/7349"}],"wp:attachment":[{"href":"https:\/\/vetomshop.hu\/ga\/wp-json\/wp\/v2\/media?parent=7345"}],"wp:term":[{"taxonomy":"product_brand","embeddable":true,"href":"https:\/\/vetomshop.hu\/ga\/wp-json\/wp\/v2\/product_brand?post=7345"},{"taxonomy":"product_cat","embeddable":true,"href":"https:\/\/vetomshop.hu\/ga\/wp-json\/wp\/v2\/product_cat?post=7345"},{"taxonomy":"product_tag","embeddable":true,"href":"https:\/\/vetomshop.hu\/ga\/wp-json\/wp\/v2\/product_tag?post=7345"}],"curies":[{"name":"uair an chloig","href":"https:\/\/api.w.org\/{rel}","templated":true}]}}