{"id":7358,"date":"2026-01-20T16:45:04","date_gmt":"2026-01-20T15:45:04","guid":{"rendered":"https:\/\/vetomshop.hu\/?post_type=product&#038;p=7358"},"modified":"2026-03-03T07:55:22","modified_gmt":"2026-03-03T06:55:22","slug":"vektor-animals-3-vetom-3-probiotikum-por-allatoknak-bacillus-amyloliquefaciens-1x50-g","status":"publish","type":"product","link":"https:\/\/vetomshop.hu\/ga\/product\/vektor-animals-3-vetom-3-probiotikum-por-allatoknak-bacillus-amyloliquefaciens-1x50-g\/","title":{"rendered":"Vector Animals 3 (Vetom 3) \u2013 P\u00fadar pr\u00f3ibheathach d'ainmhithe (Bacillus amyloliquefaciens) <span style=\"color:red\">1\u00d750 g<\/span>"},"content":{"rendered":"<h3>Vector Animals 3 (Vetom 3) \u2013 Probhi\u00f3tach le str\u00e1ic\u00ed speisialta baict\u00e9aracha<\/h3>\n<div class=\"plashka\">\n<p>Is pr\u00f3ibheathach n\u00e1d\u00fartha \u00e9 Vetom 3 at\u00e1 bunaithe ar na h\u00e9ifeachta\u00ed tairbheacha a bhaineann leis an str\u00e1in baict\u00e9arach Bacillus amyloliquefaciens. Is sa st\u00e9ig mh\u00f3r a imr\u00edonn an baict\u00e9ar seo a \u00e9ifeacht go pr\u00edomha, \u00e1it a dt\u00e1irgeann s\u00e9 eins\u00edm\u00ed agus substaint\u00ed gn\u00edomhacha. Is iad seo:<\/p>\n<p>* cosc a chur ar bhacteria agus ar fhungais dh\u00edobh\u00e1lacha (patog\u00e9in\u00ed agus patog\u00e9in\u00ed coinn\u00edollacha),<br \/>\nc\u00fanamh a thabhairt le baint \u00e1bhair neamhdh\u00edle\u00e1ite as an gconair intestinal,<br \/>\n* tac\u00fa le hions\u00fa n\u00edos \u00e9asca agus n\u00edos fearr cothaitheach,<br \/>\n* d\u00edthocsaini\u00fa an choirp a chur chun cinn.<\/p>\n<p>Cuid\u00edonn Vetom 3 le cothroma\u00edocht n\u00e1d\u00fartha na fl\u00f3ra put\u00f3gach a athbhun\u00fa, feabhsa\u00edonn s\u00e9 an d\u00edle\u00e1 agus an mheitibileacht, agus cuireann s\u00e9 le h\u00fas\u00e1id n\u00edos \u00e9ifeachta\u00ed cothaitheach.<\/p>\n<h2>Bunt\u00e1ist\u00ed:<\/h2>\n<p>T\u00e1 air\u00edonna frithbhaict\u00e9ireacha agus frithfhungacha aige<br \/>\nUllmh\u00f3id fhrithv\u00edreasach a th\u00e1irgeann eins\u00edm\u00ed agus a thaca\u00edonn leis an d\u00edle\u00e1<br \/>\nNearta\u00edonn s\u00e9 freagairt\u00ed imdh\u00edonachta ceallacha agus humaracha<br \/>\nM\u00e9ada\u00edonn s\u00e9 frithsheasmhacht an choirp<br \/>\n* Cuid\u00edonn s\u00e9 le frithghn\u00edomhartha aill\u00e9irgeacha a laghd\u00fa<br \/>\nTaca\u00edonn s\u00e9 le hathnuachan na gceall agus d'fh\u00e9adfadh s\u00e9 cosc a chur ar fhorbairt ceall ailseach.<br \/>\nFeabhsa\u00edonn s\u00e9 \u00e9ifeachta\u00ed c\u00f3gas eile agus laghda\u00edonn s\u00e9 a n-\u00e9ifeachta\u00ed taobh<br \/>\nCosna\u00edonn s\u00e9 an corp ar leibh\u00e9al na gceall, ag cuidi\u00fa le forbairt na bhf\u00e1sach a chosc.<\/p>\n<h2>\u00das\u00e1id mholta:<\/h2>\n<p><strong>An d\u00e1ileog mholta:<\/strong><br \/>\nT\u00f3g 1 chaipl\u00edn 2\u20133 huaire sa l\u00e1 ar feadh 10 l\u00e1, roimh, le linn n\u00f3 tar \u00e9is b\u00e9il\u00ed, le beag\u00e1n leachta (uisce, tae n\u00f3 s\u00fa tortha\u00ed). Tabhair aird ar fhreagairt\u00ed do choirp agus an forl\u00edonadh \u00e1 ghlacadh agat agus, m\u00e1s g\u00e1, m\u00e9adaigh an d\u00e1ileog de r\u00e9ir a ch\u00e9ile go 5\u201310 gcaipl\u00edn in aghaidh an lae.<\/p>\n<p>Is f\u00e9idir an ch\u00f3ire\u00e1il a athdh\u00e9anamh am ar bith tar \u00e9is sos 1\u20132 sheachtaine. Moltar aistri\u00fa chuig cine\u00e1lacha eile de th\u00e1irg\u00ed Vetom \u00f3 am go ch\u00e9ile chun tac\u00fa go hioml\u00e1n le sl\u00e1inte an choirp agus an ch\u00f3rais intestinalaigh.<\/p>\n<h2>Pr\u00edomhghn\u00e9ithe:<\/h2>\n<p>Gan fo-iarmhairt\u00ed<br \/>\nN\u00edl aon srianta aoise ann<br \/>\nN\u00ed f\u00e9idir r\u00f3dh\u00e1ileog a ghlacadh<br \/>\nN\u00ed thagann aon sple\u00e1chas chun cinn.<\/p>\n<h2>R\u00e9imse feidhme:<\/h2>\n<p>Moltar \u00e9 mar fhorl\u00edonadh aiste bia at\u00e1 beochtach go bitheola\u00edoch chun riocht an bholg agus na n-intest\u00e1n a fheabhs\u00fa agus chun cothroma\u00edocht na fl\u00f3ra intestinala a athbhun\u00fa.<\/p>\n<h2>Frithl\u00e9irithe:<\/h2>\n<p>N\u00ed mholtar an t\u00e1irge m\u00e1 t\u00e1 aill\u00e9irge n\u00f3 hipir\u00edogaireacht agat d'aon cheann d\u00e1 chomh\u00e1bhair.<\/p>\n<h2>Eolas t\u00e1bhachtach:<\/h2>\n<p>* Le linn toirchis agus beath\u00fa c\u00edche, n\u00e1 h\u00fas\u00e1id ach faoi chomhairle leighis.<br \/>\nN\u00ed dh\u00e9anann s\u00e9 difear do thiom\u00e1int n\u00e1 d'oibri\u00fa innealra cont\u00fairtigh.<\/p>\n<h2>Pac\u00e1isti\u00fa agus comhdh\u00e9anamh:<\/h2>\n<p>* 10 caps\u00fal i bpac\u00e1ist\u00ed buil\u00e9ir, 5 phac\u00e1iste i mbosca cairtchl\u00e1ir (50 caps\u00fal san ioml\u00e1n)<br \/>\nMe\u00e1chan glan: 0.1 kg<br \/>\n* Tois\u00ed: 4.5 \u00d7 6.5 \u00d7 8 cm<\/p>\n<h2>\u00c1bhar caps\u00fal amh\u00e1in:<\/h2>\n<p>* Sliocht arbhair Indiach: 133 mg<br \/>\n* St\u00e1irse pr\u00e1ta\u00ed: 100 mg<br \/>\n* S\u00facra\u00f3s (si\u00facra p\u00fadrach): 67 mg<br \/>\nCult\u00far baict\u00e9arach *Bacillus amyloliquefaciens* (DSM 24613) \u2013 30 mg (1\u00d710\u2079 CFU\/g)<\/p>\n<p>Leagan coibh\u00e9iseach eile i bhfoirm titeanna: Vetom 3.22 (10 ml)<\/p>\n<p>T\u00edr bhunaidh: <strong>An R\u00fais<\/strong><\/p>\n<\/div>","protected":false},"excerpt":{"rendered":"<div class=\"plashka\">A <strong>Beithigh Vect\u00f3ra <span style=\"color: red;\">3<\/span><\/strong> (Vetom 3) <strong>Bacillus amyloliquefaciens<\/strong> Pr\u00f3ibheathach ina bhfuil sp\u00f3ir a chuid\u00edonn le sl\u00e1inte an d\u00edle\u00e1 a chothabh\u00e1il agus a nearta\u00edonn an c\u00f3ras imdh\u00edonachta.<\/div>\n<h5>Pr\u00edomhbhunt\u00e1ist\u00ed:<\/h5>\n<ul class=\"vetom-list\">\n<li><strong>Cosaint ar fhliora an phut\u00f3ige:<\/strong> An-\u00e9ifeachtach go h\u00e1irithe tar \u00e9is c\u00f3ire\u00e1lacha antaibheathach.<\/li>\n<li><strong>Speictream leathan:<\/strong> Is f\u00e9idir \u00e9 a thabhairt d'aon speiceas ainmh\u00ed, \u00f3 \u00e9isc go capaill.<\/li>\n<li><strong>Eacnama\u00edoch:<\/strong> Feabhsa\u00edonn s\u00e9 \u00fas\u00e1id an fhodair agus laghda\u00edonn s\u00e9 an baol galar.<\/li>\n<li><strong>S\u00e1bh\u00e1ilte:<\/strong> Go hioml\u00e1n n\u00e1d\u00fartha, gan aon \u00e9ifeachta\u00ed taobh.<\/li>\n<\/ul>","protected":false},"featured_media":7359,"comment_status":"open","ping_status":"closed","template":"","meta":[],"product_brand":[],"product_cat":[38,41],"product_tag":[],"class_list":{"0":"post-7358","1":"product","2":"type-product","3":"status-publish","4":"has-post-thumbnail","6":"product_cat-vektor-animals-vetom","7":"product_cat-vektor-animals-3","9":"first","10":"instock","11":"featured","12":"taxable","13":"shipping-taxable","14":"purchasable","15":"product-type-simple"},"_links":{"self":[{"href":"https:\/\/vetomshop.hu\/ga\/wp-json\/wp\/v2\/product\/7358","targetHints":{"allow":["GET"]}}],"collection":[{"href":"https:\/\/vetomshop.hu\/ga\/wp-json\/wp\/v2\/product"}],"about":[{"href":"https:\/\/vetomshop.hu\/ga\/wp-json\/wp\/v2\/types\/product"}],"replies":[{"embeddable":true,"href":"https:\/\/vetomshop.hu\/ga\/wp-json\/wp\/v2\/comments?post=7358"}],"wp:featuredmedia":[{"embeddable":true,"href":"https:\/\/vetomshop.hu\/ga\/wp-json\/wp\/v2\/media\/7359"}],"wp:attachment":[{"href":"https:\/\/vetomshop.hu\/ga\/wp-json\/wp\/v2\/media?parent=7358"}],"wp:term":[{"taxonomy":"product_brand","embeddable":true,"href":"https:\/\/vetomshop.hu\/ga\/wp-json\/wp\/v2\/product_brand?post=7358"},{"taxonomy":"product_cat","embeddable":true,"href":"https:\/\/vetomshop.hu\/ga\/wp-json\/wp\/v2\/product_cat?post=7358"},{"taxonomy":"product_tag","embeddable":true,"href":"https:\/\/vetomshop.hu\/ga\/wp-json\/wp\/v2\/product_tag?post=7358"}],"curies":[{"name":"uair an chloig","href":"https:\/\/api.w.org\/{rel}","templated":true}]}}