{"id":1020,"date":"2020-02-17T14:15:30","date_gmt":"2020-02-17T14:15:30","guid":{"rendered":"https:\/\/vetomshop.hu\/?page_id=1020"},"modified":"2024-09-26T18:57:13","modified_gmt":"2024-09-26T16:57:13","slug":"gyakori-kerdesek","status":"publish","type":"page","link":"https:\/\/vetomshop.hu\/it\/gyakori-kerdesek\/","title":{"rendered":"Domande frequenti"},"content":{"rendered":"<div class=\"wpb-content-wrapper\">\n<div  data-mk-stretch-content=\"true\" class=\"wpb_row vc_row vc_row-fluid jupiter-donut- mk-fullwidth-false  attched-false     js-master-row  mk-grid\">\n\t\t\t\t\n<div class=\"vc_col-sm-12 wpb_column column_container  jupiter-donut- _ jupiter-donut-height-full\">\n\t\n<div data-style=\"accordion-style\" data-initialindex=\"0\" id=\"mk-accordion-2\" class=\"mk-accordion mobile-false fancy-style\">\n\t<div class=\"wpb_accordion_wrapper\">\n\t\t\n<div id=\"\"class=\"mk-accordion-single\">\n\n\t<div class=\"mk-accordion-tab\">\n\t\t<i><svg  class=\"mk-svg-icon\" data-name=\"mk-icon-medkit\" data-cacheid=\"icon-69f750249d5e3\" xmlns=\"http:\/\/www.w3.org\/2000\/svg\" viewbox=\"0 0 1792 1792\"><path d=\"M1280 1120v-192q0-14-9-23t-23-9h-224v-224q0-14-9-23t-23-9h-192q-14 0-23 9t-9 23v224h-224q-14 0-23 9t-9 23v192q0 14 9 23t23 9h224v224q0 14 9 23t23 9h192q14 0 23-9t9-23v-224h224q14 0 23-9t9-23zm-640-736h512v-128h-512v128zm-384 0v1280h-32q-92 0-158-66t-66-158v-832q0-92 66-158t158-66h32zm1184 0v1280h-1088v-1280h160v-160q0-40 28-68t68-28h576q40 0 68 28t28 68v160h160zm352 224v832q0 92-66 158t-158 66h-32v-1280h32q92 0 158 66t66 158z\"\/><\/svg><\/i>\t\t<span>Che cos'\u00e8 Vetom?<\/span>\n\t\t<svg  class=\"mk-svg-icon\" data-name=\"mk-icon-chevron-right\" data-cacheid=\"icon-69f750249d7bd\" style=\" height:13px; width: 9.2857142857143px; \"  xmlns=\"http:\/\/www.w3.org\/2000\/svg\" viewbox=\"0 0 1280 1792\"><path d=\"M1107 877l-742 742q-19 19-45 19t-45-19l-166-166q-19-19-19-45t19-45l531-531-531-531q-19-19-19-45t19-45l166-166q19-19 45-19t45 19l742 742q19 19 19 45t-19 45z\"\/><\/svg>\t<\/div>\n\n\t<div class=\"mk-accordion-pane\">\n\t\t\t<div class=\"vc_custom_1716651722549\">\n\n<div id=\"text-block-3\" class=\"mk-text-block  jupiter-donut-\">\n\n\t\n\t<p><span style=\"color: #a58904;\"><strong>VETOM<\/strong><\/span>\u00a0- un probiotico molto potente che ripristina e preserva la struttura della mucosa intestinale e la microflora dello stomaco.<\/p>\n<p><img loading=\"lazy\" decoding=\"async\" class=\"size-full wp-image-623 aligncenter\" src=\"https:\/\/vetomshop.hu\/wp-content\/uploads\/2024\/05\/vetom-laboratorium.jpg\" alt=\"\" width=\"1464\" height=\"560\" \/><\/p>\n<p><strong><span style=\"color: #a58904;\">In che modo Vetom combatte le infezioni virali e batteriche?<\/span><\/strong><\/p>\n<p>Il principio attivo di Vetom \u00e8 il Bacillus subtilis ceppo VKPM B 10641. I batteri appartenenti a questa specie sopprimono in modo specifico la crescita e lo sviluppo della microflora al di fuori del tratto gastrointestinale attraverso un antagonismo diretto con gli agenti infettivi e indirettamente ottimizzando il sistema immunitario dell'organismo attraverso la produzione di interferone \u03b1-2 dei leucociti umani.<\/p>\n<p>L'interferone \u00e8 una molecola proteica che fornisce un'immunit\u00e0 antivirale!<\/p>\n<p>Il principale meccanismo d'azione dell'interferone \u00e8 la soppressione dello sviluppo e della divisione. A dosi fisiologiche, questa azione regola la replicazione dei virus.<\/p>\n<p>L'organismo sano risponde all'invasione dei virus producendo interferoni, che impediscono il successivo sviluppo dell'infezione.<\/p>\n<p><img loading=\"lazy\" decoding=\"async\" class=\"size-full wp-image-5647 aligncenter\" src=\"https:\/\/vetomshop.hu\/wp-content\/uploads\/2024\/05\/laborator.jpg\" alt=\"\" width=\"1000\" height=\"534\" srcset=\"https:\/\/vetomshop.hu\/wp-content\/uploads\/2024\/05\/laborator.jpg 1000w, https:\/\/vetomshop.hu\/wp-content\/uploads\/2024\/05\/laborator-300x160.jpg 300w, https:\/\/vetomshop.hu\/wp-content\/uploads\/2024\/05\/laborator-768x410.jpg 768w, https:\/\/vetomshop.hu\/wp-content\/uploads\/2024\/05\/laborator-600x320.jpg 600w\" sizes=\"auto, (max-width: 1000px) 100vw, 1000px\" \/>Poich\u00e9 Vetom stimola la produzione di interferone, viene utilizzato anche per combattere virus e infezioni, tra cui il coronavirus:<\/p>\n<ul>\n<li>SARS (rhinovirus, infezione da coronavirus, virus influenzali e parainfluenzali);<\/li>\n<li>malattie infettive - varie forme di lesioni erpetiche (cheratocongiuntivite e cheratite virale, cheratouveite, herpes genitale, herpes zoster);<\/li>\n<li>epatite virale acuta e cronica (A, B, C, D (delta)).<\/li>\n<\/ul>\n\n\t<div class=\"clearboth\"><\/div>\n<\/div>\n\n\t<\/div>\n\n\t\t<div class=\"clearboth\"><\/div>\n\t<\/div>\n\n<\/div>\n\n<div id=\"\"class=\"mk-accordion-single\">\n\n\t<div class=\"mk-accordion-tab\">\n\t\t<i><svg  class=\"mk-svg-icon\" data-name=\"mk-icon-medkit\" data-cacheid=\"icon-69f750249dd50\" xmlns=\"http:\/\/www.w3.org\/2000\/svg\" viewbox=\"0 0 1792 1792\"><path d=\"M1280 1120v-192q0-14-9-23t-23-9h-224v-224q0-14-9-23t-23-9h-192q-14 0-23 9t-9 23v224h-224q-14 0-23 9t-9 23v192q0 14 9 23t23 9h224v224q0 14 9 23t23 9h192q14 0 23-9t9-23v-224h224q14 0 23-9t9-23zm-640-736h512v-128h-512v128zm-384 0v1280h-32q-92 0-158-66t-66-158v-832q0-92 66-158t158-66h32zm1184 0v1280h-1088v-1280h160v-160q0-40 28-68t68-28h576q40 0 68 28t28 68v160h160zm352 224v832q0 92-66 158t-158 66h-32v-1280h32q92 0 158 66t66 158z\"\/><\/svg><\/i>\t\t<span>Vetom \u00e8 adatto ai bambini?<\/span>\n\t\t<svg  class=\"mk-svg-icon\" data-name=\"mk-icon-chevron-right\" data-cacheid=\"icon-69f750249de34\" style=\" height:13px; width: 9.2857142857143px; \"  xmlns=\"http:\/\/www.w3.org\/2000\/svg\" viewbox=\"0 0 1280 1792\"><path d=\"M1107 877l-742 742q-19 19-45 19t-45-19l-166-166q-19-19-19-45t19-45l531-531-531-531q-19-19-19-45t19-45l166-166q19-19 45-19t45 19l742 742q19 19 19 45t-19 45z\"\/><\/svg>\t<\/div>\n\n\t<div class=\"mk-accordion-pane\">\n\t\t\t<div class=\"vc_custom_1675849573805\">\n\n<div id=\"text-block-4\" class=\"mk-text-block  jupiter-donut-\">\n\n\t\n\t<p><img loading=\"lazy\" decoding=\"async\" class=\"size-full wp-image-612 aligncenter\" src=\"\/\/vetom-egeszsegshop.hu\/wp-content\/uploads\/2023\/02\/probio-dity.jpg\" alt=\"\" width=\"1105\" height=\"600\" \/><\/p>\n<p>Il probiotico non ha limiti di et\u00e0, quindi pu\u00f2 essere assunto da adulti e bambini.<\/p>\n<p>\u00c8 possibile utilizzare la forma liquida del probiotico: 1-2 gocce 2-3 volte al giorno, diluite in poca acqua. Preferibilmente come cura per 10-14 giorni.<\/p>\n<p>Oppure viene somministrato in polvere, 1 g di polvere per 10 kg di peso del bambino, 2-3 volte al giorno. La polvere pu\u00f2 essere diluita in una piccola quantit\u00e0 di liquido.<\/p>\n<p>Preferibilmente una cura di 10-14 giorni.<\/p>\n\n\t<div class=\"clearboth\"><\/div>\n<\/div>\n\n\t<\/div>\n\n\t\t<div class=\"clearboth\"><\/div>\n\t<\/div>\n\n<\/div>\n\n<div id=\"\"class=\"mk-accordion-single\">\n\n\t<div class=\"mk-accordion-tab\">\n\t\t<i><svg  class=\"mk-svg-icon\" data-name=\"mk-icon-medkit\" data-cacheid=\"icon-69f750249e1a4\" xmlns=\"http:\/\/www.w3.org\/2000\/svg\" viewbox=\"0 0 1792 1792\"><path d=\"M1280 1120v-192q0-14-9-23t-23-9h-224v-224q0-14-9-23t-23-9h-192q-14 0-23 9t-9 23v224h-224q-14 0-23 9t-9 23v192q0 14 9 23t23 9h224v224q0 14 9 23t23 9h192q14 0 23-9t9-23v-224h224q14 0 23-9t9-23zm-640-736h512v-128h-512v128zm-384 0v1280h-32q-92 0-158-66t-66-158v-832q0-92 66-158t158-66h32zm1184 0v1280h-1088v-1280h160v-160q0-40 28-68t68-28h576q40 0 68 28t28 68v160h160zm352 224v832q0 92-66 158t-158 66h-32v-1280h32q92 0 158 66t66 158z\"\/><\/svg><\/i>\t\t<span>Come assumere i prodotti Vetom?<\/span>\n\t\t<svg  class=\"mk-svg-icon\" data-name=\"mk-icon-chevron-right\" data-cacheid=\"icon-69f750249e26c\" style=\" height:13px; width: 9.2857142857143px; \"  xmlns=\"http:\/\/www.w3.org\/2000\/svg\" viewbox=\"0 0 1280 1792\"><path d=\"M1107 877l-742 742q-19 19-45 19t-45-19l-166-166q-19-19-19-45t19-45l531-531-531-531q-19-19-19-45t19-45l166-166q19-19 45-19t45 19l742 742q19 19 19 45t-19 45z\"\/><\/svg>\t<\/div>\n\n\t<div class=\"mk-accordion-pane\">\n\t\t\t<div class=\"vc_custom_1716651401497\">\n\n<div id=\"text-block-5\" class=\"mk-text-block  jupiter-donut-\">\n\n\t\n\t<p>Per ottenere il massimo effetto, assumere Vetom un'ora prima dei pasti con una piccola quantit\u00e0 di acqua semplice. Si consiglia di escludere alcolici e cibi piccanti durante il periodo di assunzione. Nella scelta del dosaggio e della frequenza di somministrazione, occorre tenere presente che l'effetto terapeutico non dipende direttamente dalla quantit\u00e0 di prodotto assunta in una sola volta, ma dalla frequenza di somministrazione in un regime di cura: pi\u00f9 frequente \u00e8 la dose, pi\u00f9 forte \u00e8 l'effetto.<\/p>\n<p><img decoding=\"async\" class=\"alignnone size-full wp-image-5645\" src=\"https:\/\/vetomshop.hu\/wp-content\/uploads\/2024\/05\/gettyimages.jpg\" alt=\"\" width=\"100%\" srcset=\"https:\/\/vetomshop.hu\/wp-content\/uploads\/2024\/05\/gettyimages.jpg 1920w, https:\/\/vetomshop.hu\/wp-content\/uploads\/2024\/05\/gettyimages-300x171.jpg 300w, https:\/\/vetomshop.hu\/wp-content\/uploads\/2024\/05\/gettyimages-1024x585.jpg 1024w, https:\/\/vetomshop.hu\/wp-content\/uploads\/2024\/05\/gettyimages-768x438.jpg 768w, https:\/\/vetomshop.hu\/wp-content\/uploads\/2024\/05\/gettyimages-1536x877.jpg 1536w, https:\/\/vetomshop.hu\/wp-content\/uploads\/2024\/05\/gettyimages-1320x754.jpg 1320w, https:\/\/vetomshop.hu\/wp-content\/uploads\/2024\/05\/gettyimages-600x343.jpg 600w\" sizes=\"(max-width: 1920px) 100vw, 1920px\" \/><\/p>\n<p>Una dose deve contenere almeno 5 milioni di microrganismi, ad esempio almeno 5 g di polvere (circa 1 cucchiaino), 1 bustina o 1 capsula. Se si assume Vetom in forma liquida, 1 dose = 1 goccia.<\/p>\n<p><span style=\"color: #a58904;\"><strong>Il sovradosaggio non ha effetti negativi.<\/strong><\/span><\/p>\n<p>Dosaggio preventivo per persone sane per prevenire possibili malattie<em>:\u00a0<\/em><\/p>\n<ul>\n<li>Prendete il Vetom <span style=\"color: #ff0000;\">1.1<\/span>-et o Veto <span style=\"color: #ff0000;\">1.23<\/span>-(scegliete voi la formulazione - \u00e8 importante la presenza del principio attivo - ceppo Bacillus subtilis VKPM B-10641 (DSM 24613)) per 10-14 giorni, in dosi multiple di 7-10 volte al giorno, a intervalli approssimativamente uguali: ad esempio, si assume per 2 settimane, poi si fa una pausa di 3 settimane e si ripete il trattamento. .<\/li>\n<li>Ripetere il regime almeno 2 volte l'anno, preferibilmente nel periodo precedente alla comparsa dei raffreddori.<\/li>\n<li>Consigliato per Vetom <span style=\"color: #ff0000;\">1.1<\/span> capsula - goccia Vetom <span style=\"color: #ff0000;\">1.23<\/span> tra una cura e l'altra, consumare Vetom <span style=\"color: #ff0000;\">3<\/span>-a e <span style=\"color: #ff0000;\">4<\/span>-(o prendo <span style=\"color: #ff0000;\">2<\/span>-t) 2-3 dosi al giorno per 10-14 giorni.<\/li>\n<li>Invece di Vetom in polvere o in capsule, \u00e8 possibile assumere un probiotico liquido, alla portata di tutti: Vetom <span style=\"color: #ff0000;\">1.23<\/span> Vetom <span style=\"color: #ff0000;\">3.22<\/span>, Vetom <span style=\"color: #ff0000;\">4.24<\/span> o Veto <span style=\"color: #ff0000;\">2.25<\/span>, Vetom <span style=\"color: #ff0000;\">2.26<\/span>.<\/li>\n<\/ul>\n<p>Se l'immunit\u00e0 \u00e8 molto buona, allora un ciclo di 1 -2 cicli di 10-14 giorni di Vetom <span style=\"color: #ff0000;\">1.1<\/span> non si noteranno effetti particolari dopo il trattamento.<\/p>\n<p><strong><span style=\"color: #a58904;\">Prelievo terapeutico:<\/span><\/strong><\/p>\n<ul>\n<li>Prendere Vetom <span style=\"color: #ff0000;\">1.1<\/span> capsule o Vetom <span style=\"color: #ff0000;\">1.23<\/span> 10 gocce al giorno (10 capsule - 10 gocce) per 10-14 giorni. Poi una pausa di almeno 14 giorni. .<\/li>\n<li>Il regime di assunzione deve essere ripetuto dopo 1 o 2 mesi. .<\/li>\n<li>Il Vetom <span style=\"color: #ff0000;\">1.1<\/span> (Vetom <span style=\"color: #ff0000;\">1.23<\/span> ) tra i trattamenti cerca di Vetom <span style=\"color: #ff0000;\">3<\/span>-a e <span style=\"color: #ff0000;\">4<\/span>-(o prendo <span style=\"color: #ff0000;\">2<\/span>-) per 10-14 giorni al giorno.<\/li>\n<li>Per farvi sentire meglio, Vetom <span style=\"color: #ff0000;\">1.1<\/span> l'intervallo tra i trattamenti dovrebbe essere aumentato a 2-3 all'anno. Di conseguenza, il Vetom <span style=\"color: #ff0000;\">2<\/span> Anche la frequenza di assunzione delle dosi 3 e 4 pu\u00f2 essere ridotta gradualmente nel tempo, passando da 10 a 2-3 dosi.<\/li>\n<\/ul>\n\n\t<div class=\"clearboth\"><\/div>\n<\/div>\n\n\t<\/div>\n\n\t\t<div class=\"clearboth\"><\/div>\n\t<\/div>\n\n<\/div>\n\n<div id=\"\"class=\"mk-accordion-single\">\n\n\t<div class=\"mk-accordion-tab\">\n\t\t<i><svg  class=\"mk-svg-icon\" data-name=\"mk-icon-medkit\" data-cacheid=\"icon-69f750249ebb1\" xmlns=\"http:\/\/www.w3.org\/2000\/svg\" viewbox=\"0 0 1792 1792\"><path d=\"M1280 1120v-192q0-14-9-23t-23-9h-224v-224q0-14-9-23t-23-9h-192q-14 0-23 9t-9 23v224h-224q-14 0-23 9t-9 23v192q0 14 9 23t23 9h224v224q0 14 9 23t23 9h192q14 0 23-9t9-23v-224h224q14 0 23-9t9-23zm-640-736h512v-128h-512v128zm-384 0v1280h-32q-92 0-158-66t-66-158v-832q0-92 66-158t158-66h32zm1184 0v1280h-1088v-1280h160v-160q0-40 28-68t68-28h576q40 0 68 28t28 68v160h160zm352 224v832q0 92-66 158t-158 66h-32v-1280h32q92 0 158 66t66 158z\"\/><\/svg><\/i>\t\t<span>Quale Vetom \u00e8 il migliore?<\/span>\n\t\t<svg  class=\"mk-svg-icon\" data-name=\"mk-icon-chevron-right\" data-cacheid=\"icon-69f750249ec6c\" style=\" height:13px; width: 9.2857142857143px; \"  xmlns=\"http:\/\/www.w3.org\/2000\/svg\" viewbox=\"0 0 1280 1792\"><path d=\"M1107 877l-742 742q-19 19-45 19t-45-19l-166-166q-19-19-19-45t19-45l531-531-531-531q-19-19-19-45t19-45l166-166q19-19 45-19t45 19l742 742q19 19 19 45t-19 45z\"\/><\/svg>\t<\/div>\n\n\t<div class=\"mk-accordion-pane\">\n\t\t\t<div class=\"vc_custom_1727369822448\">\n\n<div id=\"text-block-6\" class=\"mk-text-block  jupiter-donut-\">\n\n\t\n\t<p><img decoding=\"async\" class=\"wp-image-621 aligncenter\" src=\"https:\/\/vetomshop.hu\/wp-content\/uploads\/2024\/05\/nutrigenomics.jpg\" alt=\"\" width=\"100%\" \/><\/p>\n<p>\u00c8 impossibile stabilire quale di questi probiotici sia migliore. Vengono utilizzati per quasi le stesse malattie, ma ogni Vetom ha un effetto diverso.  Si completano a vicenda.<\/p>\n<p>Tutto dipende dalle caratteristiche individuali e dalle condizioni dell'organismo. La soluzione migliore sarebbe quella di utilizzare il ciclo completo di tutti i prodotti Vetom.<\/p>\n<p>Le 4 diverse capsule formano in realt\u00e0 un unico grande insieme.<\/p>\n\n\t<div class=\"clearboth\"><\/div>\n<\/div>\n\n\t<\/div>\n\n\t\t<div class=\"clearboth\"><\/div>\n\t<\/div>\n\n<\/div>\n\n<div id=\"\"class=\"mk-accordion-single\">\n\n\t<div class=\"mk-accordion-tab\">\n\t\t<i><svg  class=\"mk-svg-icon\" data-name=\"mk-icon-medkit\" data-cacheid=\"icon-69f750249efe4\" xmlns=\"http:\/\/www.w3.org\/2000\/svg\" viewbox=\"0 0 1792 1792\"><path d=\"M1280 1120v-192q0-14-9-23t-23-9h-224v-224q0-14-9-23t-23-9h-192q-14 0-23 9t-9 23v224h-224q-14 0-23 9t-9 23v192q0 14 9 23t23 9h224v224q0 14 9 23t23 9h192q14 0 23-9t9-23v-224h224q14 0 23-9t9-23zm-640-736h512v-128h-512v128zm-384 0v1280h-32q-92 0-158-66t-66-158v-832q0-92 66-158t158-66h32zm1184 0v1280h-1088v-1280h160v-160q0-40 28-68t68-28h576q40 0 68 28t28 68v160h160zm352 224v832q0 92-66 158t-158 66h-32v-1280h32q92 0 158 66t66 158z\"\/><\/svg><\/i>\t\t<span>In quale confezione \u00e8 disponibile Vetom?<\/span>\n\t\t<svg  class=\"mk-svg-icon\" data-name=\"mk-icon-chevron-right\" data-cacheid=\"icon-69f750249f0b2\" style=\" height:13px; width: 9.2857142857143px; \"  xmlns=\"http:\/\/www.w3.org\/2000\/svg\" viewbox=\"0 0 1280 1792\"><path d=\"M1107 877l-742 742q-19 19-45 19t-45-19l-166-166q-19-19-19-45t19-45l531-531-531-531q-19-19-19-45t19-45l166-166q19-19 45-19t45 19l742 742q19 19 19 45t-19 45z\"\/><\/svg>\t<\/div>\n\n\t<div class=\"mk-accordion-pane\">\n\t\t\t<div class=\"vc_custom_1716650901197\">\n\n<div id=\"text-block-7\" class=\"mk-text-block  jupiter-donut-\">\n\n\t\n\t<p><strong>In quale confezione \u00e8 disponibile Vetom?<\/strong><\/p>\n<p>Vetom \u00e8 disponibile in tre forme di dosaggio:<\/p>\n<ul>\n<li>Polvere 5, confezione da 500 g<\/li>\n<li>Capsule in confezione da 50 grani<\/li>\n<li>Liquido 10 ml<\/li>\n<\/ul>\n<p><img loading=\"lazy\" decoding=\"async\" class=\"wp-image-625 aligncenter\" src=\"https:\/\/vetomshop.hu\/wp-content\/uploads\/2024\/05\/biotech-deepdive.webp\" alt=\"\" width=\"869\" height=\"365\" \/><\/p>\n\n\t<div class=\"clearboth\"><\/div>\n<\/div>\n\n\t<\/div>\n\n\t\t<div class=\"clearboth\"><\/div>\n\t<\/div>\n\n<\/div>\n\n<div id=\"\"class=\"mk-accordion-single\">\n\n\t<div class=\"mk-accordion-tab\">\n\t\t<i><svg  class=\"mk-svg-icon\" data-name=\"mk-icon-medkit\" data-cacheid=\"icon-69f75024a1276\" xmlns=\"http:\/\/www.w3.org\/2000\/svg\" viewbox=\"0 0 1792 1792\"><path d=\"M1280 1120v-192q0-14-9-23t-23-9h-224v-224q0-14-9-23t-23-9h-192q-14 0-23 9t-9 23v224h-224q-14 0-23 9t-9 23v192q0 14 9 23t23 9h224v224q0 14 9 23t23 9h192q14 0 23-9t9-23v-224h224q14 0 23-9t9-23zm-640-736h512v-128h-512v128zm-384 0v1280h-32q-92 0-158-66t-66-158v-832q0-92 66-158t158-66h32zm1184 0v1280h-1088v-1280h160v-160q0-40 28-68t68-28h576q40 0 68 28t28 68v160h160zm352 224v832q0 92-66 158t-158 66h-32v-1280h32q92 0 158 66t66 158z\"\/><\/svg><\/i>\t\t<span>In cosa si differenziano i probiotici dai semi?<\/span>\n\t\t<svg  class=\"mk-svg-icon\" data-name=\"mk-icon-chevron-right\" data-cacheid=\"icon-69f75024a13a3\" style=\" height:13px; width: 9.2857142857143px; \"  xmlns=\"http:\/\/www.w3.org\/2000\/svg\" viewbox=\"0 0 1280 1792\"><path d=\"M1107 877l-742 742q-19 19-45 19t-45-19l-166-166q-19-19-19-45t19-45l531-531-531-531q-19-19-19-45t19-45l166-166q19-19 45-19t45 19l742 742q19 19 19 45t-19 45z\"\/><\/svg>\t<\/div>\n\n\t<div class=\"mk-accordion-pane\">\n\t\t\t<div class=\"vc_custom_1722780911439\">\n\n<div id=\"text-block-8\" class=\"mk-text-block  jupiter-donut-\">\n\n\t\n\t<h3><span style=\"color: #a58904;\">I probiotici Vetom possono variare anche negli ingredienti batterici e nella confezione.<\/span><\/h3>\n<p><span style=\"color: #a58904;\"><strong>La differenza di microrganismi probiotici nei prodotti Vetom:<\/strong><\/span><\/p>\n<p>I leggendari probiotici VETOM sono in produzione da oltre 20 anni, ma pochi sanno perch\u00e9 il corso \u00e8 composto da 4 numeri e qual \u00e8 la differenza tra loro.<\/p>\n<p><img loading=\"lazy\" decoding=\"async\" class=\"size-full wp-image-623 aligncenter\" src=\"https:\/\/vetomshop.hu\/wp-content\/uploads\/2024\/05\/tech-biotechnology.webp\" alt=\"\" width=\"1464\" height=\"560\" \/><\/p>\n<p>Quindi stanno cercando di scoprirlo.<\/p>\n<p>\u2713 A VETOM <span style=\"color: #ff0000;\">1<\/span> in capsule e gocce <span style=\"color: #ff0000;\">1.23<\/span> agisce come una scopa nella parte pi\u00f9 cistica dell'intestino crasso. Stimola la produzione di interferone.<\/p>\n<p>Gli organelli dei linfonodi dell'intestino tenue sono spesso in stato di quiescenza a causa di stress, terapia antibiotica, fattori ambientali, ecc.<\/p>\n<p>IL VETRANO <span style=\"color: #ff0000;\">1.1<\/span> I batteri hanno plasmidi incorporati nella loro composizione che risvegliano questi organelli, costringendoci a produrre il nostro interferone in quantit\u00e0 adeguate allo stato attuale dell'organismo.<\/p>\n<p>\u2713 A VETOM <span style=\"color: #ff0000;\">2<\/span> in capsule e gocce <span style=\"color: #ff0000;\">2.25<\/span> o <span style=\"color: #ff0000;\">2.26<\/span> Contiene 2 ceppi di batteri, uno che continua a disinfettare il colon e l'altro che agisce nell'intestino tenue (eliminando i tentativi di \u201efuga\u201d della flora patogena dal colon all'intestino tenue).<\/p>\n<p>\u2713 A VETOM <span style=\"color: #ff0000;\">3<\/span> in capsule e gocce <span style=\"color: #ff0000;\">3.22<\/span>\u00a0 il pi\u00f9 \u201eaggressivo\u201d, pulisce il colon.<\/p>\n<p>\u2713 A VETOM <span style=\"color: #ff0000;\">4<\/span> in capsule e gocce <span style=\"color: #ff0000;\">4.24<\/span> \u00e8 il pi\u00f9 veloce e completo e completa ci\u00f2 che i primi 3 VETOM non hanno fatto, fungendo da tronco di \u201efissaggio\u201d.<\/p>\n<p>In questo modo, applicando tutti i VETOM in successione, si eliminano i processi putrefattivi nell'intestino, poich\u00e9 si ha un effetto permanente sulla flora patogena residua.<\/p>\n<p>Liberando il pancreas e il fegato, permettiamo all'organismo di riparare il sistema stesso, di migliorare il metabolismo e di sostenere l'immunit\u00e0 generale.<\/p>\n<p>Salute!<\/p>\n<p>VETOM <span style=\"color: #ff0000;\">1.1<\/span> polvere, Vetom <span style=\"color: #ff0000;\">1.1<\/span> capsula, Vetom <span style=\"color: #ff0000;\">1.23<\/span> gocciolina - contiene il ceppo batterico Subtilis Bacilluis B-10641<\/p>\n<p>VETOM <span style=\"color: #ff0000;\">2<\/span>, Vetom <span style=\"color: #ff0000;\">2<\/span> capsula, Vetom <span style=\"color: #ff0000;\">2.25<\/span>\u00a0 gocciolina - Bacillus amyloliquefaciens ceppo B-10642 (Dsm 24614) e Bacillus amyloliquefaciens ceppo B-10643 (Dsm 24615)<\/p>\n<p>Vetom <span style=\"color: #ff0000;\">2.26<\/span>\u00a0 La goccia contiene il Bacillus Subtilis 10641 e il Bacillus amylolique faciens 10643.<\/p>\n<p>VETOM <span style=\"color: #ff0000;\">3<\/span>, Vetom <span style=\"color: #ff0000;\">3<\/span> capsula, Vetom <span style=\"color: #ff0000;\">3.22<\/span> gocciolina - Bacillus amyloliquefaciens ceppo B-10642 (Dsm 24614)<\/p>\n<p>VETOM <span style=\"color: #ff0000;\">4<\/span>, Vetom <span style=\"color: #ff0000;\">4<\/span> capsule o Vetom <span style=\"color: #ff0000;\">4.24<\/span> gocciolina - Bacillus amyloliquefaciens ceppo B-10643 (Dsm 24614)<\/p>\n<p>Confezioni dei prodotti: in bustine di plastica da 500 gr di polvere, 50 capsule da 50 gr di polvere o in forma liquida da 10 ml.<\/p>\n<p>Per i pazienti affetti da tumore - in sovrappeso, per i pazienti diabetici, per i pazienti con problemi digestivi molto gravi, si consiglia di consumarlo sotto forma di liquido. <span style=\"color: #ff0000;\">1.23<\/span>,Vetom <span style=\"color: #ff0000;\">2.26<\/span>, Vetom <span style=\"color: #ff0000;\">3.22<\/span>, Vetom <span style=\"color: #ff0000;\">4.24<\/span>)<\/p>\n<p>Il Vetom <span style=\"color: #ff0000;\">1.23<\/span>, Vetom <span style=\"color: #ff0000;\">2.25<\/span>, Vetom <span style=\"color: #ff0000;\">2.26<\/span>, Vetom <span style=\"color: #ff0000;\">3.22<\/span>, Vetom <span style=\"color: #ff0000;\">4.24<\/span> I preparati sono identici nei loro effetti. Contengono diversi microrganismi che agiscono nel tratto intestinale e forniscono varie sostanze biologicamente attive agli organi circostanti. Di conseguenza, il loro effetto complessivo sul corpo umano \u00e8 diverso. Per ottenere il massimo effetto positivo, si consiglia di utilizzare tutti i prodotti Vetom alternativamente, al fine di purificare il tratto intestinale e i sistemi patogeni nel loro complesso.<\/p>\n\n\t<div class=\"clearboth\"><\/div>\n<\/div>\n\n\t<\/div>\n\n\t\t<div class=\"clearboth\"><\/div>\n\t<\/div>\n\n<\/div>\n\t<\/div>\n<\/div>\n\n\n\t<div class=\"vc_custom_1675852632641\">\n\n<div id=\"text-block-9\" class=\"mk-text-block  jupiter-donut-\">\n\n\t\n\t<hr \/>\n<h3 style=\"padding-left: 40px;\"><span style=\"color: #9c810c;\"><strong>\u00c8 possibile ordinare i probiotici VETOM sul nostro sito web<\/strong>:<\/span><\/h3>\n<p style=\"padding-left: 80px;\"><a href=\"https:\/\/vetomshop.hu\/it\/\">Vetomshop.hu<\/a><\/p>\n<p style=\"padding-left: 80px;\"><a href=\"https:\/\/vetom-egeszsegshop.hu\" target=\"_blank\" rel=\"noopener noreferrer nofollow\">Vetomegeszsegshop.hu<\/a><\/p>\n<p style=\"padding-left: 80px;\"><a href=\"https:\/\/www.facebook.com\/Vetomshop.hu\" target=\"_blank\" rel=\"noopener noreferrer nofollow\">Facebook (Vetom-Ungheria)<\/a><\/p>\n<p style=\"padding-left: 40px;\">Emag<\/p>\n<hr \/>\n\n\t<div class=\"clearboth\"><\/div>\n<\/div>\n\n\t<\/div>\n<\/div>\n\t<\/div>\n\n<\/div>","protected":false},"excerpt":{"rendered":"Mi az a Vetom? VETOM\u00a0\u2014 egy nagyon er\u0151s probiotikum, amely helyre\u00e1ll\u00edtja \u00e9s meg\u0151rzi a b\u00e9lny\u00e1lkah\u00e1rtya szerkezet\u00e9t \u00e9s a gyomor mikrofl\u00f3r\u00e1j\u00e1t. Hogyan harcol a Vetom a v\u00edrusos \u00e9s bakteri\u00e1lis fert\u0151z\u00e9sekkel? A Vetom k\u00e9sz\u00edtm\u00e9ny hat\u00f3anyaga a Bacillus subtilis VKPM B 10641 t\u00f6rzs. Az ezen fajokhoz tartoz\u00f3 bakt\u00e9riumok kifejezetten elnyomj\u00e1k a gyomor-b\u00e9l traktuson k\u00edv\u00fcli mikrofl\u00f3ra n\u00f6veked\u00e9s\u00e9t \u00e9s fejl\u0151d\u00e9s\u00e9t [...]","protected":false},"author":1,"featured_media":0,"parent":0,"menu_order":0,"comment_status":"closed","ping_status":"closed","template":"","meta":{"footnotes":""},"class_list":["post-1020","page","type-page","status-publish","hentry"],"_links":{"self":[{"href":"https:\/\/vetomshop.hu\/it\/wp-json\/wp\/v2\/pages\/1020","targetHints":{"allow":["GET"]}}],"collection":[{"href":"https:\/\/vetomshop.hu\/it\/wp-json\/wp\/v2\/pages"}],"about":[{"href":"https:\/\/vetomshop.hu\/it\/wp-json\/wp\/v2\/types\/page"}],"author":[{"embeddable":true,"href":"https:\/\/vetomshop.hu\/it\/wp-json\/wp\/v2\/users\/1"}],"replies":[{"embeddable":true,"href":"https:\/\/vetomshop.hu\/it\/wp-json\/wp\/v2\/comments?post=1020"}],"version-history":[{"count":0,"href":"https:\/\/vetomshop.hu\/it\/wp-json\/wp\/v2\/pages\/1020\/revisions"}],"wp:attachment":[{"href":"https:\/\/vetomshop.hu\/it\/wp-json\/wp\/v2\/media?parent=1020"}],"curies":[{"name":"wp","href":"https:\/\/api.w.org\/{rel}","templated":true}]}}