{"id":389,"date":"2019-11-07T12:36:23","date_gmt":"2019-11-07T12:36:23","guid":{"rendered":"https:\/\/vetomshop.hu\/my-account\/"},"modified":"2024-03-06T15:55:51","modified_gmt":"2024-03-06T14:55:51","slug":"sajat-fiok","status":"publish","type":"page","link":"https:\/\/vetomshop.hu\/it\/sajat-fiok\/","title":{"rendered":"Il mio account"},"content":{"rendered":"<div class=\"su-spoiler su-spoiler-style-fancy su-spoiler-icon-chevron su-spoiler-closed\" data-scroll-offset=\"0\" data-anchor-in-url=\"no\"><div class=\"su-spoiler-title\" tabindex=\"0\" role=\"button\"><span class=\"su-spoiler-icon\"><\/span> Consegna e pagamento<\/div><div class=\"su-spoiler-content su-u-clearfix su-u-trim\">\n<h2>Ricevuta personale<\/h2>\n<p style=\"padding-left: 40px;\">8112, Zichy\u00fajfalu, Kast\u00e9lykert 1<\/p>\n<p style=\"padding-left: 40px;\">Orario per il ritiro personale: solo su appuntamento ai seguenti recapiti<\/p>\n<ul>\n<li style=\"list-style-type: none;\">\n<ul>\n<li><strong>Telefono<\/strong>:\u00a0<a href=\"http:\/\/Tel:+36305573846\" target=\"_blank\" rel=\"noopener noreferrer nofollow\">+36305573846<\/a> Tam\u00e1s Pap<\/li>\n<li><strong>Email-1<\/strong>: i<a href=\"mailto:infoshop.vetom.magyarorszag@gmail.com\" target=\"_blank\" rel=\"noopener\">nfoshop.vetom.magyarorszag@<wbr \/>gmail.com<\/a><\/li>\n<li><strong>Email 2<\/strong>:\u00a0 <a href=\"mailto:vetomshop.hu@gmail.com\" target=\"_blank\" rel=\"noopener\">vetomshop.hu@gmail.com<\/a><\/li>\n<li>o presso i nostri partner a livello nazionale, i cui recapiti sono disponibili sul nostro sito web<\/li>\n<\/ul>\n<\/li>\n<\/ul>\n<h2><span style=\"color: #ff0000;\">Consegna:<\/span><\/h2>\n<p>Nel nostro negozio potete scegliere tra le seguenti opzioni di consegna e pagamento:<\/p>\n<p style=\"padding-left: 40px;\"><span style=\"color: #339966;\"><strong>Servizio di corriere GLS<\/strong><\/span> e <span style=\"color: #339966;\"><strong>Macchina per pacchi Foxpost<\/strong><\/span><\/p>\n<p style=\"padding-left: 40px;\"><em><strong>30.000<\/strong> Consegna gratuita sopra il valore dell'ordine in HUF!<\/em><\/p>\n<h2><span style=\"color: #008000;\">Servizio di corriere GLS:<\/span><\/h2>\n<p>Per gli ordini GLS ParcelPoint \u00e8 possibile pagare in contanti e con carta di credito in alcuni punti (verificare preventivamente con il ParcelPoint). <b>Se si richiede la consegna a un GLS ParcelService o GLS ParcelPoint, \u00e8 necessario inserire l'indirizzo del distributore di pacchi nel campo dell'indirizzo di consegna.<\/b><\/p>\n<ul>\n<li>Quando il pacco viene spedito, il sistema del Corriere GLS notifica al destinatario tramite e-mail che il pacco verr\u00e0 consegnato il giorno lavorativo successivo. L'e-mail conterr\u00e0 il numero del pacco e l'importo dell'eventuale contrassegno. La mattina del giorno di consegna, il destinatario ricever\u00e0 una notifica contenente il numero di telefono del corriere, il numero di telefono del Servizio Clienti GLS e una finestra temporale di 3 ore per la consegna prevista. In caso di tentativo di consegna non riuscito, verr\u00e0 inviata una notifica via e-mail al destinatario.<\/li>\n<li><b>Ricerca GLS ParcelSpot:<\/b> <a href=\"https:\/\/gls-group.com\/HU\/hu\/depo-csomagpont-kereses\" target=\"_blank\" rel=\"noopener noreferrer nofollow\">https:\/\/gls-group.com\/HU\/hu\/depo-csomagpont-kereses<\/a><br \/>\n<b>Tempi di consegna:<\/b> 1-3 giorni lavorativi<br \/>\n<b>Spese di consegna:<\/b> 1590, - Ft,<br \/>\n<strong>Pagamento:<\/strong> Prepagato (0,- Ft) o Postpagato, che costa + 400, - Ft<\/li>\n<\/ul>\n<p>Questi prezzi si applicano solo alle consegne all'interno dell'Ungheria. Se desiderate spedire il vostro pacco all'estero, contattateci direttamente via e-mail prima o dopo aver effettuato l'ordine per informarvi sui costi di spedizione.<\/p>\n<h2><span style=\"color: #008000;\">Servizio di corriere FOXPOST:<\/span><\/h2>\n<p>\u00c8 inoltre possibile richiedere la consegna presso un distributore di pacchi Foxpost nel nostro negozio.<\/p>\n<p style=\"padding-left: 40px;\"><a href=\"https:\/\/foxpost.hu\/csomagautomatak\" target=\"_blank\" rel=\"noopener noreferrer nofollow\" data-saferedirecturl=\"https:\/\/www.google.com\/url?q=https:\/\/foxpost.hu\/csomagautomatak&amp;source=gmail&amp;ust=1709714712502000&amp;usg=AOvVaw1Y_RPFbUPlHU38HiM-T9Re\">https:\/\/foxpost.hu\/<wbr \/>bagagliaio auto<\/a><\/p>\n<p><strong>Se richiedete la consegna a un distributore di pacchi Foxpost, dovete inserire l'indirizzo del distributore di pacchi nel campo dell'indirizzo di consegna.<\/strong><\/p>\n<h3>Metodi di pagamento:<\/h3>\n<p><strong>Tempi di consegna:<\/strong> 1-3 giorni lavorativi<br \/>\n<strong>Spese di consegna:<\/strong> 1390, - Ft,<br \/>\n<strong>Pagamento:<\/strong> Prepagato (0, - Ft) o Postpagato, che costa +350, - Ft<\/p>\n<h3>Metodi di pagamento:<\/h3>\n<h4 style=\"padding-left: 40px;\">Seguito<\/h4>\n<p>Se scegliete il metodo di pagamento in contrassegno, il pagamento viene effettuato al momento della ricezione (corriere o punto postale\/pacco). Questo metodo di pagamento prevede una tassa di gestione, per cui addebitiamo un supplemento di 350 o 400 HUF per pacco oltre alla tassa di consegna di base. In caso di pagamento in contanti, si prega di tenere a portata di mano l'importo esatto, poich\u00e9 il corriere potrebbe non avere sempre il resto sufficiente.<\/p>\n<h4 style=\"padding-left: 40px;\">Bonifico bancario anticipato<\/h4>\n<p>Se scegliete di pagare tramite bonifico bancario anticipato, dopo un controllo del magazzino vi invieremo una fattura via e-mail, che conterr\u00e0 i dettagli necessari per il bonifico e l'importo finale esatto. Vi preghiamo di trasferire il prezzo di acquisto sul nostro conto corrente bancario entro 72 ore dall'invio della fattura, altrimenti il vostro ordine sar\u00e0 considerato nullo. Vi ricordiamo di non avviare il bonifico bancario prima che la fattura sia arrivata nella vostra casella di posta elettronica! I dettagli necessari per il bonifico sono inclusi nella fattura emessa.<\/p>\n<h4 style=\"padding-left: 40px;\">Si noti inoltre quanto segue:<\/h4>\n<p>La spedizione e l'arrivo previsto del pacco vi saranno notificati via e-mail, quindi vi invitiamo a controllare regolarmente la vostra casella di posta dopo aver effettuato l'ordine per evitare qualsiasi malinteso o inconveniente. Se si verificano irregolarit\u00e0 con l'ordine, si prega di contattarci a <a href=\"mailto:vetomshop.hu@gmail.com\" target=\"_blank\" rel=\"noopener\">vetomshop.hu@gmail.com<\/a> a. Quando si effettua l'ordine, assicurarsi di fornire nome, indirizzo, indirizzo e-mail e numero di telefono corretti. L'addetto alla consegna dei pacchi potrebbe non conoscere le specificit\u00e0 locali, pertanto si prega di fornire ulteriori informazioni per agevolare il buon esito della consegna, se necessario. Se la consegna non va a buon fine per colpa vostra, potremo riconsegnare il pacco al corriere solo dopo che avrete pagato nuovamente la tassa di consegna. \u00c8 importante che, se il pacco \u00e8 visibilmente danneggiato o aperto, non accettiate la consegna e ci informiate il prima possibile.<\/p>\n<\/div><\/div>\n<div class=\"woocommerce\"><\/div>","protected":false},"excerpt":{"rendered":"Sz\u00e1ll\u00edt\u00e1s \u00e9s fizet\u00e9s Szem\u00e9lyes \u00e1tv\u00e9tel 8112, Zichy\u00fajfalu, Kast\u00e9lykert 1 A szem\u00e9lyes \u00e1tv\u00e9tel ideje: kiz\u00e1r\u00f3lag el\u0151zetes egyeztet\u00e9ssel a k\u00f6vetkez\u0151 el\u00e9rhet\u0151s\u00e9geken Telefon:\u00a0+36305573846 Pap Tam\u00e1s Email-1: infoshop.vetom.magyarorszag@gmail.com Email-2:\u00a0 vetomshop.hu@gmail.com vagy orsz\u00e1gszerte a partnereinkt\u0151l, melyeknek el\u00e9rhet\u0151s\u00e9g\u00fck a weboldalunkon is megtal\u00e1lhat\u00f3 Kisz\u00e1ll\u00edt\u00e1s: \u00c1ruh\u00e1zunkban az al\u00e1bbi kisz\u00e1ll\u00edt\u00e1si \u00e9s fizet\u00e9si lehet\u0151s\u00e9gek k\u00f6z\u00fcl v\u00e1laszthat: GLS fut\u00e1rszolg\u00e1lat \u00e9s Foxpost csomagautomata 30.000 Forint rendel\u00e9si \u00e9rt\u00e9k [...]","protected":false},"author":1,"featured_media":0,"parent":0,"menu_order":0,"comment_status":"closed","ping_status":"closed","template":"","meta":{"footnotes":""},"class_list":["post-389","page","type-page","status-publish","hentry"],"_links":{"self":[{"href":"https:\/\/vetomshop.hu\/it\/wp-json\/wp\/v2\/pages\/389","targetHints":{"allow":["GET"]}}],"collection":[{"href":"https:\/\/vetomshop.hu\/it\/wp-json\/wp\/v2\/pages"}],"about":[{"href":"https:\/\/vetomshop.hu\/it\/wp-json\/wp\/v2\/types\/page"}],"author":[{"embeddable":true,"href":"https:\/\/vetomshop.hu\/it\/wp-json\/wp\/v2\/users\/1"}],"replies":[{"embeddable":true,"href":"https:\/\/vetomshop.hu\/it\/wp-json\/wp\/v2\/comments?post=389"}],"version-history":[{"count":0,"href":"https:\/\/vetomshop.hu\/it\/wp-json\/wp\/v2\/pages\/389\/revisions"}],"wp:attachment":[{"href":"https:\/\/vetomshop.hu\/it\/wp-json\/wp\/v2\/media?parent=389"}],"curies":[{"name":"wp","href":"https:\/\/api.w.org\/{rel}","templated":true}]}}