{"id":2478,"date":"2020-10-20T18:54:23","date_gmt":"2020-10-20T16:54:23","guid":{"rendered":"https:\/\/vetomshop.hu\/?post_type=product&#038;p=2478"},"modified":"2026-04-12T08:28:28","modified_gmt":"2026-04-12T06:28:28","slug":"vetom-2-25-probiotikum-10-ml-csepp","status":"publish","type":"product","link":"https:\/\/vetomshop.hu\/it\/prodotto\/vetom-2-25-probiotikum-10-ml-csepp\/","title":{"rendered":"Probiotico Vetom <span style=\"color: red\">2.25<\/span><br>goccia <span style=\"color: red\">10 ml<\/span> (integratore alimentare)"},"content":{"rendered":"<h3>Vetom 2.25 gocce probiotiche 10 ml (integratore alimentare)<\/h3>\n<p>Due ceppi di Bacillus amyloliquefaciens (VKPM B-10642 e B-10643)<\/p>\n<p>Vetom 2.25 \u00e8 un probiotico liquido a base naturale studiato per ripristinare la flora intestinale, sostenere la salute dell'apparato digerente e potenziare le difese generali dell'organismo. La sua straordinaria efficacia \u00e8 dovuta ai due ceppi di batteri *Bacillus amyloliquefaciens* che contiene.<\/p>\n<h2>Effetti e benefici principali:<\/h2>\n<p>*Effetto antibatterico, antivirale, antimicotico e anticlammidico<br \/>\n*Aiuta il funzionamento dell'intestino crasso e tenue, ripristinando la normale flora intestinale.<br \/>\n*Sostiene il sistema immunitario, sia a livello cellulare che a livello di difesa generale.<br \/>\n* Normalizza il metabolismo, in particolare il bilancio idrico-salino<br \/>\n*Effetto disintossicante, favorisce l'eliminazione dei processi di decomposizione nell'intestino<br \/>\n* Riduce i sintomi dell'alito cattivo e della sudorazione<br \/>\n*Da utilizzare come integratore per diverse patologie, quali malattie del fegato, infiammazioni intestinali, ulcere gastriche, epatiti croniche.<br \/>\n*Il leucocita umano produce interferone, che protegge l'organismo dalle infezioni virali.<br \/>\n*Nessuna dipendenza, sovradosaggio o effetto collaterale<br \/>\n*Per bambini e adulti<\/p>\n<h2>Quando se ne consiglia l'uso?<\/h2>\n<p>* dopo un trattamento antibiotico, per rigenerare la flora intestinale<br \/>\n*Per integrare la terapia in caso di cancro<br \/>\n*Disturbi digestivi, diarrea, costipazione, disturbi gastrici<br \/>\n*Negli stati di immunodeficienza<br \/>\n*In caso di odore corporeo o di alito sgradevole<br \/>\n*Trattamento aggiuntivo per calcoli renali, malattie epatiche e problemi gastrointestinali.<\/p>\n<h2>\nRaccomandazioni sul dosaggio:<\/h2>\n<p>*Integratore per adulti e bambini: si consigliano 2 gocce per i primi giorni, poi la dose pu\u00f2 essere gradualmente aumentata a 4-6 gocce. Osservare le reazioni dell'organismo durante l'assunzione.<br \/>\n*Per le malattie comuni: 10 gocce al giorno per 10 giorni.<br \/>\n* Il trattamento pu\u00f2 essere ripetuto dopo 1-2 settimane<br \/>\n* Si consiglia di utilizzarlo in alternanza con altri prodotti Vetom (ad es. Vetom 1, 3, 4 ecc.).<\/p>\n<p>Importante:<br \/>\nNon deve essere assunto con altri probiotici orali o antibiotici, in particolare con sulfanilamide, agenti antitumorali.<\/p>\n<h2>Ingredienti:<\/h2>\n<p>* Estratto di mais fermentato con i seguenti ceppi batterici:<br \/>\n*Bacillus amyloliquefaciens* VKPM B-10642 (DSM 24614)<br \/>\n*Bacillus amyloliquefaciens* VKPM B-10643 (DSM 24615)<br \/>\n* Viveware<\/p>\n<h2>Imballaggio e aspetto:<\/h2>\n<p>* 10 ml di liquido in un flacone di vetro o di plastica, confezionato in una scatola di cartone<br \/>\n* Colore: da giallo chiaro a marrone scuro<br \/>\n* Odore tipico, a volte pu\u00f2 verificarsi un leggero sedimento (non \u00e8 un difetto di qualit\u00e0).<\/p>\n<p>*Peso: 0,02 kg<br \/>\n*Dimensioni: 3 \u00d7 3 \u00d7 7 cm<br \/>\n*Luogo di lavoro: <strong>Russia<\/strong><\/p>\n<h2>Condizioni di stoccaggio e trasporto:<\/h2>\n<p>*Stoccaggio: 0-10 \u00b0C, umidit\u00e0 massima 75%<br \/>\n*Pu\u00f2 essere conservato a 10-30 \u00b0C per un massimo di 18 giorni.<br \/>\n*Dopo lo smontaggio: conservare in frigorifero (0-10 \u00b0C).<\/p>","protected":false},"excerpt":{"rendered":"<h5>Composizione:<\/h5>\n<p>Bacillus amyloliquefaciens, VKPM B- 10642 <strong>(DSM 24614)<\/strong> e VKPM B- 10643 <strong>(DSM 24615)<\/strong> estratto di mais fermentato batterico di ceppi di bacilus, vettore.<br \/>\n<strong>Come si presenta il prodotto: <\/strong>A <strong>Vetom<\/strong> <span style=\"color: red; font-weight: 800;\">2.25<\/span> <strong>Gocce probiotiche<\/strong> un liquido con un odore specifico, di colore che va dal giallo chiaro al marrone scuro.<\/p>\n<p><strong>Disimballaggio:<\/strong>\u00a0 bottiglia di vetro o di plastica in un cartone.<\/p>\n<div class=\"plashka\">A <strong>Vetom<\/strong> <span style=\"color: red; font-weight: 800;\">2.25<\/span> aumenta l'efficacia dei farmaci e ne riduce gli effetti collaterali negativi sul corpo umano.<\/div>\n<h6>Caratteristiche:<\/h6>\n<ul class=\"vetom-list\">\n<li>stimola i fattori cellulari e umorali dell'immunit\u00e0<\/li>\n<li>aumenta la resistenza aspecifica dell'organismo<\/li>\n<li>stabilizza la resistenza alle allergie<\/li>\n<li>normalizza il metabolismo<\/li>\n<li>stimola i processi di rigenerazione, attacca e distrugge le cellule cancerose e malate<\/li>\n<\/ul>\n<div class=\"plashka\">Altera la membrana e il metabolismo dello scheletro cellulare, impedendo lo sviluppo di cellule cancerose.<\/div>","protected":false},"featured_media":6611,"comment_status":"open","ping_status":"closed","template":"","meta":[],"product_brand":[],"product_cat":[22],"product_tag":[],"class_list":{"0":"post-2478","1":"product","2":"type-product","3":"status-publish","4":"has-post-thumbnail","6":"product_cat-vetom-probiotikumok","8":"first","9":"instock","10":"featured","11":"taxable","12":"shipping-taxable","13":"purchasable","14":"product-type-simple"},"_links":{"self":[{"href":"https:\/\/vetomshop.hu\/it\/wp-json\/wp\/v2\/product\/2478","targetHints":{"allow":["GET"]}}],"collection":[{"href":"https:\/\/vetomshop.hu\/it\/wp-json\/wp\/v2\/product"}],"about":[{"href":"https:\/\/vetomshop.hu\/it\/wp-json\/wp\/v2\/types\/product"}],"replies":[{"embeddable":true,"href":"https:\/\/vetomshop.hu\/it\/wp-json\/wp\/v2\/comments?post=2478"}],"wp:featuredmedia":[{"embeddable":true,"href":"https:\/\/vetomshop.hu\/it\/wp-json\/wp\/v2\/media\/6611"}],"wp:attachment":[{"href":"https:\/\/vetomshop.hu\/it\/wp-json\/wp\/v2\/media?parent=2478"}],"wp:term":[{"taxonomy":"product_brand","embeddable":true,"href":"https:\/\/vetomshop.hu\/it\/wp-json\/wp\/v2\/product_brand?post=2478"},{"taxonomy":"product_cat","embeddable":true,"href":"https:\/\/vetomshop.hu\/it\/wp-json\/wp\/v2\/product_cat?post=2478"},{"taxonomy":"product_tag","embeddable":true,"href":"https:\/\/vetomshop.hu\/it\/wp-json\/wp\/v2\/product_tag?post=2478"}],"curies":[{"name":"wp","href":"https:\/\/api.w.org\/{rel}","templated":true}]}}