{"id":2704,"date":"2021-05-05T21:50:09","date_gmt":"2021-05-05T19:50:09","guid":{"rendered":"https:\/\/vetomshop.hu\/?post_type=product&#038;p=2704"},"modified":"2026-02-28T11:46:57","modified_gmt":"2026-02-28T10:46:57","slug":"21-napos-kura-4-tubus-225-gramm","status":"publish","type":"product","link":"https:\/\/vetomshop.hu\/it\/prodotto\/21-napos-kura-4-tubus-225-gramm\/","title":{"rendered":"Enterosgel: 21 giorni di cura 4 tubi (225 grammi)"},"content":{"rendered":"<p>Da\u00a0<strong>Enterosgel\u00a0<\/strong>rimuove le sostanze dannose per l'organismo, ma non assorbe gli ingredienti benefici per il corpo. Prodotto disinfettante, protettivo e disintossicante. \u00c8 una sostanza organica con propriet\u00e0 fisiche e chimiche simili a quelle del carbone, quindi \u00e8 benefica per l'organismo.<\/p>\n<p>Aiuta a disintossicare e persino a eliminare virus, batteri, funghi e parassiti i cui residui si annidano e causano sintomi che possono essere molto difficili da individuare.<\/p>\n<p>Facile da utilizzare, pu\u00f2 essere miscelato con acqua o altri liquidi \/ 1-2 dl\/<br \/>\nPer gli adulti, un cucchiaio da tavola \/15 gr\/ 3 volte al giorno, da un'ora e mezza a due ore prima o dopo i pasti.<br \/>\nPer i bambini, un cucchiaino da t\u00e8 \/5-10 gr\/ 1-3 volte al giorno.<br \/>\nUso consigliato: 7-14 giorni.<\/p>","protected":false},"excerpt":{"rendered":"<p>Da\u00a0<strong>Enterosgel\u00a0<\/strong>rimuove le sostanze dannose per l'organismo, ma non assorbe gli ingredienti benefici per il corpo. Prodotto disinfettante, protettivo e disintossicante. \u00c8 una sostanza organica con propriet\u00e0 fisiche e chimiche simili a quelle del carbone, quindi \u00e8 benefica per l'organismo.<\/p>\n<p>Aiuta a disintossicare e persino a eliminare virus, batteri, funghi e parassiti i cui residui si annidano e causano sintomi che possono essere molto difficili da individuare.<\/p>","protected":false},"featured_media":2705,"comment_status":"open","ping_status":"closed","template":"","meta":[],"product_brand":[],"product_cat":[28],"product_tag":[],"class_list":{"0":"post-2704","1":"product","2":"type-product","3":"status-publish","4":"has-post-thumbnail","6":"product_cat-enterosgel","8":"first","9":"instock","10":"sale","11":"taxable","12":"shipping-taxable","13":"purchasable","14":"product-type-simple"},"_links":{"self":[{"href":"https:\/\/vetomshop.hu\/it\/wp-json\/wp\/v2\/product\/2704","targetHints":{"allow":["GET"]}}],"collection":[{"href":"https:\/\/vetomshop.hu\/it\/wp-json\/wp\/v2\/product"}],"about":[{"href":"https:\/\/vetomshop.hu\/it\/wp-json\/wp\/v2\/types\/product"}],"replies":[{"embeddable":true,"href":"https:\/\/vetomshop.hu\/it\/wp-json\/wp\/v2\/comments?post=2704"}],"wp:featuredmedia":[{"embeddable":true,"href":"https:\/\/vetomshop.hu\/it\/wp-json\/wp\/v2\/media\/2705"}],"wp:attachment":[{"href":"https:\/\/vetomshop.hu\/it\/wp-json\/wp\/v2\/media?parent=2704"}],"wp:term":[{"taxonomy":"product_brand","embeddable":true,"href":"https:\/\/vetomshop.hu\/it\/wp-json\/wp\/v2\/product_brand?post=2704"},{"taxonomy":"product_cat","embeddable":true,"href":"https:\/\/vetomshop.hu\/it\/wp-json\/wp\/v2\/product_cat?post=2704"},{"taxonomy":"product_tag","embeddable":true,"href":"https:\/\/vetomshop.hu\/it\/wp-json\/wp\/v2\/product_tag?post=2704"}],"curies":[{"name":"wp","href":"https:\/\/api.w.org\/{rel}","templated":true}]}}