{"id":4664,"date":"2023-11-11T14:33:45","date_gmt":"2023-11-11T13:33:45","guid":{"rendered":"https:\/\/vetomshop.hu\/termek\/aphrodita-medal\/"},"modified":"2023-11-11T14:33:45","modified_gmt":"2023-11-11T13:33:45","slug":"aphrodita-medal","status":"publish","type":"product","link":"https:\/\/vetomshop.hu\/it\/prodotto\/aphrodita-medal\/","title":{"rendered":"Ciondolo Afrodite"},"content":{"rendered":"<p><strong>Ciondolo Afrodite<\/strong><\/p>\n<p>Grazie alla tecnologia BioTrEM, \u00e8 ora possibile creare un modello spettrale di natura specifica su un cristallo speciale. Quando alcuni quanti di energia arbitraria - anche il calore - entrano in contatto con la superficie del cristallo, il generatore emette segnali estremamente deboli del modello spettrale registrato su di esso.<br \/>\nNel frattempo, la radiazione elettromagnetica del ciondolo interagisce con l'organismo vivente.<\/p>\n<div class=\"su-spoiler su-spoiler-style-defoult su-spoiler-icon-caret su-spoiler-closed\" data-scroll-offset=\"0\" data-anchor-in-url=\"no\"><div class=\"su-spoiler-title\" tabindex=\"0\" role=\"button\"><span class=\"su-spoiler-icon\"><\/span>Tutti<\/div><div class=\"su-spoiler-content su-u-clearfix su-u-trim\">\n<p>I segni estremamente deboli del ciondolo APHRODITE stimolano la sintesi di feromoni femminili, le speciali ghiandole del corpo femminile producono pi\u00f9 intensamente feromoni, androstenolo e copulina. Pi\u00f9 feromoni vengono prodotti in una donna, pi\u00f9 questa \u00e8 sessualmente attraente per gli uomini. L'androstenolo favorisce la comunicazione e fa s\u00ec che gli altri vi vedano pi\u00f9 giovani.<\/p>\n<p>La copulina \u00e8 un ormone femminile responsabile dell'attrattiva sessuale.<\/p>\n<p>Quando si utilizza il ciondolo APHRODITE, si aumenta la produzione di feromoni femminili (androstenolo e copulina), che a sua volta aumenta la produzione di feromoni:<\/p>\n<ul>\n<li>attirare l'attenzione degli uomini,<\/li>\n<li>suscitare simpatia,<\/li>\n<li>pi\u00f9 facile da conoscere,<\/li>\n<li>ottenere un maggiore successo commerciale, acquisire maggiore fiducia in se stessi,<\/li>\n<li>creano per il loro partner \u201el'unica e sola persona irresistibile\u201d.<\/li>\n<\/ul>\n<p>L'androstenolo accelera lo sviluppo della simpatia, risveglia un senso di amicizia nell'interlocutore, crea sentimenti romantici, crea un'aura di giovinezza ed euforia, indipendentemente dall'et\u00e0!<\/p>\n<\/div><\/div>","protected":false},"excerpt":{"rendered":"<p>Aphrodita med\u00e1l A BioTrEM-technol\u00f3gi\u00e1nak k\u00f6sz\u00f6nhet\u0151en lehets\u00e9gess\u00e9 v\u00e1lt l\u00e9trehozni a speci\u00e1lis krist\u00e1lyon egy adott term\u00e9szet\u0171 spektr\u00e1lis mint\u00e1t. Amikor tetsz\u0151leges energiakvantumok \u2013 ak\u00e1r h\u0151 &#8211; \u00e9rintkezik a krist\u00e1ly fel\u00fclet\u00e9vel, a gener\u00e1tor a rajta r\u00f6gz\u00edtett spektr\u00e1lis minta extr\u00e9m gyenge jeleit bocs\u00e1jtja ki. Ek\u00f6zben a med\u00e1l elektrom\u00e1gneses sug\u00e1rz\u00e1sa k\u00f6lcs\u00f6nhat\u00e1sba ker\u00fcl az \u00e9l\u0151 szervezettel.<\/p>","protected":false},"featured_media":4663,"comment_status":"open","ping_status":"closed","template":"","meta":[],"product_brand":[],"product_cat":[33,32],"product_tag":[],"class_list":{"0":"post-4664","1":"product","2":"type-product","3":"status-publish","4":"has-post-thumbnail","6":"product_cat-egeszseg-medalok","7":"product_cat-triomed","9":"first","10":"instock","11":"taxable","12":"shipping-taxable","13":"purchasable","14":"product-type-simple"},"_links":{"self":[{"href":"https:\/\/vetomshop.hu\/it\/wp-json\/wp\/v2\/product\/4664","targetHints":{"allow":["GET"]}}],"collection":[{"href":"https:\/\/vetomshop.hu\/it\/wp-json\/wp\/v2\/product"}],"about":[{"href":"https:\/\/vetomshop.hu\/it\/wp-json\/wp\/v2\/types\/product"}],"replies":[{"embeddable":true,"href":"https:\/\/vetomshop.hu\/it\/wp-json\/wp\/v2\/comments?post=4664"}],"wp:featuredmedia":[{"embeddable":true,"href":"https:\/\/vetomshop.hu\/it\/wp-json\/wp\/v2\/media\/4663"}],"wp:attachment":[{"href":"https:\/\/vetomshop.hu\/it\/wp-json\/wp\/v2\/media?parent=4664"}],"wp:term":[{"taxonomy":"product_brand","embeddable":true,"href":"https:\/\/vetomshop.hu\/it\/wp-json\/wp\/v2\/product_brand?post=4664"},{"taxonomy":"product_cat","embeddable":true,"href":"https:\/\/vetomshop.hu\/it\/wp-json\/wp\/v2\/product_cat?post=4664"},{"taxonomy":"product_tag","embeddable":true,"href":"https:\/\/vetomshop.hu\/it\/wp-json\/wp\/v2\/product_tag?post=4664"}],"curies":[{"name":"wp","href":"https:\/\/api.w.org\/{rel}","templated":true}]}}