{"id":4666,"date":"2023-11-11T14:33:45","date_gmt":"2023-11-11T13:33:45","guid":{"rendered":"https:\/\/vetomshop.hu\/termek\/alfa-medal\/"},"modified":"2023-11-11T14:33:45","modified_gmt":"2023-11-11T13:33:45","slug":"alfa-medal","status":"publish","type":"product","link":"https:\/\/vetomshop.hu\/it\/prodotto\/alfa-medal\/","title":{"rendered":"Medaglia Alpha"},"content":{"rendered":"<h4>Medaglia ALFA per la salute<\/h4>\n<p><strong>Funzioni principali:<\/strong><\/p>\n<p>\u00c8 uno strumento complementare per normalizzare il funzionamento della sfera psichica ed emotiva, migliora l'umore, la motivazione e la capacit\u00e0 di azione, riduce gli effetti negativi dello stress psichico ed emotivo.<\/p>\n<p><strong>Breve descrizione:<\/strong><\/p>\n<p>Il segnale informativo registrato sul Medaglione della Salute ALFA corrisponde alla vibrazione elettromagnetica del centro che regola la sfera psichica ed emotiva.<br \/>\n\u00c8 noto che lo stato emotivo di una persona, che dipende da diversi fattori esterni e interni, \u00e8 regolato dal sistema nervoso centrale.<\/p>\n<div class=\"su-spoiler su-spoiler-style-defoult su-spoiler-icon-caret su-spoiler-closed\" data-scroll-offset=\"0\" data-anchor-in-url=\"no\"><div class=\"su-spoiler-title\" tabindex=\"0\" role=\"button\"><span class=\"su-spoiler-icon\"><\/span>Tutti<\/div><div class=\"su-spoiler-content su-u-clearfix su-u-trim\">\nI primi segnali di stress sono tensione emotiva, paure, ansia, agitazione e maggiore irritabilit\u00e0. Questo pu\u00f2 portare a disturbi del sonno, con conseguente stanchezza, malumore generale e compromissione delle funzioni cognitive (memoria, attenzione, pensiero).<\/p>\n<p>I disturbi psicologici ed emotivi prolungati hanno un impatto negativo sulle condizioni generali e sulla reattivit\u00e0 dell'organismo. Le persone che sperimentano uno stress psicologico ed emotivo cronico hanno maggiori probabilit\u00e0 di ammalarsi di raffreddore, di ricadere in malattie croniche preesistenti (cardiopatie ischemiche, malattie del pancreas, cistiti, pielonefriti, annessiti, prostatiti, ecc.).<\/p>\n<p>I fattori di stress sono all'origine delle classiche malattie psicosomatiche come l'ipertensione, l'asma bronchiale, l'ulcera gastrica, l'ulcera duodenale, le malattie allergiche della pelle (eczema, neurodermite) e altre, tra cui i disturbi della vista e dell'udito.<\/p>\n<p><strong>Quando utilizzare la Medaglia della Salute ALFA?<\/strong><\/p>\n<p>Il dispositivo ha un effetto positivo sul funzionamento dell'organismo. Pu\u00f2 essere utilizzato come dispositivo ottimizzante e correttivo in combinazione con altri metodi per prevenire e trattare le malattie:<\/p>\n<ul>\n<li>agitazione, nevrastenia, problemi di adattamento, accompagnati da uno stato emotivo disarmonico,<\/li>\n<li>un disturbo funzionale del sistema nervoso, accompagnato da stanchezza mentale, irritabilit\u00e0, rallentamento e perdita di qualit\u00e0 del pensiero,<\/li>\n<li>insonnia causata da attacchi di panico,<\/li>\n<li>nelle fasi iniziali e recidivanti delle malattie psicosomatiche (asma bronchiale, sindrome dell'intestino sensibile - IBS, cardiopatia ischemica, ipertensione, malattie della pelle e altre),<\/li>\n<li>sintomi di stress psicologico ed emotivo cronico.<\/li>\n<\/ul>\n<p>Attenzione, importante!<\/p>\n<p>Consultare un medico in caso di marcata perdita di umore, instabilit\u00e0 emotiva e irritabilit\u00e0, insonnia persistente che non passa. Oltre al trattamento prescritto, utilizzare parallelamente il Ciondolo della Salute ALFA per rafforzare l'efficacia del trattamento e le capacit\u00e0 di riabilitazione dell'organismo.<br \/>\n<\/div><\/div>","protected":false},"excerpt":{"rendered":"<p>ALFA Eg\u00e9szs\u00e9g Med\u00e1l F\u0151 funkci\u00f3i: Kieg\u00e9sz\u00edt\u0151 eszk\u00f6z a pszich\u00e9s \u00e9s \u00e9rzelmi szf\u00e9ra m\u0171k\u00f6d\u00e9s\u00e9nek normaliz\u00e1l\u00e1s\u00e1ra, hangulatjav\u00edt\u00f3, motiv\u00e1ci\u00f3 \u00e9s cselekv\u0151k\u00e9pess\u00e9g n\u00f6vel\u0151, cs\u00f6kkenti a pszich\u00e9s \u00e9s \u00e9rzelmi stressz \u00e1ldatlan hat\u00e1sait. R\u00f6vid ismertet\u0151: Az inform\u00e1ci\u00f3s jel, mely az ALFA Eg\u00e9szs\u00e9g Med\u00e1lra r\u00f6gz\u00edt\u00e9sre ker\u00fclt, megfelel a pszich\u00e9s \u00e9s \u00e9rzelmi szf\u00e9r\u00e1kat szab\u00e1lyoz\u00f3 k\u00f6zpont elektrom\u00e1gneses rezg\u00e9s\u00e9nek. K\u00f6ztudott, hogy az ember \u00e9rzelmi \u00e1llapota, [&hellip;]<\/p>\n","protected":false},"featured_media":4665,"comment_status":"open","ping_status":"closed","template":"","meta":[],"product_brand":[],"product_cat":[33,32],"product_tag":[],"class_list":{"0":"post-4666","1":"product","2":"type-product","3":"status-publish","4":"has-post-thumbnail","6":"product_cat-egeszseg-medalok","7":"product_cat-triomed","9":"first","10":"instock","11":"taxable","12":"shipping-taxable","13":"purchasable","14":"product-type-simple"},"_links":{"self":[{"href":"https:\/\/vetomshop.hu\/it\/wp-json\/wp\/v2\/product\/4666","targetHints":{"allow":["GET"]}}],"collection":[{"href":"https:\/\/vetomshop.hu\/it\/wp-json\/wp\/v2\/product"}],"about":[{"href":"https:\/\/vetomshop.hu\/it\/wp-json\/wp\/v2\/types\/product"}],"replies":[{"embeddable":true,"href":"https:\/\/vetomshop.hu\/it\/wp-json\/wp\/v2\/comments?post=4666"}],"wp:featuredmedia":[{"embeddable":true,"href":"https:\/\/vetomshop.hu\/it\/wp-json\/wp\/v2\/media\/4665"}],"wp:attachment":[{"href":"https:\/\/vetomshop.hu\/it\/wp-json\/wp\/v2\/media?parent=4666"}],"wp:term":[{"taxonomy":"product_brand","embeddable":true,"href":"https:\/\/vetomshop.hu\/it\/wp-json\/wp\/v2\/product_brand?post=4666"},{"taxonomy":"product_cat","embeddable":true,"href":"https:\/\/vetomshop.hu\/it\/wp-json\/wp\/v2\/product_cat?post=4666"},{"taxonomy":"product_tag","embeddable":true,"href":"https:\/\/vetomshop.hu\/it\/wp-json\/wp\/v2\/product_tag?post=4666"}],"curies":[{"name":"wp","href":"https:\/\/api.w.org\/{rel}","templated":true}]}}