{"id":4670,"date":"2023-11-11T14:33:46","date_gmt":"2023-11-11T13:33:46","guid":{"rendered":"https:\/\/vetomshop.hu\/termek\/antivir-medal\/"},"modified":"2023-11-11T14:33:46","modified_gmt":"2023-11-11T13:33:46","slug":"antivir-medal","status":"publish","type":"product","link":"https:\/\/vetomshop.hu\/it\/prodotto\/antivir-medal\/","title":{"rendered":"Medaglia Antivir"},"content":{"rendered":"<h4>Medaglia Antivir<\/h4>\n<p>L'influenza \u00e8 una malattia causata dal virus dell'influenza, che \u00e8 sempre causata da un tipo di virus influenzale. L'influenza A e B sono i due tipi di virus influenzali che possono far ammalare un gran numero di persone. I virus A possono essere suddivisi in sottotipi in base alle proteine presenti sulla loro superficie (emoagglutinina - H e neuraminidasi - N), di cui i virus H1N1 e H3N2 sono i pi\u00f9 comuni dal 1977. I virus B hanno meno probabilit\u00e0 di causare malattie gravi. I virus influenzali cambiano e mutano rapidamente, dando origine a nuovi sottotipi. La protezione contro un sottotipo fornisce poca o nessuna protezione contro l'altro, il che spiega le epidemie stagionali che si verificano ogni anno, di solito in inverno.<\/p>\n<div class=\"su-spoiler su-spoiler-style-defoult su-spoiler-icon-caret su-spoiler-closed\" data-scroll-offset=\"0\" data-anchor-in-url=\"no\"><div class=\"su-spoiler-title\" tabindex=\"0\" role=\"button\"><span class=\"su-spoiler-icon\"><\/span>Tutti<\/div><div class=\"su-spoiler-content su-u-clearfix su-u-trim\">\n<p>I sintomi dell'influenza sono simili a quelli del comune raffreddore, ma la malattia \u00e8 pi\u00f9 grave. Di solito \u00e8 associata a febbre alta, mal di testa, dolori muscolari, tosse secca, letargia e debolezza. Il mal di gola \u00e8 raro e solo 30-50% i casi presentano naso che cola e congestione nasale. Le complicazioni sono particolarmente pericolose nei bambini piccoli, negli anziani e nelle persone con malattie croniche.<\/p>\n<p>Per questo motivo \u00e8 importante aumentare la resistenza dell'organismo.<\/p>\n<p><strong>A chi \u00e8 consigliato?<\/strong><\/p>\n<ul>\n<li>Per tutti coloro che vogliono migliorare la propria resilienza,<\/li>\n<li>che fanno parte del gruppo a rischio del virus influenzale,<\/li>\n<li>che viaggiano molto in tutto il mondo o che utilizzano i trasporti pubblici,<\/li>\n<li>sono sempre in giro per la comunit\u00e0, a lavorare con le persone.<\/li>\n<\/ul>\n<p><strong>Attenzione, importante!<\/strong><\/p>\n<p>In caso di infezione da virus influenzale, malattia, febbre o malessere, consultare il medico. Utilizzare Triomed Antiviral Medal insieme al trattamento prescritto.<br \/>\nI bambini al di sotto dei 6 anni devono utilizzarlo solo sotto la supervisione dei genitori!<\/p>\n<\/div><\/div>","protected":false},"excerpt":{"rendered":"<p>Antivir Med\u00e1l Az influenza v\u00edrus okozta betegs\u00e9g, k\u00f3rokoz\u00f3ja mindig az influenza v\u00edrus valamelyik fajt\u00e1ja. Az influenza A \u00e9s B az a k\u00e9t t\u00edpusa az influenza v\u00edrusoknak, amely nagysz\u00e1mbanbeteg\u00edthet meg embereket. Az A v\u00edrusokat a fel\u00fclet\u00fck\u00f6n elhelyezked\u0151 feh\u00e9rj\u00e9k (a haemaglutinin -H \u00e9s a neuraminidase \u2013 N) alapj\u00e1n alt\u00edpusokra lehet bontani, ezek k\u00f6z\u00fcl 1977 \u00f3ta t\u00f6bbnyire a [&hellip;]<\/p>\n","protected":false},"featured_media":4669,"comment_status":"open","ping_status":"closed","template":"","meta":[],"product_brand":[],"product_cat":[33,32],"product_tag":[],"class_list":{"0":"post-4670","1":"product","2":"type-product","3":"status-publish","4":"has-post-thumbnail","6":"product_cat-egeszseg-medalok","7":"product_cat-triomed","9":"first","10":"instock","11":"taxable","12":"shipping-taxable","13":"purchasable","14":"product-type-simple"},"_links":{"self":[{"href":"https:\/\/vetomshop.hu\/it\/wp-json\/wp\/v2\/product\/4670","targetHints":{"allow":["GET"]}}],"collection":[{"href":"https:\/\/vetomshop.hu\/it\/wp-json\/wp\/v2\/product"}],"about":[{"href":"https:\/\/vetomshop.hu\/it\/wp-json\/wp\/v2\/types\/product"}],"replies":[{"embeddable":true,"href":"https:\/\/vetomshop.hu\/it\/wp-json\/wp\/v2\/comments?post=4670"}],"wp:featuredmedia":[{"embeddable":true,"href":"https:\/\/vetomshop.hu\/it\/wp-json\/wp\/v2\/media\/4669"}],"wp:attachment":[{"href":"https:\/\/vetomshop.hu\/it\/wp-json\/wp\/v2\/media?parent=4670"}],"wp:term":[{"taxonomy":"product_brand","embeddable":true,"href":"https:\/\/vetomshop.hu\/it\/wp-json\/wp\/v2\/product_brand?post=4670"},{"taxonomy":"product_cat","embeddable":true,"href":"https:\/\/vetomshop.hu\/it\/wp-json\/wp\/v2\/product_cat?post=4670"},{"taxonomy":"product_tag","embeddable":true,"href":"https:\/\/vetomshop.hu\/it\/wp-json\/wp\/v2\/product_tag?post=4670"}],"curies":[{"name":"wp","href":"https:\/\/api.w.org\/{rel}","templated":true}]}}