{"id":4672,"date":"2023-11-11T14:33:46","date_gmt":"2023-11-11T13:33:46","guid":{"rendered":"https:\/\/vetomshop.hu\/termek\/aqua-medal\/"},"modified":"2023-11-11T14:33:46","modified_gmt":"2023-11-11T13:33:46","slug":"aqua-medal","status":"publish","type":"product","link":"https:\/\/vetomshop.hu\/it\/prodotto\/aqua-medal\/","title":{"rendered":"Medaglia d'acqua"},"content":{"rendered":"<p><strong>Medaglia d'acqua<\/strong> - L'acqua vivificante \u00e8 vivificante, rinvigorente, vitale e attiva la vita, ripristinando l'energia vitale.<\/p>\n<p>\u00c8 proprio questo lo scopo del supporto informativo autonomo AQUA -BioTrEM. Grazie all'esclusiva tecnologia BioTrEM, il semiconduttore del dispositivo contiene informazioni codificate di natura dinamica che consentono di ottenere l'effetto elencato. Una propriet\u00e0 simile si trova nelle risorse che purtroppo stanno diventando sempre pi\u00f9 rare sulla Terra e che miracolosamente conservano la loro purezza.<\/p>\n<div class=\"su-spoiler su-spoiler-style-defoult su-spoiler-icon-caret su-spoiler-closed\" data-scroll-offset=\"0\" data-anchor-in-url=\"no\"><div class=\"su-spoiler-title\" tabindex=\"0\" role=\"button\"><span class=\"su-spoiler-icon\"><\/span>Tutti<\/div><div class=\"su-spoiler-content su-u-clearfix su-u-trim\">\n<p>Lo sviluppo del dispositivo \u00e8 stato reso necessario dalle mutate condizioni del nostro tempo. Negli ultimi anni, il settore sanitario si \u00e8 preoccupato dell'aumento della morbilit\u00e0 e della mortalit\u00e0, non solo tra i bambini e gli anziani, ma anche tra la popolazione attiva. Purtroppo, stiamo assistendo a un indebolimento del sistema immunitario e a una perdita di energia vitale, essenziale per combattere le malattie e per la riabilitazione. In altre parole, i programmi necessari per l'adattamento a un ambiente mutato e per l'auto-rigenerazione sono stati danneggiati o riorganizzati. I crescenti cambiamenti cosmico-fisici richiedono una rapida capacit\u00e0 di rigenerazione e recupero dei programmi genetici di adattamento e auto-guarigione danneggiati. Altrimenti, la sopravvivenza dell'individuo, e persino dell'intera umanit\u00e0, potrebbe essere a rischio.<\/p>\n<p>L'acqua - la culla della vita, che da tempo conserva la matrice primaria della vita e l'orientamento delle sue variazioni in risposta alle influenze ambientali. L'acqua si adatta e si trasforma pi\u00f9 rapidamente in risposta agli impatti e alle richieste ambientali rispetto agli organismi biologici e all'ambiente biologico. L'involucro idrico della Terra ha sempre conservato i programmi auto-rigenerativi originali e il loro potenziale di realizzazione, che hanno interagito con il mezzo acquoso degli organismi per diventare operativi. Allo stesso tempo, gli ecologi hanno osservato che le propriet\u00e0 strutturali-informazionali delle acque naturali che alimentavano l'involucro idrico della Terra sono state compromesse. Questo danno non \u00e8 dovuto solo a cambiamenti cosmo-fisici, ma anche alle azioni distruttive della specie umana. \u00c8 questo che impedisce il verificarsi di cambiamenti evolutivi vitali e la continuazione della vita sulla Terra.<\/p>\n<p>Il complesso campo multipiano del portatore di informazioni AQUA \u00e8 concepito come un riferimento per adattarsi ai nuovi cambiamenti ad alta frequenza dell'ambiente e attivare i programmi necessari per il passaggio attraverso l'acqua. Il dispositivo struttura il campo d'acqua e l'acqua, risuonando con il mezzo acquoso del corpo (sangue, linfa, linfa, fluido intercellulare, fluido nelle cellule), lo struttura \u201ea propria immagine\u201d. Non appena la regolarit\u00e0 dell'acqua interna supera i 60%, si attiva il programma genetico di auto-rigenerazione dell'organismo.<br \/>\n<\/div><\/div>","protected":false},"excerpt":{"rendered":"<p>Aqua Med\u00e1l \u2013 az \u00e9letalkot\u00f3 v\u00edz \u00e9letet ad, \u00e9l\u00e9nk\u00edt, \u00e9letmeg\u00f3v\u00f3, valamint aktiv\u00e1l\u00f3, \u00e9letenergi\u00e1t vissza\u00e1ll\u00edt\u00f3 hat\u00e1ssal b\u00edr. \u00c9ppen ezt a c\u00e9lt szolg\u00e1lja az AQUA \u2013BioTrEM \u00f6n\u00e1ll\u00f3 inform\u00e1ci\u00f3hordoz\u00f3 alkalmaz\u00e1sa. Az exkluz\u00edv BioTrEM-technol\u00f3gi\u00e1nak k\u00f6sz\u00f6nhet\u0151en a k\u00e9sz\u00fcl\u00e9k f\u00e9lvezet\u0151je olyan k\u00f3dolt inform\u00e1ci\u00f3t tartalmaz, mely dinamikus term\u00e9szettel b\u00edr \u00e9s seg\u00edts\u00e9g\u00e9vel a felsorolt hat\u00e1s el\u00e9rhet\u0151v\u00e9 v\u00e1lik. Hasonl\u00f3 tulajdons\u00e1ggal rendelkeznek a F\u00f6ld\u00f6n sajnos [&hellip;]<\/p>\n","protected":false},"featured_media":4671,"comment_status":"open","ping_status":"closed","template":"","meta":[],"product_brand":[],"product_cat":[33,32],"product_tag":[],"class_list":{"0":"post-4672","1":"product","2":"type-product","3":"status-publish","4":"has-post-thumbnail","6":"product_cat-egeszseg-medalok","7":"product_cat-triomed","9":"first","10":"instock","11":"taxable","12":"shipping-taxable","13":"purchasable","14":"product-type-simple"},"_links":{"self":[{"href":"https:\/\/vetomshop.hu\/it\/wp-json\/wp\/v2\/product\/4672","targetHints":{"allow":["GET"]}}],"collection":[{"href":"https:\/\/vetomshop.hu\/it\/wp-json\/wp\/v2\/product"}],"about":[{"href":"https:\/\/vetomshop.hu\/it\/wp-json\/wp\/v2\/types\/product"}],"replies":[{"embeddable":true,"href":"https:\/\/vetomshop.hu\/it\/wp-json\/wp\/v2\/comments?post=4672"}],"wp:featuredmedia":[{"embeddable":true,"href":"https:\/\/vetomshop.hu\/it\/wp-json\/wp\/v2\/media\/4671"}],"wp:attachment":[{"href":"https:\/\/vetomshop.hu\/it\/wp-json\/wp\/v2\/media?parent=4672"}],"wp:term":[{"taxonomy":"product_brand","embeddable":true,"href":"https:\/\/vetomshop.hu\/it\/wp-json\/wp\/v2\/product_brand?post=4672"},{"taxonomy":"product_cat","embeddable":true,"href":"https:\/\/vetomshop.hu\/it\/wp-json\/wp\/v2\/product_cat?post=4672"},{"taxonomy":"product_tag","embeddable":true,"href":"https:\/\/vetomshop.hu\/it\/wp-json\/wp\/v2\/product_tag?post=4672"}],"curies":[{"name":"wp","href":"https:\/\/api.w.org\/{rel}","templated":true}]}}