{"id":4684,"date":"2023-11-11T14:33:48","date_gmt":"2023-11-11T13:33:48","guid":{"rendered":"https:\/\/vetomshop.hu\/termek\/detox-medal\/"},"modified":"2023-11-11T14:33:48","modified_gmt":"2023-11-11T13:33:48","slug":"detox-medal","status":"publish","type":"product","link":"https:\/\/vetomshop.hu\/it\/prodotto\/detox-medal\/","title":{"rendered":"Medaglione Detox"},"content":{"rendered":"<h4>Detox Medal \u00e8 per coloro che desiderano armonizzare delicatamente il proprio corpo.<\/p>\n<p>Il segnale spettrale registrato sul Detox Medallion supporta il funzionamento bioenergetico degli organi e dei sistemi organici.<\/h4>\n<p>Il pi\u00f9 grande nemico della giovinezza e della salute \u00e8 un corpo saturo di prodotti di scarto. Il nostro corpo \u00e8 un sistema biologico autoregolato, una delle cui funzioni pi\u00f9 importanti \u00e8 la disintossicazione - l'eliminazione delle sostanze di cui l'organismo non ha bisogno. Tuttavia, la natura non \u00e8 preparata per una tale civilt\u00e0, per una tale quantit\u00e0 di sostanze chimiche artificiali nel cibo, nell'acqua e nell'aria. Gli animali vengono nutriti con ormoni della crescita e antibiotici, che entrano anche nel nostro corpo. Metalli pesanti, nitriti, nitrati, sostanze radioattive, diossine, residui di farmaci si accumulano nei tessuti e nelle cellule.<\/p>\n<div class=\"su-spoiler su-spoiler-style-defoult su-spoiler-icon-caret su-spoiler-closed\" data-scroll-offset=\"0\" data-anchor-in-url=\"no\"><div class=\"su-spoiler-title\" tabindex=\"0\" role=\"button\"><span class=\"su-spoiler-icon\"><\/span>Tutti<\/div><div class=\"su-spoiler-content su-u-clearfix su-u-trim\">\n<p>Le sostanze tossiche possono provenire da una fonte esterna, ma anche da processi di degradazione interni dovuti a un problema metabolico. Se a ci\u00f2 si aggiunge uno stile di vita sedentario, i processi dell'organismo sono ancora pi\u00f9 rallentati.<\/p>\n<p>Alti livelli di stress possono anche esaurire gli organi coinvolti nella disintossicazione. All'inizio solo il disagio \u00e8 indice di un problema, ma in seguito la situazione pu\u00f2 peggiorare. Si possono sviluppare malattie croniche che possono avere un forte impatto sulla qualit\u00e0 della vita.<br \/>\n<\/div><\/div>","protected":false},"excerpt":{"rendered":"<p>Detox Med\u00e1l azok sz\u00e1m\u00e1ra k\u00e9sz\u00fclt, akik l\u00e1gyan szeretn\u00e9k a szervezet\u00fcket harmoniz\u00e1lni. A spektr\u00e1lis jel, mely a Detox Med\u00e1lon r\u00f6gz\u00edt\u00e9sre ker\u00fclt, t\u00e1mogatja a szervek \u00e9s szervrendszerek bioenergetikai m\u0171k\u00f6d\u00e9s\u00e9t. A fiatals\u00e1g \u00e9s az eg\u00e9szs\u00e9g legnagyobb ellens\u00e9ge a salakanyagokkal tel\u00edtett szervezet. Szervezet\u00fcnk egy \u00f6nszab\u00e1lyoz\u00f3 biol\u00f3giai rendszer, melynek egyik legfontosabb funkci\u00f3ja a m\u00e9regtelen\u00edt\u00e9s \u2013 kivezet\u00e9se azoknak az anyagoknak, melyekre [&hellip;]<\/p>\n","protected":false},"featured_media":4683,"comment_status":"open","ping_status":"closed","template":"","meta":[],"product_brand":[],"product_cat":[33,32],"product_tag":[],"class_list":{"0":"post-4684","1":"product","2":"type-product","3":"status-publish","4":"has-post-thumbnail","6":"product_cat-egeszseg-medalok","7":"product_cat-triomed","9":"first","10":"instock","11":"taxable","12":"shipping-taxable","13":"purchasable","14":"product-type-simple"},"_links":{"self":[{"href":"https:\/\/vetomshop.hu\/it\/wp-json\/wp\/v2\/product\/4684","targetHints":{"allow":["GET"]}}],"collection":[{"href":"https:\/\/vetomshop.hu\/it\/wp-json\/wp\/v2\/product"}],"about":[{"href":"https:\/\/vetomshop.hu\/it\/wp-json\/wp\/v2\/types\/product"}],"replies":[{"embeddable":true,"href":"https:\/\/vetomshop.hu\/it\/wp-json\/wp\/v2\/comments?post=4684"}],"wp:featuredmedia":[{"embeddable":true,"href":"https:\/\/vetomshop.hu\/it\/wp-json\/wp\/v2\/media\/4683"}],"wp:attachment":[{"href":"https:\/\/vetomshop.hu\/it\/wp-json\/wp\/v2\/media?parent=4684"}],"wp:term":[{"taxonomy":"product_brand","embeddable":true,"href":"https:\/\/vetomshop.hu\/it\/wp-json\/wp\/v2\/product_brand?post=4684"},{"taxonomy":"product_cat","embeddable":true,"href":"https:\/\/vetomshop.hu\/it\/wp-json\/wp\/v2\/product_cat?post=4684"},{"taxonomy":"product_tag","embeddable":true,"href":"https:\/\/vetomshop.hu\/it\/wp-json\/wp\/v2\/product_tag?post=4684"}],"curies":[{"name":"wp","href":"https:\/\/api.w.org\/{rel}","templated":true}]}}