{"id":4690,"date":"2023-11-11T14:33:49","date_gmt":"2023-11-11T13:33:49","guid":{"rendered":"https:\/\/vetomshop.hu\/termek\/elast-medal\/"},"modified":"2023-11-11T14:33:49","modified_gmt":"2023-11-11T13:33:49","slug":"elast-medal","status":"publish","type":"product","link":"https:\/\/vetomshop.hu\/it\/prodotto\/elast-medal\/","title":{"rendered":"Medaglia Elast"},"content":{"rendered":"<p>Strumento complementare per la prevenzione e il trattamento delle malattie dei legamenti, l'attivazione dei processi di rigenerazione e il trattamento complementare delle malattie croniche dei legamenti.<\/p>\n<p>L'effetto di \u201eELAST\u201d Medal \u00e8 volto a ripristinare i normali processi metabolici nelle cellule e nei tessuti dei legamenti, rallentando il processo di invecchiamento.<\/p>\n<p>Questo strumento ha un impatto positivo sullo stato delle funzioni corporee e pu\u00f2 essere utilizzato in combinazione con altri metodi come strumento di ottimizzazione e correzione:<\/p>\n<ul>\n<li>aumenta la flessibilit\u00e0 dei legamenti e incrementa l'ampiezza dei movimenti articolari in risposta ai cambiamenti dovuti all'et\u00e0<\/li>\n<li>riduce la probabilit\u00e0 di lesioni a tendini e legamenti<\/li>\n<li>ridurre il tempo di guarigione dopo un danno ai legamenti (distorsioni, strappi)<\/li>\n<li>rallentare i cambiamenti delle articolazioni dovuti all'et\u00e0<\/li>\n<li>rafforzare i legamenti degli organi interni, prevenendone il prolasso (utero, intestino, reni, stomaco)<\/li>\n<\/ul>\n<div class=\"su-spoiler su-spoiler-style-defoult su-spoiler-icon-caret su-spoiler-closed\" data-scroll-offset=\"0\" data-anchor-in-url=\"no\"><div class=\"su-spoiler-title\" tabindex=\"0\" role=\"button\"><span class=\"su-spoiler-icon\"><\/span>Tutti<\/div><div class=\"su-spoiler-content su-u-clearfix su-u-trim\">\n<strong>Effetti:<\/strong><\/p>\n<ul>\n<li>riparazione dei processi metabolici nei tessuti connettivi delle articolazioni e degli organi interni, compresa la contrattura di Dupuytren (contrattura: accorciamento dei tendini e\/o dei muscoli, restringimento che causa deformit\u00e0 e\/o costrizione)<\/li>\n<li>rallentare i cambiamenti \u201elegati all'et\u00e0\u201d del sistema muscoloscheletrico<\/li>\n<li>migliora la flessibilit\u00e0 di muscoli e legamenti<\/li>\n<li>accelera il recupero dopo lesioni e interventi chirurgici, prevenendo la formazione di cicatrici ruvide.<\/li>\n<\/ul>\n<\/div><\/div>","protected":false},"excerpt":{"rendered":"<p>Kieg\u00e9sz\u00edt\u0151 eszk\u00f6z a ligamentum betegs\u00e9geinek megel\u0151z\u00e9s\u00e9re \u00e9s kezel\u00e9s\u00e9re, regener\u00e1ci\u00f3s folyamatok aktiv\u00e1l\u00e1s\u00e1ra \u00e9s a ligamentum kr\u00f3nikus betegs\u00e9geinek kieg\u00e9sz\u00edt\u0151 kezel\u00e9s\u00e9re. A &#8222;ELAST&#8221; Med\u00e1l hat\u00e1sa a norm\u00e1lis anyagcsere-folyamatok helyre\u00e1ll\u00edt\u00e1s\u00e1ra ir\u00e1nyul a ligamentumok sejtjeiben \u00e9s sz\u00f6veteiben, lass\u00edtva az \u00f6reged\u00e9si folyamatokat is. Ez az eszk\u00f6z pozit\u00edv hat\u00e1ssal van a testfunkci\u00f3k \u00e1llapot\u00e1ra, az optimaliz\u00e1l\u00e1s \u00e9s korrekci\u00f3 eszk\u00f6zek\u00e9nt haszn\u00e1lhat\u00f3 egy\u00e9b m\u00f3dszerekkel is [&hellip;]<\/p>\n","protected":false},"featured_media":4689,"comment_status":"open","ping_status":"closed","template":"","meta":[],"product_brand":[],"product_cat":[33,32],"product_tag":[],"class_list":{"0":"post-4690","1":"product","2":"type-product","3":"status-publish","4":"has-post-thumbnail","6":"product_cat-egeszseg-medalok","7":"product_cat-triomed","9":"first","10":"instock","11":"taxable","12":"shipping-taxable","13":"purchasable","14":"product-type-simple"},"_links":{"self":[{"href":"https:\/\/vetomshop.hu\/it\/wp-json\/wp\/v2\/product\/4690","targetHints":{"allow":["GET"]}}],"collection":[{"href":"https:\/\/vetomshop.hu\/it\/wp-json\/wp\/v2\/product"}],"about":[{"href":"https:\/\/vetomshop.hu\/it\/wp-json\/wp\/v2\/types\/product"}],"replies":[{"embeddable":true,"href":"https:\/\/vetomshop.hu\/it\/wp-json\/wp\/v2\/comments?post=4690"}],"wp:featuredmedia":[{"embeddable":true,"href":"https:\/\/vetomshop.hu\/it\/wp-json\/wp\/v2\/media\/4689"}],"wp:attachment":[{"href":"https:\/\/vetomshop.hu\/it\/wp-json\/wp\/v2\/media?parent=4690"}],"wp:term":[{"taxonomy":"product_brand","embeddable":true,"href":"https:\/\/vetomshop.hu\/it\/wp-json\/wp\/v2\/product_brand?post=4690"},{"taxonomy":"product_cat","embeddable":true,"href":"https:\/\/vetomshop.hu\/it\/wp-json\/wp\/v2\/product_cat?post=4690"},{"taxonomy":"product_tag","embeddable":true,"href":"https:\/\/vetomshop.hu\/it\/wp-json\/wp\/v2\/product_tag?post=4690"}],"curies":[{"name":"wp","href":"https:\/\/api.w.org\/{rel}","templated":true}]}}