{"id":4706,"date":"2023-11-11T14:33:52","date_gmt":"2023-11-11T13:33:52","guid":{"rendered":"https:\/\/vetomshop.hu\/termek\/odont-medal\/"},"modified":"2024-08-07T16:07:27","modified_gmt":"2024-08-07T14:07:27","slug":"odont-medal","status":"publish","type":"product","link":"https:\/\/vetomshop.hu\/it\/prodotto\/odont-medal\/","title":{"rendered":"Medaglia Odont"},"content":{"rendered":"<h4>Medaglia Odont<\/h4>\n<p>\u00c8 un aiuto per la prevenzione e la riabilitazione delle malattie parodontali e per il potenziamento dei processi rigenerativi.<\/p>\n<p>Parodonto - il complesso dei tessuti che circondano i denti.<\/p>\n<p>Il parodonto circonda e sostiene i denti. Il parodonto fornisce un ancoraggio flessibile per la radice del dente. Le parti principali del parodonto sono: gengiva, periostio, cemento, legamento parodontale. La loro origine e funzione sono comuni.<\/p>\n<p>L'effetto del ciondolo \u201eODONT\u201d \u00e8 quello di attivare le difese dell'organismo, di ripristinare i normali processi fisiologici nelle cellule e nei tessuti del parodonto, aumentando la resistenza ai fattori ambientali avversi.<\/p>\n<p>Questo strumento ha un effetto positivo sullo stato delle funzioni corporee e pu\u00f2 essere utilizzato come strumento ottimale e correttivo per altre condizioni come gengivite, parodontite, malattia parodontale, lesioni parodontali, Itsenko-Cushing, Elers-Danlos, Shediak Higashi, sindrome di Down, disturbi del sangue, ecc.<\/p>\n<div class=\"su-spoiler su-spoiler-style-defoult su-spoiler-icon-caret su-spoiler-closed\" data-scroll-offset=\"0\" data-anchor-in-url=\"no\"><div class=\"su-spoiler-title\" tabindex=\"0\" role=\"button\"><span class=\"su-spoiler-icon\"><\/span>Tutti<\/div><div class=\"su-spoiler-content su-u-clearfix su-u-trim\">\n<strong>Effetti:<\/strong><\/p>\n<ul>\n<li>normalizza la circolazione sanguigna, lo stato immunitario e il metabolismo parodontale, prevenendo lo sviluppo di malattie;<\/li>\n<li>contribuisce a migliorare la funzione parodontale;<\/li>\n<li>riduce la gravit\u00e0 dei fenomeni infiammatori e degenerativi della malattia parodontale;<\/li>\n<li>contribuisce ad accelerare i processi di rigenerazione e riparazione parodontale;<\/li>\n<li>aiuta a eliminare l'alito cattivo;<\/li>\n<li>aiuta a prevenire la mobilit\u00e0 patologica dei denti.<\/li>\n<\/ul>\n<\/div><\/div>","protected":false},"excerpt":{"rendered":"<p>Odont Med\u00e1l Seg\u00e9deszk\u00f6z a periodont\u00e1lis betegs\u00e9gek megel\u0151z\u00e9s\u00e9re \u00e9s rehabilit\u00e1ci\u00f3j\u00e1ra, a regenerat\u00edv folyamatok fokoz\u00e1s\u00e1ra. A fog\u00e1gy (parodontium) &#8211; a fogakat k\u00f6r\u00fclvev\u0151 sz\u00f6vetek komplexuma. A parodontium k\u00f6r\u00fclveszi \u00e9s megt\u00e1masztja a fogakat. A fog\u00e1gy a fogak gy\u00f6ker\u00e9nek rugalmas elhorgonyz\u00e1s\u00e1t biztos\u00edtja. A parodontium f\u0151 r\u00e9szei: \u00edny, gy\u00f6k\u00e9rh\u00e1rtya, cement, fogmederny\u00falv\u00e1ny. Eredet\u00fck \u00e9s funkci\u00f3juk k\u00f6z\u00f6s. Az &#8222;ODONT&#8221; med\u00e1l hat\u00e1sa arra ir\u00e1nyul, [&hellip;]<\/p>\n","protected":false},"featured_media":4705,"comment_status":"open","ping_status":"closed","template":"","meta":[],"product_brand":[],"product_cat":[33,32],"product_tag":[],"class_list":{"0":"post-4706","1":"product","2":"type-product","3":"status-publish","4":"has-post-thumbnail","6":"product_cat-egeszseg-medalok","7":"product_cat-triomed","9":"first","10":"instock","11":"taxable","12":"shipping-taxable","13":"purchasable","14":"product-type-simple"},"_links":{"self":[{"href":"https:\/\/vetomshop.hu\/it\/wp-json\/wp\/v2\/product\/4706","targetHints":{"allow":["GET"]}}],"collection":[{"href":"https:\/\/vetomshop.hu\/it\/wp-json\/wp\/v2\/product"}],"about":[{"href":"https:\/\/vetomshop.hu\/it\/wp-json\/wp\/v2\/types\/product"}],"replies":[{"embeddable":true,"href":"https:\/\/vetomshop.hu\/it\/wp-json\/wp\/v2\/comments?post=4706"}],"wp:featuredmedia":[{"embeddable":true,"href":"https:\/\/vetomshop.hu\/it\/wp-json\/wp\/v2\/media\/4705"}],"wp:attachment":[{"href":"https:\/\/vetomshop.hu\/it\/wp-json\/wp\/v2\/media?parent=4706"}],"wp:term":[{"taxonomy":"product_brand","embeddable":true,"href":"https:\/\/vetomshop.hu\/it\/wp-json\/wp\/v2\/product_brand?post=4706"},{"taxonomy":"product_cat","embeddable":true,"href":"https:\/\/vetomshop.hu\/it\/wp-json\/wp\/v2\/product_cat?post=4706"},{"taxonomy":"product_tag","embeddable":true,"href":"https:\/\/vetomshop.hu\/it\/wp-json\/wp\/v2\/product_tag?post=4706"}],"curies":[{"name":"wp","href":"https:\/\/api.w.org\/{rel}","templated":true}]}}