{"id":4714,"date":"2023-11-11T14:33:54","date_gmt":"2023-11-11T13:33:54","guid":{"rendered":"https:\/\/vetomshop.hu\/termek\/triomed-compact\/"},"modified":"2023-11-11T14:33:54","modified_gmt":"2023-11-11T13:33:54","slug":"triomed-compact","status":"publish","type":"product","link":"https:\/\/vetomshop.hu\/it\/prodotto\/triomed-compact\/","title":{"rendered":"Triomed compatto"},"content":{"rendered":"<h4>Sollievo dal dolore, riduzione dell'infiammazione, riabilitazione, cure chiropratiche, primo soccorso, malattie croniche, elettrosmog, stress, terapia della luce<\/h4>\n<p>Sistema di innovazione per la tutela e il recupero della salute - <strong>Triomed compatto.<\/strong><\/p>\n<p>Quasi ogni giorno sentiamo dire che il nostro ambiente \u00e8 diventato sempre pi\u00f9 aggressivo.<\/p>\n<p>Le sostanze chimiche presenti negli alimenti e nell'acqua, l'inquinamento atmosferico e il ritmo di vita sempre pi\u00f9 veloce mettono a dura prova il nostro organismo. Anche le malattie da civilizzazione, che sono il risultato del cambiamento dei fattori ambientali e delle abitudini alimentari, delle condizioni di lavoro e dello stress, possono essere motivo di seria preoccupazione. Curarle \u00e8 una sfida importante per i medici, che spesso sono impotenti di fronte a questa sfida. Spesso, dopo lunghe indagini, ci viene dato un nome latino che suona bene (o male) per la diagnosi e ci viene consigliato di conviverci.<\/p>\n<p>Ma \u00e8 piacevole vivere la vita in una condizione cos\u00ec sfortunata, trascorrendo decenni tra la malattia e la morte? Quanto dolore, rassegnazione, energia, denaro, tempo, delusione accompagnano il paziente lungo il percorso? Quanti progetti, obiettivi, carriere, desideri non realizzati vengono buttati via perch\u00e9 da quel momento in poi si tratta solo della malattia?<\/p>\n<div class=\"su-spoiler su-spoiler-style-defoult su-spoiler-icon-caret su-spoiler-closed\" data-scroll-offset=\"0\" data-anchor-in-url=\"no\"><div class=\"su-spoiler-title\" tabindex=\"0\" role=\"button\"><span class=\"su-spoiler-icon\"><\/span>Tutti<\/div><div class=\"su-spoiler-content su-u-clearfix su-u-trim\">\n<p>La domanda: si pu\u00f2 essere sani se non si cambia?<\/p>\n<p>Sulle cause profonde delle malattie e sulle soluzioni solo parziali?<\/p>\n<p>La risposta \u00e8 chiaramente NO! Scoprite un sistema complesso e unico nel suo genere!<\/p>\n<p>I nostri strumenti possono curare le vostre malattie, migliorare la vostra qualit\u00e0 di vita, aiutarvi ad adattarvi a un ambiente in continua evoluzione e a cambiarlo.<\/p>\n<p>Non solo nel caso di varie malattie, dolori, infiammazioni, processi autoimmuni, cattivo umore, possiamo ottenere ottimi risultati, ma anche eliminare le cause alla radice! Tutto questo avviene grazie al dispositivo che comunica con il vostro corpo, ogni impulso \u00e8 una risposta alla vostra condizione attuale.<\/p>\n<p>Biofeedback - gamma di radiofrequenze.<\/p>\n<p>Protezione sistemica della salute! Approccio unico!<\/p>\n<p>Con la semplice pressione di un tasto:<\/p>\n<ul>\n<li>Migliorare l'ambiente ecologico - terapia millimetrica su tutta la piazza,<\/li>\n<li>Migliora la qualit\u00e0 dell'acqua e degli alimenti - ripristina la regolarit\u00e0 dell'acqua e dell'acqua negli alimenti, riducendo gli effetti nocivi.<\/li>\n<li>Allevia lo stress sul lavoro e altrove e aumenta la nostra capacit\u00e0 di recupero.<\/li>\n<\/ul>\n<p>Il passo successivo: applicarlo come cura per risolvere i vostri problemi!<\/p>\n<p>Triomed Compact - il professionista!<\/p>\n<p><strong>Esperienza:<\/strong> Ho avuto ottime esperienze anche con Triomed e Compact. Quando ci siamo ammalati, siamo stati completamente guariti anche dai germi pi\u00f9 ostinati in due o tre giorni senza farmaci. Sono una donna incinta e in una delle mie ecografie il medico ha trovato una cisti nel cranio del nostro bambino. Mi ha rassicurato che non ci sarebbe stato nulla di male e io ero completamente tranquilla, sapendo che dopo pochi trattamenti la cisti sarebbe stata completamente assorbita. E cos\u00ec \u00e8 stato!!! Sicuramente non sarei stata una mamma serena se non avessi saputo dell'esistenza di questi dispositivi. Sono cos\u00ec felice di aver trovato questi dispositivi prima che il bambino nascesse.<\/p>\n<p>Attenzione! Il dispositivo non sostituisce il trattamento medico!<\/p>\n<p>Ogni modalit\u00e0 implementa un programma specifico<\/p>\n<p>IL TRIOMED COMPACT FUNZIONA IN OTTO MODALIT\u00c0.<\/p>\n<p>Ogni modalit\u00e0 implementa un programma specifico e unico.<\/p>\n<\/div><\/div>","protected":false},"excerpt":{"rendered":"<p>F\u00e1jdalomcsillap\u00edt\u00e1s, gyullad\u00e1s cs\u00f6kkent\u00e9s, lugos\u00edt\u00e1s, rehabilit\u00e1ci\u00f3, oki kezel\u00e9s, els\u0151seg\u00e9ly, kr\u00f3nikus betegs\u00e9gek, elektroszmog, stressz, f\u00e9nyter\u00e1pia Az eg\u00e9szs\u00e9g v\u00e9delm\u00e9nek \u00e9s vissza\u00e1ll\u00edt\u00e1s\u00e1nak innov\u00e1ci\u00f3s rendszere \u2013 Triomed compact. Szinte naponta hallunk arr\u00f3l, hogy k\u00f6rnyezet\u00fcnk egyre agressz\u00edvebb\u00e9 v\u00e1lt. Az \u00e9lelmiszerekben \u00e9s a v\u00edzben tal\u00e1lhat\u00f3 vegyszerek, a leveg\u0151 szennyezetts\u00e9ge, az egyre gyorsabb \u00e9lettemp\u00f3 komoly kih\u00edv\u00e1sok el\u00e9 \u00e1ll\u00edtja szervezet\u00fcnket. Komoly aggodalomra adhatnak okot [&hellip;]<\/p>\n","protected":false},"featured_media":4713,"comment_status":"open","ping_status":"closed","template":"","meta":[],"product_brand":[],"product_cat":[34,32],"product_tag":[],"class_list":{"0":"post-4714","1":"product","2":"type-product","3":"status-publish","4":"has-post-thumbnail","6":"product_cat-keszulekek","7":"product_cat-triomed","9":"first","10":"instock","11":"taxable","12":"shipping-taxable","13":"purchasable","14":"product-type-simple"},"_links":{"self":[{"href":"https:\/\/vetomshop.hu\/it\/wp-json\/wp\/v2\/product\/4714","targetHints":{"allow":["GET"]}}],"collection":[{"href":"https:\/\/vetomshop.hu\/it\/wp-json\/wp\/v2\/product"}],"about":[{"href":"https:\/\/vetomshop.hu\/it\/wp-json\/wp\/v2\/types\/product"}],"replies":[{"embeddable":true,"href":"https:\/\/vetomshop.hu\/it\/wp-json\/wp\/v2\/comments?post=4714"}],"wp:featuredmedia":[{"embeddable":true,"href":"https:\/\/vetomshop.hu\/it\/wp-json\/wp\/v2\/media\/4713"}],"wp:attachment":[{"href":"https:\/\/vetomshop.hu\/it\/wp-json\/wp\/v2\/media?parent=4714"}],"wp:term":[{"taxonomy":"product_brand","embeddable":true,"href":"https:\/\/vetomshop.hu\/it\/wp-json\/wp\/v2\/product_brand?post=4714"},{"taxonomy":"product_cat","embeddable":true,"href":"https:\/\/vetomshop.hu\/it\/wp-json\/wp\/v2\/product_cat?post=4714"},{"taxonomy":"product_tag","embeddable":true,"href":"https:\/\/vetomshop.hu\/it\/wp-json\/wp\/v2\/product_tag?post=4714"}],"curies":[{"name":"wp","href":"https:\/\/api.w.org\/{rel}","templated":true}]}}