{"id":4716,"date":"2023-11-11T14:33:55","date_gmt":"2023-11-11T13:33:55","guid":{"rendered":"https:\/\/vetomshop.hu\/termek\/triomed-mmw\/"},"modified":"2023-11-11T14:33:55","modified_gmt":"2023-11-11T13:33:55","slug":"triomed-mmw","status":"publish","type":"product","link":"https:\/\/vetomshop.hu\/it\/prodotto\/triomed-mmw\/","title":{"rendered":"Triomed MMW"},"content":{"rendered":"<h4>TRIOMED UNIVERSAL - LO SPECIALISTA DELLE MALATTIE<\/h4>\n<p>Qual \u00e8 la chiave della guarigione? Qual \u00e8 la soluzione alla miriade di problemi di salute?<\/p>\n<p>La risposta \u00e8 semplice, ma la soluzione poteva essere trovata solo nel moderno mondo delle invenzioni informatiche, quando \u00e8 stato creato un generatore superveloce basato sul semiconduttore SiGe che genera segnali identici a quelli delle cellule e degli organismi. Questa innovazione ha permesso la comunicazione biologica tra un dispositivo e un essere umano. L'innovazione medica \u00e8 stata brevettata come tecnologia BioTrEM.<br \/>\nVediamo un esempio quotidiano. Qualsiasi professionista della salute sa che, sebbene lo zio Hansel e la zia Gretel siano entrambi affetti da ipertensione arteriosa, l'unica somiglianza tra le condizioni delle due persone \u00e8 nei sintomi. Non hanno nulla in comune, n\u00e9 per l'esordio n\u00e9 per altri parametri come l'et\u00e0, il sesso, la storia, la causa o il decorso della malattia. Ma entrambe le persone assumono lo stesso farmaco, perch\u00e9 fino ad ora i fornitori di soluzioni non hanno avuto i mezzi per trattare queste due persone in modo diverso.<\/p>\n<p>Il dispositivo Triomed Universal \u00e8 unico in quanto tratta ogni persona in modo diverso grazie agli emettitori collegabili specifici per ogni malattia, come lo speciale emettitore Cardiology, che viene coordinato con il paziente in ogni momento del trattamento. La frequenza del Cardiology Connectable to Triomed Universal corrisponde alla frequenza sana del sistema cardiovascolare, utilizzando questi segnali sottili per sintonizzare il corpo e riportarlo a un funzionamento sano. Questo personalizza il trattamento, adattandosi ai cambiamenti che si verificano nel corpo di una persona, allineandosi con esso in ogni momento.<\/p>\n<div class=\"su-spoiler su-spoiler-style-defoult su-spoiler-icon-caret su-spoiler-closed\" data-scroll-offset=\"0\" data-anchor-in-url=\"no\"><div class=\"su-spoiler-title\" tabindex=\"0\" role=\"button\"><span class=\"su-spoiler-icon\"><\/span>Tutti<\/div><div class=\"su-spoiler-content su-u-clearfix su-u-trim\">\n<p><strong>Biofeedback in radiofrequenza!<\/strong><\/p>\n<p>Questa invenzione innovativa \u00e8 ci\u00f2 che rende questa gamma cos\u00ec unica ed efficace!<\/p>\n<p>Pensateci: conosciamo un dispositivo che segue ogni nostra mossa, che \u00e8 controllato automaticamente da noi, indipendentemente dalla nostra coscienza, che - siamo onesti! - pu\u00f2 ingannarci!<\/p>\n<p>Il TRIOMED UNIVERSAL ha due emettitori all'avanguardia nel pacchetto base, che possono essere utilizzati sia per il trattamento che per la prevenzione delle malattie. L'apparecchio \u00e8 in grado di attivare un gran numero di programmi e sottoprogrammi, quasi mille. A tal fine, il dispositivo pu\u00f2 essere ampliato su richiesta con 11 testine plug-in, che aggiungono nuove funzionalit\u00e0 e capacit\u00e0 al dispositivo di base. Uno strumento eccellente per medici, istituzioni sanitarie, guaritori e un'aggiunta perfetta alla farmacia di casa!<\/p>\n<p><strong>\u00c8 facile da usare, si potrebbe dire: un gioco da ragazzi!<\/strong><\/p>\n<p>Il dispositivo \u00e8 classificato come dispositivo medico di stimolazione elettromagnetica attiva, destinato alla prevenzione e al trattamento di condizioni patologiche mediante l'applicazione di radiazioni elettromagnetiche a bassa intensit\u00e0 ad alta frequenza e infrarossi (IV) attraverso la pelle. Aiuta ad accelerare il processo di guarigione, a ridurre la quantit\u00e0 e gli effetti collaterali dei farmaci e a ottenere risultati clinici positivi nei pazienti con scarsa tolleranza ai farmaci. Il dispositivo pu\u00f2 essere utilizzato in strutture sanitarie o a domicilio.<br \/>\nIl dispositivo ha effetti antinfiammatori, analgesici e antiedemigeni. Altri effetti clinico-fisiologici si manifestano nei processi di rigenerazione cellulare, nel miglioramento della resistenza dell'organismo, nel miglioramento dell'emodinamica, nell'alleviamento dello stress e nella normalizzazione della regolazione del sistema nervoso autonomo.<\/p>\n<\/div><\/div>","protected":false},"excerpt":{"rendered":"<p>TRIOMED UNIVERSAL \u2013 A BETEGS\u00c9GEK SPECIALIST\u00c1JA Mi a gy\u00f3gyul\u00e1s kulcsa? Mi lenne a megold\u00e1s a sz\u00e1mtalan eg\u00e9szs\u00e9g\u00fcgyi probl\u00e9m\u00e1ra? A v\u00e1lasz egyszer\u0171, de a megold\u00e1s csak a mai modern, informatikai tal\u00e1lm\u00e1nyokkal b\u0151velked\u0151 vil\u00e1gunkban tudott megval\u00f3sulni, mikor is siker\u00fclt l\u00e9trehozni egy olyan szupergyors f\u00e9lvezet\u0151 SiGe alap\u00fa gener\u00e1tort, mely a sejtekkel, szervezettel azonos jeleket gener\u00e1l. Ennek az innov\u00e1ci\u00f3nak [&hellip;]<\/p>\n","protected":false},"featured_media":4715,"comment_status":"open","ping_status":"closed","template":"","meta":[],"product_brand":[],"product_cat":[34,32],"product_tag":[],"class_list":{"0":"post-4716","1":"product","2":"type-product","3":"status-publish","4":"has-post-thumbnail","6":"product_cat-keszulekek","7":"product_cat-triomed","9":"first","10":"instock","11":"taxable","12":"shipping-taxable","13":"purchasable","14":"product-type-simple"},"_links":{"self":[{"href":"https:\/\/vetomshop.hu\/it\/wp-json\/wp\/v2\/product\/4716","targetHints":{"allow":["GET"]}}],"collection":[{"href":"https:\/\/vetomshop.hu\/it\/wp-json\/wp\/v2\/product"}],"about":[{"href":"https:\/\/vetomshop.hu\/it\/wp-json\/wp\/v2\/types\/product"}],"replies":[{"embeddable":true,"href":"https:\/\/vetomshop.hu\/it\/wp-json\/wp\/v2\/comments?post=4716"}],"wp:featuredmedia":[{"embeddable":true,"href":"https:\/\/vetomshop.hu\/it\/wp-json\/wp\/v2\/media\/4715"}],"wp:attachment":[{"href":"https:\/\/vetomshop.hu\/it\/wp-json\/wp\/v2\/media?parent=4716"}],"wp:term":[{"taxonomy":"product_brand","embeddable":true,"href":"https:\/\/vetomshop.hu\/it\/wp-json\/wp\/v2\/product_brand?post=4716"},{"taxonomy":"product_cat","embeddable":true,"href":"https:\/\/vetomshop.hu\/it\/wp-json\/wp\/v2\/product_cat?post=4716"},{"taxonomy":"product_tag","embeddable":true,"href":"https:\/\/vetomshop.hu\/it\/wp-json\/wp\/v2\/product_tag?post=4716"}],"curies":[{"name":"wp","href":"https:\/\/api.w.org\/{rel}","templated":true}]}}