{"id":4724,"date":"2023-11-11T14:33:57","date_gmt":"2023-11-11T13:33:57","guid":{"rendered":"https:\/\/vetomshop.hu\/termek\/gyulladascsokkento-jelado\/"},"modified":"2023-11-11T14:33:57","modified_gmt":"2023-11-11T13:33:57","slug":"gyulladascsokkento-jelado","status":"publish","type":"product","link":"https:\/\/vetomshop.hu\/it\/prodotto\/gyulladascsokkento-jelado\/","title":{"rendered":"Faro antinfiammatorio"},"content":{"rendered":"<h4>Radiatore antinfiammatorio, n. 26.<\/h4>\n<p>Tempo di funzionamento: 13 minuti<\/p>\n<p><strong>Impatto:<\/strong><\/p>\n<p>Agisce sul sistema immunitario, con una frequenza che corrisponde a quella del sistema linfatico e di alcune strutture del sistema nervoso autonomo (catene periferiche, segmentali, soprasegmentali).<\/p>\n<ul>\n<li>Migliora la circolazione linfatica,<\/li>\n<li>la qualit\u00e0 dei linfociti,<\/li>\n<li>accelera l'eliminazione delle sostanze tossiche dal liquido intercellulare,<\/li>\n<li>accelera la guarigione delle ferite e la rigenerazione di cellule e tessuti,<\/li>\n<li>aiuta a disintossicare l'organismo,<\/li>\n<li>ha un effetto antiedemigeno,<\/li>\n<li>effetto analgesico,<\/li>\n<li>effetto di potenziamento del sistema immunitario,<\/li>\n<li>effetto antinfiammatorio,<\/li>\n<li>elimina le cicatrici,<\/li>\n<li>attiva la funzione del midollo osseo,<\/li>\n<li>aumenta la resistenza dell'organismo,<\/li>\n<li>strutture d'acqua.<\/li>\n<\/ul>\n<div class=\"su-spoiler su-spoiler-style-defoult su-spoiler-icon-caret su-spoiler-closed\" data-scroll-offset=\"0\" data-anchor-in-url=\"no\"><div class=\"su-spoiler-title\" tabindex=\"0\" role=\"button\"><span class=\"su-spoiler-icon\"><\/span>Tutti<\/div><div class=\"su-spoiler-content su-u-clearfix su-u-trim\">\n<p>Aree di applicazione consigliate: zone di superficie linfatica, proiezioni linfonodali, superfici delle ferite, siti biologicamente attivi (BAT).<\/p>\n<p>Applicabile a:<\/p>\n<ul>\n<li>disintossicare il corpo<\/li>\n<li>accelerare il processo di rigenerazione dopo interventi chirurgici o fratture<\/li>\n<li>normalizzazione dell'emocromo dopo la chemioterapia e la radioterapia<\/li>\n<li>nella fase di riabilitazione dopo gravi malattie e sforzi fisici<\/li>\n<li>regolazione del sistema immunitario nelle malattie acute e croniche<\/li>\n<li>rallentamento della circolazione linfatica di varia origine (compreso l'edema), processi infiammatori<\/li>\n<li>in cosmetica: migliorare la circolazione linfatica della pelle<\/li>\n<li>eliminazione dell'intossicazione da cause diverse (alcol, stupefacenti, cibo, sostanze chimiche, malattie gravi)<\/li>\n<li>nelle reazioni allergiche.<\/li>\n<\/ul>\n<\/div><\/div>","protected":false},"excerpt":{"rendered":"<p>Gyullad\u00e1scs\u00f6kkent\u0151 sug\u00e1rz\u00f3, 26. sz. M\u0171k\u00f6d\u00e9s\u00e9nek ideje: 13 perc Hat\u00e1sa: Hat az immunrendszerre, rezg\u00e9se megegyezik a nyirokrendszer frekvenci\u00e1j\u00e1val, valamint a vegetat\u00edv idegrendszer n\u00e9h\u00e1ny strukt\u00far\u00e1j\u00e1val (perif\u00e9ri\u00e1s, szegment\u00e1lis, szegmens feletti l\u00e1ncok). Jav\u00edtja a nyirokkering\u00e9st, a limfocit\u00e1k min\u0151s\u00e9g\u00e9t, gyors\u00edtja a toxikus anyagok ki\u00fcr\u00edt\u00e9s\u00e9t a sejtk\u00f6zti folyad\u00e9kb\u00f3l, gyors\u00edtja a sebek begy\u00f3gyul\u00e1s\u00e1t, a sejtek \u00e9s sz\u00f6vetek regener\u00e1l\u00f3d\u00e1s\u00e1t, el\u0151seg\u00edti a szervezet m\u00e9regtelen\u00edt\u00e9s\u00e9t, [&hellip;]<\/p>\n","protected":false},"featured_media":4723,"comment_status":"open","ping_status":"closed","template":"","meta":[],"product_brand":[],"product_cat":[35,32],"product_tag":[],"class_list":{"0":"post-4724","1":"product","2":"type-product","3":"status-publish","4":"has-post-thumbnail","6":"product_cat-csatlakoztathato-jeladok","7":"product_cat-triomed","9":"first","10":"instock","11":"taxable","12":"shipping-taxable","13":"purchasable","14":"product-type-simple"},"_links":{"self":[{"href":"https:\/\/vetomshop.hu\/it\/wp-json\/wp\/v2\/product\/4724","targetHints":{"allow":["GET"]}}],"collection":[{"href":"https:\/\/vetomshop.hu\/it\/wp-json\/wp\/v2\/product"}],"about":[{"href":"https:\/\/vetomshop.hu\/it\/wp-json\/wp\/v2\/types\/product"}],"replies":[{"embeddable":true,"href":"https:\/\/vetomshop.hu\/it\/wp-json\/wp\/v2\/comments?post=4724"}],"wp:featuredmedia":[{"embeddable":true,"href":"https:\/\/vetomshop.hu\/it\/wp-json\/wp\/v2\/media\/4723"}],"wp:attachment":[{"href":"https:\/\/vetomshop.hu\/it\/wp-json\/wp\/v2\/media?parent=4724"}],"wp:term":[{"taxonomy":"product_brand","embeddable":true,"href":"https:\/\/vetomshop.hu\/it\/wp-json\/wp\/v2\/product_brand?post=4724"},{"taxonomy":"product_cat","embeddable":true,"href":"https:\/\/vetomshop.hu\/it\/wp-json\/wp\/v2\/product_cat?post=4724"},{"taxonomy":"product_tag","embeddable":true,"href":"https:\/\/vetomshop.hu\/it\/wp-json\/wp\/v2\/product_tag?post=4724"}],"curies":[{"name":"wp","href":"https:\/\/api.w.org\/{rel}","templated":true}]}}